{"id":8110,"date":"2023-09-09T16:33:21","date_gmt":"2023-09-09T21:33:21","guid":{"rendered":"https:\/\/libreriaminutodedios.com\/?post_type=product&#038;p=8110"},"modified":"2026-05-04T10:08:52","modified_gmt":"2026-05-04T15:08:52","slug":"y-quedare-sano","status":"publish","type":"product","link":"https:\/\/libreriaminutodedios.com\/?product=y-quedare-sano","title":{"rendered":"Y Quedar\u00e9 Sano"},"content":{"rendered":"<p>El amor, el perd\u00f3n, la justicia, la gracia y Mar\u00eda<\/p>\n","protected":false},"excerpt":{"rendered":"<p>Muchas personas se presentan ante mi para preguntarme \u00bfQu\u00e9 debo hacer padre? He orado mucho y no m alivio, he acudido a muchos retiros y asambleas de oraci\u00f3n y no sano.<\/p>\n<p>Es por eso que independientemente de que la voluntad de Dios nadie la puede conocer, y no sabemos por que unos sanan y otros no, yo he querido ayudar un poco a las que sufren enfermedades con estas sencillas y humildes opiniones, pienso que para que nuestra oraci\u00f3n sea agradable a Dios es necesario tratar de vivir estas cinco virtudes que con todo el deseo de que sean \u00fatiles, puedan servir como fundamento en la vida El amor el perd\u00f3n<\/p>\n","protected":false},"featured_media":8111,"comment_status":"open","ping_status":"closed","template":"","meta":{"_acf_changed":false},"product_brand":[],"product_cat":[162,615,624,630],"product_tag":[],"class_list":{"0":"post-8110","1":"product","2":"type-product","3":"status-publish","4":"has-post-thumbnail","6":"product_cat-libros","7":"product_cat-colecciones","8":"product_cat-editorial-minuto-de-dios","9":"product_cat-talmidin","11":"first","12":"instock","13":"purchasable","14":"product-type-simple"},"acf":[],"yoast_head":"<!-- This site is optimized with the Yoast SEO plugin v27.6 - https:\/\/yoast.com\/product\/yoast-seo-wordpress\/ -->\n<title>Y Quedar\u00e9 Sano - Librer\u00eda Minuto de Dios<\/title>\n<meta name=\"robots\" content=\"index, follow, max-snippet:-1, max-image-preview:large, max-video-preview:-1\" \/>\n<link rel=\"canonical\" href=\"https:\/\/libreriaminutodedios.com\/producto\/y-quedare-sano\/\" \/>\n<meta property=\"og:locale\" content=\"es_ES\" \/>\n<meta property=\"og:type\" content=\"article\" \/>\n<meta property=\"og:title\" content=\"Y Quedar\u00e9 Sano - Librer\u00eda Minuto de Dios\" \/>\n<meta property=\"og:description\" content=\"Muchas personas se presentan ante mi para preguntarme \u00bfQu\u00e9 debo hacer padre? He orado mucho y no m alivio, he acudido a muchos retiros y asambleas de oraci\u00f3n y no sano.  Es por eso que independientemente de que la voluntad de Dios nadie la puede conocer, y no sabemos por que unos sanan y otros no, yo he querido ayudar un poco a las que sufren enfermedades con estas sencillas y humildes opiniones, pienso que para que nuestra oraci\u00f3n sea agradable a Dios es necesario tratar de vivir estas cinco virtudes que con todo el deseo de que sean \u00fatiles, puedan servir como fundamento en la vida El amor el perd\u00f3n\" \/>\n<meta property=\"og:url\" content=\"https:\/\/libreriaminutodedios.com\/producto\/y-quedare-sano\/\" \/>\n<meta property=\"og:site_name\" content=\"Librer\u00eda Minuto de Dios\" \/>\n<meta property=\"article:modified_time\" content=\"2026-05-04T15:08:52+00:00\" \/>\n<meta property=\"og:image\" content=\"https:\/\/libreriaminutodedios.com\/wp-content\/uploads\/2023\/09\/27-e1694295106812-743x1024.png\" \/>\n\t<meta property=\"og:image:width\" content=\"743\" \/>\n\t<meta property=\"og:image:height\" content=\"1024\" \/>\n\t<meta property=\"og:image:type\" content=\"image\/png\" \/>\n<meta name=\"twitter:card\" content=\"summary_large_image\" \/>\n<meta name=\"twitter:label1\" content=\"Tiempo de lectura\" \/>\n\t<meta name=\"twitter:data1\" content=\"1 minuto\" \/>\n<script type=\"application\/ld+json\" class=\"yoast-schema-graph\">{\"@context\":\"https:\\\/\\\/schema.org\",\"@graph\":[{\"@type\":\"WebPage\",\"@id\":\"https:\\\/\\\/libreriaminutodedios.com\\\/producto\\\/y-quedare-sano\\\/\",\"url\":\"https:\\\/\\\/libreriaminutodedios.com\\\/producto\\\/y-quedare-sano\\\/\",\"name\":\"Y Quedar\u00e9 Sano - Librer\u00eda Minuto de Dios\",\"isPartOf\":{\"@id\":\"https:\\\/\\\/libreriaminutodedios.com\\\/#website\"},\"primaryImageOfPage\":{\"@id\":\"https:\\\/\\\/libreriaminutodedios.com\\\/producto\\\/y-quedare-sano\\\/#primaryimage\"},\"image\":{\"@id\":\"https:\\\/\\\/libreriaminutodedios.com\\\/producto\\\/y-quedare-sano\\\/#primaryimage\"},\"thumbnailUrl\":\"https:\\\/\\\/libreriaminutodedios.com\\\/wp-content\\\/uploads\\\/2023\\\/09\\\/27-e1694295106812.png\",\"datePublished\":\"2023-09-09T21:33:21+00:00\",\"dateModified\":\"2026-05-04T15:08:52+00:00\",\"breadcrumb\":{\"@id\":\"https:\\\/\\\/libreriaminutodedios.com\\\/producto\\\/y-quedare-sano\\\/#breadcrumb\"},\"inLanguage\":\"es\",\"potentialAction\":[{\"@type\":\"ReadAction\",\"target\":[\"https:\\\/\\\/libreriaminutodedios.com\\\/producto\\\/y-quedare-sano\\\/\"]}]},{\"@type\":\"ImageObject\",\"inLanguage\":\"es\",\"@id\":\"https:\\\/\\\/libreriaminutodedios.com\\\/producto\\\/y-quedare-sano\\\/#primaryimage\",\"url\":\"https:\\\/\\\/libreriaminutodedios.com\\\/wp-content\\\/uploads\\\/2023\\\/09\\\/27-e1694295106812.png\",\"contentUrl\":\"https:\\\/\\\/libreriaminutodedios.com\\\/wp-content\\\/uploads\\\/2023\\\/09\\\/27-e1694295106812.png\",\"width\":3280,\"height\":4520},{\"@type\":\"BreadcrumbList\",\"@id\":\"https:\\\/\\\/libreriaminutodedios.com\\\/producto\\\/y-quedare-sano\\\/#breadcrumb\",\"itemListElement\":[{\"@type\":\"ListItem\",\"position\":1,\"name\":\"Portada\",\"item\":\"https:\\\/\\\/libreriaminutodedios.com\\\/\"},{\"@type\":\"ListItem\",\"position\":2,\"name\":\"Tienda\",\"item\":\"https:\\\/\\\/libreriaminutodedios.com\\\/?page_id=2895\"},{\"@type\":\"ListItem\",\"position\":3,\"name\":\"Y Quedar\u00e9 Sano\"}]},{\"@type\":\"WebSite\",\"@id\":\"https:\\\/\\\/libreriaminutodedios.com\\\/#website\",\"url\":\"https:\\\/\\\/libreriaminutodedios.com\\\/\",\"name\":\"Librer\u00eda Minuto de Dios\",\"description\":\"Sitio oficial de la Librer\u00eda Minuto de Dios\",\"publisher\":{\"@id\":\"https:\\\/\\\/libreriaminutodedios.com\\\/#organization\"},\"alternateName\":\"Tienda Minuto de Dios\",\"potentialAction\":[{\"@type\":\"SearchAction\",\"target\":{\"@type\":\"EntryPoint\",\"urlTemplate\":\"https:\\\/\\\/libreriaminutodedios.com\\\/?s={search_term_string}\"},\"query-input\":{\"@type\":\"PropertyValueSpecification\",\"valueRequired\":true,\"valueName\":\"search_term_string\"}}],\"inLanguage\":\"es\"},{\"@type\":\"Organization\",\"@id\":\"https:\\\/\\\/libreriaminutodedios.com\\\/#organization\",\"name\":\"Corporaci\u00f3n Centro Carism\u00e1tico Minuto de Dios\",\"alternateName\":\"Minuto de Dios\",\"url\":\"https:\\\/\\\/libreriaminutodedios.com\\\/\",\"logo\":{\"@type\":\"ImageObject\",\"inLanguage\":\"es\",\"@id\":\"https:\\\/\\\/libreriaminutodedios.com\\\/#\\\/schema\\\/logo\\\/image\\\/\",\"url\":\"https:\\\/\\\/libreriaminutodedios.com\\\/wp-content\\\/uploads\\\/2024\\\/09\\\/logo-libreria.png\",\"contentUrl\":\"https:\\\/\\\/libreriaminutodedios.com\\\/wp-content\\\/uploads\\\/2024\\\/09\\\/logo-libreria.png\",\"width\":400,\"height\":138,\"caption\":\"Corporaci\u00f3n Centro Carism\u00e1tico Minuto de Dios\"},\"image\":{\"@id\":\"https:\\\/\\\/libreriaminutodedios.com\\\/#\\\/schema\\\/logo\\\/image\\\/\"}}]}<\/script>\n<!-- \/ Yoast SEO plugin. -->","yoast_head_json":{"title":"Y Quedar\u00e9 Sano - Librer\u00eda Minuto de Dios","robots":{"index":"index","follow":"follow","max-snippet":"max-snippet:-1","max-image-preview":"max-image-preview:large","max-video-preview":"max-video-preview:-1"},"canonical":"https:\/\/libreriaminutodedios.com\/producto\/y-quedare-sano\/","og_locale":"es_ES","og_type":"article","og_title":"Y Quedar\u00e9 Sano - Librer\u00eda Minuto de Dios","og_description":"Muchas personas se presentan ante mi para preguntarme \u00bfQu\u00e9 debo hacer padre? He orado mucho y no m alivio, he acudido a muchos retiros y asambleas de oraci\u00f3n y no sano.  Es por eso que independientemente de que la voluntad de Dios nadie la puede conocer, y no sabemos por que unos sanan y otros no, yo he querido ayudar un poco a las que sufren enfermedades con estas sencillas y humildes opiniones, pienso que para que nuestra oraci\u00f3n sea agradable a Dios es necesario tratar de vivir estas cinco virtudes que con todo el deseo de que sean \u00fatiles, puedan servir como fundamento en la vida El amor el perd\u00f3n","og_url":"https:\/\/libreriaminutodedios.com\/producto\/y-quedare-sano\/","og_site_name":"Librer\u00eda Minuto de Dios","article_modified_time":"2026-05-04T15:08:52+00:00","og_image":[{"width":743,"height":1024,"url":"https:\/\/libreriaminutodedios.com\/wp-content\/uploads\/2023\/09\/27-e1694295106812-743x1024.png","type":"image\/png"}],"twitter_card":"summary_large_image","twitter_misc":{"Tiempo de lectura":"1 minuto"},"schema":{"@context":"https:\/\/schema.org","@graph":[{"@type":"WebPage","@id":"https:\/\/libreriaminutodedios.com\/producto\/y-quedare-sano\/","url":"https:\/\/libreriaminutodedios.com\/producto\/y-quedare-sano\/","name":"Y Quedar\u00e9 Sano - Librer\u00eda Minuto de Dios","isPartOf":{"@id":"https:\/\/libreriaminutodedios.com\/#website"},"primaryImageOfPage":{"@id":"https:\/\/libreriaminutodedios.com\/producto\/y-quedare-sano\/#primaryimage"},"image":{"@id":"https:\/\/libreriaminutodedios.com\/producto\/y-quedare-sano\/#primaryimage"},"thumbnailUrl":"https:\/\/libreriaminutodedios.com\/wp-content\/uploads\/2023\/09\/27-e1694295106812.png","datePublished":"2023-09-09T21:33:21+00:00","dateModified":"2026-05-04T15:08:52+00:00","breadcrumb":{"@id":"https:\/\/libreriaminutodedios.com\/producto\/y-quedare-sano\/#breadcrumb"},"inLanguage":"es","potentialAction":[{"@type":"ReadAction","target":["https:\/\/libreriaminutodedios.com\/producto\/y-quedare-sano\/"]}]},{"@type":"ImageObject","inLanguage":"es","@id":"https:\/\/libreriaminutodedios.com\/producto\/y-quedare-sano\/#primaryimage","url":"https:\/\/libreriaminutodedios.com\/wp-content\/uploads\/2023\/09\/27-e1694295106812.png","contentUrl":"https:\/\/libreriaminutodedios.com\/wp-content\/uploads\/2023\/09\/27-e1694295106812.png","width":3280,"height":4520},{"@type":"BreadcrumbList","@id":"https:\/\/libreriaminutodedios.com\/producto\/y-quedare-sano\/#breadcrumb","itemListElement":[{"@type":"ListItem","position":1,"name":"Portada","item":"https:\/\/libreriaminutodedios.com\/"},{"@type":"ListItem","position":2,"name":"Tienda","item":"https:\/\/libreriaminutodedios.com\/?page_id=2895"},{"@type":"ListItem","position":3,"name":"Y Quedar\u00e9 Sano"}]},{"@type":"WebSite","@id":"https:\/\/libreriaminutodedios.com\/#website","url":"https:\/\/libreriaminutodedios.com\/","name":"Librer\u00eda Minuto de Dios","description":"Sitio oficial de la Librer\u00eda Minuto de Dios","publisher":{"@id":"https:\/\/libreriaminutodedios.com\/#organization"},"alternateName":"Tienda Minuto de Dios","potentialAction":[{"@type":"SearchAction","target":{"@type":"EntryPoint","urlTemplate":"https:\/\/libreriaminutodedios.com\/?s={search_term_string}"},"query-input":{"@type":"PropertyValueSpecification","valueRequired":true,"valueName":"search_term_string"}}],"inLanguage":"es"},{"@type":"Organization","@id":"https:\/\/libreriaminutodedios.com\/#organization","name":"Corporaci\u00f3n Centro Carism\u00e1tico Minuto de Dios","alternateName":"Minuto de Dios","url":"https:\/\/libreriaminutodedios.com\/","logo":{"@type":"ImageObject","inLanguage":"es","@id":"https:\/\/libreriaminutodedios.com\/#\/schema\/logo\/image\/","url":"https:\/\/libreriaminutodedios.com\/wp-content\/uploads\/2024\/09\/logo-libreria.png","contentUrl":"https:\/\/libreriaminutodedios.com\/wp-content\/uploads\/2024\/09\/logo-libreria.png","width":400,"height":138,"caption":"Corporaci\u00f3n Centro Carism\u00e1tico Minuto de Dios"},"image":{"@id":"https:\/\/libreriaminutodedios.com\/#\/schema\/logo\/image\/"}}]}},"_links":{"self":[{"href":"https:\/\/libreriaminutodedios.com\/index.php?rest_route=\/wp\/v2\/product\/8110","targetHints":{"allow":["GET"]}}],"collection":[{"href":"https:\/\/libreriaminutodedios.com\/index.php?rest_route=\/wp\/v2\/product"}],"about":[{"href":"https:\/\/libreriaminutodedios.com\/index.php?rest_route=\/wp\/v2\/types\/product"}],"replies":[{"embeddable":true,"href":"https:\/\/libreriaminutodedios.com\/index.php?rest_route=%2Fwp%2Fv2%2Fcomments&post=8110"}],"wp:featuredmedia":[{"embeddable":true,"href":"https:\/\/libreriaminutodedios.com\/index.php?rest_route=\/wp\/v2\/media\/8111"}],"wp:attachment":[{"href":"https:\/\/libreriaminutodedios.com\/index.php?rest_route=%2Fwp%2Fv2%2Fmedia&parent=8110"}],"wp:term":[{"taxonomy":"product_brand","embeddable":true,"href":"https:\/\/libreriaminutodedios.com\/index.php?rest_route=%2Fwp%2Fv2%2Fproduct_brand&post=8110"},{"taxonomy":"product_cat","embeddable":true,"href":"https:\/\/libreriaminutodedios.com\/index.php?rest_route=%2Fwp%2Fv2%2Fproduct_cat&post=8110"},{"taxonomy":"product_tag","embeddable":true,"href":"https:\/\/libreriaminutodedios.com\/index.php?rest_route=%2Fwp%2Fv2%2Fproduct_tag&post=8110"}],"curies":[{"name":"wp","href":"https:\/\/api.w.org\/{rel}","templated":true}]}}