{"id":73,"date":"2021-03-09T16:48:21","date_gmt":"2021-03-09T21:48:21","guid":{"rendered":"https:\/\/libreriaminutodedios.com\/?post_type=product&#038;p=73"},"modified":"2024-09-18T15:23:16","modified_gmt":"2024-09-18T20:23:16","slug":"las-palabras-del-resucitado","status":"publish","type":"product","link":"https:\/\/libreriaminutodedios.com\/?product=las-palabras-del-resucitado","title":{"rendered":"Las palabras del Resucitado"},"content":{"rendered":"<p>El presente seminario de crecimiento espiritual se propone a los grupos de oraci\u00f3n, con el fin de que reflexionen en los mensajes que el evangelio nos presenta con motivo de la Resurrecci\u00f3n del Se\u00f1or.<br \/>\nComo est\u00e1 expuesto en ocho temas, podr\u00eda servir para utilizarlo durante las siete semanas de Pascua y en la semana que sigue a Pentecost\u00e9s y culmina con la fiesta de la Sant\u00edsima Trinidad.<br \/>\nEstas mismas reflexiones pueden servir adem\u00e1s para la lectura, la meditaci\u00f3n y la oraci\u00f3n personales, a fin de que, a trav\u00e9s de ellas, cada persona se llene del gozo pascual y pueda apropiarse del aleluya que la iglesia entona al confesar que Jes\u00fas est\u00e1 vivo.<\/p>\n","protected":false},"excerpt":{"rendered":"<p>El presente seminario de crecimiento espiritual se propone a los grupos de oraci\u00f3n, con el fin de que reflexionen en los mensajes que el evangelio nos presenta con motivo de la Resurrecci\u00f3n del Se\u00f1or.<br \/>\nComo est\u00e1 expuesto en ocho temas, podr\u00eda servir para utilizarlo durante las siete semanas de Pascua y en la semana que sigue a Pentecost\u00e9s y<br \/>\nculmina con la fiesta de la Sant\u00edsima Trinidad.<br \/>\nEstas mismas reflexiones pueden servir adem\u00e1s para la lectura, la meditaci\u00f3n y la oraci\u00f3n personales, a fin de que, a trav\u00e9s de ellas, cada<br \/>\npersona se llene del gozo pascual y pueda apropiarse del aleluya que la iglesia entona al confesar que Jes\u00fas est\u00e1 vivo.<\/p>\n","protected":false},"featured_media":11593,"comment_status":"open","ping_status":"closed","template":"","meta":{"_acf_changed":false},"product_brand":[],"product_cat":[162,615,616,624,414],"product_tag":[490,44,64,65,66,67,68],"class_list":{"0":"post-73","1":"product","2":"type-product","3":"status-publish","4":"has-post-thumbnail","6":"product_cat-libros","7":"product_cat-colecciones","8":"product_cat-crecer","9":"product_cat-editorial-minuto-de-dios","10":"product_cat-seminario-crecimiento-oracion","11":"product_tag-editorial-md","12":"product_tag-espiritu-santo","13":"product_tag-fe","14":"product_tag-iglesia","15":"product_tag-mision-ir-al-padre","16":"product_tag-seminario","17":"product_tag-crecimiento","19":"first","20":"instock","21":"purchasable","22":"product-type-simple"},"acf":[],"yoast_head":"<!-- This site is optimized with the Yoast SEO plugin v27.6 - https:\/\/yoast.com\/product\/yoast-seo-wordpress\/ -->\n<title>Las palabras del Resucitado - Librer\u00eda Minuto de Dios<\/title>\n<meta name=\"robots\" content=\"index, follow, max-snippet:-1, max-image-preview:large, max-video-preview:-1\" \/>\n<link rel=\"canonical\" href=\"https:\/\/libreriaminutodedios.com\/producto\/las-palabras-del-resucitado\/\" \/>\n<meta property=\"og:locale\" content=\"es_ES\" \/>\n<meta property=\"og:type\" content=\"article\" \/>\n<meta property=\"og:title\" content=\"Las palabras del Resucitado - Librer\u00eda Minuto de Dios\" \/>\n<meta property=\"og:description\" content=\"El presente seminario de crecimiento espiritual se propone a los grupos de oraci\u00f3n, con el fin de que reflexionen en los mensajes que el evangelio nos presenta con motivo de la Resurrecci\u00f3n del Se\u00f1or. Como est\u00e1 expuesto en ocho temas, podr\u00eda servir para utilizarlo durante las siete semanas de Pascua y en la semana que sigue a Pentecost\u00e9s y culmina con la fiesta de la Sant\u00edsima Trinidad. Estas mismas reflexiones pueden servir adem\u00e1s para la lectura, la meditaci\u00f3n y la oraci\u00f3n personales, a fin de que, a trav\u00e9s de ellas, cada persona se llene del gozo pascual y pueda apropiarse del aleluya que la iglesia entona al confesar que Jes\u00fas est\u00e1 vivo.\" \/>\n<meta property=\"og:url\" content=\"https:\/\/libreriaminutodedios.com\/producto\/las-palabras-del-resucitado\/\" \/>\n<meta property=\"og:site_name\" content=\"Librer\u00eda Minuto de Dios\" \/>\n<meta property=\"article:modified_time\" content=\"2024-09-18T20:23:16+00:00\" \/>\n<meta property=\"og:image\" content=\"https:\/\/libreriaminutodedios.com\/wp-content\/uploads\/2021\/03\/Las-palabras-del-resucitado-1.png\" \/>\n\t<meta property=\"og:image:width\" content=\"1000\" \/>\n\t<meta property=\"og:image:height\" content=\"1000\" \/>\n\t<meta property=\"og:image:type\" content=\"image\/png\" \/>\n<meta name=\"twitter:card\" content=\"summary_large_image\" \/>\n<meta name=\"twitter:label1\" content=\"Tiempo de lectura\" \/>\n\t<meta name=\"twitter:data1\" content=\"1 minuto\" \/>\n<script type=\"application\/ld+json\" class=\"yoast-schema-graph\">{\"@context\":\"https:\\\/\\\/schema.org\",\"@graph\":[{\"@type\":\"WebPage\",\"@id\":\"https:\\\/\\\/libreriaminutodedios.com\\\/producto\\\/las-palabras-del-resucitado\\\/\",\"url\":\"https:\\\/\\\/libreriaminutodedios.com\\\/producto\\\/las-palabras-del-resucitado\\\/\",\"name\":\"Las palabras del Resucitado - Librer\u00eda Minuto de Dios\",\"isPartOf\":{\"@id\":\"https:\\\/\\\/libreriaminutodedios.com\\\/#website\"},\"primaryImageOfPage\":{\"@id\":\"https:\\\/\\\/libreriaminutodedios.com\\\/producto\\\/las-palabras-del-resucitado\\\/#primaryimage\"},\"image\":{\"@id\":\"https:\\\/\\\/libreriaminutodedios.com\\\/producto\\\/las-palabras-del-resucitado\\\/#primaryimage\"},\"thumbnailUrl\":\"https:\\\/\\\/libreriaminutodedios.com\\\/wp-content\\\/uploads\\\/2021\\\/03\\\/Las-palabras-del-resucitado-1.png\",\"datePublished\":\"2021-03-09T21:48:21+00:00\",\"dateModified\":\"2024-09-18T20:23:16+00:00\",\"breadcrumb\":{\"@id\":\"https:\\\/\\\/libreriaminutodedios.com\\\/producto\\\/las-palabras-del-resucitado\\\/#breadcrumb\"},\"inLanguage\":\"es\",\"potentialAction\":[{\"@type\":\"ReadAction\",\"target\":[\"https:\\\/\\\/libreriaminutodedios.com\\\/producto\\\/las-palabras-del-resucitado\\\/\"]}]},{\"@type\":\"ImageObject\",\"inLanguage\":\"es\",\"@id\":\"https:\\\/\\\/libreriaminutodedios.com\\\/producto\\\/las-palabras-del-resucitado\\\/#primaryimage\",\"url\":\"https:\\\/\\\/libreriaminutodedios.com\\\/wp-content\\\/uploads\\\/2021\\\/03\\\/Las-palabras-del-resucitado-1.png\",\"contentUrl\":\"https:\\\/\\\/libreriaminutodedios.com\\\/wp-content\\\/uploads\\\/2021\\\/03\\\/Las-palabras-del-resucitado-1.png\",\"width\":1000,\"height\":1000},{\"@type\":\"BreadcrumbList\",\"@id\":\"https:\\\/\\\/libreriaminutodedios.com\\\/producto\\\/las-palabras-del-resucitado\\\/#breadcrumb\",\"itemListElement\":[{\"@type\":\"ListItem\",\"position\":1,\"name\":\"Portada\",\"item\":\"https:\\\/\\\/libreriaminutodedios.com\\\/\"},{\"@type\":\"ListItem\",\"position\":2,\"name\":\"Tienda\",\"item\":\"https:\\\/\\\/libreriaminutodedios.com\\\/?page_id=2895\"},{\"@type\":\"ListItem\",\"position\":3,\"name\":\"Las palabras del Resucitado\"}]},{\"@type\":\"WebSite\",\"@id\":\"https:\\\/\\\/libreriaminutodedios.com\\\/#website\",\"url\":\"https:\\\/\\\/libreriaminutodedios.com\\\/\",\"name\":\"Librer\u00eda Minuto de Dios\",\"description\":\"Sitio oficial de la Librer\u00eda Minuto de Dios\",\"publisher\":{\"@id\":\"https:\\\/\\\/libreriaminutodedios.com\\\/#organization\"},\"alternateName\":\"Tienda Minuto de Dios\",\"potentialAction\":[{\"@type\":\"SearchAction\",\"target\":{\"@type\":\"EntryPoint\",\"urlTemplate\":\"https:\\\/\\\/libreriaminutodedios.com\\\/?s={search_term_string}\"},\"query-input\":{\"@type\":\"PropertyValueSpecification\",\"valueRequired\":true,\"valueName\":\"search_term_string\"}}],\"inLanguage\":\"es\"},{\"@type\":\"Organization\",\"@id\":\"https:\\\/\\\/libreriaminutodedios.com\\\/#organization\",\"name\":\"Corporaci\u00f3n Centro Carism\u00e1tico Minuto de Dios\",\"alternateName\":\"Minuto de Dios\",\"url\":\"https:\\\/\\\/libreriaminutodedios.com\\\/\",\"logo\":{\"@type\":\"ImageObject\",\"inLanguage\":\"es\",\"@id\":\"https:\\\/\\\/libreriaminutodedios.com\\\/#\\\/schema\\\/logo\\\/image\\\/\",\"url\":\"https:\\\/\\\/libreriaminutodedios.com\\\/wp-content\\\/uploads\\\/2024\\\/09\\\/logo-libreria.png\",\"contentUrl\":\"https:\\\/\\\/libreriaminutodedios.com\\\/wp-content\\\/uploads\\\/2024\\\/09\\\/logo-libreria.png\",\"width\":400,\"height\":138,\"caption\":\"Corporaci\u00f3n Centro Carism\u00e1tico Minuto de Dios\"},\"image\":{\"@id\":\"https:\\\/\\\/libreriaminutodedios.com\\\/#\\\/schema\\\/logo\\\/image\\\/\"}}]}<\/script>\n<!-- \/ Yoast SEO plugin. -->","yoast_head_json":{"title":"Las palabras del Resucitado - Librer\u00eda Minuto de Dios","robots":{"index":"index","follow":"follow","max-snippet":"max-snippet:-1","max-image-preview":"max-image-preview:large","max-video-preview":"max-video-preview:-1"},"canonical":"https:\/\/libreriaminutodedios.com\/producto\/las-palabras-del-resucitado\/","og_locale":"es_ES","og_type":"article","og_title":"Las palabras del Resucitado - Librer\u00eda Minuto de Dios","og_description":"El presente seminario de crecimiento espiritual se propone a los grupos de oraci\u00f3n, con el fin de que reflexionen en los mensajes que el evangelio nos presenta con motivo de la Resurrecci\u00f3n del Se\u00f1or. Como est\u00e1 expuesto en ocho temas, podr\u00eda servir para utilizarlo durante las siete semanas de Pascua y en la semana que sigue a Pentecost\u00e9s y culmina con la fiesta de la Sant\u00edsima Trinidad. Estas mismas reflexiones pueden servir adem\u00e1s para la lectura, la meditaci\u00f3n y la oraci\u00f3n personales, a fin de que, a trav\u00e9s de ellas, cada persona se llene del gozo pascual y pueda apropiarse del aleluya que la iglesia entona al confesar que Jes\u00fas est\u00e1 vivo.","og_url":"https:\/\/libreriaminutodedios.com\/producto\/las-palabras-del-resucitado\/","og_site_name":"Librer\u00eda Minuto de Dios","article_modified_time":"2024-09-18T20:23:16+00:00","og_image":[{"width":1000,"height":1000,"url":"https:\/\/libreriaminutodedios.com\/wp-content\/uploads\/2021\/03\/Las-palabras-del-resucitado-1.png","type":"image\/png"}],"twitter_card":"summary_large_image","twitter_misc":{"Tiempo de lectura":"1 minuto"},"schema":{"@context":"https:\/\/schema.org","@graph":[{"@type":"WebPage","@id":"https:\/\/libreriaminutodedios.com\/producto\/las-palabras-del-resucitado\/","url":"https:\/\/libreriaminutodedios.com\/producto\/las-palabras-del-resucitado\/","name":"Las palabras del Resucitado - Librer\u00eda Minuto de Dios","isPartOf":{"@id":"https:\/\/libreriaminutodedios.com\/#website"},"primaryImageOfPage":{"@id":"https:\/\/libreriaminutodedios.com\/producto\/las-palabras-del-resucitado\/#primaryimage"},"image":{"@id":"https:\/\/libreriaminutodedios.com\/producto\/las-palabras-del-resucitado\/#primaryimage"},"thumbnailUrl":"https:\/\/libreriaminutodedios.com\/wp-content\/uploads\/2021\/03\/Las-palabras-del-resucitado-1.png","datePublished":"2021-03-09T21:48:21+00:00","dateModified":"2024-09-18T20:23:16+00:00","breadcrumb":{"@id":"https:\/\/libreriaminutodedios.com\/producto\/las-palabras-del-resucitado\/#breadcrumb"},"inLanguage":"es","potentialAction":[{"@type":"ReadAction","target":["https:\/\/libreriaminutodedios.com\/producto\/las-palabras-del-resucitado\/"]}]},{"@type":"ImageObject","inLanguage":"es","@id":"https:\/\/libreriaminutodedios.com\/producto\/las-palabras-del-resucitado\/#primaryimage","url":"https:\/\/libreriaminutodedios.com\/wp-content\/uploads\/2021\/03\/Las-palabras-del-resucitado-1.png","contentUrl":"https:\/\/libreriaminutodedios.com\/wp-content\/uploads\/2021\/03\/Las-palabras-del-resucitado-1.png","width":1000,"height":1000},{"@type":"BreadcrumbList","@id":"https:\/\/libreriaminutodedios.com\/producto\/las-palabras-del-resucitado\/#breadcrumb","itemListElement":[{"@type":"ListItem","position":1,"name":"Portada","item":"https:\/\/libreriaminutodedios.com\/"},{"@type":"ListItem","position":2,"name":"Tienda","item":"https:\/\/libreriaminutodedios.com\/?page_id=2895"},{"@type":"ListItem","position":3,"name":"Las palabras del Resucitado"}]},{"@type":"WebSite","@id":"https:\/\/libreriaminutodedios.com\/#website","url":"https:\/\/libreriaminutodedios.com\/","name":"Librer\u00eda Minuto de Dios","description":"Sitio oficial de la Librer\u00eda Minuto de Dios","publisher":{"@id":"https:\/\/libreriaminutodedios.com\/#organization"},"alternateName":"Tienda Minuto de Dios","potentialAction":[{"@type":"SearchAction","target":{"@type":"EntryPoint","urlTemplate":"https:\/\/libreriaminutodedios.com\/?s={search_term_string}"},"query-input":{"@type":"PropertyValueSpecification","valueRequired":true,"valueName":"search_term_string"}}],"inLanguage":"es"},{"@type":"Organization","@id":"https:\/\/libreriaminutodedios.com\/#organization","name":"Corporaci\u00f3n Centro Carism\u00e1tico Minuto de Dios","alternateName":"Minuto de Dios","url":"https:\/\/libreriaminutodedios.com\/","logo":{"@type":"ImageObject","inLanguage":"es","@id":"https:\/\/libreriaminutodedios.com\/#\/schema\/logo\/image\/","url":"https:\/\/libreriaminutodedios.com\/wp-content\/uploads\/2024\/09\/logo-libreria.png","contentUrl":"https:\/\/libreriaminutodedios.com\/wp-content\/uploads\/2024\/09\/logo-libreria.png","width":400,"height":138,"caption":"Corporaci\u00f3n Centro Carism\u00e1tico Minuto de Dios"},"image":{"@id":"https:\/\/libreriaminutodedios.com\/#\/schema\/logo\/image\/"}}]}},"_links":{"self":[{"href":"https:\/\/libreriaminutodedios.com\/index.php?rest_route=\/wp\/v2\/product\/73","targetHints":{"allow":["GET"]}}],"collection":[{"href":"https:\/\/libreriaminutodedios.com\/index.php?rest_route=\/wp\/v2\/product"}],"about":[{"href":"https:\/\/libreriaminutodedios.com\/index.php?rest_route=\/wp\/v2\/types\/product"}],"replies":[{"embeddable":true,"href":"https:\/\/libreriaminutodedios.com\/index.php?rest_route=%2Fwp%2Fv2%2Fcomments&post=73"}],"wp:featuredmedia":[{"embeddable":true,"href":"https:\/\/libreriaminutodedios.com\/index.php?rest_route=\/wp\/v2\/media\/11593"}],"wp:attachment":[{"href":"https:\/\/libreriaminutodedios.com\/index.php?rest_route=%2Fwp%2Fv2%2Fmedia&parent=73"}],"wp:term":[{"taxonomy":"product_brand","embeddable":true,"href":"https:\/\/libreriaminutodedios.com\/index.php?rest_route=%2Fwp%2Fv2%2Fproduct_brand&post=73"},{"taxonomy":"product_cat","embeddable":true,"href":"https:\/\/libreriaminutodedios.com\/index.php?rest_route=%2Fwp%2Fv2%2Fproduct_cat&post=73"},{"taxonomy":"product_tag","embeddable":true,"href":"https:\/\/libreriaminutodedios.com\/index.php?rest_route=%2Fwp%2Fv2%2Fproduct_tag&post=73"}],"curies":[{"name":"wp","href":"https:\/\/api.w.org\/{rel}","templated":true}]}}