{"id":69,"date":"2021-03-09T16:42:11","date_gmt":"2021-03-09T21:42:11","guid":{"rendered":"https:\/\/libreriaminutodedios.com\/?post_type=product&#038;p=69"},"modified":"2025-02-20T09:57:53","modified_gmt":"2025-02-20T14:57:53","slug":"del-encuentro-al-amor","status":"publish","type":"product","link":"https:\/\/libreriaminutodedios.com\/?product=del-encuentro-al-amor","title":{"rendered":"Del encuentro al amor"},"content":{"rendered":"<p>Las reflexiones que aqu\u00ed se exponen pueden utilizarse como un seminario de crecimiento espiritual. Van dedicadas a los grupos de oraci\u00f3n de la Renovaci\u00f3n Carism\u00e1tica. Responden al deseo que quiz\u00e1 muchos hayan tenido de haber sido contempor\u00e1neos de Jes\u00fas, de haberlo conocido, escuchado, seguido y amado.<br \/>\nDe hecho, todos somos contempor\u00e1neos del Se\u00f1or, pues El est\u00e1 vivo, y la relaci\u00f3n que puede tener con nosotros se asemeja a la que tuvo con<br \/>\nmuchas personas hace 20 siglos.<br \/>\nPara la presentaci\u00f3n el Padre se vale de un medio nemot\u00e9cnico: ir disminuyendo desde la multitud de seguidores hasta un solo disc\u00edpulo, de<br \/>\nmodo que se pueda asociar la ense\u00f1anza con un n\u00famero preciso; y trayendo a la memoria la cifra, venga con ella el n\u00facleo de la reflexi\u00f3n.<br \/>\nPara interiorizar la doctrina se encuentran tambi\u00e9n cantos y oraciones, inspiradas estas en el Misal Romano, citas b\u00edblicas, interrogantes y tareas pr\u00e1cticas, cuyo objetivo es ayudar a crecer en la gracia y el conocimiento de nuestro Se\u00f1or Jesucristo (2 Pe. 3, 18)<\/p>\n","protected":false},"excerpt":{"rendered":"<p>Las reflexiones que aqu\u00ed se exponen pueden utilizarse como un seminario de crecimiento espiritual. Van dedicadas a los grupos de oraci\u00f3n de la Renovaci\u00f3n Carism\u00e1tica. Responden al deseo que quiz\u00e1 muchos hayan tenido de haber sido contempor\u00e1neos de Jes\u00fas, de haberlo conocido, escuchado, seguido y amado.<br \/>\nDe hecho, todos somos contempor\u00e1neos del Se\u00f1or, pues El est\u00e1 vivo, y la relaci\u00f3n que puede tener con nosotros se asemeja a la que tuvo con<br \/>\nmuchas personas hace 20 siglos.<br \/>\nPara la presentaci\u00f3n el Padre se vale de un medio nemot\u00e9cnico: ir disminuyendo desde la multitud de seguidores hasta un solo disc\u00edpulo, de<br \/>\nmodo que se pueda asociar la ense\u00f1anza con un n\u00famero preciso; y trayendo a la memoria la cifra, venga con ella el n\u00facleo de la reflexi\u00f3n.<br \/>\nPara interiorizar la doctrina se encuentran tambi\u00e9n cantos y oraciones, inspiradas estas en el Misal Romano, citas b\u00edblicas, interrogantes y tareas pr\u00e1cticas, cuyo objetivo es ayudar a crecer en la gracia y el conocimiento de nuestro Se\u00f1or Jesucristo (2 Pe. 3, 18)<\/p>\n","protected":false},"featured_media":11571,"comment_status":"open","ping_status":"closed","template":"","meta":{"_acf_changed":false},"product_brand":[],"product_cat":[162,615,616,624,414],"product_tag":[50,55,62,63],"class_list":{"0":"post-69","1":"product","2":"type-product","3":"status-publish","4":"has-post-thumbnail","6":"product_cat-libros","7":"product_cat-colecciones","8":"product_cat-crecer","9":"product_cat-editorial-minuto-de-dios","10":"product_cat-seminario-crecimiento-oracion","11":"product_tag-crecer","12":"product_tag-amor","13":"product_tag-libro","14":"product_tag-encuentro","16":"first","17":"instock","18":"purchasable","19":"product-type-simple"},"acf":[],"yoast_head":"<!-- This site is optimized with the Yoast SEO plugin v27.6 - https:\/\/yoast.com\/product\/yoast-seo-wordpress\/ -->\n<title>Del encuentro al amor - Librer\u00eda Minuto de Dios<\/title>\n<meta name=\"robots\" content=\"index, follow, max-snippet:-1, max-image-preview:large, max-video-preview:-1\" \/>\n<link rel=\"canonical\" href=\"https:\/\/libreriaminutodedios.com\/producto\/del-encuentro-al-amor\/\" \/>\n<meta property=\"og:locale\" content=\"es_ES\" \/>\n<meta property=\"og:type\" content=\"article\" \/>\n<meta property=\"og:title\" content=\"Del encuentro al amor - Librer\u00eda Minuto de Dios\" \/>\n<meta property=\"og:description\" content=\"Las reflexiones que aqu\u00ed se exponen pueden utilizarse como un seminario de crecimiento espiritual. Van dedicadas a los grupos de oraci\u00f3n de la Renovaci\u00f3n Carism\u00e1tica. Responden al deseo que quiz\u00e1 muchos hayan tenido de haber sido contempor\u00e1neos de Jes\u00fas, de haberlo conocido, escuchado, seguido y amado. De hecho, todos somos contempor\u00e1neos del Se\u00f1or, pues El est\u00e1 vivo, y la relaci\u00f3n que puede tener con nosotros se asemeja a la que tuvo con muchas personas hace 20 siglos. Para la presentaci\u00f3n el Padre se vale de un medio nemot\u00e9cnico: ir disminuyendo desde la multitud de seguidores hasta un solo disc\u00edpulo, de modo que se pueda asociar la ense\u00f1anza con un n\u00famero preciso; y trayendo a la memoria la cifra, venga con ella el n\u00facleo de la reflexi\u00f3n. Para interiorizar la doctrina se encuentran tambi\u00e9n cantos y oraciones, inspiradas estas en el Misal Romano, citas b\u00edblicas, interrogantes y tareas pr\u00e1cticas, cuyo objetivo es ayudar a crecer en la gracia y el conocimiento de nuestro Se\u00f1or Jesucristo (2 Pe. 3, 18)\" \/>\n<meta property=\"og:url\" content=\"https:\/\/libreriaminutodedios.com\/producto\/del-encuentro-al-amor\/\" \/>\n<meta property=\"og:site_name\" content=\"Librer\u00eda Minuto de Dios\" \/>\n<meta property=\"article:modified_time\" content=\"2025-02-20T14:57:53+00:00\" \/>\n<meta property=\"og:image\" content=\"https:\/\/libreriaminutodedios.com\/wp-content\/uploads\/2021\/03\/Del-encuentro-al-amor-3.png\" \/>\n\t<meta property=\"og:image:width\" content=\"1000\" \/>\n\t<meta property=\"og:image:height\" content=\"1000\" \/>\n\t<meta property=\"og:image:type\" content=\"image\/png\" \/>\n<meta name=\"twitter:card\" content=\"summary_large_image\" \/>\n<meta name=\"twitter:label1\" content=\"Tiempo de lectura\" \/>\n\t<meta name=\"twitter:data1\" content=\"1 minuto\" \/>\n<script type=\"application\/ld+json\" class=\"yoast-schema-graph\">{\"@context\":\"https:\\\/\\\/schema.org\",\"@graph\":[{\"@type\":\"WebPage\",\"@id\":\"https:\\\/\\\/libreriaminutodedios.com\\\/producto\\\/del-encuentro-al-amor\\\/\",\"url\":\"https:\\\/\\\/libreriaminutodedios.com\\\/producto\\\/del-encuentro-al-amor\\\/\",\"name\":\"Del encuentro al amor - Librer\u00eda Minuto de Dios\",\"isPartOf\":{\"@id\":\"https:\\\/\\\/libreriaminutodedios.com\\\/#website\"},\"primaryImageOfPage\":{\"@id\":\"https:\\\/\\\/libreriaminutodedios.com\\\/producto\\\/del-encuentro-al-amor\\\/#primaryimage\"},\"image\":{\"@id\":\"https:\\\/\\\/libreriaminutodedios.com\\\/producto\\\/del-encuentro-al-amor\\\/#primaryimage\"},\"thumbnailUrl\":\"https:\\\/\\\/libreriaminutodedios.com\\\/wp-content\\\/uploads\\\/2021\\\/03\\\/Del-encuentro-al-amor-3.png\",\"datePublished\":\"2021-03-09T21:42:11+00:00\",\"dateModified\":\"2025-02-20T14:57:53+00:00\",\"breadcrumb\":{\"@id\":\"https:\\\/\\\/libreriaminutodedios.com\\\/producto\\\/del-encuentro-al-amor\\\/#breadcrumb\"},\"inLanguage\":\"es\",\"potentialAction\":[{\"@type\":\"ReadAction\",\"target\":[\"https:\\\/\\\/libreriaminutodedios.com\\\/producto\\\/del-encuentro-al-amor\\\/\"]}]},{\"@type\":\"ImageObject\",\"inLanguage\":\"es\",\"@id\":\"https:\\\/\\\/libreriaminutodedios.com\\\/producto\\\/del-encuentro-al-amor\\\/#primaryimage\",\"url\":\"https:\\\/\\\/libreriaminutodedios.com\\\/wp-content\\\/uploads\\\/2021\\\/03\\\/Del-encuentro-al-amor-3.png\",\"contentUrl\":\"https:\\\/\\\/libreriaminutodedios.com\\\/wp-content\\\/uploads\\\/2021\\\/03\\\/Del-encuentro-al-amor-3.png\",\"width\":1000,\"height\":1000},{\"@type\":\"BreadcrumbList\",\"@id\":\"https:\\\/\\\/libreriaminutodedios.com\\\/producto\\\/del-encuentro-al-amor\\\/#breadcrumb\",\"itemListElement\":[{\"@type\":\"ListItem\",\"position\":1,\"name\":\"Portada\",\"item\":\"https:\\\/\\\/libreriaminutodedios.com\\\/\"},{\"@type\":\"ListItem\",\"position\":2,\"name\":\"Tienda\",\"item\":\"https:\\\/\\\/libreriaminutodedios.com\\\/?page_id=2895\"},{\"@type\":\"ListItem\",\"position\":3,\"name\":\"Del encuentro al amor\"}]},{\"@type\":\"WebSite\",\"@id\":\"https:\\\/\\\/libreriaminutodedios.com\\\/#website\",\"url\":\"https:\\\/\\\/libreriaminutodedios.com\\\/\",\"name\":\"Librer\u00eda Minuto de Dios\",\"description\":\"Sitio oficial de la Librer\u00eda Minuto de Dios\",\"publisher\":{\"@id\":\"https:\\\/\\\/libreriaminutodedios.com\\\/#organization\"},\"alternateName\":\"Tienda Minuto de Dios\",\"potentialAction\":[{\"@type\":\"SearchAction\",\"target\":{\"@type\":\"EntryPoint\",\"urlTemplate\":\"https:\\\/\\\/libreriaminutodedios.com\\\/?s={search_term_string}\"},\"query-input\":{\"@type\":\"PropertyValueSpecification\",\"valueRequired\":true,\"valueName\":\"search_term_string\"}}],\"inLanguage\":\"es\"},{\"@type\":\"Organization\",\"@id\":\"https:\\\/\\\/libreriaminutodedios.com\\\/#organization\",\"name\":\"Corporaci\u00f3n Centro Carism\u00e1tico Minuto de Dios\",\"alternateName\":\"Minuto de Dios\",\"url\":\"https:\\\/\\\/libreriaminutodedios.com\\\/\",\"logo\":{\"@type\":\"ImageObject\",\"inLanguage\":\"es\",\"@id\":\"https:\\\/\\\/libreriaminutodedios.com\\\/#\\\/schema\\\/logo\\\/image\\\/\",\"url\":\"https:\\\/\\\/libreriaminutodedios.com\\\/wp-content\\\/uploads\\\/2024\\\/09\\\/logo-libreria.png\",\"contentUrl\":\"https:\\\/\\\/libreriaminutodedios.com\\\/wp-content\\\/uploads\\\/2024\\\/09\\\/logo-libreria.png\",\"width\":400,\"height\":138,\"caption\":\"Corporaci\u00f3n Centro Carism\u00e1tico Minuto de Dios\"},\"image\":{\"@id\":\"https:\\\/\\\/libreriaminutodedios.com\\\/#\\\/schema\\\/logo\\\/image\\\/\"}}]}<\/script>\n<!-- \/ Yoast SEO plugin. -->","yoast_head_json":{"title":"Del encuentro al amor - Librer\u00eda Minuto de Dios","robots":{"index":"index","follow":"follow","max-snippet":"max-snippet:-1","max-image-preview":"max-image-preview:large","max-video-preview":"max-video-preview:-1"},"canonical":"https:\/\/libreriaminutodedios.com\/producto\/del-encuentro-al-amor\/","og_locale":"es_ES","og_type":"article","og_title":"Del encuentro al amor - Librer\u00eda Minuto de Dios","og_description":"Las reflexiones que aqu\u00ed se exponen pueden utilizarse como un seminario de crecimiento espiritual. Van dedicadas a los grupos de oraci\u00f3n de la Renovaci\u00f3n Carism\u00e1tica. Responden al deseo que quiz\u00e1 muchos hayan tenido de haber sido contempor\u00e1neos de Jes\u00fas, de haberlo conocido, escuchado, seguido y amado. De hecho, todos somos contempor\u00e1neos del Se\u00f1or, pues El est\u00e1 vivo, y la relaci\u00f3n que puede tener con nosotros se asemeja a la que tuvo con muchas personas hace 20 siglos. Para la presentaci\u00f3n el Padre se vale de un medio nemot\u00e9cnico: ir disminuyendo desde la multitud de seguidores hasta un solo disc\u00edpulo, de modo que se pueda asociar la ense\u00f1anza con un n\u00famero preciso; y trayendo a la memoria la cifra, venga con ella el n\u00facleo de la reflexi\u00f3n. Para interiorizar la doctrina se encuentran tambi\u00e9n cantos y oraciones, inspiradas estas en el Misal Romano, citas b\u00edblicas, interrogantes y tareas pr\u00e1cticas, cuyo objetivo es ayudar a crecer en la gracia y el conocimiento de nuestro Se\u00f1or Jesucristo (2 Pe. 3, 18)","og_url":"https:\/\/libreriaminutodedios.com\/producto\/del-encuentro-al-amor\/","og_site_name":"Librer\u00eda Minuto de Dios","article_modified_time":"2025-02-20T14:57:53+00:00","og_image":[{"width":1000,"height":1000,"url":"https:\/\/libreriaminutodedios.com\/wp-content\/uploads\/2021\/03\/Del-encuentro-al-amor-3.png","type":"image\/png"}],"twitter_card":"summary_large_image","twitter_misc":{"Tiempo de lectura":"1 minuto"},"schema":{"@context":"https:\/\/schema.org","@graph":[{"@type":"WebPage","@id":"https:\/\/libreriaminutodedios.com\/producto\/del-encuentro-al-amor\/","url":"https:\/\/libreriaminutodedios.com\/producto\/del-encuentro-al-amor\/","name":"Del encuentro al amor - Librer\u00eda Minuto de Dios","isPartOf":{"@id":"https:\/\/libreriaminutodedios.com\/#website"},"primaryImageOfPage":{"@id":"https:\/\/libreriaminutodedios.com\/producto\/del-encuentro-al-amor\/#primaryimage"},"image":{"@id":"https:\/\/libreriaminutodedios.com\/producto\/del-encuentro-al-amor\/#primaryimage"},"thumbnailUrl":"https:\/\/libreriaminutodedios.com\/wp-content\/uploads\/2021\/03\/Del-encuentro-al-amor-3.png","datePublished":"2021-03-09T21:42:11+00:00","dateModified":"2025-02-20T14:57:53+00:00","breadcrumb":{"@id":"https:\/\/libreriaminutodedios.com\/producto\/del-encuentro-al-amor\/#breadcrumb"},"inLanguage":"es","potentialAction":[{"@type":"ReadAction","target":["https:\/\/libreriaminutodedios.com\/producto\/del-encuentro-al-amor\/"]}]},{"@type":"ImageObject","inLanguage":"es","@id":"https:\/\/libreriaminutodedios.com\/producto\/del-encuentro-al-amor\/#primaryimage","url":"https:\/\/libreriaminutodedios.com\/wp-content\/uploads\/2021\/03\/Del-encuentro-al-amor-3.png","contentUrl":"https:\/\/libreriaminutodedios.com\/wp-content\/uploads\/2021\/03\/Del-encuentro-al-amor-3.png","width":1000,"height":1000},{"@type":"BreadcrumbList","@id":"https:\/\/libreriaminutodedios.com\/producto\/del-encuentro-al-amor\/#breadcrumb","itemListElement":[{"@type":"ListItem","position":1,"name":"Portada","item":"https:\/\/libreriaminutodedios.com\/"},{"@type":"ListItem","position":2,"name":"Tienda","item":"https:\/\/libreriaminutodedios.com\/?page_id=2895"},{"@type":"ListItem","position":3,"name":"Del encuentro al amor"}]},{"@type":"WebSite","@id":"https:\/\/libreriaminutodedios.com\/#website","url":"https:\/\/libreriaminutodedios.com\/","name":"Librer\u00eda Minuto de Dios","description":"Sitio oficial de la Librer\u00eda Minuto de Dios","publisher":{"@id":"https:\/\/libreriaminutodedios.com\/#organization"},"alternateName":"Tienda Minuto de Dios","potentialAction":[{"@type":"SearchAction","target":{"@type":"EntryPoint","urlTemplate":"https:\/\/libreriaminutodedios.com\/?s={search_term_string}"},"query-input":{"@type":"PropertyValueSpecification","valueRequired":true,"valueName":"search_term_string"}}],"inLanguage":"es"},{"@type":"Organization","@id":"https:\/\/libreriaminutodedios.com\/#organization","name":"Corporaci\u00f3n Centro Carism\u00e1tico Minuto de Dios","alternateName":"Minuto de Dios","url":"https:\/\/libreriaminutodedios.com\/","logo":{"@type":"ImageObject","inLanguage":"es","@id":"https:\/\/libreriaminutodedios.com\/#\/schema\/logo\/image\/","url":"https:\/\/libreriaminutodedios.com\/wp-content\/uploads\/2024\/09\/logo-libreria.png","contentUrl":"https:\/\/libreriaminutodedios.com\/wp-content\/uploads\/2024\/09\/logo-libreria.png","width":400,"height":138,"caption":"Corporaci\u00f3n Centro Carism\u00e1tico Minuto de Dios"},"image":{"@id":"https:\/\/libreriaminutodedios.com\/#\/schema\/logo\/image\/"}}]}},"_links":{"self":[{"href":"https:\/\/libreriaminutodedios.com\/index.php?rest_route=\/wp\/v2\/product\/69","targetHints":{"allow":["GET"]}}],"collection":[{"href":"https:\/\/libreriaminutodedios.com\/index.php?rest_route=\/wp\/v2\/product"}],"about":[{"href":"https:\/\/libreriaminutodedios.com\/index.php?rest_route=\/wp\/v2\/types\/product"}],"replies":[{"embeddable":true,"href":"https:\/\/libreriaminutodedios.com\/index.php?rest_route=%2Fwp%2Fv2%2Fcomments&post=69"}],"wp:featuredmedia":[{"embeddable":true,"href":"https:\/\/libreriaminutodedios.com\/index.php?rest_route=\/wp\/v2\/media\/11571"}],"wp:attachment":[{"href":"https:\/\/libreriaminutodedios.com\/index.php?rest_route=%2Fwp%2Fv2%2Fmedia&parent=69"}],"wp:term":[{"taxonomy":"product_brand","embeddable":true,"href":"https:\/\/libreriaminutodedios.com\/index.php?rest_route=%2Fwp%2Fv2%2Fproduct_brand&post=69"},{"taxonomy":"product_cat","embeddable":true,"href":"https:\/\/libreriaminutodedios.com\/index.php?rest_route=%2Fwp%2Fv2%2Fproduct_cat&post=69"},{"taxonomy":"product_tag","embeddable":true,"href":"https:\/\/libreriaminutodedios.com\/index.php?rest_route=%2Fwp%2Fv2%2Fproduct_tag&post=69"}],"curies":[{"name":"wp","href":"https:\/\/api.w.org\/{rel}","templated":true}]}}