{"id":60,"date":"2021-03-09T16:18:23","date_gmt":"2021-03-09T21:18:23","guid":{"rendered":"https:\/\/libreriaminutodedios.com\/?post_type=product&#038;p=60"},"modified":"2025-12-12T22:52:45","modified_gmt":"2025-12-13T03:52:45","slug":"ocho-regalos-de-cristo","status":"publish","type":"product","link":"https:\/\/libreriaminutodedios.com\/?product=ocho-regalos-de-cristo","title":{"rendered":"Ocho Regalos de Cristo"},"content":{"rendered":"<p>Hacer la lista de las bendiciones con que Dios colma a los hombres es imposible. El cat\u00e1logo de los dones divinos nunca podr\u00eda editarse, pues<br \/>\nsiempre se estar\u00edan agregando nuevas y maravillosas d\u00e1divas suyas. Cada estrella lejana que se descubra, cada flor que adorna los senderos, cada ser querido que nos rodea, cada palabra amable que nos dirigen, cada momento de alegr\u00eda son manifestaciones de la infinita bondad de Dios para sus criaturas.<br \/>\nEl Padre Diego ha querido subrayar ocho regalos de Dios que resplandecen como ocho diamantes en un collar, como ocho medallones engastados con filigranas, como ocho pergaminos que acreditan nuestros mejores t\u00edtulos. Son ocho obsequios que nos leg\u00f3 Jes\u00fas.<\/p>\n","protected":false},"excerpt":{"rendered":"<p>Hacer la lista de las bendiciones con que Dios colma a los hombres es imposible. El cat\u00e1logo de los dones divinos nunca podr\u00eda editarse, pues<br \/>\nsiempre se estar\u00edan agregando nuevas y maravillosas d\u00e1divas suyas. Cada estrella lejana que se descubra, cada flor que adorna los senderos, cada ser querido que nos rodea, cada palabra amable que nos dirigen, cada momento de alegr\u00eda son manifestaciones de la infinita bondad de Dios para sus criaturas.<br \/>\nEl Padre Diego ha querido subrayar ocho regalos de Dios que resplandecen como ocho diamantes en un collar, como ocho medallones engastados con filigranas, como ocho pergaminos que acreditan nuestros mejores t\u00edtulos. Son ocho obsequios que nos leg\u00f3 Jes\u00fas.<\/p>\n","protected":false},"featured_media":11603,"comment_status":"open","ping_status":"closed","template":"","meta":{"_acf_changed":false},"product_brand":[],"product_cat":[162,615,616,624,412],"product_tag":[51,52,53,54],"class_list":{"0":"post-60","1":"product","2":"type-product","3":"status-publish","4":"has-post-thumbnail","6":"product_cat-libros","7":"product_cat-colecciones","8":"product_cat-crecer","9":"product_cat-editorial-minuto-de-dios","10":"product_cat-espiritu-santo","11":"product_tag-cuerpo-de-cristo","12":"product_tag-espiritu-de-cristo","13":"product_tag-palabra-de-cristo","14":"product_tag-sangre-de-cristo","16":"first","17":"instock","18":"purchasable","19":"product-type-simple"},"acf":[],"yoast_head":"<!-- This site is optimized with the Yoast SEO plugin v27.6 - https:\/\/yoast.com\/product\/yoast-seo-wordpress\/ -->\n<title>Ocho Regalos de Cristo - Librer\u00eda Minuto de Dios<\/title>\n<meta name=\"robots\" content=\"index, follow, max-snippet:-1, max-image-preview:large, max-video-preview:-1\" \/>\n<link rel=\"canonical\" href=\"https:\/\/libreriaminutodedios.com\/producto\/ocho-regalos-de-cristo\/\" \/>\n<meta property=\"og:locale\" content=\"es_ES\" \/>\n<meta property=\"og:type\" content=\"article\" \/>\n<meta property=\"og:title\" content=\"Ocho Regalos de Cristo - Librer\u00eda Minuto de Dios\" \/>\n<meta property=\"og:description\" content=\"Hacer la lista de las bendiciones con que Dios colma a los hombres es imposible. El cat\u00e1logo de los dones divinos nunca podr\u00eda editarse, pues siempre se estar\u00edan agregando nuevas y maravillosas d\u00e1divas suyas. Cada estrella lejana que se descubra, cada flor que adorna los senderos, cada ser querido que nos rodea, cada palabra amable que nos dirigen, cada momento de alegr\u00eda son manifestaciones de la infinita bondad de Dios para sus criaturas. El Padre Diego ha querido subrayar ocho regalos de Dios que resplandecen como ocho diamantes en un collar, como ocho medallones engastados con filigranas, como ocho pergaminos que acreditan nuestros mejores t\u00edtulos. Son ocho obsequios que nos leg\u00f3 Jes\u00fas.\" \/>\n<meta property=\"og:url\" content=\"https:\/\/libreriaminutodedios.com\/producto\/ocho-regalos-de-cristo\/\" \/>\n<meta property=\"og:site_name\" content=\"Librer\u00eda Minuto de Dios\" \/>\n<meta property=\"article:modified_time\" content=\"2025-12-13T03:52:45+00:00\" \/>\n<meta property=\"og:image\" content=\"https:\/\/libreriaminutodedios.com\/wp-content\/uploads\/2021\/03\/Ocho-regalos-de-cristo-3.png\" \/>\n\t<meta property=\"og:image:width\" content=\"1000\" \/>\n\t<meta property=\"og:image:height\" content=\"1000\" \/>\n\t<meta property=\"og:image:type\" content=\"image\/png\" \/>\n<meta name=\"twitter:card\" content=\"summary_large_image\" \/>\n<meta name=\"twitter:label1\" content=\"Tiempo de lectura\" \/>\n\t<meta name=\"twitter:data1\" content=\"1 minuto\" \/>\n<script type=\"application\/ld+json\" class=\"yoast-schema-graph\">{\"@context\":\"https:\\\/\\\/schema.org\",\"@graph\":[{\"@type\":\"WebPage\",\"@id\":\"https:\\\/\\\/libreriaminutodedios.com\\\/producto\\\/ocho-regalos-de-cristo\\\/\",\"url\":\"https:\\\/\\\/libreriaminutodedios.com\\\/producto\\\/ocho-regalos-de-cristo\\\/\",\"name\":\"Ocho Regalos de Cristo - Librer\u00eda Minuto de Dios\",\"isPartOf\":{\"@id\":\"https:\\\/\\\/libreriaminutodedios.com\\\/#website\"},\"primaryImageOfPage\":{\"@id\":\"https:\\\/\\\/libreriaminutodedios.com\\\/producto\\\/ocho-regalos-de-cristo\\\/#primaryimage\"},\"image\":{\"@id\":\"https:\\\/\\\/libreriaminutodedios.com\\\/producto\\\/ocho-regalos-de-cristo\\\/#primaryimage\"},\"thumbnailUrl\":\"https:\\\/\\\/libreriaminutodedios.com\\\/wp-content\\\/uploads\\\/2021\\\/03\\\/Ocho-regalos-de-cristo-3.png\",\"datePublished\":\"2021-03-09T21:18:23+00:00\",\"dateModified\":\"2025-12-13T03:52:45+00:00\",\"breadcrumb\":{\"@id\":\"https:\\\/\\\/libreriaminutodedios.com\\\/producto\\\/ocho-regalos-de-cristo\\\/#breadcrumb\"},\"inLanguage\":\"es\",\"potentialAction\":[{\"@type\":\"ReadAction\",\"target\":[\"https:\\\/\\\/libreriaminutodedios.com\\\/producto\\\/ocho-regalos-de-cristo\\\/\"]}]},{\"@type\":\"ImageObject\",\"inLanguage\":\"es\",\"@id\":\"https:\\\/\\\/libreriaminutodedios.com\\\/producto\\\/ocho-regalos-de-cristo\\\/#primaryimage\",\"url\":\"https:\\\/\\\/libreriaminutodedios.com\\\/wp-content\\\/uploads\\\/2021\\\/03\\\/Ocho-regalos-de-cristo-3.png\",\"contentUrl\":\"https:\\\/\\\/libreriaminutodedios.com\\\/wp-content\\\/uploads\\\/2021\\\/03\\\/Ocho-regalos-de-cristo-3.png\",\"width\":1000,\"height\":1000},{\"@type\":\"BreadcrumbList\",\"@id\":\"https:\\\/\\\/libreriaminutodedios.com\\\/producto\\\/ocho-regalos-de-cristo\\\/#breadcrumb\",\"itemListElement\":[{\"@type\":\"ListItem\",\"position\":1,\"name\":\"Portada\",\"item\":\"https:\\\/\\\/libreriaminutodedios.com\\\/\"},{\"@type\":\"ListItem\",\"position\":2,\"name\":\"Tienda\",\"item\":\"https:\\\/\\\/libreriaminutodedios.com\\\/?page_id=2895\"},{\"@type\":\"ListItem\",\"position\":3,\"name\":\"Ocho Regalos de Cristo\"}]},{\"@type\":\"WebSite\",\"@id\":\"https:\\\/\\\/libreriaminutodedios.com\\\/#website\",\"url\":\"https:\\\/\\\/libreriaminutodedios.com\\\/\",\"name\":\"Librer\u00eda Minuto de Dios\",\"description\":\"Sitio oficial de la Librer\u00eda Minuto de Dios\",\"publisher\":{\"@id\":\"https:\\\/\\\/libreriaminutodedios.com\\\/#organization\"},\"alternateName\":\"Tienda Minuto de Dios\",\"potentialAction\":[{\"@type\":\"SearchAction\",\"target\":{\"@type\":\"EntryPoint\",\"urlTemplate\":\"https:\\\/\\\/libreriaminutodedios.com\\\/?s={search_term_string}\"},\"query-input\":{\"@type\":\"PropertyValueSpecification\",\"valueRequired\":true,\"valueName\":\"search_term_string\"}}],\"inLanguage\":\"es\"},{\"@type\":\"Organization\",\"@id\":\"https:\\\/\\\/libreriaminutodedios.com\\\/#organization\",\"name\":\"Corporaci\u00f3n Centro Carism\u00e1tico Minuto de Dios\",\"alternateName\":\"Minuto de Dios\",\"url\":\"https:\\\/\\\/libreriaminutodedios.com\\\/\",\"logo\":{\"@type\":\"ImageObject\",\"inLanguage\":\"es\",\"@id\":\"https:\\\/\\\/libreriaminutodedios.com\\\/#\\\/schema\\\/logo\\\/image\\\/\",\"url\":\"https:\\\/\\\/libreriaminutodedios.com\\\/wp-content\\\/uploads\\\/2024\\\/09\\\/logo-libreria.png\",\"contentUrl\":\"https:\\\/\\\/libreriaminutodedios.com\\\/wp-content\\\/uploads\\\/2024\\\/09\\\/logo-libreria.png\",\"width\":400,\"height\":138,\"caption\":\"Corporaci\u00f3n Centro Carism\u00e1tico Minuto de Dios\"},\"image\":{\"@id\":\"https:\\\/\\\/libreriaminutodedios.com\\\/#\\\/schema\\\/logo\\\/image\\\/\"}}]}<\/script>\n<!-- \/ Yoast SEO plugin. -->","yoast_head_json":{"title":"Ocho Regalos de Cristo - Librer\u00eda Minuto de Dios","robots":{"index":"index","follow":"follow","max-snippet":"max-snippet:-1","max-image-preview":"max-image-preview:large","max-video-preview":"max-video-preview:-1"},"canonical":"https:\/\/libreriaminutodedios.com\/producto\/ocho-regalos-de-cristo\/","og_locale":"es_ES","og_type":"article","og_title":"Ocho Regalos de Cristo - Librer\u00eda Minuto de Dios","og_description":"Hacer la lista de las bendiciones con que Dios colma a los hombres es imposible. El cat\u00e1logo de los dones divinos nunca podr\u00eda editarse, pues siempre se estar\u00edan agregando nuevas y maravillosas d\u00e1divas suyas. Cada estrella lejana que se descubra, cada flor que adorna los senderos, cada ser querido que nos rodea, cada palabra amable que nos dirigen, cada momento de alegr\u00eda son manifestaciones de la infinita bondad de Dios para sus criaturas. El Padre Diego ha querido subrayar ocho regalos de Dios que resplandecen como ocho diamantes en un collar, como ocho medallones engastados con filigranas, como ocho pergaminos que acreditan nuestros mejores t\u00edtulos. Son ocho obsequios que nos leg\u00f3 Jes\u00fas.","og_url":"https:\/\/libreriaminutodedios.com\/producto\/ocho-regalos-de-cristo\/","og_site_name":"Librer\u00eda Minuto de Dios","article_modified_time":"2025-12-13T03:52:45+00:00","og_image":[{"width":1000,"height":1000,"url":"https:\/\/libreriaminutodedios.com\/wp-content\/uploads\/2021\/03\/Ocho-regalos-de-cristo-3.png","type":"image\/png"}],"twitter_card":"summary_large_image","twitter_misc":{"Tiempo de lectura":"1 minuto"},"schema":{"@context":"https:\/\/schema.org","@graph":[{"@type":"WebPage","@id":"https:\/\/libreriaminutodedios.com\/producto\/ocho-regalos-de-cristo\/","url":"https:\/\/libreriaminutodedios.com\/producto\/ocho-regalos-de-cristo\/","name":"Ocho Regalos de Cristo - Librer\u00eda Minuto de Dios","isPartOf":{"@id":"https:\/\/libreriaminutodedios.com\/#website"},"primaryImageOfPage":{"@id":"https:\/\/libreriaminutodedios.com\/producto\/ocho-regalos-de-cristo\/#primaryimage"},"image":{"@id":"https:\/\/libreriaminutodedios.com\/producto\/ocho-regalos-de-cristo\/#primaryimage"},"thumbnailUrl":"https:\/\/libreriaminutodedios.com\/wp-content\/uploads\/2021\/03\/Ocho-regalos-de-cristo-3.png","datePublished":"2021-03-09T21:18:23+00:00","dateModified":"2025-12-13T03:52:45+00:00","breadcrumb":{"@id":"https:\/\/libreriaminutodedios.com\/producto\/ocho-regalos-de-cristo\/#breadcrumb"},"inLanguage":"es","potentialAction":[{"@type":"ReadAction","target":["https:\/\/libreriaminutodedios.com\/producto\/ocho-regalos-de-cristo\/"]}]},{"@type":"ImageObject","inLanguage":"es","@id":"https:\/\/libreriaminutodedios.com\/producto\/ocho-regalos-de-cristo\/#primaryimage","url":"https:\/\/libreriaminutodedios.com\/wp-content\/uploads\/2021\/03\/Ocho-regalos-de-cristo-3.png","contentUrl":"https:\/\/libreriaminutodedios.com\/wp-content\/uploads\/2021\/03\/Ocho-regalos-de-cristo-3.png","width":1000,"height":1000},{"@type":"BreadcrumbList","@id":"https:\/\/libreriaminutodedios.com\/producto\/ocho-regalos-de-cristo\/#breadcrumb","itemListElement":[{"@type":"ListItem","position":1,"name":"Portada","item":"https:\/\/libreriaminutodedios.com\/"},{"@type":"ListItem","position":2,"name":"Tienda","item":"https:\/\/libreriaminutodedios.com\/?page_id=2895"},{"@type":"ListItem","position":3,"name":"Ocho Regalos de Cristo"}]},{"@type":"WebSite","@id":"https:\/\/libreriaminutodedios.com\/#website","url":"https:\/\/libreriaminutodedios.com\/","name":"Librer\u00eda Minuto de Dios","description":"Sitio oficial de la Librer\u00eda Minuto de Dios","publisher":{"@id":"https:\/\/libreriaminutodedios.com\/#organization"},"alternateName":"Tienda Minuto de Dios","potentialAction":[{"@type":"SearchAction","target":{"@type":"EntryPoint","urlTemplate":"https:\/\/libreriaminutodedios.com\/?s={search_term_string}"},"query-input":{"@type":"PropertyValueSpecification","valueRequired":true,"valueName":"search_term_string"}}],"inLanguage":"es"},{"@type":"Organization","@id":"https:\/\/libreriaminutodedios.com\/#organization","name":"Corporaci\u00f3n Centro Carism\u00e1tico Minuto de Dios","alternateName":"Minuto de Dios","url":"https:\/\/libreriaminutodedios.com\/","logo":{"@type":"ImageObject","inLanguage":"es","@id":"https:\/\/libreriaminutodedios.com\/#\/schema\/logo\/image\/","url":"https:\/\/libreriaminutodedios.com\/wp-content\/uploads\/2024\/09\/logo-libreria.png","contentUrl":"https:\/\/libreriaminutodedios.com\/wp-content\/uploads\/2024\/09\/logo-libreria.png","width":400,"height":138,"caption":"Corporaci\u00f3n Centro Carism\u00e1tico Minuto de Dios"},"image":{"@id":"https:\/\/libreriaminutodedios.com\/#\/schema\/logo\/image\/"}}]}},"_links":{"self":[{"href":"https:\/\/libreriaminutodedios.com\/index.php?rest_route=\/wp\/v2\/product\/60","targetHints":{"allow":["GET"]}}],"collection":[{"href":"https:\/\/libreriaminutodedios.com\/index.php?rest_route=\/wp\/v2\/product"}],"about":[{"href":"https:\/\/libreriaminutodedios.com\/index.php?rest_route=\/wp\/v2\/types\/product"}],"replies":[{"embeddable":true,"href":"https:\/\/libreriaminutodedios.com\/index.php?rest_route=%2Fwp%2Fv2%2Fcomments&post=60"}],"wp:featuredmedia":[{"embeddable":true,"href":"https:\/\/libreriaminutodedios.com\/index.php?rest_route=\/wp\/v2\/media\/11603"}],"wp:attachment":[{"href":"https:\/\/libreriaminutodedios.com\/index.php?rest_route=%2Fwp%2Fv2%2Fmedia&parent=60"}],"wp:term":[{"taxonomy":"product_brand","embeddable":true,"href":"https:\/\/libreriaminutodedios.com\/index.php?rest_route=%2Fwp%2Fv2%2Fproduct_brand&post=60"},{"taxonomy":"product_cat","embeddable":true,"href":"https:\/\/libreriaminutodedios.com\/index.php?rest_route=%2Fwp%2Fv2%2Fproduct_cat&post=60"},{"taxonomy":"product_tag","embeddable":true,"href":"https:\/\/libreriaminutodedios.com\/index.php?rest_route=%2Fwp%2Fv2%2Fproduct_tag&post=60"}],"curies":[{"name":"wp","href":"https:\/\/api.w.org\/{rel}","templated":true}]}}