{"id":583,"date":"2021-03-31T11:27:15","date_gmt":"2021-03-31T16:27:15","guid":{"rendered":"https:\/\/libreriaminutodedios.com\/?post_type=product&#038;p=583"},"modified":"2025-12-11T11:06:40","modified_gmt":"2025-12-11T16:06:40","slug":"padre-nuestro","status":"publish","type":"product","link":"https:\/\/libreriaminutodedios.com\/?product=padre-nuestro","title":{"rendered":"Padre Nuestro"},"content":{"rendered":"<p>El padre Diego Jaramillo, asesor de la Renovaci\u00f3n Cat\u00f3lica Carism\u00e1tica, nos propone descubrir a Dios como el Padre de todos, a trav\u00e9s de la principal oraci\u00f3n que se conoce de Jes\u00fas, por lo menos la oraci\u00f3n condensada, m\u00e1s tierna, que \u00c9l quiso ense\u00f1arnos: el Padrenuestro, y nos invita a establecer una relaci\u00f3n de cercan\u00eda con Dios.<br \/>\n\u201cQuisiera -expresa el P. Jaramillo- como resultado de estas p\u00e1ginas, que todos nos apeg\u00e1ramos al Padrenuestro, a decirlo con \u00e9l, a invocar durante el d\u00eda al Padre celestial, al Padre de nuestro Se\u00f1or Jesucristo, al Padre amoroso que nos ama\u201d.<br \/>\n\u201cSeguramente en algunos libros de lectura espiritual se encuentran reflexiones sobre el Padrenuestro y tambi\u00e9n alabanzas sobre esa oraci\u00f3n dominical porque los autores cristianos se han ocupado de ella, la han examinado, comentado y estudiado de distintas maneras. Es la m\u00e1s sublime oraci\u00f3n de todos los tiempos y la m\u00e1s bella oraci\u00f3n de cualquier religi\u00f3n. Ni los budistas ni los mahometanos ni los seguidores de Confucio ni los paganos ni los secuaces de religiones ind\u00edgenas han compuesto una oraci\u00f3n tan bella como esa\u201d.<\/p>\n","protected":false},"excerpt":{"rendered":"<p>El padre Diego Jaramillo, asesor de la Renovaci\u00f3n Cat\u00f3lica Carism\u00e1tica, nos propone descubrir a Dios como el Padre de todos, a trav\u00e9s de la principal oraci\u00f3n que se conoce de Jes\u00fas, por lo menos la oraci\u00f3n condensada, m\u00e1s tierna, que \u00c9l quiso ense\u00f1arnos: el Padrenuestro, y nos invita a establecer una relaci\u00f3n de cercan\u00eda con Dios.<br \/>\n\u201cQuisiera -expresa el P. Jaramillo- como resultado de estas p\u00e1ginas, que todos nos apeg\u00e1ramos al Padrenuestro, a decirlo con \u00e9l, a invocar durante el d\u00eda al Padre celestial, al Padre de nuestro Se\u00f1or Jesucristo, al Padre amoroso que nos ama\u201d.<br \/>\n\u201cSeguramente en algunos libros de lectura espiritual se encuentran reflexiones sobre el Padrenuestro y tambi\u00e9n alabanzas sobre esa oraci\u00f3n dominical porque los autores cristianos se han ocupado de ella, la han examinado, comentado y estudiado de distintas maneras. Es la m\u00e1s sublime oraci\u00f3n de todos los tiempos y la m\u00e1s bella oraci\u00f3n de cualquier religi\u00f3n. Ni los budistas ni los mahometanos ni los seguidores de Confucio ni los paganos ni los secuaces de religiones ind\u00edgenas han compuesto una oraci\u00f3n tan bella como esa\u201d.<\/p>\n","protected":false},"featured_media":12666,"comment_status":"open","ping_status":"closed","template":"","meta":{"_acf_changed":false},"product_brand":[],"product_cat":[162,615,624,618],"product_tag":[490],"class_list":{"0":"post-583","1":"product","2":"type-product","3":"status-publish","4":"has-post-thumbnail","6":"product_cat-libros","7":"product_cat-colecciones","8":"product_cat-editorial-minuto-de-dios","9":"product_cat-iglesia","10":"product_tag-editorial-md","12":"first","13":"instock","14":"purchasable","15":"product-type-simple"},"acf":[],"yoast_head":"<!-- This site is optimized with the Yoast SEO plugin v27.6 - https:\/\/yoast.com\/product\/yoast-seo-wordpress\/ -->\n<title>Padre Nuestro - Librer\u00eda Minuto de Dios<\/title>\n<meta name=\"robots\" content=\"index, follow, max-snippet:-1, max-image-preview:large, max-video-preview:-1\" \/>\n<link rel=\"canonical\" href=\"https:\/\/libreriaminutodedios.com\/producto\/padre-nuestro\/\" \/>\n<meta property=\"og:locale\" content=\"es_ES\" \/>\n<meta property=\"og:type\" content=\"article\" \/>\n<meta property=\"og:title\" content=\"Padre Nuestro - Librer\u00eda Minuto de Dios\" \/>\n<meta property=\"og:description\" content=\"El padre Diego Jaramillo, asesor de la Renovaci\u00f3n Cat\u00f3lica Carism\u00e1tica, nos propone descubrir a Dios como el Padre de todos, a trav\u00e9s de la principal oraci\u00f3n que se conoce de Jes\u00fas, por lo menos la oraci\u00f3n condensada, m\u00e1s tierna, que \u00c9l quiso ense\u00f1arnos: el Padrenuestro, y nos invita a establecer una relaci\u00f3n de cercan\u00eda con Dios. \u201cQuisiera -expresa el P. Jaramillo- como resultado de estas p\u00e1ginas, que todos nos apeg\u00e1ramos al Padrenuestro, a decirlo con \u00e9l, a invocar durante el d\u00eda al Padre celestial, al Padre de nuestro Se\u00f1or Jesucristo, al Padre amoroso que nos ama\u201d. \u201cSeguramente en algunos libros de lectura espiritual se encuentran reflexiones sobre el Padrenuestro y tambi\u00e9n alabanzas sobre esa oraci\u00f3n dominical porque los autores cristianos se han ocupado de ella, la han examinado, comentado y estudiado de distintas maneras. Es la m\u00e1s sublime oraci\u00f3n de todos los tiempos y la m\u00e1s bella oraci\u00f3n de cualquier religi\u00f3n. Ni los budistas ni los mahometanos ni los seguidores de Confucio ni los paganos ni los secuaces de religiones ind\u00edgenas han compuesto una oraci\u00f3n tan bella como esa\u201d.\" \/>\n<meta property=\"og:url\" content=\"https:\/\/libreriaminutodedios.com\/producto\/padre-nuestro\/\" \/>\n<meta property=\"og:site_name\" content=\"Librer\u00eda Minuto de Dios\" \/>\n<meta property=\"article:modified_time\" content=\"2025-12-11T16:06:40+00:00\" \/>\n<meta property=\"og:image\" content=\"https:\/\/libreriaminutodedios.com\/wp-content\/uploads\/2021\/03\/49.png\" \/>\n\t<meta property=\"og:image:width\" content=\"1080\" \/>\n\t<meta property=\"og:image:height\" content=\"1080\" \/>\n\t<meta property=\"og:image:type\" content=\"image\/png\" \/>\n<meta name=\"twitter:card\" content=\"summary_large_image\" \/>\n<meta name=\"twitter:label1\" content=\"Tiempo de lectura\" \/>\n\t<meta name=\"twitter:data1\" content=\"2 minutos\" \/>\n<script type=\"application\/ld+json\" class=\"yoast-schema-graph\">{\"@context\":\"https:\\\/\\\/schema.org\",\"@graph\":[{\"@type\":\"WebPage\",\"@id\":\"https:\\\/\\\/libreriaminutodedios.com\\\/producto\\\/padre-nuestro\\\/\",\"url\":\"https:\\\/\\\/libreriaminutodedios.com\\\/producto\\\/padre-nuestro\\\/\",\"name\":\"Padre Nuestro - Librer\u00eda Minuto de Dios\",\"isPartOf\":{\"@id\":\"https:\\\/\\\/libreriaminutodedios.com\\\/#website\"},\"primaryImageOfPage\":{\"@id\":\"https:\\\/\\\/libreriaminutodedios.com\\\/producto\\\/padre-nuestro\\\/#primaryimage\"},\"image\":{\"@id\":\"https:\\\/\\\/libreriaminutodedios.com\\\/producto\\\/padre-nuestro\\\/#primaryimage\"},\"thumbnailUrl\":\"https:\\\/\\\/libreriaminutodedios.com\\\/wp-content\\\/uploads\\\/2021\\\/03\\\/49.png\",\"datePublished\":\"2021-03-31T16:27:15+00:00\",\"dateModified\":\"2025-12-11T16:06:40+00:00\",\"breadcrumb\":{\"@id\":\"https:\\\/\\\/libreriaminutodedios.com\\\/producto\\\/padre-nuestro\\\/#breadcrumb\"},\"inLanguage\":\"es\",\"potentialAction\":[{\"@type\":\"ReadAction\",\"target\":[\"https:\\\/\\\/libreriaminutodedios.com\\\/producto\\\/padre-nuestro\\\/\"]}]},{\"@type\":\"ImageObject\",\"inLanguage\":\"es\",\"@id\":\"https:\\\/\\\/libreriaminutodedios.com\\\/producto\\\/padre-nuestro\\\/#primaryimage\",\"url\":\"https:\\\/\\\/libreriaminutodedios.com\\\/wp-content\\\/uploads\\\/2021\\\/03\\\/49.png\",\"contentUrl\":\"https:\\\/\\\/libreriaminutodedios.com\\\/wp-content\\\/uploads\\\/2021\\\/03\\\/49.png\",\"width\":1080,\"height\":1080},{\"@type\":\"BreadcrumbList\",\"@id\":\"https:\\\/\\\/libreriaminutodedios.com\\\/producto\\\/padre-nuestro\\\/#breadcrumb\",\"itemListElement\":[{\"@type\":\"ListItem\",\"position\":1,\"name\":\"Portada\",\"item\":\"https:\\\/\\\/libreriaminutodedios.com\\\/\"},{\"@type\":\"ListItem\",\"position\":2,\"name\":\"Tienda\",\"item\":\"https:\\\/\\\/libreriaminutodedios.com\\\/?page_id=2895\"},{\"@type\":\"ListItem\",\"position\":3,\"name\":\"Padre Nuestro\"}]},{\"@type\":\"WebSite\",\"@id\":\"https:\\\/\\\/libreriaminutodedios.com\\\/#website\",\"url\":\"https:\\\/\\\/libreriaminutodedios.com\\\/\",\"name\":\"Librer\u00eda Minuto de Dios\",\"description\":\"Sitio oficial de la Librer\u00eda Minuto de Dios\",\"publisher\":{\"@id\":\"https:\\\/\\\/libreriaminutodedios.com\\\/#organization\"},\"alternateName\":\"Tienda Minuto de Dios\",\"potentialAction\":[{\"@type\":\"SearchAction\",\"target\":{\"@type\":\"EntryPoint\",\"urlTemplate\":\"https:\\\/\\\/libreriaminutodedios.com\\\/?s={search_term_string}\"},\"query-input\":{\"@type\":\"PropertyValueSpecification\",\"valueRequired\":true,\"valueName\":\"search_term_string\"}}],\"inLanguage\":\"es\"},{\"@type\":\"Organization\",\"@id\":\"https:\\\/\\\/libreriaminutodedios.com\\\/#organization\",\"name\":\"Corporaci\u00f3n Centro Carism\u00e1tico Minuto de Dios\",\"alternateName\":\"Minuto de Dios\",\"url\":\"https:\\\/\\\/libreriaminutodedios.com\\\/\",\"logo\":{\"@type\":\"ImageObject\",\"inLanguage\":\"es\",\"@id\":\"https:\\\/\\\/libreriaminutodedios.com\\\/#\\\/schema\\\/logo\\\/image\\\/\",\"url\":\"https:\\\/\\\/libreriaminutodedios.com\\\/wp-content\\\/uploads\\\/2024\\\/09\\\/logo-libreria.png\",\"contentUrl\":\"https:\\\/\\\/libreriaminutodedios.com\\\/wp-content\\\/uploads\\\/2024\\\/09\\\/logo-libreria.png\",\"width\":400,\"height\":138,\"caption\":\"Corporaci\u00f3n Centro Carism\u00e1tico Minuto de Dios\"},\"image\":{\"@id\":\"https:\\\/\\\/libreriaminutodedios.com\\\/#\\\/schema\\\/logo\\\/image\\\/\"}}]}<\/script>\n<!-- \/ Yoast SEO plugin. -->","yoast_head_json":{"title":"Padre Nuestro - Librer\u00eda Minuto de Dios","robots":{"index":"index","follow":"follow","max-snippet":"max-snippet:-1","max-image-preview":"max-image-preview:large","max-video-preview":"max-video-preview:-1"},"canonical":"https:\/\/libreriaminutodedios.com\/producto\/padre-nuestro\/","og_locale":"es_ES","og_type":"article","og_title":"Padre Nuestro - Librer\u00eda Minuto de Dios","og_description":"El padre Diego Jaramillo, asesor de la Renovaci\u00f3n Cat\u00f3lica Carism\u00e1tica, nos propone descubrir a Dios como el Padre de todos, a trav\u00e9s de la principal oraci\u00f3n que se conoce de Jes\u00fas, por lo menos la oraci\u00f3n condensada, m\u00e1s tierna, que \u00c9l quiso ense\u00f1arnos: el Padrenuestro, y nos invita a establecer una relaci\u00f3n de cercan\u00eda con Dios. \u201cQuisiera -expresa el P. Jaramillo- como resultado de estas p\u00e1ginas, que todos nos apeg\u00e1ramos al Padrenuestro, a decirlo con \u00e9l, a invocar durante el d\u00eda al Padre celestial, al Padre de nuestro Se\u00f1or Jesucristo, al Padre amoroso que nos ama\u201d. \u201cSeguramente en algunos libros de lectura espiritual se encuentran reflexiones sobre el Padrenuestro y tambi\u00e9n alabanzas sobre esa oraci\u00f3n dominical porque los autores cristianos se han ocupado de ella, la han examinado, comentado y estudiado de distintas maneras. Es la m\u00e1s sublime oraci\u00f3n de todos los tiempos y la m\u00e1s bella oraci\u00f3n de cualquier religi\u00f3n. Ni los budistas ni los mahometanos ni los seguidores de Confucio ni los paganos ni los secuaces de religiones ind\u00edgenas han compuesto una oraci\u00f3n tan bella como esa\u201d.","og_url":"https:\/\/libreriaminutodedios.com\/producto\/padre-nuestro\/","og_site_name":"Librer\u00eda Minuto de Dios","article_modified_time":"2025-12-11T16:06:40+00:00","og_image":[{"width":1080,"height":1080,"url":"https:\/\/libreriaminutodedios.com\/wp-content\/uploads\/2021\/03\/49.png","type":"image\/png"}],"twitter_card":"summary_large_image","twitter_misc":{"Tiempo de lectura":"2 minutos"},"schema":{"@context":"https:\/\/schema.org","@graph":[{"@type":"WebPage","@id":"https:\/\/libreriaminutodedios.com\/producto\/padre-nuestro\/","url":"https:\/\/libreriaminutodedios.com\/producto\/padre-nuestro\/","name":"Padre Nuestro - Librer\u00eda Minuto de Dios","isPartOf":{"@id":"https:\/\/libreriaminutodedios.com\/#website"},"primaryImageOfPage":{"@id":"https:\/\/libreriaminutodedios.com\/producto\/padre-nuestro\/#primaryimage"},"image":{"@id":"https:\/\/libreriaminutodedios.com\/producto\/padre-nuestro\/#primaryimage"},"thumbnailUrl":"https:\/\/libreriaminutodedios.com\/wp-content\/uploads\/2021\/03\/49.png","datePublished":"2021-03-31T16:27:15+00:00","dateModified":"2025-12-11T16:06:40+00:00","breadcrumb":{"@id":"https:\/\/libreriaminutodedios.com\/producto\/padre-nuestro\/#breadcrumb"},"inLanguage":"es","potentialAction":[{"@type":"ReadAction","target":["https:\/\/libreriaminutodedios.com\/producto\/padre-nuestro\/"]}]},{"@type":"ImageObject","inLanguage":"es","@id":"https:\/\/libreriaminutodedios.com\/producto\/padre-nuestro\/#primaryimage","url":"https:\/\/libreriaminutodedios.com\/wp-content\/uploads\/2021\/03\/49.png","contentUrl":"https:\/\/libreriaminutodedios.com\/wp-content\/uploads\/2021\/03\/49.png","width":1080,"height":1080},{"@type":"BreadcrumbList","@id":"https:\/\/libreriaminutodedios.com\/producto\/padre-nuestro\/#breadcrumb","itemListElement":[{"@type":"ListItem","position":1,"name":"Portada","item":"https:\/\/libreriaminutodedios.com\/"},{"@type":"ListItem","position":2,"name":"Tienda","item":"https:\/\/libreriaminutodedios.com\/?page_id=2895"},{"@type":"ListItem","position":3,"name":"Padre Nuestro"}]},{"@type":"WebSite","@id":"https:\/\/libreriaminutodedios.com\/#website","url":"https:\/\/libreriaminutodedios.com\/","name":"Librer\u00eda Minuto de Dios","description":"Sitio oficial de la Librer\u00eda Minuto de Dios","publisher":{"@id":"https:\/\/libreriaminutodedios.com\/#organization"},"alternateName":"Tienda Minuto de Dios","potentialAction":[{"@type":"SearchAction","target":{"@type":"EntryPoint","urlTemplate":"https:\/\/libreriaminutodedios.com\/?s={search_term_string}"},"query-input":{"@type":"PropertyValueSpecification","valueRequired":true,"valueName":"search_term_string"}}],"inLanguage":"es"},{"@type":"Organization","@id":"https:\/\/libreriaminutodedios.com\/#organization","name":"Corporaci\u00f3n Centro Carism\u00e1tico Minuto de Dios","alternateName":"Minuto de Dios","url":"https:\/\/libreriaminutodedios.com\/","logo":{"@type":"ImageObject","inLanguage":"es","@id":"https:\/\/libreriaminutodedios.com\/#\/schema\/logo\/image\/","url":"https:\/\/libreriaminutodedios.com\/wp-content\/uploads\/2024\/09\/logo-libreria.png","contentUrl":"https:\/\/libreriaminutodedios.com\/wp-content\/uploads\/2024\/09\/logo-libreria.png","width":400,"height":138,"caption":"Corporaci\u00f3n Centro Carism\u00e1tico Minuto de Dios"},"image":{"@id":"https:\/\/libreriaminutodedios.com\/#\/schema\/logo\/image\/"}}]}},"_links":{"self":[{"href":"https:\/\/libreriaminutodedios.com\/index.php?rest_route=\/wp\/v2\/product\/583","targetHints":{"allow":["GET"]}}],"collection":[{"href":"https:\/\/libreriaminutodedios.com\/index.php?rest_route=\/wp\/v2\/product"}],"about":[{"href":"https:\/\/libreriaminutodedios.com\/index.php?rest_route=\/wp\/v2\/types\/product"}],"replies":[{"embeddable":true,"href":"https:\/\/libreriaminutodedios.com\/index.php?rest_route=%2Fwp%2Fv2%2Fcomments&post=583"}],"wp:featuredmedia":[{"embeddable":true,"href":"https:\/\/libreriaminutodedios.com\/index.php?rest_route=\/wp\/v2\/media\/12666"}],"wp:attachment":[{"href":"https:\/\/libreriaminutodedios.com\/index.php?rest_route=%2Fwp%2Fv2%2Fmedia&parent=583"}],"wp:term":[{"taxonomy":"product_brand","embeddable":true,"href":"https:\/\/libreriaminutodedios.com\/index.php?rest_route=%2Fwp%2Fv2%2Fproduct_brand&post=583"},{"taxonomy":"product_cat","embeddable":true,"href":"https:\/\/libreriaminutodedios.com\/index.php?rest_route=%2Fwp%2Fv2%2Fproduct_cat&post=583"},{"taxonomy":"product_tag","embeddable":true,"href":"https:\/\/libreriaminutodedios.com\/index.php?rest_route=%2Fwp%2Fv2%2Fproduct_tag&post=583"}],"curies":[{"name":"wp","href":"https:\/\/api.w.org\/{rel}","templated":true}]}}