{"id":564,"date":"2021-03-31T10:59:02","date_gmt":"2021-03-31T15:59:02","guid":{"rendered":"https:\/\/libreriaminutodedios.com\/?post_type=product&#038;p=564"},"modified":"2026-05-04T11:46:51","modified_gmt":"2026-05-04T16:46:51","slug":"ungidos-con-poder-del-espiritu-santo","status":"publish","type":"product","link":"https:\/\/libreriaminutodedios.com\/?product=ungidos-con-poder-del-espiritu-santo","title":{"rendered":"Ungidos con poder del Esp\u00edritu Santo"},"content":{"rendered":"<p>La verdad antigua y siempre nueva del Esp\u00edritu Santo est\u00e1 al alcance de tus manos. En este libro, \u201cUngidos con poder del Esp\u00edritu Santo\u201d, el padre Javier Riveros comparte la buena noticia del Esp\u00edritu de Dios, en un mundo de materialismo, hablar del Esp\u00edritu Santo es una absoluta novedad que puede cambiar la vida de muchas personas y el mundo entero.<br \/>\nA trav\u00e9s de sus p\u00e1ginas, est\u00e1s invitado(a) a descubrir quien es el Esp\u00edritu Santo, cu\u00e1n grande es el poder de Dios y c\u00f3mo act\u00faa en ti; a tener una relaci\u00f3n de comuni\u00f3n con \u00c9l y experimentar la feliz novedad de vivir cada d\u00eda la unci\u00f3n del Esp\u00edritu divino.<br \/>\nEl padre Javier Riveros es sacerdote eudista de El Minuto de Dios. Se ha dedicado a la evangelizaci\u00f3n a trav\u00e9s de los medios de comunicaci\u00f3n, particularmente la radio; a la animaci\u00f3n de grupos juveniles y comunidades de oraci\u00f3n y es asesor de la Renovaci\u00f3n Cat\u00f3lica Carism\u00e1tica de la Di\u00f3cesis de Engativ\u00e1, en Colombia.<\/p>\n","protected":false},"excerpt":{"rendered":"<p>La verdad antigua y siempre nueva del Esp\u00edritu Santo est\u00e1 al alcance de tus manos. En este libro, \u201cUngidos con poder del Esp\u00edritu Santo\u201d, el padre Javier Riveros comparte la buena noticia del Esp\u00edritu de Dios, en un mundo de materialismo, hablar del Esp\u00edritu Santo es una absoluta novedad que puede cambiar la vida de muchas personas y el mundo entero.<br \/>\nA trav\u00e9s de sus p\u00e1ginas, est\u00e1s invitado(a) a descubrir quien es el Esp\u00edritu Santo, cu\u00e1n grande es el poder de Dios y c\u00f3mo act\u00faa en ti; a tener una relaci\u00f3n de comuni\u00f3n con \u00c9l y experimentar la feliz novedad de vivir cada d\u00eda la unci\u00f3n del Esp\u00edritu divino.<br \/>\nEl padre Javier Riveros es sacerdote eudista de El Minuto de Dios. Se ha dedicado a la evangelizaci\u00f3n a trav\u00e9s de los medios de comunicaci\u00f3n, particularmente la radio; a la animaci\u00f3n de grupos juveniles y comunidades de oraci\u00f3n y es asesor de la Renovaci\u00f3n Cat\u00f3lica Carism\u00e1tica de la Di\u00f3cesis de Engativ\u00e1, en Colombia.<\/p>\n","protected":false},"featured_media":13963,"comment_status":"open","ping_status":"closed","template":"","meta":{"_acf_changed":false},"product_brand":[],"product_cat":[162,615,624,618,412],"product_tag":[490],"class_list":{"0":"post-564","1":"product","2":"type-product","3":"status-publish","4":"has-post-thumbnail","6":"product_cat-libros","7":"product_cat-colecciones","8":"product_cat-editorial-minuto-de-dios","9":"product_cat-iglesia","10":"product_cat-espiritu-santo","11":"product_tag-editorial-md","13":"first","14":"instock","15":"purchasable","16":"product-type-simple"},"acf":[],"yoast_head":"<!-- This site is optimized with the Yoast SEO plugin v27.6 - https:\/\/yoast.com\/product\/yoast-seo-wordpress\/ -->\n<title>Ungidos con poder del Esp\u00edritu Santo - Librer\u00eda Minuto de Dios<\/title>\n<meta name=\"robots\" content=\"index, follow, max-snippet:-1, max-image-preview:large, max-video-preview:-1\" \/>\n<link rel=\"canonical\" href=\"https:\/\/libreriaminutodedios.com\/producto\/ungidos-con-poder-del-espiritu-santo\/\" \/>\n<meta property=\"og:locale\" content=\"es_ES\" \/>\n<meta property=\"og:type\" content=\"article\" \/>\n<meta property=\"og:title\" content=\"Ungidos con poder del Esp\u00edritu Santo - Librer\u00eda Minuto de Dios\" \/>\n<meta property=\"og:description\" content=\"La verdad antigua y siempre nueva del Esp\u00edritu Santo est\u00e1 al alcance de tus manos. En este libro, \u201cUngidos con poder del Esp\u00edritu Santo\u201d, el padre Javier Riveros comparte la buena noticia del Esp\u00edritu de Dios, en un mundo de materialismo, hablar del Esp\u00edritu Santo es una absoluta novedad que puede cambiar la vida de muchas personas y el mundo entero. A trav\u00e9s de sus p\u00e1ginas, est\u00e1s invitado(a) a descubrir quien es el Esp\u00edritu Santo, cu\u00e1n grande es el poder de Dios y c\u00f3mo act\u00faa en ti; a tener una relaci\u00f3n de comuni\u00f3n con \u00c9l y experimentar la feliz novedad de vivir cada d\u00eda la unci\u00f3n del Esp\u00edritu divino. El padre Javier Riveros es sacerdote eudista de El Minuto de Dios. Se ha dedicado a la evangelizaci\u00f3n a trav\u00e9s de los medios de comunicaci\u00f3n, particularmente la radio; a la animaci\u00f3n de grupos juveniles y comunidades de oraci\u00f3n y es asesor de la Renovaci\u00f3n Cat\u00f3lica Carism\u00e1tica de la Di\u00f3cesis de Engativ\u00e1, en Colombia.\" \/>\n<meta property=\"og:url\" content=\"https:\/\/libreriaminutodedios.com\/producto\/ungidos-con-poder-del-espiritu-santo\/\" \/>\n<meta property=\"og:site_name\" content=\"Librer\u00eda Minuto de Dios\" \/>\n<meta property=\"article:modified_time\" content=\"2026-05-04T16:46:51+00:00\" \/>\n<meta property=\"og:image\" content=\"https:\/\/libreriaminutodedios.com\/wp-content\/uploads\/2021\/03\/71.png\" \/>\n\t<meta property=\"og:image:width\" content=\"1080\" \/>\n\t<meta property=\"og:image:height\" content=\"1080\" \/>\n\t<meta property=\"og:image:type\" content=\"image\/png\" \/>\n<meta name=\"twitter:card\" content=\"summary_large_image\" \/>\n<meta name=\"twitter:label1\" content=\"Tiempo de lectura\" \/>\n\t<meta name=\"twitter:data1\" content=\"1 minuto\" \/>\n<script type=\"application\/ld+json\" class=\"yoast-schema-graph\">{\"@context\":\"https:\\\/\\\/schema.org\",\"@graph\":[{\"@type\":\"WebPage\",\"@id\":\"https:\\\/\\\/libreriaminutodedios.com\\\/producto\\\/ungidos-con-poder-del-espiritu-santo\\\/\",\"url\":\"https:\\\/\\\/libreriaminutodedios.com\\\/producto\\\/ungidos-con-poder-del-espiritu-santo\\\/\",\"name\":\"Ungidos con poder del Esp\u00edritu Santo - Librer\u00eda Minuto de Dios\",\"isPartOf\":{\"@id\":\"https:\\\/\\\/libreriaminutodedios.com\\\/#website\"},\"primaryImageOfPage\":{\"@id\":\"https:\\\/\\\/libreriaminutodedios.com\\\/producto\\\/ungidos-con-poder-del-espiritu-santo\\\/#primaryimage\"},\"image\":{\"@id\":\"https:\\\/\\\/libreriaminutodedios.com\\\/producto\\\/ungidos-con-poder-del-espiritu-santo\\\/#primaryimage\"},\"thumbnailUrl\":\"https:\\\/\\\/libreriaminutodedios.com\\\/wp-content\\\/uploads\\\/2021\\\/03\\\/71.png\",\"datePublished\":\"2021-03-31T15:59:02+00:00\",\"dateModified\":\"2026-05-04T16:46:51+00:00\",\"breadcrumb\":{\"@id\":\"https:\\\/\\\/libreriaminutodedios.com\\\/producto\\\/ungidos-con-poder-del-espiritu-santo\\\/#breadcrumb\"},\"inLanguage\":\"es\",\"potentialAction\":[{\"@type\":\"ReadAction\",\"target\":[\"https:\\\/\\\/libreriaminutodedios.com\\\/producto\\\/ungidos-con-poder-del-espiritu-santo\\\/\"]}]},{\"@type\":\"ImageObject\",\"inLanguage\":\"es\",\"@id\":\"https:\\\/\\\/libreriaminutodedios.com\\\/producto\\\/ungidos-con-poder-del-espiritu-santo\\\/#primaryimage\",\"url\":\"https:\\\/\\\/libreriaminutodedios.com\\\/wp-content\\\/uploads\\\/2021\\\/03\\\/71.png\",\"contentUrl\":\"https:\\\/\\\/libreriaminutodedios.com\\\/wp-content\\\/uploads\\\/2021\\\/03\\\/71.png\",\"width\":1080,\"height\":1080},{\"@type\":\"BreadcrumbList\",\"@id\":\"https:\\\/\\\/libreriaminutodedios.com\\\/producto\\\/ungidos-con-poder-del-espiritu-santo\\\/#breadcrumb\",\"itemListElement\":[{\"@type\":\"ListItem\",\"position\":1,\"name\":\"Portada\",\"item\":\"https:\\\/\\\/libreriaminutodedios.com\\\/\"},{\"@type\":\"ListItem\",\"position\":2,\"name\":\"Tienda\",\"item\":\"https:\\\/\\\/libreriaminutodedios.com\\\/?page_id=2895\"},{\"@type\":\"ListItem\",\"position\":3,\"name\":\"Ungidos con poder del Esp\u00edritu Santo\"}]},{\"@type\":\"WebSite\",\"@id\":\"https:\\\/\\\/libreriaminutodedios.com\\\/#website\",\"url\":\"https:\\\/\\\/libreriaminutodedios.com\\\/\",\"name\":\"Librer\u00eda Minuto de Dios\",\"description\":\"Sitio oficial de la Librer\u00eda Minuto de Dios\",\"publisher\":{\"@id\":\"https:\\\/\\\/libreriaminutodedios.com\\\/#organization\"},\"alternateName\":\"Tienda Minuto de Dios\",\"potentialAction\":[{\"@type\":\"SearchAction\",\"target\":{\"@type\":\"EntryPoint\",\"urlTemplate\":\"https:\\\/\\\/libreriaminutodedios.com\\\/?s={search_term_string}\"},\"query-input\":{\"@type\":\"PropertyValueSpecification\",\"valueRequired\":true,\"valueName\":\"search_term_string\"}}],\"inLanguage\":\"es\"},{\"@type\":\"Organization\",\"@id\":\"https:\\\/\\\/libreriaminutodedios.com\\\/#organization\",\"name\":\"Corporaci\u00f3n Centro Carism\u00e1tico Minuto de Dios\",\"alternateName\":\"Minuto de Dios\",\"url\":\"https:\\\/\\\/libreriaminutodedios.com\\\/\",\"logo\":{\"@type\":\"ImageObject\",\"inLanguage\":\"es\",\"@id\":\"https:\\\/\\\/libreriaminutodedios.com\\\/#\\\/schema\\\/logo\\\/image\\\/\",\"url\":\"https:\\\/\\\/libreriaminutodedios.com\\\/wp-content\\\/uploads\\\/2024\\\/09\\\/logo-libreria.png\",\"contentUrl\":\"https:\\\/\\\/libreriaminutodedios.com\\\/wp-content\\\/uploads\\\/2024\\\/09\\\/logo-libreria.png\",\"width\":400,\"height\":138,\"caption\":\"Corporaci\u00f3n Centro Carism\u00e1tico Minuto de Dios\"},\"image\":{\"@id\":\"https:\\\/\\\/libreriaminutodedios.com\\\/#\\\/schema\\\/logo\\\/image\\\/\"}}]}<\/script>\n<!-- \/ Yoast SEO plugin. -->","yoast_head_json":{"title":"Ungidos con poder del Esp\u00edritu Santo - Librer\u00eda Minuto de Dios","robots":{"index":"index","follow":"follow","max-snippet":"max-snippet:-1","max-image-preview":"max-image-preview:large","max-video-preview":"max-video-preview:-1"},"canonical":"https:\/\/libreriaminutodedios.com\/producto\/ungidos-con-poder-del-espiritu-santo\/","og_locale":"es_ES","og_type":"article","og_title":"Ungidos con poder del Esp\u00edritu Santo - Librer\u00eda Minuto de Dios","og_description":"La verdad antigua y siempre nueva del Esp\u00edritu Santo est\u00e1 al alcance de tus manos. En este libro, \u201cUngidos con poder del Esp\u00edritu Santo\u201d, el padre Javier Riveros comparte la buena noticia del Esp\u00edritu de Dios, en un mundo de materialismo, hablar del Esp\u00edritu Santo es una absoluta novedad que puede cambiar la vida de muchas personas y el mundo entero. A trav\u00e9s de sus p\u00e1ginas, est\u00e1s invitado(a) a descubrir quien es el Esp\u00edritu Santo, cu\u00e1n grande es el poder de Dios y c\u00f3mo act\u00faa en ti; a tener una relaci\u00f3n de comuni\u00f3n con \u00c9l y experimentar la feliz novedad de vivir cada d\u00eda la unci\u00f3n del Esp\u00edritu divino. El padre Javier Riveros es sacerdote eudista de El Minuto de Dios. Se ha dedicado a la evangelizaci\u00f3n a trav\u00e9s de los medios de comunicaci\u00f3n, particularmente la radio; a la animaci\u00f3n de grupos juveniles y comunidades de oraci\u00f3n y es asesor de la Renovaci\u00f3n Cat\u00f3lica Carism\u00e1tica de la Di\u00f3cesis de Engativ\u00e1, en Colombia.","og_url":"https:\/\/libreriaminutodedios.com\/producto\/ungidos-con-poder-del-espiritu-santo\/","og_site_name":"Librer\u00eda Minuto de Dios","article_modified_time":"2026-05-04T16:46:51+00:00","og_image":[{"width":1080,"height":1080,"url":"https:\/\/libreriaminutodedios.com\/wp-content\/uploads\/2021\/03\/71.png","type":"image\/png"}],"twitter_card":"summary_large_image","twitter_misc":{"Tiempo de lectura":"1 minuto"},"schema":{"@context":"https:\/\/schema.org","@graph":[{"@type":"WebPage","@id":"https:\/\/libreriaminutodedios.com\/producto\/ungidos-con-poder-del-espiritu-santo\/","url":"https:\/\/libreriaminutodedios.com\/producto\/ungidos-con-poder-del-espiritu-santo\/","name":"Ungidos con poder del Esp\u00edritu Santo - Librer\u00eda Minuto de Dios","isPartOf":{"@id":"https:\/\/libreriaminutodedios.com\/#website"},"primaryImageOfPage":{"@id":"https:\/\/libreriaminutodedios.com\/producto\/ungidos-con-poder-del-espiritu-santo\/#primaryimage"},"image":{"@id":"https:\/\/libreriaminutodedios.com\/producto\/ungidos-con-poder-del-espiritu-santo\/#primaryimage"},"thumbnailUrl":"https:\/\/libreriaminutodedios.com\/wp-content\/uploads\/2021\/03\/71.png","datePublished":"2021-03-31T15:59:02+00:00","dateModified":"2026-05-04T16:46:51+00:00","breadcrumb":{"@id":"https:\/\/libreriaminutodedios.com\/producto\/ungidos-con-poder-del-espiritu-santo\/#breadcrumb"},"inLanguage":"es","potentialAction":[{"@type":"ReadAction","target":["https:\/\/libreriaminutodedios.com\/producto\/ungidos-con-poder-del-espiritu-santo\/"]}]},{"@type":"ImageObject","inLanguage":"es","@id":"https:\/\/libreriaminutodedios.com\/producto\/ungidos-con-poder-del-espiritu-santo\/#primaryimage","url":"https:\/\/libreriaminutodedios.com\/wp-content\/uploads\/2021\/03\/71.png","contentUrl":"https:\/\/libreriaminutodedios.com\/wp-content\/uploads\/2021\/03\/71.png","width":1080,"height":1080},{"@type":"BreadcrumbList","@id":"https:\/\/libreriaminutodedios.com\/producto\/ungidos-con-poder-del-espiritu-santo\/#breadcrumb","itemListElement":[{"@type":"ListItem","position":1,"name":"Portada","item":"https:\/\/libreriaminutodedios.com\/"},{"@type":"ListItem","position":2,"name":"Tienda","item":"https:\/\/libreriaminutodedios.com\/?page_id=2895"},{"@type":"ListItem","position":3,"name":"Ungidos con poder del Esp\u00edritu Santo"}]},{"@type":"WebSite","@id":"https:\/\/libreriaminutodedios.com\/#website","url":"https:\/\/libreriaminutodedios.com\/","name":"Librer\u00eda Minuto de Dios","description":"Sitio oficial de la Librer\u00eda Minuto de Dios","publisher":{"@id":"https:\/\/libreriaminutodedios.com\/#organization"},"alternateName":"Tienda Minuto de Dios","potentialAction":[{"@type":"SearchAction","target":{"@type":"EntryPoint","urlTemplate":"https:\/\/libreriaminutodedios.com\/?s={search_term_string}"},"query-input":{"@type":"PropertyValueSpecification","valueRequired":true,"valueName":"search_term_string"}}],"inLanguage":"es"},{"@type":"Organization","@id":"https:\/\/libreriaminutodedios.com\/#organization","name":"Corporaci\u00f3n Centro Carism\u00e1tico Minuto de Dios","alternateName":"Minuto de Dios","url":"https:\/\/libreriaminutodedios.com\/","logo":{"@type":"ImageObject","inLanguage":"es","@id":"https:\/\/libreriaminutodedios.com\/#\/schema\/logo\/image\/","url":"https:\/\/libreriaminutodedios.com\/wp-content\/uploads\/2024\/09\/logo-libreria.png","contentUrl":"https:\/\/libreriaminutodedios.com\/wp-content\/uploads\/2024\/09\/logo-libreria.png","width":400,"height":138,"caption":"Corporaci\u00f3n Centro Carism\u00e1tico Minuto de Dios"},"image":{"@id":"https:\/\/libreriaminutodedios.com\/#\/schema\/logo\/image\/"}}]}},"_links":{"self":[{"href":"https:\/\/libreriaminutodedios.com\/index.php?rest_route=\/wp\/v2\/product\/564","targetHints":{"allow":["GET"]}}],"collection":[{"href":"https:\/\/libreriaminutodedios.com\/index.php?rest_route=\/wp\/v2\/product"}],"about":[{"href":"https:\/\/libreriaminutodedios.com\/index.php?rest_route=\/wp\/v2\/types\/product"}],"replies":[{"embeddable":true,"href":"https:\/\/libreriaminutodedios.com\/index.php?rest_route=%2Fwp%2Fv2%2Fcomments&post=564"}],"wp:featuredmedia":[{"embeddable":true,"href":"https:\/\/libreriaminutodedios.com\/index.php?rest_route=\/wp\/v2\/media\/13963"}],"wp:attachment":[{"href":"https:\/\/libreriaminutodedios.com\/index.php?rest_route=%2Fwp%2Fv2%2Fmedia&parent=564"}],"wp:term":[{"taxonomy":"product_brand","embeddable":true,"href":"https:\/\/libreriaminutodedios.com\/index.php?rest_route=%2Fwp%2Fv2%2Fproduct_brand&post=564"},{"taxonomy":"product_cat","embeddable":true,"href":"https:\/\/libreriaminutodedios.com\/index.php?rest_route=%2Fwp%2Fv2%2Fproduct_cat&post=564"},{"taxonomy":"product_tag","embeddable":true,"href":"https:\/\/libreriaminutodedios.com\/index.php?rest_route=%2Fwp%2Fv2%2Fproduct_tag&post=564"}],"curies":[{"name":"wp","href":"https:\/\/api.w.org\/{rel}","templated":true}]}}