{"id":559,"date":"2021-03-31T10:52:26","date_gmt":"2021-03-31T15:52:26","guid":{"rendered":"https:\/\/libreriaminutodedios.com\/?post_type=product&#038;p=559"},"modified":"2026-05-15T16:19:24","modified_gmt":"2026-05-15T21:19:24","slug":"enfrentando-la-perdida","status":"publish","type":"product","link":"https:\/\/libreriaminutodedios.com\/?product=enfrentando-la-perdida","title":{"rendered":"Enfrentando la p\u00e9rdida"},"content":{"rendered":"<p>Iv\u00e1n Cardona dice: el hecho de perder no significa que usted sea un perdedor. No importa que algunas personas quieran hacer que usted se sienta as\u00ed; usted no es un perdedor. Recuerde que en el pasado perdi\u00f3 en muchas ocasiones y que, as\u00ed mismo siempre ha salido adelante.<\/p>\n<p>Debe aferrarse a sus creencias, a su fe en Dios y en usted mismo, asumiendo que usted es un milagro de Dios, que la vida es un regalo hermoso; si\u00e9ntase un vencedor, siembre todo el tiempo y le aseguro que esa siembra, tarde o temprano, le dar\u00e1 frutos.<\/p>\n","protected":false},"excerpt":{"rendered":"<p>Iv\u00e1n Cardona dice: el hecho de perder no significa que usted sea un perdedor. No importa que algunas personas quieran hacer que usted se sienta as\u00ed; usted no es un perdedor. Recuerde que en el pasado perdi\u00f3 en muchas ocasiones y que, as\u00ed mismo siempre ha salido adelante.<\/p>\n<p>Debe aferrarse a sus creencias, a su fe en Dios y en usted mismo, asumiendo que usted es un milagro de Dios, que la vida es un regalo hermoso; si\u00e9ntase un vencedor, siembre todo el tiempo y le aseguro que esa siembra, tarde o temprano, le dar\u00e1 frutos.<\/p>\n","protected":false},"featured_media":12353,"comment_status":"open","ping_status":"closed","template":"","meta":{"_acf_changed":false},"product_brand":[],"product_cat":[162,615,624,618,421],"product_tag":[490],"class_list":{"0":"post-559","1":"product","2":"type-product","3":"status-publish","4":"has-post-thumbnail","6":"product_cat-libros","7":"product_cat-colecciones","8":"product_cat-editorial-minuto-de-dios","9":"product_cat-iglesia","10":"product_cat-coleccion-para-duelo","11":"product_tag-editorial-md","13":"first","14":"instock","15":"purchasable","16":"product-type-simple"},"acf":[],"yoast_head":"<!-- This site is optimized with the Yoast SEO plugin v27.6 - https:\/\/yoast.com\/product\/yoast-seo-wordpress\/ -->\n<title>Enfrentando la p\u00e9rdida - Librer\u00eda Minuto de Dios<\/title>\n<meta name=\"robots\" content=\"index, follow, max-snippet:-1, max-image-preview:large, max-video-preview:-1\" \/>\n<link rel=\"canonical\" href=\"https:\/\/libreriaminutodedios.com\/producto\/enfrentando-la-perdida\/\" \/>\n<meta property=\"og:locale\" content=\"es_ES\" \/>\n<meta property=\"og:type\" content=\"article\" \/>\n<meta property=\"og:title\" content=\"Enfrentando la p\u00e9rdida - Librer\u00eda Minuto de Dios\" \/>\n<meta property=\"og:description\" content=\"Iv\u00e1n Cardona dice: el hecho de perder no significa que usted sea un perdedor. No importa que algunas personas quieran hacer que usted se sienta as\u00ed; usted no es un perdedor. Recuerde que en el pasado perdi\u00f3 en muchas ocasiones y que, as\u00ed mismo siempre ha salido adelante.  Debe aferrarse a sus creencias, a su fe en Dios y en usted mismo, asumiendo que usted es un milagro de Dios, que la vida es un regalo hermoso; si\u00e9ntase un vencedor, siembre todo el tiempo y le aseguro que esa siembra, tarde o temprano, le dar\u00e1 frutos.\" \/>\n<meta property=\"og:url\" content=\"https:\/\/libreriaminutodedios.com\/producto\/enfrentando-la-perdida\/\" \/>\n<meta property=\"og:site_name\" content=\"Librer\u00eda Minuto de Dios\" \/>\n<meta property=\"article:modified_time\" content=\"2026-05-15T21:19:24+00:00\" \/>\n<meta property=\"og:image\" content=\"https:\/\/libreriaminutodedios.com\/wp-content\/uploads\/2021\/03\/91.png\" \/>\n\t<meta property=\"og:image:width\" content=\"1080\" \/>\n\t<meta property=\"og:image:height\" content=\"1080\" \/>\n\t<meta property=\"og:image:type\" content=\"image\/png\" \/>\n<meta name=\"twitter:card\" content=\"summary_large_image\" \/>\n<meta name=\"twitter:label1\" content=\"Tiempo de lectura\" \/>\n\t<meta name=\"twitter:data1\" content=\"1 minuto\" \/>\n<script type=\"application\/ld+json\" class=\"yoast-schema-graph\">{\"@context\":\"https:\\\/\\\/schema.org\",\"@graph\":[{\"@type\":\"WebPage\",\"@id\":\"https:\\\/\\\/libreriaminutodedios.com\\\/producto\\\/enfrentando-la-perdida\\\/\",\"url\":\"https:\\\/\\\/libreriaminutodedios.com\\\/producto\\\/enfrentando-la-perdida\\\/\",\"name\":\"Enfrentando la p\u00e9rdida - Librer\u00eda Minuto de Dios\",\"isPartOf\":{\"@id\":\"https:\\\/\\\/libreriaminutodedios.com\\\/#website\"},\"primaryImageOfPage\":{\"@id\":\"https:\\\/\\\/libreriaminutodedios.com\\\/producto\\\/enfrentando-la-perdida\\\/#primaryimage\"},\"image\":{\"@id\":\"https:\\\/\\\/libreriaminutodedios.com\\\/producto\\\/enfrentando-la-perdida\\\/#primaryimage\"},\"thumbnailUrl\":\"https:\\\/\\\/libreriaminutodedios.com\\\/wp-content\\\/uploads\\\/2021\\\/03\\\/91.png\",\"datePublished\":\"2021-03-31T15:52:26+00:00\",\"dateModified\":\"2026-05-15T21:19:24+00:00\",\"breadcrumb\":{\"@id\":\"https:\\\/\\\/libreriaminutodedios.com\\\/producto\\\/enfrentando-la-perdida\\\/#breadcrumb\"},\"inLanguage\":\"es\",\"potentialAction\":[{\"@type\":\"ReadAction\",\"target\":[\"https:\\\/\\\/libreriaminutodedios.com\\\/producto\\\/enfrentando-la-perdida\\\/\"]}]},{\"@type\":\"ImageObject\",\"inLanguage\":\"es\",\"@id\":\"https:\\\/\\\/libreriaminutodedios.com\\\/producto\\\/enfrentando-la-perdida\\\/#primaryimage\",\"url\":\"https:\\\/\\\/libreriaminutodedios.com\\\/wp-content\\\/uploads\\\/2021\\\/03\\\/91.png\",\"contentUrl\":\"https:\\\/\\\/libreriaminutodedios.com\\\/wp-content\\\/uploads\\\/2021\\\/03\\\/91.png\",\"width\":1080,\"height\":1080},{\"@type\":\"BreadcrumbList\",\"@id\":\"https:\\\/\\\/libreriaminutodedios.com\\\/producto\\\/enfrentando-la-perdida\\\/#breadcrumb\",\"itemListElement\":[{\"@type\":\"ListItem\",\"position\":1,\"name\":\"Portada\",\"item\":\"https:\\\/\\\/libreriaminutodedios.com\\\/\"},{\"@type\":\"ListItem\",\"position\":2,\"name\":\"Tienda\",\"item\":\"https:\\\/\\\/libreriaminutodedios.com\\\/?page_id=2895\"},{\"@type\":\"ListItem\",\"position\":3,\"name\":\"Enfrentando la p\u00e9rdida\"}]},{\"@type\":\"WebSite\",\"@id\":\"https:\\\/\\\/libreriaminutodedios.com\\\/#website\",\"url\":\"https:\\\/\\\/libreriaminutodedios.com\\\/\",\"name\":\"Librer\u00eda Minuto de Dios\",\"description\":\"Sitio oficial de la Librer\u00eda Minuto de Dios\",\"publisher\":{\"@id\":\"https:\\\/\\\/libreriaminutodedios.com\\\/#organization\"},\"alternateName\":\"Tienda Minuto de Dios\",\"potentialAction\":[{\"@type\":\"SearchAction\",\"target\":{\"@type\":\"EntryPoint\",\"urlTemplate\":\"https:\\\/\\\/libreriaminutodedios.com\\\/?s={search_term_string}\"},\"query-input\":{\"@type\":\"PropertyValueSpecification\",\"valueRequired\":true,\"valueName\":\"search_term_string\"}}],\"inLanguage\":\"es\"},{\"@type\":\"Organization\",\"@id\":\"https:\\\/\\\/libreriaminutodedios.com\\\/#organization\",\"name\":\"Corporaci\u00f3n Centro Carism\u00e1tico Minuto de Dios\",\"alternateName\":\"Minuto de Dios\",\"url\":\"https:\\\/\\\/libreriaminutodedios.com\\\/\",\"logo\":{\"@type\":\"ImageObject\",\"inLanguage\":\"es\",\"@id\":\"https:\\\/\\\/libreriaminutodedios.com\\\/#\\\/schema\\\/logo\\\/image\\\/\",\"url\":\"https:\\\/\\\/libreriaminutodedios.com\\\/wp-content\\\/uploads\\\/2024\\\/09\\\/logo-libreria.png\",\"contentUrl\":\"https:\\\/\\\/libreriaminutodedios.com\\\/wp-content\\\/uploads\\\/2024\\\/09\\\/logo-libreria.png\",\"width\":400,\"height\":138,\"caption\":\"Corporaci\u00f3n Centro Carism\u00e1tico Minuto de Dios\"},\"image\":{\"@id\":\"https:\\\/\\\/libreriaminutodedios.com\\\/#\\\/schema\\\/logo\\\/image\\\/\"}}]}<\/script>\n<!-- \/ Yoast SEO plugin. -->","yoast_head_json":{"title":"Enfrentando la p\u00e9rdida - Librer\u00eda Minuto de Dios","robots":{"index":"index","follow":"follow","max-snippet":"max-snippet:-1","max-image-preview":"max-image-preview:large","max-video-preview":"max-video-preview:-1"},"canonical":"https:\/\/libreriaminutodedios.com\/producto\/enfrentando-la-perdida\/","og_locale":"es_ES","og_type":"article","og_title":"Enfrentando la p\u00e9rdida - Librer\u00eda Minuto de Dios","og_description":"Iv\u00e1n Cardona dice: el hecho de perder no significa que usted sea un perdedor. No importa que algunas personas quieran hacer que usted se sienta as\u00ed; usted no es un perdedor. Recuerde que en el pasado perdi\u00f3 en muchas ocasiones y que, as\u00ed mismo siempre ha salido adelante.  Debe aferrarse a sus creencias, a su fe en Dios y en usted mismo, asumiendo que usted es un milagro de Dios, que la vida es un regalo hermoso; si\u00e9ntase un vencedor, siembre todo el tiempo y le aseguro que esa siembra, tarde o temprano, le dar\u00e1 frutos.","og_url":"https:\/\/libreriaminutodedios.com\/producto\/enfrentando-la-perdida\/","og_site_name":"Librer\u00eda Minuto de Dios","article_modified_time":"2026-05-15T21:19:24+00:00","og_image":[{"width":1080,"height":1080,"url":"https:\/\/libreriaminutodedios.com\/wp-content\/uploads\/2021\/03\/91.png","type":"image\/png"}],"twitter_card":"summary_large_image","twitter_misc":{"Tiempo de lectura":"1 minuto"},"schema":{"@context":"https:\/\/schema.org","@graph":[{"@type":"WebPage","@id":"https:\/\/libreriaminutodedios.com\/producto\/enfrentando-la-perdida\/","url":"https:\/\/libreriaminutodedios.com\/producto\/enfrentando-la-perdida\/","name":"Enfrentando la p\u00e9rdida - Librer\u00eda Minuto de Dios","isPartOf":{"@id":"https:\/\/libreriaminutodedios.com\/#website"},"primaryImageOfPage":{"@id":"https:\/\/libreriaminutodedios.com\/producto\/enfrentando-la-perdida\/#primaryimage"},"image":{"@id":"https:\/\/libreriaminutodedios.com\/producto\/enfrentando-la-perdida\/#primaryimage"},"thumbnailUrl":"https:\/\/libreriaminutodedios.com\/wp-content\/uploads\/2021\/03\/91.png","datePublished":"2021-03-31T15:52:26+00:00","dateModified":"2026-05-15T21:19:24+00:00","breadcrumb":{"@id":"https:\/\/libreriaminutodedios.com\/producto\/enfrentando-la-perdida\/#breadcrumb"},"inLanguage":"es","potentialAction":[{"@type":"ReadAction","target":["https:\/\/libreriaminutodedios.com\/producto\/enfrentando-la-perdida\/"]}]},{"@type":"ImageObject","inLanguage":"es","@id":"https:\/\/libreriaminutodedios.com\/producto\/enfrentando-la-perdida\/#primaryimage","url":"https:\/\/libreriaminutodedios.com\/wp-content\/uploads\/2021\/03\/91.png","contentUrl":"https:\/\/libreriaminutodedios.com\/wp-content\/uploads\/2021\/03\/91.png","width":1080,"height":1080},{"@type":"BreadcrumbList","@id":"https:\/\/libreriaminutodedios.com\/producto\/enfrentando-la-perdida\/#breadcrumb","itemListElement":[{"@type":"ListItem","position":1,"name":"Portada","item":"https:\/\/libreriaminutodedios.com\/"},{"@type":"ListItem","position":2,"name":"Tienda","item":"https:\/\/libreriaminutodedios.com\/?page_id=2895"},{"@type":"ListItem","position":3,"name":"Enfrentando la p\u00e9rdida"}]},{"@type":"WebSite","@id":"https:\/\/libreriaminutodedios.com\/#website","url":"https:\/\/libreriaminutodedios.com\/","name":"Librer\u00eda Minuto de Dios","description":"Sitio oficial de la Librer\u00eda Minuto de Dios","publisher":{"@id":"https:\/\/libreriaminutodedios.com\/#organization"},"alternateName":"Tienda Minuto de Dios","potentialAction":[{"@type":"SearchAction","target":{"@type":"EntryPoint","urlTemplate":"https:\/\/libreriaminutodedios.com\/?s={search_term_string}"},"query-input":{"@type":"PropertyValueSpecification","valueRequired":true,"valueName":"search_term_string"}}],"inLanguage":"es"},{"@type":"Organization","@id":"https:\/\/libreriaminutodedios.com\/#organization","name":"Corporaci\u00f3n Centro Carism\u00e1tico Minuto de Dios","alternateName":"Minuto de Dios","url":"https:\/\/libreriaminutodedios.com\/","logo":{"@type":"ImageObject","inLanguage":"es","@id":"https:\/\/libreriaminutodedios.com\/#\/schema\/logo\/image\/","url":"https:\/\/libreriaminutodedios.com\/wp-content\/uploads\/2024\/09\/logo-libreria.png","contentUrl":"https:\/\/libreriaminutodedios.com\/wp-content\/uploads\/2024\/09\/logo-libreria.png","width":400,"height":138,"caption":"Corporaci\u00f3n Centro Carism\u00e1tico Minuto de Dios"},"image":{"@id":"https:\/\/libreriaminutodedios.com\/#\/schema\/logo\/image\/"}}]}},"_links":{"self":[{"href":"https:\/\/libreriaminutodedios.com\/index.php?rest_route=\/wp\/v2\/product\/559","targetHints":{"allow":["GET"]}}],"collection":[{"href":"https:\/\/libreriaminutodedios.com\/index.php?rest_route=\/wp\/v2\/product"}],"about":[{"href":"https:\/\/libreriaminutodedios.com\/index.php?rest_route=\/wp\/v2\/types\/product"}],"replies":[{"embeddable":true,"href":"https:\/\/libreriaminutodedios.com\/index.php?rest_route=%2Fwp%2Fv2%2Fcomments&post=559"}],"wp:featuredmedia":[{"embeddable":true,"href":"https:\/\/libreriaminutodedios.com\/index.php?rest_route=\/wp\/v2\/media\/12353"}],"wp:attachment":[{"href":"https:\/\/libreriaminutodedios.com\/index.php?rest_route=%2Fwp%2Fv2%2Fmedia&parent=559"}],"wp:term":[{"taxonomy":"product_brand","embeddable":true,"href":"https:\/\/libreriaminutodedios.com\/index.php?rest_route=%2Fwp%2Fv2%2Fproduct_brand&post=559"},{"taxonomy":"product_cat","embeddable":true,"href":"https:\/\/libreriaminutodedios.com\/index.php?rest_route=%2Fwp%2Fv2%2Fproduct_cat&post=559"},{"taxonomy":"product_tag","embeddable":true,"href":"https:\/\/libreriaminutodedios.com\/index.php?rest_route=%2Fwp%2Fv2%2Fproduct_tag&post=559"}],"curies":[{"name":"wp","href":"https:\/\/api.w.org\/{rel}","templated":true}]}}