{"id":555,"date":"2021-03-31T10:48:43","date_gmt":"2021-03-31T15:48:43","guid":{"rendered":"https:\/\/libreriaminutodedios.com\/?post_type=product&#038;p=555"},"modified":"2026-02-03T11:26:25","modified_gmt":"2026-02-03T16:26:25","slug":"superando-desafios","status":"publish","type":"product","link":"https:\/\/libreriaminutodedios.com\/?product=superando-desafios","title":{"rendered":"Superando desaf\u00edos"},"content":{"rendered":"<p>Si usted desea salir de una situaci\u00f3n dif\u00edcil o, simplemente, quiere ser mejor, \u201cSuperando desaf\u00edos\u201d es un libro que le puede ayudar. A trav\u00e9s de sus p\u00e1ginas, Iv\u00e1n Cardona, psic\u00f3logo y miembro de comunidades de la Renovaci\u00f3n Cat\u00f3lica Carism\u00e1tica, ofrece a los lectores diversos temas abordados en las asesor\u00edas individuales que realiza y que favorecen cambios reales en la vida personal.<\/p>\n<p>Es un libro instructivo; a partir de breves meditaciones, citas y cuestionamientos \u2013 que incluso han sido \u00fatiles en la vida personal del autor- usted podr\u00e1 desarrollar ejercicios pr\u00e1cticos, seg\u00fan sus necesidades y siguiendo su propio ritmo.<\/p>\n<p>\u201c\u00a1Tras cada logro hay un nuevo desaf\u00edo!\u201d, expresa el Dr. Cardona, quien dedica su libro a las personas que se atreven a mejorar su vida y las invita a realizar este camino con entusiasmo y a compartir con otros las ense\u00f1anzas de Superando desaf\u00edos.<\/p>\n","protected":false},"excerpt":{"rendered":"<p>Si usted desea salir de una situaci\u00f3n dif\u00edcil o, simplemente, quiere ser mejor, \u201cSuperando desaf\u00edos\u201d es un libro que le puede ayudar. A trav\u00e9s de sus p\u00e1ginas, Iv\u00e1n Cardona, psic\u00f3logo y miembro de comunidades de la Renovaci\u00f3n Cat\u00f3lica Carism\u00e1tica, ofrece a los lectores diversos temas abordados en las asesor\u00edas individuales que realiza y que favorecen cambios reales en la vida personal.<\/p>\n<p>Es un libro instructivo; a partir de breves meditaciones, citas y cuestionamientos \u2013 que incluso han sido \u00fatiles en la vida personal del autor- usted podr\u00e1 desarrollar ejercicios pr\u00e1cticos, seg\u00fan sus necesidades y siguiendo su propio ritmo.<\/p>\n<p>\u201c\u00a1Tras cada logro hay un nuevo desaf\u00edo!\u201d, expresa el Dr. Cardona, quien dedica su libro a las personas que se atreven a mejorar su vida y las invita a realizar este camino con entusiasmo y a compartir con otros las ense\u00f1anzas de Superando desaf\u00edos.<\/p>\n","protected":false},"featured_media":12220,"comment_status":"open","ping_status":"closed","template":"","meta":{"_acf_changed":false},"product_brand":[],"product_cat":[162,615,624,618,422],"product_tag":[403,490],"class_list":{"0":"post-555","1":"product","2":"type-product","3":"status-publish","4":"has-post-thumbnail","6":"product_cat-libros","7":"product_cat-colecciones","8":"product_cat-editorial-minuto-de-dios","9":"product_cat-iglesia","10":"product_cat-momentos-de-dificultad","11":"product_tag-desafios","12":"product_tag-editorial-md","14":"first","15":"instock","16":"purchasable","17":"product-type-simple"},"acf":[],"yoast_head":"<!-- This site is optimized with the Yoast SEO plugin v27.6 - https:\/\/yoast.com\/product\/yoast-seo-wordpress\/ -->\n<title>Superando desaf\u00edos - Librer\u00eda Minuto de Dios<\/title>\n<meta name=\"robots\" content=\"index, follow, max-snippet:-1, max-image-preview:large, max-video-preview:-1\" \/>\n<link rel=\"canonical\" href=\"https:\/\/libreriaminutodedios.com\/producto\/superando-desafios\/\" \/>\n<meta property=\"og:locale\" content=\"es_ES\" \/>\n<meta property=\"og:type\" content=\"article\" \/>\n<meta property=\"og:title\" content=\"Superando desaf\u00edos - Librer\u00eda Minuto de Dios\" \/>\n<meta property=\"og:description\" content=\"Si usted desea salir de una situaci\u00f3n dif\u00edcil o, simplemente, quiere ser mejor, \u201cSuperando desaf\u00edos\u201d es un libro que le puede ayudar. A trav\u00e9s de sus p\u00e1ginas, Iv\u00e1n Cardona, psic\u00f3logo y miembro de comunidades de la Renovaci\u00f3n Cat\u00f3lica Carism\u00e1tica, ofrece a los lectores diversos temas abordados en las asesor\u00edas individuales que realiza y que favorecen cambios reales en la vida personal.  Es un libro instructivo; a partir de breves meditaciones, citas y cuestionamientos \u2013 que incluso han sido \u00fatiles en la vida personal del autor- usted podr\u00e1 desarrollar ejercicios pr\u00e1cticos, seg\u00fan sus necesidades y siguiendo su propio ritmo.  \u201c\u00a1Tras cada logro hay un nuevo desaf\u00edo!\u201d, expresa el Dr. Cardona, quien dedica su libro a las personas que se atreven a mejorar su vida y las invita a realizar este camino con entusiasmo y a compartir con otros las ense\u00f1anzas de Superando desaf\u00edos.\" \/>\n<meta property=\"og:url\" content=\"https:\/\/libreriaminutodedios.com\/producto\/superando-desafios\/\" \/>\n<meta property=\"og:site_name\" content=\"Librer\u00eda Minuto de Dios\" \/>\n<meta property=\"article:modified_time\" content=\"2026-02-03T16:26:25+00:00\" \/>\n<meta property=\"og:image\" content=\"https:\/\/libreriaminutodedios.com\/wp-content\/uploads\/2021\/03\/Mesa-de-trabajo-1-copia-9-1.png\" \/>\n\t<meta property=\"og:image:width\" content=\"1080\" \/>\n\t<meta property=\"og:image:height\" content=\"1080\" \/>\n\t<meta property=\"og:image:type\" content=\"image\/png\" \/>\n<meta name=\"twitter:card\" content=\"summary_large_image\" \/>\n<meta name=\"twitter:label1\" content=\"Tiempo de lectura\" \/>\n\t<meta name=\"twitter:data1\" content=\"1 minuto\" \/>\n<script type=\"application\/ld+json\" class=\"yoast-schema-graph\">{\"@context\":\"https:\\\/\\\/schema.org\",\"@graph\":[{\"@type\":\"WebPage\",\"@id\":\"https:\\\/\\\/libreriaminutodedios.com\\\/producto\\\/superando-desafios\\\/\",\"url\":\"https:\\\/\\\/libreriaminutodedios.com\\\/producto\\\/superando-desafios\\\/\",\"name\":\"Superando desaf\u00edos - Librer\u00eda Minuto de Dios\",\"isPartOf\":{\"@id\":\"https:\\\/\\\/libreriaminutodedios.com\\\/#website\"},\"primaryImageOfPage\":{\"@id\":\"https:\\\/\\\/libreriaminutodedios.com\\\/producto\\\/superando-desafios\\\/#primaryimage\"},\"image\":{\"@id\":\"https:\\\/\\\/libreriaminutodedios.com\\\/producto\\\/superando-desafios\\\/#primaryimage\"},\"thumbnailUrl\":\"https:\\\/\\\/libreriaminutodedios.com\\\/wp-content\\\/uploads\\\/2021\\\/03\\\/Mesa-de-trabajo-1-copia-9-1.png\",\"datePublished\":\"2021-03-31T15:48:43+00:00\",\"dateModified\":\"2026-02-03T16:26:25+00:00\",\"breadcrumb\":{\"@id\":\"https:\\\/\\\/libreriaminutodedios.com\\\/producto\\\/superando-desafios\\\/#breadcrumb\"},\"inLanguage\":\"es\",\"potentialAction\":[{\"@type\":\"ReadAction\",\"target\":[\"https:\\\/\\\/libreriaminutodedios.com\\\/producto\\\/superando-desafios\\\/\"]}]},{\"@type\":\"ImageObject\",\"inLanguage\":\"es\",\"@id\":\"https:\\\/\\\/libreriaminutodedios.com\\\/producto\\\/superando-desafios\\\/#primaryimage\",\"url\":\"https:\\\/\\\/libreriaminutodedios.com\\\/wp-content\\\/uploads\\\/2021\\\/03\\\/Mesa-de-trabajo-1-copia-9-1.png\",\"contentUrl\":\"https:\\\/\\\/libreriaminutodedios.com\\\/wp-content\\\/uploads\\\/2021\\\/03\\\/Mesa-de-trabajo-1-copia-9-1.png\",\"width\":1080,\"height\":1080},{\"@type\":\"BreadcrumbList\",\"@id\":\"https:\\\/\\\/libreriaminutodedios.com\\\/producto\\\/superando-desafios\\\/#breadcrumb\",\"itemListElement\":[{\"@type\":\"ListItem\",\"position\":1,\"name\":\"Portada\",\"item\":\"https:\\\/\\\/libreriaminutodedios.com\\\/\"},{\"@type\":\"ListItem\",\"position\":2,\"name\":\"Tienda\",\"item\":\"https:\\\/\\\/libreriaminutodedios.com\\\/?page_id=2895\"},{\"@type\":\"ListItem\",\"position\":3,\"name\":\"Superando desaf\u00edos\"}]},{\"@type\":\"WebSite\",\"@id\":\"https:\\\/\\\/libreriaminutodedios.com\\\/#website\",\"url\":\"https:\\\/\\\/libreriaminutodedios.com\\\/\",\"name\":\"Librer\u00eda Minuto de Dios\",\"description\":\"Sitio oficial de la Librer\u00eda Minuto de Dios\",\"publisher\":{\"@id\":\"https:\\\/\\\/libreriaminutodedios.com\\\/#organization\"},\"alternateName\":\"Tienda Minuto de Dios\",\"potentialAction\":[{\"@type\":\"SearchAction\",\"target\":{\"@type\":\"EntryPoint\",\"urlTemplate\":\"https:\\\/\\\/libreriaminutodedios.com\\\/?s={search_term_string}\"},\"query-input\":{\"@type\":\"PropertyValueSpecification\",\"valueRequired\":true,\"valueName\":\"search_term_string\"}}],\"inLanguage\":\"es\"},{\"@type\":\"Organization\",\"@id\":\"https:\\\/\\\/libreriaminutodedios.com\\\/#organization\",\"name\":\"Corporaci\u00f3n Centro Carism\u00e1tico Minuto de Dios\",\"alternateName\":\"Minuto de Dios\",\"url\":\"https:\\\/\\\/libreriaminutodedios.com\\\/\",\"logo\":{\"@type\":\"ImageObject\",\"inLanguage\":\"es\",\"@id\":\"https:\\\/\\\/libreriaminutodedios.com\\\/#\\\/schema\\\/logo\\\/image\\\/\",\"url\":\"https:\\\/\\\/libreriaminutodedios.com\\\/wp-content\\\/uploads\\\/2024\\\/09\\\/logo-libreria.png\",\"contentUrl\":\"https:\\\/\\\/libreriaminutodedios.com\\\/wp-content\\\/uploads\\\/2024\\\/09\\\/logo-libreria.png\",\"width\":400,\"height\":138,\"caption\":\"Corporaci\u00f3n Centro Carism\u00e1tico Minuto de Dios\"},\"image\":{\"@id\":\"https:\\\/\\\/libreriaminutodedios.com\\\/#\\\/schema\\\/logo\\\/image\\\/\"}}]}<\/script>\n<!-- \/ Yoast SEO plugin. -->","yoast_head_json":{"title":"Superando desaf\u00edos - Librer\u00eda Minuto de Dios","robots":{"index":"index","follow":"follow","max-snippet":"max-snippet:-1","max-image-preview":"max-image-preview:large","max-video-preview":"max-video-preview:-1"},"canonical":"https:\/\/libreriaminutodedios.com\/producto\/superando-desafios\/","og_locale":"es_ES","og_type":"article","og_title":"Superando desaf\u00edos - Librer\u00eda Minuto de Dios","og_description":"Si usted desea salir de una situaci\u00f3n dif\u00edcil o, simplemente, quiere ser mejor, \u201cSuperando desaf\u00edos\u201d es un libro que le puede ayudar. A trav\u00e9s de sus p\u00e1ginas, Iv\u00e1n Cardona, psic\u00f3logo y miembro de comunidades de la Renovaci\u00f3n Cat\u00f3lica Carism\u00e1tica, ofrece a los lectores diversos temas abordados en las asesor\u00edas individuales que realiza y que favorecen cambios reales en la vida personal.  Es un libro instructivo; a partir de breves meditaciones, citas y cuestionamientos \u2013 que incluso han sido \u00fatiles en la vida personal del autor- usted podr\u00e1 desarrollar ejercicios pr\u00e1cticos, seg\u00fan sus necesidades y siguiendo su propio ritmo.  \u201c\u00a1Tras cada logro hay un nuevo desaf\u00edo!\u201d, expresa el Dr. Cardona, quien dedica su libro a las personas que se atreven a mejorar su vida y las invita a realizar este camino con entusiasmo y a compartir con otros las ense\u00f1anzas de Superando desaf\u00edos.","og_url":"https:\/\/libreriaminutodedios.com\/producto\/superando-desafios\/","og_site_name":"Librer\u00eda Minuto de Dios","article_modified_time":"2026-02-03T16:26:25+00:00","og_image":[{"width":1080,"height":1080,"url":"https:\/\/libreriaminutodedios.com\/wp-content\/uploads\/2021\/03\/Mesa-de-trabajo-1-copia-9-1.png","type":"image\/png"}],"twitter_card":"summary_large_image","twitter_misc":{"Tiempo de lectura":"1 minuto"},"schema":{"@context":"https:\/\/schema.org","@graph":[{"@type":"WebPage","@id":"https:\/\/libreriaminutodedios.com\/producto\/superando-desafios\/","url":"https:\/\/libreriaminutodedios.com\/producto\/superando-desafios\/","name":"Superando desaf\u00edos - Librer\u00eda Minuto de Dios","isPartOf":{"@id":"https:\/\/libreriaminutodedios.com\/#website"},"primaryImageOfPage":{"@id":"https:\/\/libreriaminutodedios.com\/producto\/superando-desafios\/#primaryimage"},"image":{"@id":"https:\/\/libreriaminutodedios.com\/producto\/superando-desafios\/#primaryimage"},"thumbnailUrl":"https:\/\/libreriaminutodedios.com\/wp-content\/uploads\/2021\/03\/Mesa-de-trabajo-1-copia-9-1.png","datePublished":"2021-03-31T15:48:43+00:00","dateModified":"2026-02-03T16:26:25+00:00","breadcrumb":{"@id":"https:\/\/libreriaminutodedios.com\/producto\/superando-desafios\/#breadcrumb"},"inLanguage":"es","potentialAction":[{"@type":"ReadAction","target":["https:\/\/libreriaminutodedios.com\/producto\/superando-desafios\/"]}]},{"@type":"ImageObject","inLanguage":"es","@id":"https:\/\/libreriaminutodedios.com\/producto\/superando-desafios\/#primaryimage","url":"https:\/\/libreriaminutodedios.com\/wp-content\/uploads\/2021\/03\/Mesa-de-trabajo-1-copia-9-1.png","contentUrl":"https:\/\/libreriaminutodedios.com\/wp-content\/uploads\/2021\/03\/Mesa-de-trabajo-1-copia-9-1.png","width":1080,"height":1080},{"@type":"BreadcrumbList","@id":"https:\/\/libreriaminutodedios.com\/producto\/superando-desafios\/#breadcrumb","itemListElement":[{"@type":"ListItem","position":1,"name":"Portada","item":"https:\/\/libreriaminutodedios.com\/"},{"@type":"ListItem","position":2,"name":"Tienda","item":"https:\/\/libreriaminutodedios.com\/?page_id=2895"},{"@type":"ListItem","position":3,"name":"Superando desaf\u00edos"}]},{"@type":"WebSite","@id":"https:\/\/libreriaminutodedios.com\/#website","url":"https:\/\/libreriaminutodedios.com\/","name":"Librer\u00eda Minuto de Dios","description":"Sitio oficial de la Librer\u00eda Minuto de Dios","publisher":{"@id":"https:\/\/libreriaminutodedios.com\/#organization"},"alternateName":"Tienda Minuto de Dios","potentialAction":[{"@type":"SearchAction","target":{"@type":"EntryPoint","urlTemplate":"https:\/\/libreriaminutodedios.com\/?s={search_term_string}"},"query-input":{"@type":"PropertyValueSpecification","valueRequired":true,"valueName":"search_term_string"}}],"inLanguage":"es"},{"@type":"Organization","@id":"https:\/\/libreriaminutodedios.com\/#organization","name":"Corporaci\u00f3n Centro Carism\u00e1tico Minuto de Dios","alternateName":"Minuto de Dios","url":"https:\/\/libreriaminutodedios.com\/","logo":{"@type":"ImageObject","inLanguage":"es","@id":"https:\/\/libreriaminutodedios.com\/#\/schema\/logo\/image\/","url":"https:\/\/libreriaminutodedios.com\/wp-content\/uploads\/2024\/09\/logo-libreria.png","contentUrl":"https:\/\/libreriaminutodedios.com\/wp-content\/uploads\/2024\/09\/logo-libreria.png","width":400,"height":138,"caption":"Corporaci\u00f3n Centro Carism\u00e1tico Minuto de Dios"},"image":{"@id":"https:\/\/libreriaminutodedios.com\/#\/schema\/logo\/image\/"}}]}},"_links":{"self":[{"href":"https:\/\/libreriaminutodedios.com\/index.php?rest_route=\/wp\/v2\/product\/555","targetHints":{"allow":["GET"]}}],"collection":[{"href":"https:\/\/libreriaminutodedios.com\/index.php?rest_route=\/wp\/v2\/product"}],"about":[{"href":"https:\/\/libreriaminutodedios.com\/index.php?rest_route=\/wp\/v2\/types\/product"}],"replies":[{"embeddable":true,"href":"https:\/\/libreriaminutodedios.com\/index.php?rest_route=%2Fwp%2Fv2%2Fcomments&post=555"}],"wp:featuredmedia":[{"embeddable":true,"href":"https:\/\/libreriaminutodedios.com\/index.php?rest_route=\/wp\/v2\/media\/12220"}],"wp:attachment":[{"href":"https:\/\/libreriaminutodedios.com\/index.php?rest_route=%2Fwp%2Fv2%2Fmedia&parent=555"}],"wp:term":[{"taxonomy":"product_brand","embeddable":true,"href":"https:\/\/libreriaminutodedios.com\/index.php?rest_route=%2Fwp%2Fv2%2Fproduct_brand&post=555"},{"taxonomy":"product_cat","embeddable":true,"href":"https:\/\/libreriaminutodedios.com\/index.php?rest_route=%2Fwp%2Fv2%2Fproduct_cat&post=555"},{"taxonomy":"product_tag","embeddable":true,"href":"https:\/\/libreriaminutodedios.com\/index.php?rest_route=%2Fwp%2Fv2%2Fproduct_tag&post=555"}],"curies":[{"name":"wp","href":"https:\/\/api.w.org\/{rel}","templated":true}]}}