{"id":521,"date":"2021-03-23T16:40:59","date_gmt":"2021-03-23T21:40:59","guid":{"rendered":"https:\/\/libreriaminutodedios.com\/?post_type=product&#038;p=521"},"modified":"2026-01-24T10:56:54","modified_gmt":"2026-01-24T15:56:54","slug":"formar-para-servir","status":"publish","type":"product","link":"https:\/\/libreriaminutodedios.com\/?product=formar-para-servir","title":{"rendered":"Formar para servir"},"content":{"rendered":"<p>El servidor no es al que se le exige ser un cristiano perfecto desde el comienzo. Pero debe tener en el coraz\u00f3n seguir cada vez m\u00e1s de cerca a Jes\u00fas.<\/p>\n<p>El Padre Benigno Juanes, ejerc\u00eda el don de la escucha de modo admirable, el don de consejo, as\u00ed como el ejercicio del carisma de discernimiento.<\/p>\n<p>Todo el conocimiento teol\u00f3gico, b\u00edblico, doctrinal, del magisterio de la iglesia, su profunda experiencia espiritual ignaciana y carism\u00e1tica, pero sobre todo su deseo de transmitir a otros la riqueza del Esp\u00edritu, queda consignada, para gloria de Dios, en sus muchos libros.<\/p>\n","protected":false},"excerpt":{"rendered":"<p>El servidor no es al que se le exige ser un cristiano perfecto desde el comienzo. Pero debe tener en el coraz\u00f3n seguir cada vez m\u00e1s de cerca a Jes\u00fas.<\/p>\n<p>El Padre Benigno Juanes, ejerc\u00eda el don de la escucha de modo admirable, el don de consejo, as\u00ed como el ejercicio del carisma de discernimiento.<\/p>\n<p>Todo el conocimiento teol\u00f3gico, b\u00edblico, doctrinal, del magisterio de la iglesia, su profunda experiencia espiritual ignaciana y carism\u00e1tica, pero sobre todo su deseo de transmitir a otros la riqueza del Esp\u00edritu, queda consignada, para gloria de Dios, en sus muchos libros.<\/p>\n","protected":false},"featured_media":12676,"comment_status":"open","ping_status":"closed","template":"","meta":{"_acf_changed":false},"product_brand":[],"product_cat":[162,435],"product_tag":[490],"class_list":{"0":"post-521","1":"product","2":"type-product","3":"status-publish","4":"has-post-thumbnail","6":"product_cat-libros","7":"product_cat-servidores","8":"product_tag-editorial-md","10":"first","11":"instock","12":"purchasable","13":"product-type-simple"},"acf":[],"yoast_head":"<!-- This site is optimized with the Yoast SEO plugin v27.6 - https:\/\/yoast.com\/product\/yoast-seo-wordpress\/ -->\n<title>Formar para servir - Librer\u00eda Minuto de Dios<\/title>\n<meta name=\"robots\" content=\"index, follow, max-snippet:-1, max-image-preview:large, max-video-preview:-1\" \/>\n<link rel=\"canonical\" href=\"https:\/\/libreriaminutodedios.com\/producto\/formar-para-servir\/\" \/>\n<meta property=\"og:locale\" content=\"es_ES\" \/>\n<meta property=\"og:type\" content=\"article\" \/>\n<meta property=\"og:title\" content=\"Formar para servir - Librer\u00eda Minuto de Dios\" \/>\n<meta property=\"og:description\" content=\"El servidor no es al que se le exige ser un cristiano perfecto desde el comienzo. Pero debe tener en el coraz\u00f3n seguir cada vez m\u00e1s de cerca a Jes\u00fas.  El Padre Benigno Juanes, ejerc\u00eda el don de la escucha de modo admirable, el don de consejo, as\u00ed como el ejercicio del carisma de discernimiento.  Todo el conocimiento teol\u00f3gico, b\u00edblico, doctrinal, del magisterio de la iglesia, su profunda experiencia espiritual ignaciana y carism\u00e1tica, pero sobre todo su deseo de transmitir a otros la riqueza del Esp\u00edritu, queda consignada, para gloria de Dios, en sus muchos libros.\" \/>\n<meta property=\"og:url\" content=\"https:\/\/libreriaminutodedios.com\/producto\/formar-para-servir\/\" \/>\n<meta property=\"og:site_name\" content=\"Librer\u00eda Minuto de Dios\" \/>\n<meta property=\"article:modified_time\" content=\"2026-01-24T15:56:54+00:00\" \/>\n<meta property=\"og:image\" content=\"https:\/\/libreriaminutodedios.com\/wp-content\/uploads\/2021\/03\/57.png\" \/>\n\t<meta property=\"og:image:width\" content=\"1080\" \/>\n\t<meta property=\"og:image:height\" content=\"1080\" \/>\n\t<meta property=\"og:image:type\" content=\"image\/png\" \/>\n<meta name=\"twitter:card\" content=\"summary_large_image\" \/>\n<meta name=\"twitter:label1\" content=\"Tiempo de lectura\" \/>\n\t<meta name=\"twitter:data1\" content=\"1 minuto\" \/>\n<script type=\"application\/ld+json\" class=\"yoast-schema-graph\">{\"@context\":\"https:\\\/\\\/schema.org\",\"@graph\":[{\"@type\":\"WebPage\",\"@id\":\"https:\\\/\\\/libreriaminutodedios.com\\\/producto\\\/formar-para-servir\\\/\",\"url\":\"https:\\\/\\\/libreriaminutodedios.com\\\/producto\\\/formar-para-servir\\\/\",\"name\":\"Formar para servir - Librer\u00eda Minuto de Dios\",\"isPartOf\":{\"@id\":\"https:\\\/\\\/libreriaminutodedios.com\\\/#website\"},\"primaryImageOfPage\":{\"@id\":\"https:\\\/\\\/libreriaminutodedios.com\\\/producto\\\/formar-para-servir\\\/#primaryimage\"},\"image\":{\"@id\":\"https:\\\/\\\/libreriaminutodedios.com\\\/producto\\\/formar-para-servir\\\/#primaryimage\"},\"thumbnailUrl\":\"https:\\\/\\\/libreriaminutodedios.com\\\/wp-content\\\/uploads\\\/2021\\\/03\\\/57.png\",\"datePublished\":\"2021-03-23T21:40:59+00:00\",\"dateModified\":\"2026-01-24T15:56:54+00:00\",\"breadcrumb\":{\"@id\":\"https:\\\/\\\/libreriaminutodedios.com\\\/producto\\\/formar-para-servir\\\/#breadcrumb\"},\"inLanguage\":\"es\",\"potentialAction\":[{\"@type\":\"ReadAction\",\"target\":[\"https:\\\/\\\/libreriaminutodedios.com\\\/producto\\\/formar-para-servir\\\/\"]}]},{\"@type\":\"ImageObject\",\"inLanguage\":\"es\",\"@id\":\"https:\\\/\\\/libreriaminutodedios.com\\\/producto\\\/formar-para-servir\\\/#primaryimage\",\"url\":\"https:\\\/\\\/libreriaminutodedios.com\\\/wp-content\\\/uploads\\\/2021\\\/03\\\/57.png\",\"contentUrl\":\"https:\\\/\\\/libreriaminutodedios.com\\\/wp-content\\\/uploads\\\/2021\\\/03\\\/57.png\",\"width\":1080,\"height\":1080},{\"@type\":\"BreadcrumbList\",\"@id\":\"https:\\\/\\\/libreriaminutodedios.com\\\/producto\\\/formar-para-servir\\\/#breadcrumb\",\"itemListElement\":[{\"@type\":\"ListItem\",\"position\":1,\"name\":\"Portada\",\"item\":\"https:\\\/\\\/libreriaminutodedios.com\\\/\"},{\"@type\":\"ListItem\",\"position\":2,\"name\":\"Tienda\",\"item\":\"https:\\\/\\\/libreriaminutodedios.com\\\/?page_id=2895\"},{\"@type\":\"ListItem\",\"position\":3,\"name\":\"Formar para servir\"}]},{\"@type\":\"WebSite\",\"@id\":\"https:\\\/\\\/libreriaminutodedios.com\\\/#website\",\"url\":\"https:\\\/\\\/libreriaminutodedios.com\\\/\",\"name\":\"Librer\u00eda Minuto de Dios\",\"description\":\"Sitio oficial de la Librer\u00eda Minuto de Dios\",\"publisher\":{\"@id\":\"https:\\\/\\\/libreriaminutodedios.com\\\/#organization\"},\"alternateName\":\"Tienda Minuto de Dios\",\"potentialAction\":[{\"@type\":\"SearchAction\",\"target\":{\"@type\":\"EntryPoint\",\"urlTemplate\":\"https:\\\/\\\/libreriaminutodedios.com\\\/?s={search_term_string}\"},\"query-input\":{\"@type\":\"PropertyValueSpecification\",\"valueRequired\":true,\"valueName\":\"search_term_string\"}}],\"inLanguage\":\"es\"},{\"@type\":\"Organization\",\"@id\":\"https:\\\/\\\/libreriaminutodedios.com\\\/#organization\",\"name\":\"Corporaci\u00f3n Centro Carism\u00e1tico Minuto de Dios\",\"alternateName\":\"Minuto de Dios\",\"url\":\"https:\\\/\\\/libreriaminutodedios.com\\\/\",\"logo\":{\"@type\":\"ImageObject\",\"inLanguage\":\"es\",\"@id\":\"https:\\\/\\\/libreriaminutodedios.com\\\/#\\\/schema\\\/logo\\\/image\\\/\",\"url\":\"https:\\\/\\\/libreriaminutodedios.com\\\/wp-content\\\/uploads\\\/2024\\\/09\\\/logo-libreria.png\",\"contentUrl\":\"https:\\\/\\\/libreriaminutodedios.com\\\/wp-content\\\/uploads\\\/2024\\\/09\\\/logo-libreria.png\",\"width\":400,\"height\":138,\"caption\":\"Corporaci\u00f3n Centro Carism\u00e1tico Minuto de Dios\"},\"image\":{\"@id\":\"https:\\\/\\\/libreriaminutodedios.com\\\/#\\\/schema\\\/logo\\\/image\\\/\"}}]}<\/script>\n<!-- \/ Yoast SEO plugin. -->","yoast_head_json":{"title":"Formar para servir - Librer\u00eda Minuto de Dios","robots":{"index":"index","follow":"follow","max-snippet":"max-snippet:-1","max-image-preview":"max-image-preview:large","max-video-preview":"max-video-preview:-1"},"canonical":"https:\/\/libreriaminutodedios.com\/producto\/formar-para-servir\/","og_locale":"es_ES","og_type":"article","og_title":"Formar para servir - Librer\u00eda Minuto de Dios","og_description":"El servidor no es al que se le exige ser un cristiano perfecto desde el comienzo. Pero debe tener en el coraz\u00f3n seguir cada vez m\u00e1s de cerca a Jes\u00fas.  El Padre Benigno Juanes, ejerc\u00eda el don de la escucha de modo admirable, el don de consejo, as\u00ed como el ejercicio del carisma de discernimiento.  Todo el conocimiento teol\u00f3gico, b\u00edblico, doctrinal, del magisterio de la iglesia, su profunda experiencia espiritual ignaciana y carism\u00e1tica, pero sobre todo su deseo de transmitir a otros la riqueza del Esp\u00edritu, queda consignada, para gloria de Dios, en sus muchos libros.","og_url":"https:\/\/libreriaminutodedios.com\/producto\/formar-para-servir\/","og_site_name":"Librer\u00eda Minuto de Dios","article_modified_time":"2026-01-24T15:56:54+00:00","og_image":[{"width":1080,"height":1080,"url":"https:\/\/libreriaminutodedios.com\/wp-content\/uploads\/2021\/03\/57.png","type":"image\/png"}],"twitter_card":"summary_large_image","twitter_misc":{"Tiempo de lectura":"1 minuto"},"schema":{"@context":"https:\/\/schema.org","@graph":[{"@type":"WebPage","@id":"https:\/\/libreriaminutodedios.com\/producto\/formar-para-servir\/","url":"https:\/\/libreriaminutodedios.com\/producto\/formar-para-servir\/","name":"Formar para servir - Librer\u00eda Minuto de Dios","isPartOf":{"@id":"https:\/\/libreriaminutodedios.com\/#website"},"primaryImageOfPage":{"@id":"https:\/\/libreriaminutodedios.com\/producto\/formar-para-servir\/#primaryimage"},"image":{"@id":"https:\/\/libreriaminutodedios.com\/producto\/formar-para-servir\/#primaryimage"},"thumbnailUrl":"https:\/\/libreriaminutodedios.com\/wp-content\/uploads\/2021\/03\/57.png","datePublished":"2021-03-23T21:40:59+00:00","dateModified":"2026-01-24T15:56:54+00:00","breadcrumb":{"@id":"https:\/\/libreriaminutodedios.com\/producto\/formar-para-servir\/#breadcrumb"},"inLanguage":"es","potentialAction":[{"@type":"ReadAction","target":["https:\/\/libreriaminutodedios.com\/producto\/formar-para-servir\/"]}]},{"@type":"ImageObject","inLanguage":"es","@id":"https:\/\/libreriaminutodedios.com\/producto\/formar-para-servir\/#primaryimage","url":"https:\/\/libreriaminutodedios.com\/wp-content\/uploads\/2021\/03\/57.png","contentUrl":"https:\/\/libreriaminutodedios.com\/wp-content\/uploads\/2021\/03\/57.png","width":1080,"height":1080},{"@type":"BreadcrumbList","@id":"https:\/\/libreriaminutodedios.com\/producto\/formar-para-servir\/#breadcrumb","itemListElement":[{"@type":"ListItem","position":1,"name":"Portada","item":"https:\/\/libreriaminutodedios.com\/"},{"@type":"ListItem","position":2,"name":"Tienda","item":"https:\/\/libreriaminutodedios.com\/?page_id=2895"},{"@type":"ListItem","position":3,"name":"Formar para servir"}]},{"@type":"WebSite","@id":"https:\/\/libreriaminutodedios.com\/#website","url":"https:\/\/libreriaminutodedios.com\/","name":"Librer\u00eda Minuto de Dios","description":"Sitio oficial de la Librer\u00eda Minuto de Dios","publisher":{"@id":"https:\/\/libreriaminutodedios.com\/#organization"},"alternateName":"Tienda Minuto de Dios","potentialAction":[{"@type":"SearchAction","target":{"@type":"EntryPoint","urlTemplate":"https:\/\/libreriaminutodedios.com\/?s={search_term_string}"},"query-input":{"@type":"PropertyValueSpecification","valueRequired":true,"valueName":"search_term_string"}}],"inLanguage":"es"},{"@type":"Organization","@id":"https:\/\/libreriaminutodedios.com\/#organization","name":"Corporaci\u00f3n Centro Carism\u00e1tico Minuto de Dios","alternateName":"Minuto de Dios","url":"https:\/\/libreriaminutodedios.com\/","logo":{"@type":"ImageObject","inLanguage":"es","@id":"https:\/\/libreriaminutodedios.com\/#\/schema\/logo\/image\/","url":"https:\/\/libreriaminutodedios.com\/wp-content\/uploads\/2024\/09\/logo-libreria.png","contentUrl":"https:\/\/libreriaminutodedios.com\/wp-content\/uploads\/2024\/09\/logo-libreria.png","width":400,"height":138,"caption":"Corporaci\u00f3n Centro Carism\u00e1tico Minuto de Dios"},"image":{"@id":"https:\/\/libreriaminutodedios.com\/#\/schema\/logo\/image\/"}}]}},"_links":{"self":[{"href":"https:\/\/libreriaminutodedios.com\/index.php?rest_route=\/wp\/v2\/product\/521","targetHints":{"allow":["GET"]}}],"collection":[{"href":"https:\/\/libreriaminutodedios.com\/index.php?rest_route=\/wp\/v2\/product"}],"about":[{"href":"https:\/\/libreriaminutodedios.com\/index.php?rest_route=\/wp\/v2\/types\/product"}],"replies":[{"embeddable":true,"href":"https:\/\/libreriaminutodedios.com\/index.php?rest_route=%2Fwp%2Fv2%2Fcomments&post=521"}],"wp:featuredmedia":[{"embeddable":true,"href":"https:\/\/libreriaminutodedios.com\/index.php?rest_route=\/wp\/v2\/media\/12676"}],"wp:attachment":[{"href":"https:\/\/libreriaminutodedios.com\/index.php?rest_route=%2Fwp%2Fv2%2Fmedia&parent=521"}],"wp:term":[{"taxonomy":"product_brand","embeddable":true,"href":"https:\/\/libreriaminutodedios.com\/index.php?rest_route=%2Fwp%2Fv2%2Fproduct_brand&post=521"},{"taxonomy":"product_cat","embeddable":true,"href":"https:\/\/libreriaminutodedios.com\/index.php?rest_route=%2Fwp%2Fv2%2Fproduct_cat&post=521"},{"taxonomy":"product_tag","embeddable":true,"href":"https:\/\/libreriaminutodedios.com\/index.php?rest_route=%2Fwp%2Fv2%2Fproduct_tag&post=521"}],"curies":[{"name":"wp","href":"https:\/\/api.w.org\/{rel}","templated":true}]}}