{"id":515,"date":"2021-03-23T16:31:23","date_gmt":"2021-03-23T21:31:23","guid":{"rendered":"https:\/\/libreriaminutodedios.com\/?post_type=product&#038;p=515"},"modified":"2026-02-26T16:27:17","modified_gmt":"2026-02-26T21:27:17","slug":"sanando-la-herida-mas-profunda","status":"publish","type":"product","link":"https:\/\/libreriaminutodedios.com\/?product=sanando-la-herida-mas-profunda","title":{"rendered":"Sanando la herida m\u00e1s profunda"},"content":{"rendered":"<p>Este libro contiene una serie de temas que llevar\u00e1n a quien medite en sus l\u00edneas a una experiencia liberadora de la mano del Se\u00f1or. Podr\u00e1 sobrepasar las dificultades de la mano de Cristo, esta uni\u00f3n de nuestra mutua intimidad a ejemplo de la divinidad, \u201cque ellos puedan ser uno, Como T\u00fa y Yo somos uno\u201d, de seguro ser\u00e1 encuentro de un consuelo seguro, en una intimidad que aumenta continuamente, al hacerse m\u00e1s \u00edntima nuestra uni\u00f3n con Dios.<\/p>\n<p>Sanando la herida m\u00e1s profunda es una herramienta para reflexionar acerca de nuestra existencia y los episodios m\u00e1s dolorosos de ella, de c\u00f3mo podemos salir de las situaciones de dolor. Para esto los autores ayudan en el proceso de la sanaci\u00f3n intergeneracional, en diferentes momentos como la sanaci\u00f3n a trav\u00e9s del dolor, sanando la pena por la p\u00e9rdida de aquel a quien m\u00e1s extra\u00f1amos, entre otras. Nos ayudan a descubrir como el amor es m\u00e1s fuerte que la muerte y c\u00f3mo debemos orar por los muertos, y nuestros ancestros, para as\u00ed asumir con valent\u00eda la vida y las diferentes circunstancias que atravesamos, para sanar nuestro coraz\u00f3n.<\/p>\n","protected":false},"excerpt":{"rendered":"<p>Este libro contiene una serie de temas que llevar\u00e1n a quien medite en sus l\u00edneas a una experiencia liberadora de la mano del Se\u00f1or. Podr\u00e1 sobrepasar las dificultades de la mano de Cristo, esta uni\u00f3n de nuestra mutua intimidad a ejemplo de la divinidad, \u201cque ellos puedan ser uno, Como T\u00fa y Yo somos uno\u201d, de seguro ser\u00e1 encuentro de un consuelo seguro, en una intimidad que aumenta continuamente, al hacerse m\u00e1s \u00edntima nuestra uni\u00f3n con Dios.<\/p>\n<p>Sanando la herida m\u00e1s profunda es una herramienta para reflexionar acerca de nuestra existencia y los episodios m\u00e1s dolorosos de ella, de c\u00f3mo podemos salir de las situaciones de dolor. Para esto los autores ayudan en el proceso de la sanaci\u00f3n intergeneracional, en diferentes momentos como la sanaci\u00f3n a trav\u00e9s del dolor, sanando la pena por la p\u00e9rdida de aquel a quien m\u00e1s extra\u00f1amos, entre otras. Nos ayudan a descubrir como el amor es m\u00e1s fuerte que la muerte y c\u00f3mo debemos orar por los muertos, y nuestros ancestros, para as\u00ed asumir con valent\u00eda la vida y las diferentes circunstancias que atravesamos, para sanar nuestro coraz\u00f3n.<\/p>\n","protected":false},"featured_media":12328,"comment_status":"open","ping_status":"closed","template":"","meta":{"_acf_changed":false},"product_brand":[],"product_cat":[162,421],"product_tag":[60,384,385,386,490],"class_list":{"0":"post-515","1":"product","2":"type-product","3":"status-publish","4":"has-post-thumbnail","6":"product_cat-libros","7":"product_cat-coleccion-para-duelo","8":"product_tag-oracion","9":"product_tag-sanacion-dolor","10":"product_tag-orando-por-los-muertos","11":"product_tag-ocultismo","12":"product_tag-editorial-md","14":"first","15":"instock","16":"purchasable","17":"product-type-simple"},"acf":[],"yoast_head":"<!-- This site is optimized with the Yoast SEO plugin v27.6 - https:\/\/yoast.com\/product\/yoast-seo-wordpress\/ -->\n<title>Sanando la herida m\u00e1s profunda - Librer\u00eda Minuto de Dios<\/title>\n<meta name=\"robots\" content=\"index, follow, max-snippet:-1, max-image-preview:large, max-video-preview:-1\" \/>\n<link rel=\"canonical\" href=\"https:\/\/libreriaminutodedios.com\/producto\/sanando-la-herida-mas-profunda\/\" \/>\n<meta property=\"og:locale\" content=\"es_ES\" \/>\n<meta property=\"og:type\" content=\"article\" \/>\n<meta property=\"og:title\" content=\"Sanando la herida m\u00e1s profunda - Librer\u00eda Minuto de Dios\" \/>\n<meta property=\"og:description\" content=\"Este libro contiene una serie de temas que llevar\u00e1n a quien medite en sus l\u00edneas a una experiencia liberadora de la mano del Se\u00f1or. Podr\u00e1 sobrepasar las dificultades de la mano de Cristo, esta uni\u00f3n de nuestra mutua intimidad a ejemplo de la divinidad, \u201cque ellos puedan ser uno, Como T\u00fa y Yo somos uno\u201d, de seguro ser\u00e1 encuentro de un consuelo seguro, en una intimidad que aumenta continuamente, al hacerse m\u00e1s \u00edntima nuestra uni\u00f3n con Dios.  Sanando la herida m\u00e1s profunda es una herramienta para reflexionar acerca de nuestra existencia y los episodios m\u00e1s dolorosos de ella, de c\u00f3mo podemos salir de las situaciones de dolor. Para esto los autores ayudan en el proceso de la sanaci\u00f3n intergeneracional, en diferentes momentos como la sanaci\u00f3n a trav\u00e9s del dolor, sanando la pena por la p\u00e9rdida de aquel a quien m\u00e1s extra\u00f1amos, entre otras. Nos ayudan a descubrir como el amor es m\u00e1s fuerte que la muerte y c\u00f3mo debemos orar por los muertos, y nuestros ancestros, para as\u00ed asumir con valent\u00eda la vida y las diferentes circunstancias que atravesamos, para sanar nuestro coraz\u00f3n.\" \/>\n<meta property=\"og:url\" content=\"https:\/\/libreriaminutodedios.com\/producto\/sanando-la-herida-mas-profunda\/\" \/>\n<meta property=\"og:site_name\" content=\"Librer\u00eda Minuto de Dios\" \/>\n<meta property=\"article:modified_time\" content=\"2026-02-26T21:27:17+00:00\" \/>\n<meta property=\"og:image\" content=\"https:\/\/libreriaminutodedios.com\/wp-content\/uploads\/2021\/03\/75.png\" \/>\n\t<meta property=\"og:image:width\" content=\"1080\" \/>\n\t<meta property=\"og:image:height\" content=\"1080\" \/>\n\t<meta property=\"og:image:type\" content=\"image\/png\" \/>\n<meta name=\"twitter:card\" content=\"summary_large_image\" \/>\n<meta name=\"twitter:label1\" content=\"Tiempo de lectura\" \/>\n\t<meta name=\"twitter:data1\" content=\"2 minutos\" \/>\n<script type=\"application\/ld+json\" class=\"yoast-schema-graph\">{\"@context\":\"https:\\\/\\\/schema.org\",\"@graph\":[{\"@type\":\"WebPage\",\"@id\":\"https:\\\/\\\/libreriaminutodedios.com\\\/producto\\\/sanando-la-herida-mas-profunda\\\/\",\"url\":\"https:\\\/\\\/libreriaminutodedios.com\\\/producto\\\/sanando-la-herida-mas-profunda\\\/\",\"name\":\"Sanando la herida m\u00e1s profunda - Librer\u00eda Minuto de Dios\",\"isPartOf\":{\"@id\":\"https:\\\/\\\/libreriaminutodedios.com\\\/#website\"},\"primaryImageOfPage\":{\"@id\":\"https:\\\/\\\/libreriaminutodedios.com\\\/producto\\\/sanando-la-herida-mas-profunda\\\/#primaryimage\"},\"image\":{\"@id\":\"https:\\\/\\\/libreriaminutodedios.com\\\/producto\\\/sanando-la-herida-mas-profunda\\\/#primaryimage\"},\"thumbnailUrl\":\"https:\\\/\\\/libreriaminutodedios.com\\\/wp-content\\\/uploads\\\/2021\\\/03\\\/75.png\",\"datePublished\":\"2021-03-23T21:31:23+00:00\",\"dateModified\":\"2026-02-26T21:27:17+00:00\",\"breadcrumb\":{\"@id\":\"https:\\\/\\\/libreriaminutodedios.com\\\/producto\\\/sanando-la-herida-mas-profunda\\\/#breadcrumb\"},\"inLanguage\":\"es\",\"potentialAction\":[{\"@type\":\"ReadAction\",\"target\":[\"https:\\\/\\\/libreriaminutodedios.com\\\/producto\\\/sanando-la-herida-mas-profunda\\\/\"]}]},{\"@type\":\"ImageObject\",\"inLanguage\":\"es\",\"@id\":\"https:\\\/\\\/libreriaminutodedios.com\\\/producto\\\/sanando-la-herida-mas-profunda\\\/#primaryimage\",\"url\":\"https:\\\/\\\/libreriaminutodedios.com\\\/wp-content\\\/uploads\\\/2021\\\/03\\\/75.png\",\"contentUrl\":\"https:\\\/\\\/libreriaminutodedios.com\\\/wp-content\\\/uploads\\\/2021\\\/03\\\/75.png\",\"width\":1080,\"height\":1080},{\"@type\":\"BreadcrumbList\",\"@id\":\"https:\\\/\\\/libreriaminutodedios.com\\\/producto\\\/sanando-la-herida-mas-profunda\\\/#breadcrumb\",\"itemListElement\":[{\"@type\":\"ListItem\",\"position\":1,\"name\":\"Portada\",\"item\":\"https:\\\/\\\/libreriaminutodedios.com\\\/\"},{\"@type\":\"ListItem\",\"position\":2,\"name\":\"Tienda\",\"item\":\"https:\\\/\\\/libreriaminutodedios.com\\\/?page_id=2895\"},{\"@type\":\"ListItem\",\"position\":3,\"name\":\"Sanando la herida m\u00e1s profunda\"}]},{\"@type\":\"WebSite\",\"@id\":\"https:\\\/\\\/libreriaminutodedios.com\\\/#website\",\"url\":\"https:\\\/\\\/libreriaminutodedios.com\\\/\",\"name\":\"Librer\u00eda Minuto de Dios\",\"description\":\"Sitio oficial de la Librer\u00eda Minuto de Dios\",\"publisher\":{\"@id\":\"https:\\\/\\\/libreriaminutodedios.com\\\/#organization\"},\"alternateName\":\"Tienda Minuto de Dios\",\"potentialAction\":[{\"@type\":\"SearchAction\",\"target\":{\"@type\":\"EntryPoint\",\"urlTemplate\":\"https:\\\/\\\/libreriaminutodedios.com\\\/?s={search_term_string}\"},\"query-input\":{\"@type\":\"PropertyValueSpecification\",\"valueRequired\":true,\"valueName\":\"search_term_string\"}}],\"inLanguage\":\"es\"},{\"@type\":\"Organization\",\"@id\":\"https:\\\/\\\/libreriaminutodedios.com\\\/#organization\",\"name\":\"Corporaci\u00f3n Centro Carism\u00e1tico Minuto de Dios\",\"alternateName\":\"Minuto de Dios\",\"url\":\"https:\\\/\\\/libreriaminutodedios.com\\\/\",\"logo\":{\"@type\":\"ImageObject\",\"inLanguage\":\"es\",\"@id\":\"https:\\\/\\\/libreriaminutodedios.com\\\/#\\\/schema\\\/logo\\\/image\\\/\",\"url\":\"https:\\\/\\\/libreriaminutodedios.com\\\/wp-content\\\/uploads\\\/2024\\\/09\\\/logo-libreria.png\",\"contentUrl\":\"https:\\\/\\\/libreriaminutodedios.com\\\/wp-content\\\/uploads\\\/2024\\\/09\\\/logo-libreria.png\",\"width\":400,\"height\":138,\"caption\":\"Corporaci\u00f3n Centro Carism\u00e1tico Minuto de Dios\"},\"image\":{\"@id\":\"https:\\\/\\\/libreriaminutodedios.com\\\/#\\\/schema\\\/logo\\\/image\\\/\"}}]}<\/script>\n<!-- \/ Yoast SEO plugin. -->","yoast_head_json":{"title":"Sanando la herida m\u00e1s profunda - Librer\u00eda Minuto de Dios","robots":{"index":"index","follow":"follow","max-snippet":"max-snippet:-1","max-image-preview":"max-image-preview:large","max-video-preview":"max-video-preview:-1"},"canonical":"https:\/\/libreriaminutodedios.com\/producto\/sanando-la-herida-mas-profunda\/","og_locale":"es_ES","og_type":"article","og_title":"Sanando la herida m\u00e1s profunda - Librer\u00eda Minuto de Dios","og_description":"Este libro contiene una serie de temas que llevar\u00e1n a quien medite en sus l\u00edneas a una experiencia liberadora de la mano del Se\u00f1or. Podr\u00e1 sobrepasar las dificultades de la mano de Cristo, esta uni\u00f3n de nuestra mutua intimidad a ejemplo de la divinidad, \u201cque ellos puedan ser uno, Como T\u00fa y Yo somos uno\u201d, de seguro ser\u00e1 encuentro de un consuelo seguro, en una intimidad que aumenta continuamente, al hacerse m\u00e1s \u00edntima nuestra uni\u00f3n con Dios.  Sanando la herida m\u00e1s profunda es una herramienta para reflexionar acerca de nuestra existencia y los episodios m\u00e1s dolorosos de ella, de c\u00f3mo podemos salir de las situaciones de dolor. Para esto los autores ayudan en el proceso de la sanaci\u00f3n intergeneracional, en diferentes momentos como la sanaci\u00f3n a trav\u00e9s del dolor, sanando la pena por la p\u00e9rdida de aquel a quien m\u00e1s extra\u00f1amos, entre otras. Nos ayudan a descubrir como el amor es m\u00e1s fuerte que la muerte y c\u00f3mo debemos orar por los muertos, y nuestros ancestros, para as\u00ed asumir con valent\u00eda la vida y las diferentes circunstancias que atravesamos, para sanar nuestro coraz\u00f3n.","og_url":"https:\/\/libreriaminutodedios.com\/producto\/sanando-la-herida-mas-profunda\/","og_site_name":"Librer\u00eda Minuto de Dios","article_modified_time":"2026-02-26T21:27:17+00:00","og_image":[{"width":1080,"height":1080,"url":"https:\/\/libreriaminutodedios.com\/wp-content\/uploads\/2021\/03\/75.png","type":"image\/png"}],"twitter_card":"summary_large_image","twitter_misc":{"Tiempo de lectura":"2 minutos"},"schema":{"@context":"https:\/\/schema.org","@graph":[{"@type":"WebPage","@id":"https:\/\/libreriaminutodedios.com\/producto\/sanando-la-herida-mas-profunda\/","url":"https:\/\/libreriaminutodedios.com\/producto\/sanando-la-herida-mas-profunda\/","name":"Sanando la herida m\u00e1s profunda - Librer\u00eda Minuto de Dios","isPartOf":{"@id":"https:\/\/libreriaminutodedios.com\/#website"},"primaryImageOfPage":{"@id":"https:\/\/libreriaminutodedios.com\/producto\/sanando-la-herida-mas-profunda\/#primaryimage"},"image":{"@id":"https:\/\/libreriaminutodedios.com\/producto\/sanando-la-herida-mas-profunda\/#primaryimage"},"thumbnailUrl":"https:\/\/libreriaminutodedios.com\/wp-content\/uploads\/2021\/03\/75.png","datePublished":"2021-03-23T21:31:23+00:00","dateModified":"2026-02-26T21:27:17+00:00","breadcrumb":{"@id":"https:\/\/libreriaminutodedios.com\/producto\/sanando-la-herida-mas-profunda\/#breadcrumb"},"inLanguage":"es","potentialAction":[{"@type":"ReadAction","target":["https:\/\/libreriaminutodedios.com\/producto\/sanando-la-herida-mas-profunda\/"]}]},{"@type":"ImageObject","inLanguage":"es","@id":"https:\/\/libreriaminutodedios.com\/producto\/sanando-la-herida-mas-profunda\/#primaryimage","url":"https:\/\/libreriaminutodedios.com\/wp-content\/uploads\/2021\/03\/75.png","contentUrl":"https:\/\/libreriaminutodedios.com\/wp-content\/uploads\/2021\/03\/75.png","width":1080,"height":1080},{"@type":"BreadcrumbList","@id":"https:\/\/libreriaminutodedios.com\/producto\/sanando-la-herida-mas-profunda\/#breadcrumb","itemListElement":[{"@type":"ListItem","position":1,"name":"Portada","item":"https:\/\/libreriaminutodedios.com\/"},{"@type":"ListItem","position":2,"name":"Tienda","item":"https:\/\/libreriaminutodedios.com\/?page_id=2895"},{"@type":"ListItem","position":3,"name":"Sanando la herida m\u00e1s profunda"}]},{"@type":"WebSite","@id":"https:\/\/libreriaminutodedios.com\/#website","url":"https:\/\/libreriaminutodedios.com\/","name":"Librer\u00eda Minuto de Dios","description":"Sitio oficial de la Librer\u00eda Minuto de Dios","publisher":{"@id":"https:\/\/libreriaminutodedios.com\/#organization"},"alternateName":"Tienda Minuto de Dios","potentialAction":[{"@type":"SearchAction","target":{"@type":"EntryPoint","urlTemplate":"https:\/\/libreriaminutodedios.com\/?s={search_term_string}"},"query-input":{"@type":"PropertyValueSpecification","valueRequired":true,"valueName":"search_term_string"}}],"inLanguage":"es"},{"@type":"Organization","@id":"https:\/\/libreriaminutodedios.com\/#organization","name":"Corporaci\u00f3n Centro Carism\u00e1tico Minuto de Dios","alternateName":"Minuto de Dios","url":"https:\/\/libreriaminutodedios.com\/","logo":{"@type":"ImageObject","inLanguage":"es","@id":"https:\/\/libreriaminutodedios.com\/#\/schema\/logo\/image\/","url":"https:\/\/libreriaminutodedios.com\/wp-content\/uploads\/2024\/09\/logo-libreria.png","contentUrl":"https:\/\/libreriaminutodedios.com\/wp-content\/uploads\/2024\/09\/logo-libreria.png","width":400,"height":138,"caption":"Corporaci\u00f3n Centro Carism\u00e1tico Minuto de Dios"},"image":{"@id":"https:\/\/libreriaminutodedios.com\/#\/schema\/logo\/image\/"}}]}},"_links":{"self":[{"href":"https:\/\/libreriaminutodedios.com\/index.php?rest_route=\/wp\/v2\/product\/515","targetHints":{"allow":["GET"]}}],"collection":[{"href":"https:\/\/libreriaminutodedios.com\/index.php?rest_route=\/wp\/v2\/product"}],"about":[{"href":"https:\/\/libreriaminutodedios.com\/index.php?rest_route=\/wp\/v2\/types\/product"}],"replies":[{"embeddable":true,"href":"https:\/\/libreriaminutodedios.com\/index.php?rest_route=%2Fwp%2Fv2%2Fcomments&post=515"}],"wp:featuredmedia":[{"embeddable":true,"href":"https:\/\/libreriaminutodedios.com\/index.php?rest_route=\/wp\/v2\/media\/12328"}],"wp:attachment":[{"href":"https:\/\/libreriaminutodedios.com\/index.php?rest_route=%2Fwp%2Fv2%2Fmedia&parent=515"}],"wp:term":[{"taxonomy":"product_brand","embeddable":true,"href":"https:\/\/libreriaminutodedios.com\/index.php?rest_route=%2Fwp%2Fv2%2Fproduct_brand&post=515"},{"taxonomy":"product_cat","embeddable":true,"href":"https:\/\/libreriaminutodedios.com\/index.php?rest_route=%2Fwp%2Fv2%2Fproduct_cat&post=515"},{"taxonomy":"product_tag","embeddable":true,"href":"https:\/\/libreriaminutodedios.com\/index.php?rest_route=%2Fwp%2Fv2%2Fproduct_tag&post=515"}],"curies":[{"name":"wp","href":"https:\/\/api.w.org\/{rel}","templated":true}]}}