{"id":505,"date":"2021-03-23T16:15:38","date_gmt":"2021-03-23T21:15:38","guid":{"rendered":"https:\/\/libreriaminutodedios.com\/?post_type=product&#038;p=505"},"modified":"2024-11-19T12:57:35","modified_gmt":"2024-11-19T17:57:35","slug":"paz-y-alegria-al-morir","status":"publish","type":"product","link":"https:\/\/libreriaminutodedios.com\/?product=paz-y-alegria-al-morir","title":{"rendered":"Paz y alegr\u00eda al morir"},"content":{"rendered":"<p>La hermana Mary Jane Linn refiere sus experiencias sobre c\u00f3mo ha acompa\u00f1ado a algunas personas a bien morir, y las reflexiones y lecciones surgidas de esta labor, en torno a la necesidad de escucha y oraci\u00f3n que ellas tienen y que ella relaciona con las palabras de Jes\u00fas antes de morir.<\/p>\n<p>Incluso en el caso de que la hermana Mary Jane encamine sus oraciones para preparar a una hermana hacia una buena muerte, aun entonces est\u00e1 orando por una sanaci\u00f3n f\u00edsica. Porque reza especialmente para aliviar un dolor, de modo que la hermana enferma no huya de una existencia dolorosa y paralizante, sino que m\u00e1s bien pueda escoger libremente el ir a la casa del Padre.<\/p>\n","protected":false},"excerpt":{"rendered":"<p>La hermana Mary Jane Linn refiere sus experiencias sobre c\u00f3mo ha acompa\u00f1ado a algunas personas a bien morir, y las reflexiones y lecciones surgidas de esta labor, en torno a la necesidad de escucha y oraci\u00f3n que ellas tienen y que ella relaciona con las palabras de Jes\u00fas antes de morir.<\/p>\n<p>Incluso en el caso de que la hermana Mary Jane encamine sus oraciones para preparar a una hermana hacia una buena muerte, aun entonces est\u00e1 orando por una sanaci\u00f3n f\u00edsica. Porque reza especialmente para aliviar un dolor, de modo que la hermana enferma no huya de una existencia dolorosa y paralizante, sino que m\u00e1s bien pueda escoger libremente el ir a la casa del Padre.<\/p>\n","protected":false},"featured_media":12323,"comment_status":"open","ping_status":"closed","template":"","meta":{"_acf_changed":false},"product_brand":[],"product_cat":[162,615,421],"product_tag":[490],"class_list":{"0":"post-505","1":"product","2":"type-product","3":"status-publish","4":"has-post-thumbnail","6":"product_cat-libros","7":"product_cat-colecciones","8":"product_cat-coleccion-para-duelo","9":"product_tag-editorial-md","11":"first","12":"instock","13":"purchasable","14":"product-type-simple"},"acf":[],"yoast_head":"<!-- This site is optimized with the Yoast SEO plugin v27.6 - https:\/\/yoast.com\/product\/yoast-seo-wordpress\/ -->\n<title>Paz y alegr\u00eda al morir - Librer\u00eda Minuto de Dios<\/title>\n<meta name=\"robots\" content=\"index, follow, max-snippet:-1, max-image-preview:large, max-video-preview:-1\" \/>\n<link rel=\"canonical\" href=\"https:\/\/libreriaminutodedios.com\/producto\/paz-y-alegria-al-morir\/\" \/>\n<meta property=\"og:locale\" content=\"es_ES\" \/>\n<meta property=\"og:type\" content=\"article\" \/>\n<meta property=\"og:title\" content=\"Paz y alegr\u00eda al morir - Librer\u00eda Minuto de Dios\" \/>\n<meta property=\"og:description\" content=\"La hermana Mary Jane Linn refiere sus experiencias sobre c\u00f3mo ha acompa\u00f1ado a algunas personas a bien morir, y las reflexiones y lecciones surgidas de esta labor, en torno a la necesidad de escucha y oraci\u00f3n que ellas tienen y que ella relaciona con las palabras de Jes\u00fas antes de morir.  Incluso en el caso de que la hermana Mary Jane encamine sus oraciones para preparar a una hermana hacia una buena muerte, aun entonces est\u00e1 orando por una sanaci\u00f3n f\u00edsica. Porque reza especialmente para aliviar un dolor, de modo que la hermana enferma no huya de una existencia dolorosa y paralizante, sino que m\u00e1s bien pueda escoger libremente el ir a la casa del Padre.\" \/>\n<meta property=\"og:url\" content=\"https:\/\/libreriaminutodedios.com\/producto\/paz-y-alegria-al-morir\/\" \/>\n<meta property=\"og:site_name\" content=\"Librer\u00eda Minuto de Dios\" \/>\n<meta property=\"article:modified_time\" content=\"2024-11-19T17:57:35+00:00\" \/>\n<meta property=\"og:image\" content=\"https:\/\/libreriaminutodedios.com\/wp-content\/uploads\/2021\/03\/73.png\" \/>\n\t<meta property=\"og:image:width\" content=\"1080\" \/>\n\t<meta property=\"og:image:height\" content=\"1080\" \/>\n\t<meta property=\"og:image:type\" content=\"image\/png\" \/>\n<meta name=\"twitter:card\" content=\"summary_large_image\" \/>\n<meta name=\"twitter:label1\" content=\"Tiempo de lectura\" \/>\n\t<meta name=\"twitter:data1\" content=\"1 minuto\" \/>\n<script type=\"application\/ld+json\" class=\"yoast-schema-graph\">{\"@context\":\"https:\\\/\\\/schema.org\",\"@graph\":[{\"@type\":\"WebPage\",\"@id\":\"https:\\\/\\\/libreriaminutodedios.com\\\/producto\\\/paz-y-alegria-al-morir\\\/\",\"url\":\"https:\\\/\\\/libreriaminutodedios.com\\\/producto\\\/paz-y-alegria-al-morir\\\/\",\"name\":\"Paz y alegr\u00eda al morir - Librer\u00eda Minuto de Dios\",\"isPartOf\":{\"@id\":\"https:\\\/\\\/libreriaminutodedios.com\\\/#website\"},\"primaryImageOfPage\":{\"@id\":\"https:\\\/\\\/libreriaminutodedios.com\\\/producto\\\/paz-y-alegria-al-morir\\\/#primaryimage\"},\"image\":{\"@id\":\"https:\\\/\\\/libreriaminutodedios.com\\\/producto\\\/paz-y-alegria-al-morir\\\/#primaryimage\"},\"thumbnailUrl\":\"https:\\\/\\\/libreriaminutodedios.com\\\/wp-content\\\/uploads\\\/2021\\\/03\\\/73.png\",\"datePublished\":\"2021-03-23T21:15:38+00:00\",\"dateModified\":\"2024-11-19T17:57:35+00:00\",\"breadcrumb\":{\"@id\":\"https:\\\/\\\/libreriaminutodedios.com\\\/producto\\\/paz-y-alegria-al-morir\\\/#breadcrumb\"},\"inLanguage\":\"es\",\"potentialAction\":[{\"@type\":\"ReadAction\",\"target\":[\"https:\\\/\\\/libreriaminutodedios.com\\\/producto\\\/paz-y-alegria-al-morir\\\/\"]}]},{\"@type\":\"ImageObject\",\"inLanguage\":\"es\",\"@id\":\"https:\\\/\\\/libreriaminutodedios.com\\\/producto\\\/paz-y-alegria-al-morir\\\/#primaryimage\",\"url\":\"https:\\\/\\\/libreriaminutodedios.com\\\/wp-content\\\/uploads\\\/2021\\\/03\\\/73.png\",\"contentUrl\":\"https:\\\/\\\/libreriaminutodedios.com\\\/wp-content\\\/uploads\\\/2021\\\/03\\\/73.png\",\"width\":1080,\"height\":1080},{\"@type\":\"BreadcrumbList\",\"@id\":\"https:\\\/\\\/libreriaminutodedios.com\\\/producto\\\/paz-y-alegria-al-morir\\\/#breadcrumb\",\"itemListElement\":[{\"@type\":\"ListItem\",\"position\":1,\"name\":\"Portada\",\"item\":\"https:\\\/\\\/libreriaminutodedios.com\\\/\"},{\"@type\":\"ListItem\",\"position\":2,\"name\":\"Tienda\",\"item\":\"https:\\\/\\\/libreriaminutodedios.com\\\/?page_id=2895\"},{\"@type\":\"ListItem\",\"position\":3,\"name\":\"Paz y alegr\u00eda al morir\"}]},{\"@type\":\"WebSite\",\"@id\":\"https:\\\/\\\/libreriaminutodedios.com\\\/#website\",\"url\":\"https:\\\/\\\/libreriaminutodedios.com\\\/\",\"name\":\"Librer\u00eda Minuto de Dios\",\"description\":\"Sitio oficial de la Librer\u00eda Minuto de Dios\",\"publisher\":{\"@id\":\"https:\\\/\\\/libreriaminutodedios.com\\\/#organization\"},\"alternateName\":\"Tienda Minuto de Dios\",\"potentialAction\":[{\"@type\":\"SearchAction\",\"target\":{\"@type\":\"EntryPoint\",\"urlTemplate\":\"https:\\\/\\\/libreriaminutodedios.com\\\/?s={search_term_string}\"},\"query-input\":{\"@type\":\"PropertyValueSpecification\",\"valueRequired\":true,\"valueName\":\"search_term_string\"}}],\"inLanguage\":\"es\"},{\"@type\":\"Organization\",\"@id\":\"https:\\\/\\\/libreriaminutodedios.com\\\/#organization\",\"name\":\"Corporaci\u00f3n Centro Carism\u00e1tico Minuto de Dios\",\"alternateName\":\"Minuto de Dios\",\"url\":\"https:\\\/\\\/libreriaminutodedios.com\\\/\",\"logo\":{\"@type\":\"ImageObject\",\"inLanguage\":\"es\",\"@id\":\"https:\\\/\\\/libreriaminutodedios.com\\\/#\\\/schema\\\/logo\\\/image\\\/\",\"url\":\"https:\\\/\\\/libreriaminutodedios.com\\\/wp-content\\\/uploads\\\/2024\\\/09\\\/logo-libreria.png\",\"contentUrl\":\"https:\\\/\\\/libreriaminutodedios.com\\\/wp-content\\\/uploads\\\/2024\\\/09\\\/logo-libreria.png\",\"width\":400,\"height\":138,\"caption\":\"Corporaci\u00f3n Centro Carism\u00e1tico Minuto de Dios\"},\"image\":{\"@id\":\"https:\\\/\\\/libreriaminutodedios.com\\\/#\\\/schema\\\/logo\\\/image\\\/\"}}]}<\/script>\n<!-- \/ Yoast SEO plugin. -->","yoast_head_json":{"title":"Paz y alegr\u00eda al morir - Librer\u00eda Minuto de Dios","robots":{"index":"index","follow":"follow","max-snippet":"max-snippet:-1","max-image-preview":"max-image-preview:large","max-video-preview":"max-video-preview:-1"},"canonical":"https:\/\/libreriaminutodedios.com\/producto\/paz-y-alegria-al-morir\/","og_locale":"es_ES","og_type":"article","og_title":"Paz y alegr\u00eda al morir - Librer\u00eda Minuto de Dios","og_description":"La hermana Mary Jane Linn refiere sus experiencias sobre c\u00f3mo ha acompa\u00f1ado a algunas personas a bien morir, y las reflexiones y lecciones surgidas de esta labor, en torno a la necesidad de escucha y oraci\u00f3n que ellas tienen y que ella relaciona con las palabras de Jes\u00fas antes de morir.  Incluso en el caso de que la hermana Mary Jane encamine sus oraciones para preparar a una hermana hacia una buena muerte, aun entonces est\u00e1 orando por una sanaci\u00f3n f\u00edsica. Porque reza especialmente para aliviar un dolor, de modo que la hermana enferma no huya de una existencia dolorosa y paralizante, sino que m\u00e1s bien pueda escoger libremente el ir a la casa del Padre.","og_url":"https:\/\/libreriaminutodedios.com\/producto\/paz-y-alegria-al-morir\/","og_site_name":"Librer\u00eda Minuto de Dios","article_modified_time":"2024-11-19T17:57:35+00:00","og_image":[{"width":1080,"height":1080,"url":"https:\/\/libreriaminutodedios.com\/wp-content\/uploads\/2021\/03\/73.png","type":"image\/png"}],"twitter_card":"summary_large_image","twitter_misc":{"Tiempo de lectura":"1 minuto"},"schema":{"@context":"https:\/\/schema.org","@graph":[{"@type":"WebPage","@id":"https:\/\/libreriaminutodedios.com\/producto\/paz-y-alegria-al-morir\/","url":"https:\/\/libreriaminutodedios.com\/producto\/paz-y-alegria-al-morir\/","name":"Paz y alegr\u00eda al morir - Librer\u00eda Minuto de Dios","isPartOf":{"@id":"https:\/\/libreriaminutodedios.com\/#website"},"primaryImageOfPage":{"@id":"https:\/\/libreriaminutodedios.com\/producto\/paz-y-alegria-al-morir\/#primaryimage"},"image":{"@id":"https:\/\/libreriaminutodedios.com\/producto\/paz-y-alegria-al-morir\/#primaryimage"},"thumbnailUrl":"https:\/\/libreriaminutodedios.com\/wp-content\/uploads\/2021\/03\/73.png","datePublished":"2021-03-23T21:15:38+00:00","dateModified":"2024-11-19T17:57:35+00:00","breadcrumb":{"@id":"https:\/\/libreriaminutodedios.com\/producto\/paz-y-alegria-al-morir\/#breadcrumb"},"inLanguage":"es","potentialAction":[{"@type":"ReadAction","target":["https:\/\/libreriaminutodedios.com\/producto\/paz-y-alegria-al-morir\/"]}]},{"@type":"ImageObject","inLanguage":"es","@id":"https:\/\/libreriaminutodedios.com\/producto\/paz-y-alegria-al-morir\/#primaryimage","url":"https:\/\/libreriaminutodedios.com\/wp-content\/uploads\/2021\/03\/73.png","contentUrl":"https:\/\/libreriaminutodedios.com\/wp-content\/uploads\/2021\/03\/73.png","width":1080,"height":1080},{"@type":"BreadcrumbList","@id":"https:\/\/libreriaminutodedios.com\/producto\/paz-y-alegria-al-morir\/#breadcrumb","itemListElement":[{"@type":"ListItem","position":1,"name":"Portada","item":"https:\/\/libreriaminutodedios.com\/"},{"@type":"ListItem","position":2,"name":"Tienda","item":"https:\/\/libreriaminutodedios.com\/?page_id=2895"},{"@type":"ListItem","position":3,"name":"Paz y alegr\u00eda al morir"}]},{"@type":"WebSite","@id":"https:\/\/libreriaminutodedios.com\/#website","url":"https:\/\/libreriaminutodedios.com\/","name":"Librer\u00eda Minuto de Dios","description":"Sitio oficial de la Librer\u00eda Minuto de Dios","publisher":{"@id":"https:\/\/libreriaminutodedios.com\/#organization"},"alternateName":"Tienda Minuto de Dios","potentialAction":[{"@type":"SearchAction","target":{"@type":"EntryPoint","urlTemplate":"https:\/\/libreriaminutodedios.com\/?s={search_term_string}"},"query-input":{"@type":"PropertyValueSpecification","valueRequired":true,"valueName":"search_term_string"}}],"inLanguage":"es"},{"@type":"Organization","@id":"https:\/\/libreriaminutodedios.com\/#organization","name":"Corporaci\u00f3n Centro Carism\u00e1tico Minuto de Dios","alternateName":"Minuto de Dios","url":"https:\/\/libreriaminutodedios.com\/","logo":{"@type":"ImageObject","inLanguage":"es","@id":"https:\/\/libreriaminutodedios.com\/#\/schema\/logo\/image\/","url":"https:\/\/libreriaminutodedios.com\/wp-content\/uploads\/2024\/09\/logo-libreria.png","contentUrl":"https:\/\/libreriaminutodedios.com\/wp-content\/uploads\/2024\/09\/logo-libreria.png","width":400,"height":138,"caption":"Corporaci\u00f3n Centro Carism\u00e1tico Minuto de Dios"},"image":{"@id":"https:\/\/libreriaminutodedios.com\/#\/schema\/logo\/image\/"}}]}},"_links":{"self":[{"href":"https:\/\/libreriaminutodedios.com\/index.php?rest_route=\/wp\/v2\/product\/505","targetHints":{"allow":["GET"]}}],"collection":[{"href":"https:\/\/libreriaminutodedios.com\/index.php?rest_route=\/wp\/v2\/product"}],"about":[{"href":"https:\/\/libreriaminutodedios.com\/index.php?rest_route=\/wp\/v2\/types\/product"}],"replies":[{"embeddable":true,"href":"https:\/\/libreriaminutodedios.com\/index.php?rest_route=%2Fwp%2Fv2%2Fcomments&post=505"}],"wp:featuredmedia":[{"embeddable":true,"href":"https:\/\/libreriaminutodedios.com\/index.php?rest_route=\/wp\/v2\/media\/12323"}],"wp:attachment":[{"href":"https:\/\/libreriaminutodedios.com\/index.php?rest_route=%2Fwp%2Fv2%2Fmedia&parent=505"}],"wp:term":[{"taxonomy":"product_brand","embeddable":true,"href":"https:\/\/libreriaminutodedios.com\/index.php?rest_route=%2Fwp%2Fv2%2Fproduct_brand&post=505"},{"taxonomy":"product_cat","embeddable":true,"href":"https:\/\/libreriaminutodedios.com\/index.php?rest_route=%2Fwp%2Fv2%2Fproduct_cat&post=505"},{"taxonomy":"product_tag","embeddable":true,"href":"https:\/\/libreriaminutodedios.com\/index.php?rest_route=%2Fwp%2Fv2%2Fproduct_tag&post=505"}],"curies":[{"name":"wp","href":"https:\/\/api.w.org\/{rel}","templated":true}]}}