{"id":503,"date":"2021-03-23T16:06:23","date_gmt":"2021-03-23T21:06:23","guid":{"rendered":"https:\/\/libreriaminutodedios.com\/?post_type=product&#038;p=503"},"modified":"2026-05-13T16:09:51","modified_gmt":"2026-05-13T21:09:51","slug":"los-amigos-de-jesus","status":"publish","type":"product","link":"https:\/\/libreriaminutodedios.com\/?product=los-amigos-de-jesus","title":{"rendered":"Los amigos de Jes\u00fas"},"content":{"rendered":"<p>El Padre Diego Jaramillo ofrece un camino f\u00e1cil para acercarnos a Jes\u00fas, conocerlo y hacernos sus amigos a trav\u00e9s de las p\u00e1ginas del Nuevo Testamento conocer a quienes fueron cercanos a Jes\u00fas, recibieron su afecto y sus ense\u00f1anzas y compartieron momentos especiales.<\/p>\n<p>El Padre Diego desentra\u00f1a, con palabras sencillas, pero llenas de agudeza y color, las vivencias de los magos, Juan el Bautista, los primeros disc\u00edpulos y, entre ellos, Sim\u00f3n; Bartimeo, Zaqueo, L\u00e1zaro, Nicodemo, el disc\u00edpulo amado, Tom\u00e0s, Pablo.<\/p>\n<p>As\u00ed, aproxim\u00e1ndonos a ellos y viendo sus sentimientos, actitudes y comportamientos y profundizando en las palabras que Jes\u00fas les dirigi\u00f3, se enciende en el lector el deseo de actualizar esa experiencia de encuentro con El Se\u00f1or, de cercan\u00eda, afecto y misericordia, que llena de alegr\u00eda y de sentido la vida.<\/p>\n","protected":false},"excerpt":{"rendered":"<p>El Padre Diego Jaramillo ofrece un camino f\u00e1cil para acercarnos a Jes\u00fas, conocerlo y hacernos sus amigos a trav\u00e9s de las p\u00e1ginas del Nuevo Testamento conocer a quienes fueron cercanos a Jes\u00fas, recibieron su afecto y sus ense\u00f1anzas y compartieron momentos especiales.<\/p>\n<p>El Padre Diego desentra\u00f1a, con palabras sencillas, pero llenas de agudeza y color, las vivencias de los magos, Juan el Bautista, los primeros disc\u00edpulos y, entre ellos, Sim\u00f3n; Bartimeo, Zaqueo, L\u00e1zaro, Nicodemo, el disc\u00edpulo amado, Tom\u00e0s, Pablo.<\/p>\n<p>As\u00ed, aproxim\u00e1ndonos a ellos y viendo sus sentimientos, actitudes y comportamientos y profundizando en las palabras que Jes\u00fas les dirigi\u00f3, se enciende en el lector el deseo de actualizar esa experiencia de encuentro con El Se\u00f1or, de cercan\u00eda, afecto y misericordia, que llena de alegr\u00eda y de sentido la vida.<\/p>\n","protected":false},"featured_media":12371,"comment_status":"open","ping_status":"closed","template":"","meta":{"_acf_changed":false},"product_brand":[],"product_cat":[162,436],"product_tag":[378,490,22,502,208,373,374,375,376,377],"class_list":{"0":"post-503","1":"product","2":"type-product","3":"status-publish","4":"has-post-thumbnail","6":"product_cat-libros","7":"product_cat-encuentro-personal","8":"product_tag-zaqueo","9":"product_tag-editorial-md","10":"product_tag-minuto-de-dios","11":"product_tag-edit","12":"product_tag-amistad","13":"product_tag-amigos-de-jesus","14":"product_tag-bartimeo","15":"product_tag-lazaro","16":"product_tag-nicodemo","17":"product_tag-reyes-magos","19":"first","20":"instock","21":"purchasable","22":"product-type-simple"},"acf":[],"yoast_head":"<!-- This site is optimized with the Yoast SEO plugin v27.6 - https:\/\/yoast.com\/product\/yoast-seo-wordpress\/ -->\n<title>Los amigos de Jes\u00fas - Librer\u00eda Minuto de Dios<\/title>\n<meta name=\"robots\" content=\"index, follow, max-snippet:-1, max-image-preview:large, max-video-preview:-1\" \/>\n<link rel=\"canonical\" href=\"https:\/\/libreriaminutodedios.com\/producto\/los-amigos-de-jesus\/\" \/>\n<meta property=\"og:locale\" content=\"es_ES\" \/>\n<meta property=\"og:type\" content=\"article\" \/>\n<meta property=\"og:title\" content=\"Los amigos de Jes\u00fas - Librer\u00eda Minuto de Dios\" \/>\n<meta property=\"og:description\" content=\"El Padre Diego Jaramillo ofrece un camino f\u00e1cil para acercarnos a Jes\u00fas, conocerlo y hacernos sus amigos a trav\u00e9s de las p\u00e1ginas del Nuevo Testamento conocer a quienes fueron cercanos a Jes\u00fas, recibieron su afecto y sus ense\u00f1anzas y compartieron momentos especiales.  El Padre Diego desentra\u00f1a, con palabras sencillas, pero llenas de agudeza y color, las vivencias de los magos, Juan el Bautista, los primeros disc\u00edpulos y, entre ellos, Sim\u00f3n; Bartimeo, Zaqueo, L\u00e1zaro, Nicodemo, el disc\u00edpulo amado, Tom\u00e0s, Pablo.  As\u00ed, aproxim\u00e1ndonos a ellos y viendo sus sentimientos, actitudes y comportamientos y profundizando en las palabras que Jes\u00fas les dirigi\u00f3, se enciende en el lector el deseo de actualizar esa experiencia de encuentro con El Se\u00f1or, de cercan\u00eda, afecto y misericordia, que llena de alegr\u00eda y de sentido la vida.\" \/>\n<meta property=\"og:url\" content=\"https:\/\/libreriaminutodedios.com\/producto\/los-amigos-de-jesus\/\" \/>\n<meta property=\"og:site_name\" content=\"Librer\u00eda Minuto de Dios\" \/>\n<meta property=\"article:modified_time\" content=\"2026-05-13T21:09:51+00:00\" \/>\n<meta property=\"og:image\" content=\"https:\/\/libreriaminutodedios.com\/wp-content\/uploads\/2021\/03\/100.png\" \/>\n\t<meta property=\"og:image:width\" content=\"1080\" \/>\n\t<meta property=\"og:image:height\" content=\"1080\" \/>\n\t<meta property=\"og:image:type\" content=\"image\/png\" \/>\n<meta name=\"twitter:card\" content=\"summary_large_image\" \/>\n<meta name=\"twitter:label1\" content=\"Tiempo de lectura\" \/>\n\t<meta name=\"twitter:data1\" content=\"1 minuto\" \/>\n<script type=\"application\/ld+json\" class=\"yoast-schema-graph\">{\"@context\":\"https:\\\/\\\/schema.org\",\"@graph\":[{\"@type\":\"WebPage\",\"@id\":\"https:\\\/\\\/libreriaminutodedios.com\\\/producto\\\/los-amigos-de-jesus\\\/\",\"url\":\"https:\\\/\\\/libreriaminutodedios.com\\\/producto\\\/los-amigos-de-jesus\\\/\",\"name\":\"Los amigos de Jes\u00fas - Librer\u00eda Minuto de Dios\",\"isPartOf\":{\"@id\":\"https:\\\/\\\/libreriaminutodedios.com\\\/#website\"},\"primaryImageOfPage\":{\"@id\":\"https:\\\/\\\/libreriaminutodedios.com\\\/producto\\\/los-amigos-de-jesus\\\/#primaryimage\"},\"image\":{\"@id\":\"https:\\\/\\\/libreriaminutodedios.com\\\/producto\\\/los-amigos-de-jesus\\\/#primaryimage\"},\"thumbnailUrl\":\"https:\\\/\\\/libreriaminutodedios.com\\\/wp-content\\\/uploads\\\/2021\\\/03\\\/100.png\",\"datePublished\":\"2021-03-23T21:06:23+00:00\",\"dateModified\":\"2026-05-13T21:09:51+00:00\",\"breadcrumb\":{\"@id\":\"https:\\\/\\\/libreriaminutodedios.com\\\/producto\\\/los-amigos-de-jesus\\\/#breadcrumb\"},\"inLanguage\":\"es\",\"potentialAction\":[{\"@type\":\"ReadAction\",\"target\":[\"https:\\\/\\\/libreriaminutodedios.com\\\/producto\\\/los-amigos-de-jesus\\\/\"]}]},{\"@type\":\"ImageObject\",\"inLanguage\":\"es\",\"@id\":\"https:\\\/\\\/libreriaminutodedios.com\\\/producto\\\/los-amigos-de-jesus\\\/#primaryimage\",\"url\":\"https:\\\/\\\/libreriaminutodedios.com\\\/wp-content\\\/uploads\\\/2021\\\/03\\\/100.png\",\"contentUrl\":\"https:\\\/\\\/libreriaminutodedios.com\\\/wp-content\\\/uploads\\\/2021\\\/03\\\/100.png\",\"width\":1080,\"height\":1080},{\"@type\":\"BreadcrumbList\",\"@id\":\"https:\\\/\\\/libreriaminutodedios.com\\\/producto\\\/los-amigos-de-jesus\\\/#breadcrumb\",\"itemListElement\":[{\"@type\":\"ListItem\",\"position\":1,\"name\":\"Portada\",\"item\":\"https:\\\/\\\/libreriaminutodedios.com\\\/\"},{\"@type\":\"ListItem\",\"position\":2,\"name\":\"Tienda\",\"item\":\"https:\\\/\\\/libreriaminutodedios.com\\\/?page_id=2895\"},{\"@type\":\"ListItem\",\"position\":3,\"name\":\"Los amigos de Jes\u00fas\"}]},{\"@type\":\"WebSite\",\"@id\":\"https:\\\/\\\/libreriaminutodedios.com\\\/#website\",\"url\":\"https:\\\/\\\/libreriaminutodedios.com\\\/\",\"name\":\"Librer\u00eda Minuto de Dios\",\"description\":\"Sitio oficial de la Librer\u00eda Minuto de Dios\",\"publisher\":{\"@id\":\"https:\\\/\\\/libreriaminutodedios.com\\\/#organization\"},\"alternateName\":\"Tienda Minuto de Dios\",\"potentialAction\":[{\"@type\":\"SearchAction\",\"target\":{\"@type\":\"EntryPoint\",\"urlTemplate\":\"https:\\\/\\\/libreriaminutodedios.com\\\/?s={search_term_string}\"},\"query-input\":{\"@type\":\"PropertyValueSpecification\",\"valueRequired\":true,\"valueName\":\"search_term_string\"}}],\"inLanguage\":\"es\"},{\"@type\":\"Organization\",\"@id\":\"https:\\\/\\\/libreriaminutodedios.com\\\/#organization\",\"name\":\"Corporaci\u00f3n Centro Carism\u00e1tico Minuto de Dios\",\"alternateName\":\"Minuto de Dios\",\"url\":\"https:\\\/\\\/libreriaminutodedios.com\\\/\",\"logo\":{\"@type\":\"ImageObject\",\"inLanguage\":\"es\",\"@id\":\"https:\\\/\\\/libreriaminutodedios.com\\\/#\\\/schema\\\/logo\\\/image\\\/\",\"url\":\"https:\\\/\\\/libreriaminutodedios.com\\\/wp-content\\\/uploads\\\/2024\\\/09\\\/logo-libreria.png\",\"contentUrl\":\"https:\\\/\\\/libreriaminutodedios.com\\\/wp-content\\\/uploads\\\/2024\\\/09\\\/logo-libreria.png\",\"width\":400,\"height\":138,\"caption\":\"Corporaci\u00f3n Centro Carism\u00e1tico Minuto de Dios\"},\"image\":{\"@id\":\"https:\\\/\\\/libreriaminutodedios.com\\\/#\\\/schema\\\/logo\\\/image\\\/\"}}]}<\/script>\n<!-- \/ Yoast SEO plugin. -->","yoast_head_json":{"title":"Los amigos de Jes\u00fas - Librer\u00eda Minuto de Dios","robots":{"index":"index","follow":"follow","max-snippet":"max-snippet:-1","max-image-preview":"max-image-preview:large","max-video-preview":"max-video-preview:-1"},"canonical":"https:\/\/libreriaminutodedios.com\/producto\/los-amigos-de-jesus\/","og_locale":"es_ES","og_type":"article","og_title":"Los amigos de Jes\u00fas - Librer\u00eda Minuto de Dios","og_description":"El Padre Diego Jaramillo ofrece un camino f\u00e1cil para acercarnos a Jes\u00fas, conocerlo y hacernos sus amigos a trav\u00e9s de las p\u00e1ginas del Nuevo Testamento conocer a quienes fueron cercanos a Jes\u00fas, recibieron su afecto y sus ense\u00f1anzas y compartieron momentos especiales.  El Padre Diego desentra\u00f1a, con palabras sencillas, pero llenas de agudeza y color, las vivencias de los magos, Juan el Bautista, los primeros disc\u00edpulos y, entre ellos, Sim\u00f3n; Bartimeo, Zaqueo, L\u00e1zaro, Nicodemo, el disc\u00edpulo amado, Tom\u00e0s, Pablo.  As\u00ed, aproxim\u00e1ndonos a ellos y viendo sus sentimientos, actitudes y comportamientos y profundizando en las palabras que Jes\u00fas les dirigi\u00f3, se enciende en el lector el deseo de actualizar esa experiencia de encuentro con El Se\u00f1or, de cercan\u00eda, afecto y misericordia, que llena de alegr\u00eda y de sentido la vida.","og_url":"https:\/\/libreriaminutodedios.com\/producto\/los-amigos-de-jesus\/","og_site_name":"Librer\u00eda Minuto de Dios","article_modified_time":"2026-05-13T21:09:51+00:00","og_image":[{"width":1080,"height":1080,"url":"https:\/\/libreriaminutodedios.com\/wp-content\/uploads\/2021\/03\/100.png","type":"image\/png"}],"twitter_card":"summary_large_image","twitter_misc":{"Tiempo de lectura":"1 minuto"},"schema":{"@context":"https:\/\/schema.org","@graph":[{"@type":"WebPage","@id":"https:\/\/libreriaminutodedios.com\/producto\/los-amigos-de-jesus\/","url":"https:\/\/libreriaminutodedios.com\/producto\/los-amigos-de-jesus\/","name":"Los amigos de Jes\u00fas - Librer\u00eda Minuto de Dios","isPartOf":{"@id":"https:\/\/libreriaminutodedios.com\/#website"},"primaryImageOfPage":{"@id":"https:\/\/libreriaminutodedios.com\/producto\/los-amigos-de-jesus\/#primaryimage"},"image":{"@id":"https:\/\/libreriaminutodedios.com\/producto\/los-amigos-de-jesus\/#primaryimage"},"thumbnailUrl":"https:\/\/libreriaminutodedios.com\/wp-content\/uploads\/2021\/03\/100.png","datePublished":"2021-03-23T21:06:23+00:00","dateModified":"2026-05-13T21:09:51+00:00","breadcrumb":{"@id":"https:\/\/libreriaminutodedios.com\/producto\/los-amigos-de-jesus\/#breadcrumb"},"inLanguage":"es","potentialAction":[{"@type":"ReadAction","target":["https:\/\/libreriaminutodedios.com\/producto\/los-amigos-de-jesus\/"]}]},{"@type":"ImageObject","inLanguage":"es","@id":"https:\/\/libreriaminutodedios.com\/producto\/los-amigos-de-jesus\/#primaryimage","url":"https:\/\/libreriaminutodedios.com\/wp-content\/uploads\/2021\/03\/100.png","contentUrl":"https:\/\/libreriaminutodedios.com\/wp-content\/uploads\/2021\/03\/100.png","width":1080,"height":1080},{"@type":"BreadcrumbList","@id":"https:\/\/libreriaminutodedios.com\/producto\/los-amigos-de-jesus\/#breadcrumb","itemListElement":[{"@type":"ListItem","position":1,"name":"Portada","item":"https:\/\/libreriaminutodedios.com\/"},{"@type":"ListItem","position":2,"name":"Tienda","item":"https:\/\/libreriaminutodedios.com\/?page_id=2895"},{"@type":"ListItem","position":3,"name":"Los amigos de Jes\u00fas"}]},{"@type":"WebSite","@id":"https:\/\/libreriaminutodedios.com\/#website","url":"https:\/\/libreriaminutodedios.com\/","name":"Librer\u00eda Minuto de Dios","description":"Sitio oficial de la Librer\u00eda Minuto de Dios","publisher":{"@id":"https:\/\/libreriaminutodedios.com\/#organization"},"alternateName":"Tienda Minuto de Dios","potentialAction":[{"@type":"SearchAction","target":{"@type":"EntryPoint","urlTemplate":"https:\/\/libreriaminutodedios.com\/?s={search_term_string}"},"query-input":{"@type":"PropertyValueSpecification","valueRequired":true,"valueName":"search_term_string"}}],"inLanguage":"es"},{"@type":"Organization","@id":"https:\/\/libreriaminutodedios.com\/#organization","name":"Corporaci\u00f3n Centro Carism\u00e1tico Minuto de Dios","alternateName":"Minuto de Dios","url":"https:\/\/libreriaminutodedios.com\/","logo":{"@type":"ImageObject","inLanguage":"es","@id":"https:\/\/libreriaminutodedios.com\/#\/schema\/logo\/image\/","url":"https:\/\/libreriaminutodedios.com\/wp-content\/uploads\/2024\/09\/logo-libreria.png","contentUrl":"https:\/\/libreriaminutodedios.com\/wp-content\/uploads\/2024\/09\/logo-libreria.png","width":400,"height":138,"caption":"Corporaci\u00f3n Centro Carism\u00e1tico Minuto de Dios"},"image":{"@id":"https:\/\/libreriaminutodedios.com\/#\/schema\/logo\/image\/"}}]}},"_links":{"self":[{"href":"https:\/\/libreriaminutodedios.com\/index.php?rest_route=\/wp\/v2\/product\/503","targetHints":{"allow":["GET"]}}],"collection":[{"href":"https:\/\/libreriaminutodedios.com\/index.php?rest_route=\/wp\/v2\/product"}],"about":[{"href":"https:\/\/libreriaminutodedios.com\/index.php?rest_route=\/wp\/v2\/types\/product"}],"replies":[{"embeddable":true,"href":"https:\/\/libreriaminutodedios.com\/index.php?rest_route=%2Fwp%2Fv2%2Fcomments&post=503"}],"wp:featuredmedia":[{"embeddable":true,"href":"https:\/\/libreriaminutodedios.com\/index.php?rest_route=\/wp\/v2\/media\/12371"}],"wp:attachment":[{"href":"https:\/\/libreriaminutodedios.com\/index.php?rest_route=%2Fwp%2Fv2%2Fmedia&parent=503"}],"wp:term":[{"taxonomy":"product_brand","embeddable":true,"href":"https:\/\/libreriaminutodedios.com\/index.php?rest_route=%2Fwp%2Fv2%2Fproduct_brand&post=503"},{"taxonomy":"product_cat","embeddable":true,"href":"https:\/\/libreriaminutodedios.com\/index.php?rest_route=%2Fwp%2Fv2%2Fproduct_cat&post=503"},{"taxonomy":"product_tag","embeddable":true,"href":"https:\/\/libreriaminutodedios.com\/index.php?rest_route=%2Fwp%2Fv2%2Fproduct_tag&post=503"}],"curies":[{"name":"wp","href":"https:\/\/api.w.org\/{rel}","templated":true}]}}