{"id":463,"date":"2021-03-23T10:22:26","date_gmt":"2021-03-23T15:22:26","guid":{"rendered":"https:\/\/libreriaminutodedios.com\/?post_type=product&#038;p=463"},"modified":"2026-05-05T10:58:34","modified_gmt":"2026-05-05T15:58:34","slug":"oraciones-para-llenarnos-del-poder-del-espiritu-santo","status":"publish","type":"product","link":"https:\/\/libreriaminutodedios.com\/?product=oraciones-para-llenarnos-del-poder-del-espiritu-santo","title":{"rendered":"Oraciones para llenarnos del poder del Esp\u00edritu Santo"},"content":{"rendered":"<ol>\n<li>Este librito de oraciones para llenarnos del Esp\u00edritu Santo recoge algunas oraciones de la iglesia que nos ayudan a este prop\u00f3sito y\u00a0 complementa con otras de la experiencia personal del padre Javier. Es una ayuda para que invoques todos los d\u00edas al Esp\u00edritu Santo, abras tu coraz\u00f3n a su maravillosa Presencia y te dejes inundar de su amor y poder transformador, renovador y santificador.<\/li>\n<\/ol>\n","protected":false},"excerpt":{"rendered":"<p>Este librito de oraciones para llenarnos del Esp\u00edritu Santo recoge algunas oraciones de la iglesia que nos ayudan a este prop\u00f3sito y\u00a0 complementa con otras de la experiencia personal del padre Javier. Es una ayuda para que invoques todos los d\u00edas al Esp\u00edritu Santo, abras tu coraz\u00f3n a su maravillosa Presencia y te dejes inundar de su amor y poder transformador, renovador y santificador.<\/p>\n","protected":false},"featured_media":12357,"comment_status":"open","ping_status":"closed","template":"","meta":{"_acf_changed":false},"product_brand":[],"product_cat":[162,615,624,439],"product_tag":[55,344,345,346,347,348,490,44],"class_list":{"0":"post-463","1":"product","2":"type-product","3":"status-publish","4":"has-post-thumbnail","6":"product_cat-libros","7":"product_cat-colecciones","8":"product_cat-editorial-minuto-de-dios","9":"product_cat-oracion","10":"product_tag-amor","11":"product_tag-bendiciones","12":"product_tag-este-es-el-dia","13":"product_tag-levantate-y-anda","14":"product_tag-oraciones","15":"product_tag-santos","16":"product_tag-editorial-md","17":"product_tag-espiritu-santo","19":"first","20":"instock","21":"purchasable","22":"product-type-simple"},"acf":[],"yoast_head":"<!-- This site is optimized with the Yoast SEO plugin v27.6 - https:\/\/yoast.com\/product\/yoast-seo-wordpress\/ -->\n<title>Oraciones para llenarnos del poder del Esp\u00edritu Santo - Librer\u00eda Minuto de Dios<\/title>\n<meta name=\"robots\" content=\"index, follow, max-snippet:-1, max-image-preview:large, max-video-preview:-1\" \/>\n<link rel=\"canonical\" href=\"https:\/\/libreriaminutodedios.com\/producto\/oraciones-para-llenarnos-del-poder-del-espiritu-santo\/\" \/>\n<meta property=\"og:locale\" content=\"es_ES\" \/>\n<meta property=\"og:type\" content=\"article\" \/>\n<meta property=\"og:title\" content=\"Oraciones para llenarnos del poder del Esp\u00edritu Santo - Librer\u00eda Minuto de Dios\" \/>\n<meta property=\"og:description\" content=\"Este librito de oraciones para llenarnos del Esp\u00edritu Santo recoge algunas oraciones de la iglesia que nos ayudan a este prop\u00f3sito y\u00a0 complementa con otras de la experiencia personal del padre Javier. Es una ayuda para que invoques todos los d\u00edas al Esp\u00edritu Santo, abras tu coraz\u00f3n a su maravillosa Presencia y te dejes inundar de su amor y poder transformador, renovador y santificador.\" \/>\n<meta property=\"og:url\" content=\"https:\/\/libreriaminutodedios.com\/producto\/oraciones-para-llenarnos-del-poder-del-espiritu-santo\/\" \/>\n<meta property=\"og:site_name\" content=\"Librer\u00eda Minuto de Dios\" \/>\n<meta property=\"article:modified_time\" content=\"2026-05-05T15:58:34+00:00\" \/>\n<meta property=\"og:image\" content=\"https:\/\/libreriaminutodedios.com\/wp-content\/uploads\/2021\/03\/93.png\" \/>\n\t<meta property=\"og:image:width\" content=\"1080\" \/>\n\t<meta property=\"og:image:height\" content=\"1080\" \/>\n\t<meta property=\"og:image:type\" content=\"image\/png\" \/>\n<meta name=\"twitter:card\" content=\"summary_large_image\" \/>\n<meta name=\"twitter:label1\" content=\"Tiempo de lectura\" \/>\n\t<meta name=\"twitter:data1\" content=\"1 minuto\" \/>\n<script type=\"application\/ld+json\" class=\"yoast-schema-graph\">{\"@context\":\"https:\\\/\\\/schema.org\",\"@graph\":[{\"@type\":\"WebPage\",\"@id\":\"https:\\\/\\\/libreriaminutodedios.com\\\/producto\\\/oraciones-para-llenarnos-del-poder-del-espiritu-santo\\\/\",\"url\":\"https:\\\/\\\/libreriaminutodedios.com\\\/producto\\\/oraciones-para-llenarnos-del-poder-del-espiritu-santo\\\/\",\"name\":\"Oraciones para llenarnos del poder del Esp\u00edritu Santo - Librer\u00eda Minuto de Dios\",\"isPartOf\":{\"@id\":\"https:\\\/\\\/libreriaminutodedios.com\\\/#website\"},\"primaryImageOfPage\":{\"@id\":\"https:\\\/\\\/libreriaminutodedios.com\\\/producto\\\/oraciones-para-llenarnos-del-poder-del-espiritu-santo\\\/#primaryimage\"},\"image\":{\"@id\":\"https:\\\/\\\/libreriaminutodedios.com\\\/producto\\\/oraciones-para-llenarnos-del-poder-del-espiritu-santo\\\/#primaryimage\"},\"thumbnailUrl\":\"https:\\\/\\\/libreriaminutodedios.com\\\/wp-content\\\/uploads\\\/2021\\\/03\\\/93.png\",\"datePublished\":\"2021-03-23T15:22:26+00:00\",\"dateModified\":\"2026-05-05T15:58:34+00:00\",\"breadcrumb\":{\"@id\":\"https:\\\/\\\/libreriaminutodedios.com\\\/producto\\\/oraciones-para-llenarnos-del-poder-del-espiritu-santo\\\/#breadcrumb\"},\"inLanguage\":\"es\",\"potentialAction\":[{\"@type\":\"ReadAction\",\"target\":[\"https:\\\/\\\/libreriaminutodedios.com\\\/producto\\\/oraciones-para-llenarnos-del-poder-del-espiritu-santo\\\/\"]}]},{\"@type\":\"ImageObject\",\"inLanguage\":\"es\",\"@id\":\"https:\\\/\\\/libreriaminutodedios.com\\\/producto\\\/oraciones-para-llenarnos-del-poder-del-espiritu-santo\\\/#primaryimage\",\"url\":\"https:\\\/\\\/libreriaminutodedios.com\\\/wp-content\\\/uploads\\\/2021\\\/03\\\/93.png\",\"contentUrl\":\"https:\\\/\\\/libreriaminutodedios.com\\\/wp-content\\\/uploads\\\/2021\\\/03\\\/93.png\",\"width\":1080,\"height\":1080},{\"@type\":\"BreadcrumbList\",\"@id\":\"https:\\\/\\\/libreriaminutodedios.com\\\/producto\\\/oraciones-para-llenarnos-del-poder-del-espiritu-santo\\\/#breadcrumb\",\"itemListElement\":[{\"@type\":\"ListItem\",\"position\":1,\"name\":\"Portada\",\"item\":\"https:\\\/\\\/libreriaminutodedios.com\\\/\"},{\"@type\":\"ListItem\",\"position\":2,\"name\":\"Tienda\",\"item\":\"https:\\\/\\\/libreriaminutodedios.com\\\/?page_id=2895\"},{\"@type\":\"ListItem\",\"position\":3,\"name\":\"Oraciones para llenarnos del poder del Esp\u00edritu Santo\"}]},{\"@type\":\"WebSite\",\"@id\":\"https:\\\/\\\/libreriaminutodedios.com\\\/#website\",\"url\":\"https:\\\/\\\/libreriaminutodedios.com\\\/\",\"name\":\"Librer\u00eda Minuto de Dios\",\"description\":\"Sitio oficial de la Librer\u00eda Minuto de Dios\",\"publisher\":{\"@id\":\"https:\\\/\\\/libreriaminutodedios.com\\\/#organization\"},\"alternateName\":\"Tienda Minuto de Dios\",\"potentialAction\":[{\"@type\":\"SearchAction\",\"target\":{\"@type\":\"EntryPoint\",\"urlTemplate\":\"https:\\\/\\\/libreriaminutodedios.com\\\/?s={search_term_string}\"},\"query-input\":{\"@type\":\"PropertyValueSpecification\",\"valueRequired\":true,\"valueName\":\"search_term_string\"}}],\"inLanguage\":\"es\"},{\"@type\":\"Organization\",\"@id\":\"https:\\\/\\\/libreriaminutodedios.com\\\/#organization\",\"name\":\"Corporaci\u00f3n Centro Carism\u00e1tico Minuto de Dios\",\"alternateName\":\"Minuto de Dios\",\"url\":\"https:\\\/\\\/libreriaminutodedios.com\\\/\",\"logo\":{\"@type\":\"ImageObject\",\"inLanguage\":\"es\",\"@id\":\"https:\\\/\\\/libreriaminutodedios.com\\\/#\\\/schema\\\/logo\\\/image\\\/\",\"url\":\"https:\\\/\\\/libreriaminutodedios.com\\\/wp-content\\\/uploads\\\/2024\\\/09\\\/logo-libreria.png\",\"contentUrl\":\"https:\\\/\\\/libreriaminutodedios.com\\\/wp-content\\\/uploads\\\/2024\\\/09\\\/logo-libreria.png\",\"width\":400,\"height\":138,\"caption\":\"Corporaci\u00f3n Centro Carism\u00e1tico Minuto de Dios\"},\"image\":{\"@id\":\"https:\\\/\\\/libreriaminutodedios.com\\\/#\\\/schema\\\/logo\\\/image\\\/\"}}]}<\/script>\n<!-- \/ Yoast SEO plugin. -->","yoast_head_json":{"title":"Oraciones para llenarnos del poder del Esp\u00edritu Santo - Librer\u00eda Minuto de Dios","robots":{"index":"index","follow":"follow","max-snippet":"max-snippet:-1","max-image-preview":"max-image-preview:large","max-video-preview":"max-video-preview:-1"},"canonical":"https:\/\/libreriaminutodedios.com\/producto\/oraciones-para-llenarnos-del-poder-del-espiritu-santo\/","og_locale":"es_ES","og_type":"article","og_title":"Oraciones para llenarnos del poder del Esp\u00edritu Santo - Librer\u00eda Minuto de Dios","og_description":"Este librito de oraciones para llenarnos del Esp\u00edritu Santo recoge algunas oraciones de la iglesia que nos ayudan a este prop\u00f3sito y\u00a0 complementa con otras de la experiencia personal del padre Javier. Es una ayuda para que invoques todos los d\u00edas al Esp\u00edritu Santo, abras tu coraz\u00f3n a su maravillosa Presencia y te dejes inundar de su amor y poder transformador, renovador y santificador.","og_url":"https:\/\/libreriaminutodedios.com\/producto\/oraciones-para-llenarnos-del-poder-del-espiritu-santo\/","og_site_name":"Librer\u00eda Minuto de Dios","article_modified_time":"2026-05-05T15:58:34+00:00","og_image":[{"width":1080,"height":1080,"url":"https:\/\/libreriaminutodedios.com\/wp-content\/uploads\/2021\/03\/93.png","type":"image\/png"}],"twitter_card":"summary_large_image","twitter_misc":{"Tiempo de lectura":"1 minuto"},"schema":{"@context":"https:\/\/schema.org","@graph":[{"@type":"WebPage","@id":"https:\/\/libreriaminutodedios.com\/producto\/oraciones-para-llenarnos-del-poder-del-espiritu-santo\/","url":"https:\/\/libreriaminutodedios.com\/producto\/oraciones-para-llenarnos-del-poder-del-espiritu-santo\/","name":"Oraciones para llenarnos del poder del Esp\u00edritu Santo - Librer\u00eda Minuto de Dios","isPartOf":{"@id":"https:\/\/libreriaminutodedios.com\/#website"},"primaryImageOfPage":{"@id":"https:\/\/libreriaminutodedios.com\/producto\/oraciones-para-llenarnos-del-poder-del-espiritu-santo\/#primaryimage"},"image":{"@id":"https:\/\/libreriaminutodedios.com\/producto\/oraciones-para-llenarnos-del-poder-del-espiritu-santo\/#primaryimage"},"thumbnailUrl":"https:\/\/libreriaminutodedios.com\/wp-content\/uploads\/2021\/03\/93.png","datePublished":"2021-03-23T15:22:26+00:00","dateModified":"2026-05-05T15:58:34+00:00","breadcrumb":{"@id":"https:\/\/libreriaminutodedios.com\/producto\/oraciones-para-llenarnos-del-poder-del-espiritu-santo\/#breadcrumb"},"inLanguage":"es","potentialAction":[{"@type":"ReadAction","target":["https:\/\/libreriaminutodedios.com\/producto\/oraciones-para-llenarnos-del-poder-del-espiritu-santo\/"]}]},{"@type":"ImageObject","inLanguage":"es","@id":"https:\/\/libreriaminutodedios.com\/producto\/oraciones-para-llenarnos-del-poder-del-espiritu-santo\/#primaryimage","url":"https:\/\/libreriaminutodedios.com\/wp-content\/uploads\/2021\/03\/93.png","contentUrl":"https:\/\/libreriaminutodedios.com\/wp-content\/uploads\/2021\/03\/93.png","width":1080,"height":1080},{"@type":"BreadcrumbList","@id":"https:\/\/libreriaminutodedios.com\/producto\/oraciones-para-llenarnos-del-poder-del-espiritu-santo\/#breadcrumb","itemListElement":[{"@type":"ListItem","position":1,"name":"Portada","item":"https:\/\/libreriaminutodedios.com\/"},{"@type":"ListItem","position":2,"name":"Tienda","item":"https:\/\/libreriaminutodedios.com\/?page_id=2895"},{"@type":"ListItem","position":3,"name":"Oraciones para llenarnos del poder del Esp\u00edritu Santo"}]},{"@type":"WebSite","@id":"https:\/\/libreriaminutodedios.com\/#website","url":"https:\/\/libreriaminutodedios.com\/","name":"Librer\u00eda Minuto de Dios","description":"Sitio oficial de la Librer\u00eda Minuto de Dios","publisher":{"@id":"https:\/\/libreriaminutodedios.com\/#organization"},"alternateName":"Tienda Minuto de Dios","potentialAction":[{"@type":"SearchAction","target":{"@type":"EntryPoint","urlTemplate":"https:\/\/libreriaminutodedios.com\/?s={search_term_string}"},"query-input":{"@type":"PropertyValueSpecification","valueRequired":true,"valueName":"search_term_string"}}],"inLanguage":"es"},{"@type":"Organization","@id":"https:\/\/libreriaminutodedios.com\/#organization","name":"Corporaci\u00f3n Centro Carism\u00e1tico Minuto de Dios","alternateName":"Minuto de Dios","url":"https:\/\/libreriaminutodedios.com\/","logo":{"@type":"ImageObject","inLanguage":"es","@id":"https:\/\/libreriaminutodedios.com\/#\/schema\/logo\/image\/","url":"https:\/\/libreriaminutodedios.com\/wp-content\/uploads\/2024\/09\/logo-libreria.png","contentUrl":"https:\/\/libreriaminutodedios.com\/wp-content\/uploads\/2024\/09\/logo-libreria.png","width":400,"height":138,"caption":"Corporaci\u00f3n Centro Carism\u00e1tico Minuto de Dios"},"image":{"@id":"https:\/\/libreriaminutodedios.com\/#\/schema\/logo\/image\/"}}]}},"_links":{"self":[{"href":"https:\/\/libreriaminutodedios.com\/index.php?rest_route=\/wp\/v2\/product\/463","targetHints":{"allow":["GET"]}}],"collection":[{"href":"https:\/\/libreriaminutodedios.com\/index.php?rest_route=\/wp\/v2\/product"}],"about":[{"href":"https:\/\/libreriaminutodedios.com\/index.php?rest_route=\/wp\/v2\/types\/product"}],"replies":[{"embeddable":true,"href":"https:\/\/libreriaminutodedios.com\/index.php?rest_route=%2Fwp%2Fv2%2Fcomments&post=463"}],"wp:featuredmedia":[{"embeddable":true,"href":"https:\/\/libreriaminutodedios.com\/index.php?rest_route=\/wp\/v2\/media\/12357"}],"wp:attachment":[{"href":"https:\/\/libreriaminutodedios.com\/index.php?rest_route=%2Fwp%2Fv2%2Fmedia&parent=463"}],"wp:term":[{"taxonomy":"product_brand","embeddable":true,"href":"https:\/\/libreriaminutodedios.com\/index.php?rest_route=%2Fwp%2Fv2%2Fproduct_brand&post=463"},{"taxonomy":"product_cat","embeddable":true,"href":"https:\/\/libreriaminutodedios.com\/index.php?rest_route=%2Fwp%2Fv2%2Fproduct_cat&post=463"},{"taxonomy":"product_tag","embeddable":true,"href":"https:\/\/libreriaminutodedios.com\/index.php?rest_route=%2Fwp%2Fv2%2Fproduct_tag&post=463"}],"curies":[{"name":"wp","href":"https:\/\/api.w.org\/{rel}","templated":true}]}}