{"id":412,"date":"2021-03-18T11:31:58","date_gmt":"2021-03-18T16:31:58","guid":{"rendered":"https:\/\/libreriaminutodedios.com\/?post_type=product&#038;p=412"},"modified":"2025-05-12T12:42:46","modified_gmt":"2025-05-12T17:42:46","slug":"jesus-de-nazaret","status":"publish","type":"product","link":"https:\/\/libreriaminutodedios.com\/?product=jesus-de-nazaret","title":{"rendered":"Jes\u00fas de Nazaret"},"content":{"rendered":"<p>Cada atardecer es ocasi\u00f3n propicia para orar; para escuchar a Dios que nos habla, y para decirle lo que somos, lo que pensamos, lo que deseamos, lo que estamos necesitando. Es lo que hacemos cada d\u00eda en el programa \u201cEl Minuto de Dios\u201d, que se transmite por la televisi\u00f3n desde el 10 de enero de 19995.<br \/>\nEn ese comentario breve, iniciando por el sacerdote Rafael Garc\u00eda Herreros, se ha reflexionado sobre temas espirituales y sobre la influencia del evangelio en el acaecer diario y en las situaciones que afectan a Colombia. Fallecido el padre Rafael, en noviembre de 1992, he procurado continuar su obra, y en este libro recojo algunas meditaciones que en dicho programa he pronunciado sobre el Se\u00f1or Jes\u00fas, su vida y sus ense\u00f1anzas. En el evangelio leemos que un d\u00eda se oy\u00f3 una voz que dec\u00eda, hablando de Jes\u00fas: \u201cEste es mi hijo, el amado, mi predilecto: esc\u00fachenlo\u201d (Mt 17, 5).<br \/>\nEsta invitaci\u00f3n del cielo sigue resonando para todos nosotros. Escuchemos el mensaje de Jes\u00fas. Le\u00e1moslo. Pensemos en \u00c9l. Procuremos que la voz del evangelio anide en nuestro coraz\u00f3n.<\/p>\n","protected":false},"excerpt":{"rendered":"<p>Cada atardecer es ocasi\u00f3n propicia para orar; para escuchar a Dios que nos habla, y para decirle lo que somos, lo que pensamos, lo que deseamos, lo que estamos necesitando. Es lo que hacemos cada d\u00eda en el programa \u201cEl Minuto de Dios\u201d, que se transmite por la televisi\u00f3n desde el 10 de enero de 19995.<br \/>\nEn ese comentario breve, iniciando por el sacerdote Rafael Garc\u00eda Herreros, se ha reflexionado sobre temas espirituales y sobre la influencia del evangelio en el acaecer diario y en las situaciones que afectan a Colombia. Fallecido el padre Rafael, en noviembre de 1992, he procurado continuar su obra, y en este libro recojo algunas meditaciones que en dicho programa he pronunciado sobre el Se\u00f1or Jes\u00fas, su vida y sus ense\u00f1anzas. En el evangelio leemos que un d\u00eda se oy\u00f3 una voz que dec\u00eda, hablando de Jes\u00fas: \u201cEste es mi hijo, el amado, mi predilecto: esc\u00fachenlo\u201d (Mt 17, 5).<br \/>\nEsta invitaci\u00f3n del cielo sigue resonando para todos nosotros. Escuchemos el mensaje de Jes\u00fas. Le\u00e1moslo. Pensemos en \u00c9l. Procuremos que la voz del evangelio anide en nuestro coraz\u00f3n.<\/p>\n","protected":false},"featured_media":14489,"comment_status":"open","ping_status":"closed","template":"","meta":{"_acf_changed":false},"product_brand":[],"product_cat":[615,162,624,619],"product_tag":[490,129,194,256,265,303,304,305],"class_list":{"0":"post-412","1":"product","2":"type-product","3":"status-publish","4":"has-post-thumbnail","6":"product_cat-colecciones","7":"product_cat-libros","8":"product_cat-editorial-minuto-de-dios","9":"product_cat-logos","10":"product_tag-editorial-md","11":"product_tag-evangelio","12":"product_tag-mensajes","13":"product_tag-obra","14":"product_tag-espiritual","15":"product_tag-ensenanza","16":"product_tag-legado","17":"product_tag-hablar-con-dios","19":"first","20":"instock","21":"purchasable","22":"product-type-simple"},"acf":[],"yoast_head":"<!-- This site is optimized with the Yoast SEO plugin v27.6 - https:\/\/yoast.com\/product\/yoast-seo-wordpress\/ -->\n<title>Jes\u00fas de Nazaret - Librer\u00eda Minuto de Dios<\/title>\n<meta name=\"robots\" content=\"index, follow, max-snippet:-1, max-image-preview:large, max-video-preview:-1\" \/>\n<link rel=\"canonical\" href=\"https:\/\/libreriaminutodedios.com\/producto\/jesus-de-nazaret\/\" \/>\n<meta property=\"og:locale\" content=\"es_ES\" \/>\n<meta property=\"og:type\" content=\"article\" \/>\n<meta property=\"og:title\" content=\"Jes\u00fas de Nazaret - Librer\u00eda Minuto de Dios\" \/>\n<meta property=\"og:description\" content=\"Cada atardecer es ocasi\u00f3n propicia para orar; para escuchar a Dios que nos habla, y para decirle lo que somos, lo que pensamos, lo que deseamos, lo que estamos necesitando. Es lo que hacemos cada d\u00eda en el programa \u201cEl Minuto de Dios\u201d, que se transmite por la televisi\u00f3n desde el 10 de enero de 19995. En ese comentario breve, iniciando por el sacerdote Rafael Garc\u00eda Herreros, se ha reflexionado sobre temas espirituales y sobre la influencia del evangelio en el acaecer diario y en las situaciones que afectan a Colombia. Fallecido el padre Rafael, en noviembre de 1992, he procurado continuar su obra, y en este libro recojo algunas meditaciones que en dicho programa he pronunciado sobre el Se\u00f1or Jes\u00fas, su vida y sus ense\u00f1anzas. En el evangelio leemos que un d\u00eda se oy\u00f3 una voz que dec\u00eda, hablando de Jes\u00fas: \u201cEste es mi hijo, el amado, mi predilecto: esc\u00fachenlo\u201d (Mt 17, 5). Esta invitaci\u00f3n del cielo sigue resonando para todos nosotros. Escuchemos el mensaje de Jes\u00fas. Le\u00e1moslo. Pensemos en \u00c9l. Procuremos que la voz del evangelio anide en nuestro coraz\u00f3n.\" \/>\n<meta property=\"og:url\" content=\"https:\/\/libreriaminutodedios.com\/producto\/jesus-de-nazaret\/\" \/>\n<meta property=\"og:site_name\" content=\"Librer\u00eda Minuto de Dios\" \/>\n<meta property=\"article:modified_time\" content=\"2025-05-12T17:42:46+00:00\" \/>\n<meta property=\"og:image\" content=\"https:\/\/libreriaminutodedios.com\/wp-content\/uploads\/2021\/03\/Jesus2.png\" \/>\n\t<meta property=\"og:image:width\" content=\"1000\" \/>\n\t<meta property=\"og:image:height\" content=\"1000\" \/>\n\t<meta property=\"og:image:type\" content=\"image\/png\" \/>\n<meta name=\"twitter:card\" content=\"summary_large_image\" \/>\n<meta name=\"twitter:label1\" content=\"Tiempo de lectura\" \/>\n\t<meta name=\"twitter:data1\" content=\"2 minutos\" \/>\n<script type=\"application\/ld+json\" class=\"yoast-schema-graph\">{\"@context\":\"https:\\\/\\\/schema.org\",\"@graph\":[{\"@type\":\"WebPage\",\"@id\":\"https:\\\/\\\/libreriaminutodedios.com\\\/producto\\\/jesus-de-nazaret\\\/\",\"url\":\"https:\\\/\\\/libreriaminutodedios.com\\\/producto\\\/jesus-de-nazaret\\\/\",\"name\":\"Jes\u00fas de Nazaret - Librer\u00eda Minuto de Dios\",\"isPartOf\":{\"@id\":\"https:\\\/\\\/libreriaminutodedios.com\\\/#website\"},\"primaryImageOfPage\":{\"@id\":\"https:\\\/\\\/libreriaminutodedios.com\\\/producto\\\/jesus-de-nazaret\\\/#primaryimage\"},\"image\":{\"@id\":\"https:\\\/\\\/libreriaminutodedios.com\\\/producto\\\/jesus-de-nazaret\\\/#primaryimage\"},\"thumbnailUrl\":\"https:\\\/\\\/libreriaminutodedios.com\\\/wp-content\\\/uploads\\\/2021\\\/03\\\/Jesus2.png\",\"datePublished\":\"2021-03-18T16:31:58+00:00\",\"dateModified\":\"2025-05-12T17:42:46+00:00\",\"breadcrumb\":{\"@id\":\"https:\\\/\\\/libreriaminutodedios.com\\\/producto\\\/jesus-de-nazaret\\\/#breadcrumb\"},\"inLanguage\":\"es\",\"potentialAction\":[{\"@type\":\"ReadAction\",\"target\":[\"https:\\\/\\\/libreriaminutodedios.com\\\/producto\\\/jesus-de-nazaret\\\/\"]}]},{\"@type\":\"ImageObject\",\"inLanguage\":\"es\",\"@id\":\"https:\\\/\\\/libreriaminutodedios.com\\\/producto\\\/jesus-de-nazaret\\\/#primaryimage\",\"url\":\"https:\\\/\\\/libreriaminutodedios.com\\\/wp-content\\\/uploads\\\/2021\\\/03\\\/Jesus2.png\",\"contentUrl\":\"https:\\\/\\\/libreriaminutodedios.com\\\/wp-content\\\/uploads\\\/2021\\\/03\\\/Jesus2.png\",\"width\":1000,\"height\":1000},{\"@type\":\"BreadcrumbList\",\"@id\":\"https:\\\/\\\/libreriaminutodedios.com\\\/producto\\\/jesus-de-nazaret\\\/#breadcrumb\",\"itemListElement\":[{\"@type\":\"ListItem\",\"position\":1,\"name\":\"Portada\",\"item\":\"https:\\\/\\\/libreriaminutodedios.com\\\/\"},{\"@type\":\"ListItem\",\"position\":2,\"name\":\"Tienda\",\"item\":\"https:\\\/\\\/libreriaminutodedios.com\\\/?page_id=2895\"},{\"@type\":\"ListItem\",\"position\":3,\"name\":\"Jes\u00fas de Nazaret\"}]},{\"@type\":\"WebSite\",\"@id\":\"https:\\\/\\\/libreriaminutodedios.com\\\/#website\",\"url\":\"https:\\\/\\\/libreriaminutodedios.com\\\/\",\"name\":\"Librer\u00eda Minuto de Dios\",\"description\":\"Sitio oficial de la Librer\u00eda Minuto de Dios\",\"publisher\":{\"@id\":\"https:\\\/\\\/libreriaminutodedios.com\\\/#organization\"},\"alternateName\":\"Tienda Minuto de Dios\",\"potentialAction\":[{\"@type\":\"SearchAction\",\"target\":{\"@type\":\"EntryPoint\",\"urlTemplate\":\"https:\\\/\\\/libreriaminutodedios.com\\\/?s={search_term_string}\"},\"query-input\":{\"@type\":\"PropertyValueSpecification\",\"valueRequired\":true,\"valueName\":\"search_term_string\"}}],\"inLanguage\":\"es\"},{\"@type\":\"Organization\",\"@id\":\"https:\\\/\\\/libreriaminutodedios.com\\\/#organization\",\"name\":\"Corporaci\u00f3n Centro Carism\u00e1tico Minuto de Dios\",\"alternateName\":\"Minuto de Dios\",\"url\":\"https:\\\/\\\/libreriaminutodedios.com\\\/\",\"logo\":{\"@type\":\"ImageObject\",\"inLanguage\":\"es\",\"@id\":\"https:\\\/\\\/libreriaminutodedios.com\\\/#\\\/schema\\\/logo\\\/image\\\/\",\"url\":\"https:\\\/\\\/libreriaminutodedios.com\\\/wp-content\\\/uploads\\\/2024\\\/09\\\/logo-libreria.png\",\"contentUrl\":\"https:\\\/\\\/libreriaminutodedios.com\\\/wp-content\\\/uploads\\\/2024\\\/09\\\/logo-libreria.png\",\"width\":400,\"height\":138,\"caption\":\"Corporaci\u00f3n Centro Carism\u00e1tico Minuto de Dios\"},\"image\":{\"@id\":\"https:\\\/\\\/libreriaminutodedios.com\\\/#\\\/schema\\\/logo\\\/image\\\/\"}}]}<\/script>\n<!-- \/ Yoast SEO plugin. -->","yoast_head_json":{"title":"Jes\u00fas de Nazaret - Librer\u00eda Minuto de Dios","robots":{"index":"index","follow":"follow","max-snippet":"max-snippet:-1","max-image-preview":"max-image-preview:large","max-video-preview":"max-video-preview:-1"},"canonical":"https:\/\/libreriaminutodedios.com\/producto\/jesus-de-nazaret\/","og_locale":"es_ES","og_type":"article","og_title":"Jes\u00fas de Nazaret - Librer\u00eda Minuto de Dios","og_description":"Cada atardecer es ocasi\u00f3n propicia para orar; para escuchar a Dios que nos habla, y para decirle lo que somos, lo que pensamos, lo que deseamos, lo que estamos necesitando. Es lo que hacemos cada d\u00eda en el programa \u201cEl Minuto de Dios\u201d, que se transmite por la televisi\u00f3n desde el 10 de enero de 19995. En ese comentario breve, iniciando por el sacerdote Rafael Garc\u00eda Herreros, se ha reflexionado sobre temas espirituales y sobre la influencia del evangelio en el acaecer diario y en las situaciones que afectan a Colombia. Fallecido el padre Rafael, en noviembre de 1992, he procurado continuar su obra, y en este libro recojo algunas meditaciones que en dicho programa he pronunciado sobre el Se\u00f1or Jes\u00fas, su vida y sus ense\u00f1anzas. En el evangelio leemos que un d\u00eda se oy\u00f3 una voz que dec\u00eda, hablando de Jes\u00fas: \u201cEste es mi hijo, el amado, mi predilecto: esc\u00fachenlo\u201d (Mt 17, 5). Esta invitaci\u00f3n del cielo sigue resonando para todos nosotros. Escuchemos el mensaje de Jes\u00fas. Le\u00e1moslo. Pensemos en \u00c9l. Procuremos que la voz del evangelio anide en nuestro coraz\u00f3n.","og_url":"https:\/\/libreriaminutodedios.com\/producto\/jesus-de-nazaret\/","og_site_name":"Librer\u00eda Minuto de Dios","article_modified_time":"2025-05-12T17:42:46+00:00","og_image":[{"width":1000,"height":1000,"url":"https:\/\/libreriaminutodedios.com\/wp-content\/uploads\/2021\/03\/Jesus2.png","type":"image\/png"}],"twitter_card":"summary_large_image","twitter_misc":{"Tiempo de lectura":"2 minutos"},"schema":{"@context":"https:\/\/schema.org","@graph":[{"@type":"WebPage","@id":"https:\/\/libreriaminutodedios.com\/producto\/jesus-de-nazaret\/","url":"https:\/\/libreriaminutodedios.com\/producto\/jesus-de-nazaret\/","name":"Jes\u00fas de Nazaret - Librer\u00eda Minuto de Dios","isPartOf":{"@id":"https:\/\/libreriaminutodedios.com\/#website"},"primaryImageOfPage":{"@id":"https:\/\/libreriaminutodedios.com\/producto\/jesus-de-nazaret\/#primaryimage"},"image":{"@id":"https:\/\/libreriaminutodedios.com\/producto\/jesus-de-nazaret\/#primaryimage"},"thumbnailUrl":"https:\/\/libreriaminutodedios.com\/wp-content\/uploads\/2021\/03\/Jesus2.png","datePublished":"2021-03-18T16:31:58+00:00","dateModified":"2025-05-12T17:42:46+00:00","breadcrumb":{"@id":"https:\/\/libreriaminutodedios.com\/producto\/jesus-de-nazaret\/#breadcrumb"},"inLanguage":"es","potentialAction":[{"@type":"ReadAction","target":["https:\/\/libreriaminutodedios.com\/producto\/jesus-de-nazaret\/"]}]},{"@type":"ImageObject","inLanguage":"es","@id":"https:\/\/libreriaminutodedios.com\/producto\/jesus-de-nazaret\/#primaryimage","url":"https:\/\/libreriaminutodedios.com\/wp-content\/uploads\/2021\/03\/Jesus2.png","contentUrl":"https:\/\/libreriaminutodedios.com\/wp-content\/uploads\/2021\/03\/Jesus2.png","width":1000,"height":1000},{"@type":"BreadcrumbList","@id":"https:\/\/libreriaminutodedios.com\/producto\/jesus-de-nazaret\/#breadcrumb","itemListElement":[{"@type":"ListItem","position":1,"name":"Portada","item":"https:\/\/libreriaminutodedios.com\/"},{"@type":"ListItem","position":2,"name":"Tienda","item":"https:\/\/libreriaminutodedios.com\/?page_id=2895"},{"@type":"ListItem","position":3,"name":"Jes\u00fas de Nazaret"}]},{"@type":"WebSite","@id":"https:\/\/libreriaminutodedios.com\/#website","url":"https:\/\/libreriaminutodedios.com\/","name":"Librer\u00eda Minuto de Dios","description":"Sitio oficial de la Librer\u00eda Minuto de Dios","publisher":{"@id":"https:\/\/libreriaminutodedios.com\/#organization"},"alternateName":"Tienda Minuto de Dios","potentialAction":[{"@type":"SearchAction","target":{"@type":"EntryPoint","urlTemplate":"https:\/\/libreriaminutodedios.com\/?s={search_term_string}"},"query-input":{"@type":"PropertyValueSpecification","valueRequired":true,"valueName":"search_term_string"}}],"inLanguage":"es"},{"@type":"Organization","@id":"https:\/\/libreriaminutodedios.com\/#organization","name":"Corporaci\u00f3n Centro Carism\u00e1tico Minuto de Dios","alternateName":"Minuto de Dios","url":"https:\/\/libreriaminutodedios.com\/","logo":{"@type":"ImageObject","inLanguage":"es","@id":"https:\/\/libreriaminutodedios.com\/#\/schema\/logo\/image\/","url":"https:\/\/libreriaminutodedios.com\/wp-content\/uploads\/2024\/09\/logo-libreria.png","contentUrl":"https:\/\/libreriaminutodedios.com\/wp-content\/uploads\/2024\/09\/logo-libreria.png","width":400,"height":138,"caption":"Corporaci\u00f3n Centro Carism\u00e1tico Minuto de Dios"},"image":{"@id":"https:\/\/libreriaminutodedios.com\/#\/schema\/logo\/image\/"}}]}},"_links":{"self":[{"href":"https:\/\/libreriaminutodedios.com\/index.php?rest_route=\/wp\/v2\/product\/412","targetHints":{"allow":["GET"]}}],"collection":[{"href":"https:\/\/libreriaminutodedios.com\/index.php?rest_route=\/wp\/v2\/product"}],"about":[{"href":"https:\/\/libreriaminutodedios.com\/index.php?rest_route=\/wp\/v2\/types\/product"}],"replies":[{"embeddable":true,"href":"https:\/\/libreriaminutodedios.com\/index.php?rest_route=%2Fwp%2Fv2%2Fcomments&post=412"}],"wp:featuredmedia":[{"embeddable":true,"href":"https:\/\/libreriaminutodedios.com\/index.php?rest_route=\/wp\/v2\/media\/14489"}],"wp:attachment":[{"href":"https:\/\/libreriaminutodedios.com\/index.php?rest_route=%2Fwp%2Fv2%2Fmedia&parent=412"}],"wp:term":[{"taxonomy":"product_brand","embeddable":true,"href":"https:\/\/libreriaminutodedios.com\/index.php?rest_route=%2Fwp%2Fv2%2Fproduct_brand&post=412"},{"taxonomy":"product_cat","embeddable":true,"href":"https:\/\/libreriaminutodedios.com\/index.php?rest_route=%2Fwp%2Fv2%2Fproduct_cat&post=412"},{"taxonomy":"product_tag","embeddable":true,"href":"https:\/\/libreriaminutodedios.com\/index.php?rest_route=%2Fwp%2Fv2%2Fproduct_tag&post=412"}],"curies":[{"name":"wp","href":"https:\/\/api.w.org\/{rel}","templated":true}]}}