{"id":301,"date":"2021-03-11T16:13:16","date_gmt":"2021-03-11T21:13:16","guid":{"rendered":"https:\/\/libreriaminutodedios.com\/?post_type=product&#038;p=301"},"modified":"2025-02-05T12:10:48","modified_gmt":"2025-02-05T17:10:48","slug":"una-hora-para-dios","status":"publish","type":"product","link":"https:\/\/libreriaminutodedios.com\/?product=una-hora-para-dios","title":{"rendered":"Una hora para Dios"},"content":{"rendered":"<p>En la estad\u00eda en el Seminario de la Costa Atl\u00e1ntica, el Padre Rafael Garc\u00eda Herreros tubo la direcci\u00f3n de programa radial \u00abLa Hora Cat\u00f3lica\u00bb que inicio en 1946 y donde precisamente en este libro se publican los mensajes que el Padre Rafael daba durante ese programa semanal, organizado de acuerdo a su tem\u00e1tica o espiritualidad.<\/p>\n","protected":false},"excerpt":{"rendered":"<p>En la estad\u00eda en el Seminario de la Costa Atl\u00e1ntica, el Padre Rafael Garc\u00eda Herreros tubo la direcci\u00f3n de programa radial \u00abLa Hora Cat\u00f3lica\u00bb que inicio en 1946 y donde precisamente en este libro se publican los mensajes que el Padre Rafael daba durante ese programa semanal, organizado de acuerdo a su tem\u00e1tica o espiritualidad.<\/p>\n","protected":false},"featured_media":13118,"comment_status":"open","ping_status":"closed","template":"","meta":{"_acf_changed":false},"product_brand":[],"product_cat":[162,615,624,632],"product_tag":[187,223,246,490],"class_list":{"0":"post-301","1":"product","2":"type-product","3":"status-publish","4":"has-post-thumbnail","6":"product_cat-libros","7":"product_cat-colecciones","8":"product_cat-editorial-minuto-de-dios","9":"product_cat-obras-completas","10":"product_tag-espiritualidad","11":"product_tag-padre-rafael","12":"product_tag-la-hora-catolica","13":"product_tag-editorial-md","15":"first","16":"instock","17":"purchasable","18":"product-type-simple"},"acf":[],"yoast_head":"<!-- This site is optimized with the Yoast SEO plugin v27.6 - https:\/\/yoast.com\/product\/yoast-seo-wordpress\/ -->\n<title>Una hora para Dios - Librer\u00eda Minuto de Dios<\/title>\n<meta name=\"robots\" content=\"index, follow, max-snippet:-1, max-image-preview:large, max-video-preview:-1\" \/>\n<link rel=\"canonical\" href=\"https:\/\/libreriaminutodedios.com\/producto\/una-hora-para-dios\/\" \/>\n<meta property=\"og:locale\" content=\"es_ES\" \/>\n<meta property=\"og:type\" content=\"article\" \/>\n<meta property=\"og:title\" content=\"Una hora para Dios - Librer\u00eda Minuto de Dios\" \/>\n<meta property=\"og:description\" content=\"En la estad\u00eda en el Seminario de la Costa Atl\u00e1ntica, el Padre Rafael Garc\u00eda Herreros tubo la direcci\u00f3n de programa radial &quot;La Hora Cat\u00f3lica&quot; que inicio en 1946 y donde precisamente en este libro se publican los mensajes que el Padre Rafael daba durante ese programa semanal, organizado de acuerdo a su tem\u00e1tica o espiritualidad.\" \/>\n<meta property=\"og:url\" content=\"https:\/\/libreriaminutodedios.com\/producto\/una-hora-para-dios\/\" \/>\n<meta property=\"og:site_name\" content=\"Librer\u00eda Minuto de Dios\" \/>\n<meta property=\"article:modified_time\" content=\"2025-02-05T17:10:48+00:00\" \/>\n<meta property=\"og:image\" content=\"https:\/\/libreriaminutodedios.com\/wp-content\/uploads\/2021\/03\/30.png\" \/>\n\t<meta property=\"og:image:width\" content=\"1080\" \/>\n\t<meta property=\"og:image:height\" content=\"1080\" \/>\n\t<meta property=\"og:image:type\" content=\"image\/png\" \/>\n<meta name=\"twitter:card\" content=\"summary_large_image\" \/>\n<meta name=\"twitter:label1\" content=\"Tiempo de lectura\" \/>\n\t<meta name=\"twitter:data1\" content=\"1 minuto\" \/>\n<script type=\"application\/ld+json\" class=\"yoast-schema-graph\">{\"@context\":\"https:\\\/\\\/schema.org\",\"@graph\":[{\"@type\":\"WebPage\",\"@id\":\"https:\\\/\\\/libreriaminutodedios.com\\\/producto\\\/una-hora-para-dios\\\/\",\"url\":\"https:\\\/\\\/libreriaminutodedios.com\\\/producto\\\/una-hora-para-dios\\\/\",\"name\":\"Una hora para Dios - Librer\u00eda Minuto de Dios\",\"isPartOf\":{\"@id\":\"https:\\\/\\\/libreriaminutodedios.com\\\/#website\"},\"primaryImageOfPage\":{\"@id\":\"https:\\\/\\\/libreriaminutodedios.com\\\/producto\\\/una-hora-para-dios\\\/#primaryimage\"},\"image\":{\"@id\":\"https:\\\/\\\/libreriaminutodedios.com\\\/producto\\\/una-hora-para-dios\\\/#primaryimage\"},\"thumbnailUrl\":\"https:\\\/\\\/libreriaminutodedios.com\\\/wp-content\\\/uploads\\\/2021\\\/03\\\/30.png\",\"datePublished\":\"2021-03-11T21:13:16+00:00\",\"dateModified\":\"2025-02-05T17:10:48+00:00\",\"breadcrumb\":{\"@id\":\"https:\\\/\\\/libreriaminutodedios.com\\\/producto\\\/una-hora-para-dios\\\/#breadcrumb\"},\"inLanguage\":\"es\",\"potentialAction\":[{\"@type\":\"ReadAction\",\"target\":[\"https:\\\/\\\/libreriaminutodedios.com\\\/producto\\\/una-hora-para-dios\\\/\"]}]},{\"@type\":\"ImageObject\",\"inLanguage\":\"es\",\"@id\":\"https:\\\/\\\/libreriaminutodedios.com\\\/producto\\\/una-hora-para-dios\\\/#primaryimage\",\"url\":\"https:\\\/\\\/libreriaminutodedios.com\\\/wp-content\\\/uploads\\\/2021\\\/03\\\/30.png\",\"contentUrl\":\"https:\\\/\\\/libreriaminutodedios.com\\\/wp-content\\\/uploads\\\/2021\\\/03\\\/30.png\",\"width\":1080,\"height\":1080},{\"@type\":\"BreadcrumbList\",\"@id\":\"https:\\\/\\\/libreriaminutodedios.com\\\/producto\\\/una-hora-para-dios\\\/#breadcrumb\",\"itemListElement\":[{\"@type\":\"ListItem\",\"position\":1,\"name\":\"Portada\",\"item\":\"https:\\\/\\\/libreriaminutodedios.com\\\/\"},{\"@type\":\"ListItem\",\"position\":2,\"name\":\"Tienda\",\"item\":\"https:\\\/\\\/libreriaminutodedios.com\\\/?page_id=2895\"},{\"@type\":\"ListItem\",\"position\":3,\"name\":\"Una hora para Dios\"}]},{\"@type\":\"WebSite\",\"@id\":\"https:\\\/\\\/libreriaminutodedios.com\\\/#website\",\"url\":\"https:\\\/\\\/libreriaminutodedios.com\\\/\",\"name\":\"Librer\u00eda Minuto de Dios\",\"description\":\"Sitio oficial de la Librer\u00eda Minuto de Dios\",\"publisher\":{\"@id\":\"https:\\\/\\\/libreriaminutodedios.com\\\/#organization\"},\"alternateName\":\"Tienda Minuto de Dios\",\"potentialAction\":[{\"@type\":\"SearchAction\",\"target\":{\"@type\":\"EntryPoint\",\"urlTemplate\":\"https:\\\/\\\/libreriaminutodedios.com\\\/?s={search_term_string}\"},\"query-input\":{\"@type\":\"PropertyValueSpecification\",\"valueRequired\":true,\"valueName\":\"search_term_string\"}}],\"inLanguage\":\"es\"},{\"@type\":\"Organization\",\"@id\":\"https:\\\/\\\/libreriaminutodedios.com\\\/#organization\",\"name\":\"Corporaci\u00f3n Centro Carism\u00e1tico Minuto de Dios\",\"alternateName\":\"Minuto de Dios\",\"url\":\"https:\\\/\\\/libreriaminutodedios.com\\\/\",\"logo\":{\"@type\":\"ImageObject\",\"inLanguage\":\"es\",\"@id\":\"https:\\\/\\\/libreriaminutodedios.com\\\/#\\\/schema\\\/logo\\\/image\\\/\",\"url\":\"https:\\\/\\\/libreriaminutodedios.com\\\/wp-content\\\/uploads\\\/2024\\\/09\\\/logo-libreria.png\",\"contentUrl\":\"https:\\\/\\\/libreriaminutodedios.com\\\/wp-content\\\/uploads\\\/2024\\\/09\\\/logo-libreria.png\",\"width\":400,\"height\":138,\"caption\":\"Corporaci\u00f3n Centro Carism\u00e1tico Minuto de Dios\"},\"image\":{\"@id\":\"https:\\\/\\\/libreriaminutodedios.com\\\/#\\\/schema\\\/logo\\\/image\\\/\"}}]}<\/script>\n<!-- \/ Yoast SEO plugin. -->","yoast_head_json":{"title":"Una hora para Dios - Librer\u00eda Minuto de Dios","robots":{"index":"index","follow":"follow","max-snippet":"max-snippet:-1","max-image-preview":"max-image-preview:large","max-video-preview":"max-video-preview:-1"},"canonical":"https:\/\/libreriaminutodedios.com\/producto\/una-hora-para-dios\/","og_locale":"es_ES","og_type":"article","og_title":"Una hora para Dios - Librer\u00eda Minuto de Dios","og_description":"En la estad\u00eda en el Seminario de la Costa Atl\u00e1ntica, el Padre Rafael Garc\u00eda Herreros tubo la direcci\u00f3n de programa radial \"La Hora Cat\u00f3lica\" que inicio en 1946 y donde precisamente en este libro se publican los mensajes que el Padre Rafael daba durante ese programa semanal, organizado de acuerdo a su tem\u00e1tica o espiritualidad.","og_url":"https:\/\/libreriaminutodedios.com\/producto\/una-hora-para-dios\/","og_site_name":"Librer\u00eda Minuto de Dios","article_modified_time":"2025-02-05T17:10:48+00:00","og_image":[{"width":1080,"height":1080,"url":"https:\/\/libreriaminutodedios.com\/wp-content\/uploads\/2021\/03\/30.png","type":"image\/png"}],"twitter_card":"summary_large_image","twitter_misc":{"Tiempo de lectura":"1 minuto"},"schema":{"@context":"https:\/\/schema.org","@graph":[{"@type":"WebPage","@id":"https:\/\/libreriaminutodedios.com\/producto\/una-hora-para-dios\/","url":"https:\/\/libreriaminutodedios.com\/producto\/una-hora-para-dios\/","name":"Una hora para Dios - Librer\u00eda Minuto de Dios","isPartOf":{"@id":"https:\/\/libreriaminutodedios.com\/#website"},"primaryImageOfPage":{"@id":"https:\/\/libreriaminutodedios.com\/producto\/una-hora-para-dios\/#primaryimage"},"image":{"@id":"https:\/\/libreriaminutodedios.com\/producto\/una-hora-para-dios\/#primaryimage"},"thumbnailUrl":"https:\/\/libreriaminutodedios.com\/wp-content\/uploads\/2021\/03\/30.png","datePublished":"2021-03-11T21:13:16+00:00","dateModified":"2025-02-05T17:10:48+00:00","breadcrumb":{"@id":"https:\/\/libreriaminutodedios.com\/producto\/una-hora-para-dios\/#breadcrumb"},"inLanguage":"es","potentialAction":[{"@type":"ReadAction","target":["https:\/\/libreriaminutodedios.com\/producto\/una-hora-para-dios\/"]}]},{"@type":"ImageObject","inLanguage":"es","@id":"https:\/\/libreriaminutodedios.com\/producto\/una-hora-para-dios\/#primaryimage","url":"https:\/\/libreriaminutodedios.com\/wp-content\/uploads\/2021\/03\/30.png","contentUrl":"https:\/\/libreriaminutodedios.com\/wp-content\/uploads\/2021\/03\/30.png","width":1080,"height":1080},{"@type":"BreadcrumbList","@id":"https:\/\/libreriaminutodedios.com\/producto\/una-hora-para-dios\/#breadcrumb","itemListElement":[{"@type":"ListItem","position":1,"name":"Portada","item":"https:\/\/libreriaminutodedios.com\/"},{"@type":"ListItem","position":2,"name":"Tienda","item":"https:\/\/libreriaminutodedios.com\/?page_id=2895"},{"@type":"ListItem","position":3,"name":"Una hora para Dios"}]},{"@type":"WebSite","@id":"https:\/\/libreriaminutodedios.com\/#website","url":"https:\/\/libreriaminutodedios.com\/","name":"Librer\u00eda Minuto de Dios","description":"Sitio oficial de la Librer\u00eda Minuto de Dios","publisher":{"@id":"https:\/\/libreriaminutodedios.com\/#organization"},"alternateName":"Tienda Minuto de Dios","potentialAction":[{"@type":"SearchAction","target":{"@type":"EntryPoint","urlTemplate":"https:\/\/libreriaminutodedios.com\/?s={search_term_string}"},"query-input":{"@type":"PropertyValueSpecification","valueRequired":true,"valueName":"search_term_string"}}],"inLanguage":"es"},{"@type":"Organization","@id":"https:\/\/libreriaminutodedios.com\/#organization","name":"Corporaci\u00f3n Centro Carism\u00e1tico Minuto de Dios","alternateName":"Minuto de Dios","url":"https:\/\/libreriaminutodedios.com\/","logo":{"@type":"ImageObject","inLanguage":"es","@id":"https:\/\/libreriaminutodedios.com\/#\/schema\/logo\/image\/","url":"https:\/\/libreriaminutodedios.com\/wp-content\/uploads\/2024\/09\/logo-libreria.png","contentUrl":"https:\/\/libreriaminutodedios.com\/wp-content\/uploads\/2024\/09\/logo-libreria.png","width":400,"height":138,"caption":"Corporaci\u00f3n Centro Carism\u00e1tico Minuto de Dios"},"image":{"@id":"https:\/\/libreriaminutodedios.com\/#\/schema\/logo\/image\/"}}]}},"_links":{"self":[{"href":"https:\/\/libreriaminutodedios.com\/index.php?rest_route=\/wp\/v2\/product\/301","targetHints":{"allow":["GET"]}}],"collection":[{"href":"https:\/\/libreriaminutodedios.com\/index.php?rest_route=\/wp\/v2\/product"}],"about":[{"href":"https:\/\/libreriaminutodedios.com\/index.php?rest_route=\/wp\/v2\/types\/product"}],"replies":[{"embeddable":true,"href":"https:\/\/libreriaminutodedios.com\/index.php?rest_route=%2Fwp%2Fv2%2Fcomments&post=301"}],"wp:featuredmedia":[{"embeddable":true,"href":"https:\/\/libreriaminutodedios.com\/index.php?rest_route=\/wp\/v2\/media\/13118"}],"wp:attachment":[{"href":"https:\/\/libreriaminutodedios.com\/index.php?rest_route=%2Fwp%2Fv2%2Fmedia&parent=301"}],"wp:term":[{"taxonomy":"product_brand","embeddable":true,"href":"https:\/\/libreriaminutodedios.com\/index.php?rest_route=%2Fwp%2Fv2%2Fproduct_brand&post=301"},{"taxonomy":"product_cat","embeddable":true,"href":"https:\/\/libreriaminutodedios.com\/index.php?rest_route=%2Fwp%2Fv2%2Fproduct_cat&post=301"},{"taxonomy":"product_tag","embeddable":true,"href":"https:\/\/libreriaminutodedios.com\/index.php?rest_route=%2Fwp%2Fv2%2Fproduct_tag&post=301"}],"curies":[{"name":"wp","href":"https:\/\/api.w.org\/{rel}","templated":true}]}}