{"id":222,"date":"2021-03-11T10:14:57","date_gmt":"2021-03-11T15:14:57","guid":{"rendered":"https:\/\/libreriaminutodedios.com\/?post_type=product&#038;p=222"},"modified":"2026-01-16T13:51:13","modified_gmt":"2026-01-16T18:51:13","slug":"la-misa-que-sana","status":"publish","type":"product","link":"https:\/\/libreriaminutodedios.com\/?product=la-misa-que-sana","title":{"rendered":"La Misa que Sana"},"content":{"rendered":"<p>El Padre John Mario Montoya, sacerdote Eudista, presenta este libro con la intenci\u00f3n de que quiz\u00e1s le haga cambiar su visi\u00f3n de la eucarist\u00eda, pues muchos cat\u00f3licos participan de misas llamadas de sanaci\u00f3n y buscan en ellas alivio para sus males f\u00edsicos y espirituales. \u00a1Est\u00e1 bien! Pero hay mucho m\u00e1s en cada eucarist\u00eda celebrada y vivida con amor. \u00c9l nos anima con este texto a amar much\u00edsimo m\u00e1s el gran regalo de Jes\u00fas a toda la humanidad: la Eucarist\u00eda.<br \/>\nEl Padre John Mario invita a disfrutar estas sencillas meditaciones y dice: Mi intenci\u00f3n no es realizar un estudio teol\u00f3gico sobre la eucarist\u00eda, sino poder llevar al pueblo de Dios, y al sacerdote en primer lugar, a disfrutar del don eucar\u00edstico y que a trav\u00e9s de esta meditaci\u00f3n se precise que: Toda Misa es Sanadora. Toda la misa es sanadora: todas sus partes y todos sus momentos.<\/p>\n","protected":false},"excerpt":{"rendered":"<p>El Padre John Mario Montoya, sacerdote Eudista, presenta este libro con la intenci\u00f3n de que quiz\u00e1s le haga cambiar su visi\u00f3n de la eucarist\u00eda, pues muchos cat\u00f3licos participan de misas llamadas de sanaci\u00f3n y buscan en ellas alivio para sus males f\u00edsicos y espirituales. \u00a1Est\u00e1 bien! Pero hay mucho m\u00e1s en cada eucarist\u00eda celebrada y [&hellip;]<\/p>\n","protected":false},"featured_media":12654,"comment_status":"open","ping_status":"closed","template":"","meta":{"_acf_changed":false},"product_brand":[],"product_cat":[162,615,624,620,418],"product_tag":[490],"class_list":{"0":"post-222","1":"product","2":"type-product","3":"status-publish","4":"has-post-thumbnail","6":"product_cat-libros","7":"product_cat-colecciones","8":"product_cat-editorial-minuto-de-dios","9":"product_cat-mana","10":"product_cat-coleccion-sanacion","11":"product_tag-editorial-md","13":"first","14":"instock","15":"purchasable","16":"product-type-simple"},"acf":[],"yoast_head":"<!-- This site is optimized with the Yoast SEO plugin v27.6 - https:\/\/yoast.com\/product\/yoast-seo-wordpress\/ -->\n<title>La Misa que Sana - Librer\u00eda Minuto de Dios<\/title>\n<meta name=\"robots\" content=\"index, follow, max-snippet:-1, max-image-preview:large, max-video-preview:-1\" \/>\n<link rel=\"canonical\" href=\"https:\/\/libreriaminutodedios.com\/producto\/la-misa-que-sana\/\" \/>\n<meta property=\"og:locale\" content=\"es_ES\" \/>\n<meta property=\"og:type\" content=\"article\" \/>\n<meta property=\"og:title\" content=\"La Misa que Sana - Librer\u00eda Minuto de Dios\" \/>\n<meta property=\"og:description\" content=\"El Padre John Mario Montoya, sacerdote Eudista, presenta este libro con la intenci\u00f3n de que quiz\u00e1s le haga cambiar su visi\u00f3n de la eucarist\u00eda, pues muchos cat\u00f3licos participan de misas llamadas de sanaci\u00f3n y buscan en ellas alivio para sus males f\u00edsicos y espirituales. \u00a1Est\u00e1 bien! Pero hay mucho m\u00e1s en cada eucarist\u00eda celebrada y [&hellip;]\" \/>\n<meta property=\"og:url\" content=\"https:\/\/libreriaminutodedios.com\/producto\/la-misa-que-sana\/\" \/>\n<meta property=\"og:site_name\" content=\"Librer\u00eda Minuto de Dios\" \/>\n<meta property=\"article:modified_time\" content=\"2026-01-16T18:51:13+00:00\" \/>\n<meta property=\"og:image\" content=\"https:\/\/libreriaminutodedios.com\/wp-content\/uploads\/2021\/03\/46.png\" \/>\n\t<meta property=\"og:image:width\" content=\"1080\" \/>\n\t<meta property=\"og:image:height\" content=\"1080\" \/>\n\t<meta property=\"og:image:type\" content=\"image\/png\" \/>\n<meta name=\"twitter:card\" content=\"summary_large_image\" \/>\n<meta name=\"twitter:label1\" content=\"Tiempo de lectura\" \/>\n\t<meta name=\"twitter:data1\" content=\"1 minuto\" \/>\n<script type=\"application\/ld+json\" class=\"yoast-schema-graph\">{\"@context\":\"https:\\\/\\\/schema.org\",\"@graph\":[{\"@type\":\"WebPage\",\"@id\":\"https:\\\/\\\/libreriaminutodedios.com\\\/producto\\\/la-misa-que-sana\\\/\",\"url\":\"https:\\\/\\\/libreriaminutodedios.com\\\/producto\\\/la-misa-que-sana\\\/\",\"name\":\"La Misa que Sana - Librer\u00eda Minuto de Dios\",\"isPartOf\":{\"@id\":\"https:\\\/\\\/libreriaminutodedios.com\\\/#website\"},\"primaryImageOfPage\":{\"@id\":\"https:\\\/\\\/libreriaminutodedios.com\\\/producto\\\/la-misa-que-sana\\\/#primaryimage\"},\"image\":{\"@id\":\"https:\\\/\\\/libreriaminutodedios.com\\\/producto\\\/la-misa-que-sana\\\/#primaryimage\"},\"thumbnailUrl\":\"https:\\\/\\\/libreriaminutodedios.com\\\/wp-content\\\/uploads\\\/2021\\\/03\\\/46.png\",\"datePublished\":\"2021-03-11T15:14:57+00:00\",\"dateModified\":\"2026-01-16T18:51:13+00:00\",\"breadcrumb\":{\"@id\":\"https:\\\/\\\/libreriaminutodedios.com\\\/producto\\\/la-misa-que-sana\\\/#breadcrumb\"},\"inLanguage\":\"es\",\"potentialAction\":[{\"@type\":\"ReadAction\",\"target\":[\"https:\\\/\\\/libreriaminutodedios.com\\\/producto\\\/la-misa-que-sana\\\/\"]}]},{\"@type\":\"ImageObject\",\"inLanguage\":\"es\",\"@id\":\"https:\\\/\\\/libreriaminutodedios.com\\\/producto\\\/la-misa-que-sana\\\/#primaryimage\",\"url\":\"https:\\\/\\\/libreriaminutodedios.com\\\/wp-content\\\/uploads\\\/2021\\\/03\\\/46.png\",\"contentUrl\":\"https:\\\/\\\/libreriaminutodedios.com\\\/wp-content\\\/uploads\\\/2021\\\/03\\\/46.png\",\"width\":1080,\"height\":1080},{\"@type\":\"BreadcrumbList\",\"@id\":\"https:\\\/\\\/libreriaminutodedios.com\\\/producto\\\/la-misa-que-sana\\\/#breadcrumb\",\"itemListElement\":[{\"@type\":\"ListItem\",\"position\":1,\"name\":\"Portada\",\"item\":\"https:\\\/\\\/libreriaminutodedios.com\\\/\"},{\"@type\":\"ListItem\",\"position\":2,\"name\":\"Tienda\",\"item\":\"https:\\\/\\\/libreriaminutodedios.com\\\/?page_id=2895\"},{\"@type\":\"ListItem\",\"position\":3,\"name\":\"La Misa que Sana\"}]},{\"@type\":\"WebSite\",\"@id\":\"https:\\\/\\\/libreriaminutodedios.com\\\/#website\",\"url\":\"https:\\\/\\\/libreriaminutodedios.com\\\/\",\"name\":\"Librer\u00eda Minuto de Dios\",\"description\":\"Sitio oficial de la Librer\u00eda Minuto de Dios\",\"publisher\":{\"@id\":\"https:\\\/\\\/libreriaminutodedios.com\\\/#organization\"},\"alternateName\":\"Tienda Minuto de Dios\",\"potentialAction\":[{\"@type\":\"SearchAction\",\"target\":{\"@type\":\"EntryPoint\",\"urlTemplate\":\"https:\\\/\\\/libreriaminutodedios.com\\\/?s={search_term_string}\"},\"query-input\":{\"@type\":\"PropertyValueSpecification\",\"valueRequired\":true,\"valueName\":\"search_term_string\"}}],\"inLanguage\":\"es\"},{\"@type\":\"Organization\",\"@id\":\"https:\\\/\\\/libreriaminutodedios.com\\\/#organization\",\"name\":\"Corporaci\u00f3n Centro Carism\u00e1tico Minuto de Dios\",\"alternateName\":\"Minuto de Dios\",\"url\":\"https:\\\/\\\/libreriaminutodedios.com\\\/\",\"logo\":{\"@type\":\"ImageObject\",\"inLanguage\":\"es\",\"@id\":\"https:\\\/\\\/libreriaminutodedios.com\\\/#\\\/schema\\\/logo\\\/image\\\/\",\"url\":\"https:\\\/\\\/libreriaminutodedios.com\\\/wp-content\\\/uploads\\\/2024\\\/09\\\/logo-libreria.png\",\"contentUrl\":\"https:\\\/\\\/libreriaminutodedios.com\\\/wp-content\\\/uploads\\\/2024\\\/09\\\/logo-libreria.png\",\"width\":400,\"height\":138,\"caption\":\"Corporaci\u00f3n Centro Carism\u00e1tico Minuto de Dios\"},\"image\":{\"@id\":\"https:\\\/\\\/libreriaminutodedios.com\\\/#\\\/schema\\\/logo\\\/image\\\/\"}}]}<\/script>\n<!-- \/ Yoast SEO plugin. -->","yoast_head_json":{"title":"La Misa que Sana - Librer\u00eda Minuto de Dios","robots":{"index":"index","follow":"follow","max-snippet":"max-snippet:-1","max-image-preview":"max-image-preview:large","max-video-preview":"max-video-preview:-1"},"canonical":"https:\/\/libreriaminutodedios.com\/producto\/la-misa-que-sana\/","og_locale":"es_ES","og_type":"article","og_title":"La Misa que Sana - Librer\u00eda Minuto de Dios","og_description":"El Padre John Mario Montoya, sacerdote Eudista, presenta este libro con la intenci\u00f3n de que quiz\u00e1s le haga cambiar su visi\u00f3n de la eucarist\u00eda, pues muchos cat\u00f3licos participan de misas llamadas de sanaci\u00f3n y buscan en ellas alivio para sus males f\u00edsicos y espirituales. \u00a1Est\u00e1 bien! Pero hay mucho m\u00e1s en cada eucarist\u00eda celebrada y [&hellip;]","og_url":"https:\/\/libreriaminutodedios.com\/producto\/la-misa-que-sana\/","og_site_name":"Librer\u00eda Minuto de Dios","article_modified_time":"2026-01-16T18:51:13+00:00","og_image":[{"width":1080,"height":1080,"url":"https:\/\/libreriaminutodedios.com\/wp-content\/uploads\/2021\/03\/46.png","type":"image\/png"}],"twitter_card":"summary_large_image","twitter_misc":{"Tiempo de lectura":"1 minuto"},"schema":{"@context":"https:\/\/schema.org","@graph":[{"@type":"WebPage","@id":"https:\/\/libreriaminutodedios.com\/producto\/la-misa-que-sana\/","url":"https:\/\/libreriaminutodedios.com\/producto\/la-misa-que-sana\/","name":"La Misa que Sana - Librer\u00eda Minuto de Dios","isPartOf":{"@id":"https:\/\/libreriaminutodedios.com\/#website"},"primaryImageOfPage":{"@id":"https:\/\/libreriaminutodedios.com\/producto\/la-misa-que-sana\/#primaryimage"},"image":{"@id":"https:\/\/libreriaminutodedios.com\/producto\/la-misa-que-sana\/#primaryimage"},"thumbnailUrl":"https:\/\/libreriaminutodedios.com\/wp-content\/uploads\/2021\/03\/46.png","datePublished":"2021-03-11T15:14:57+00:00","dateModified":"2026-01-16T18:51:13+00:00","breadcrumb":{"@id":"https:\/\/libreriaminutodedios.com\/producto\/la-misa-que-sana\/#breadcrumb"},"inLanguage":"es","potentialAction":[{"@type":"ReadAction","target":["https:\/\/libreriaminutodedios.com\/producto\/la-misa-que-sana\/"]}]},{"@type":"ImageObject","inLanguage":"es","@id":"https:\/\/libreriaminutodedios.com\/producto\/la-misa-que-sana\/#primaryimage","url":"https:\/\/libreriaminutodedios.com\/wp-content\/uploads\/2021\/03\/46.png","contentUrl":"https:\/\/libreriaminutodedios.com\/wp-content\/uploads\/2021\/03\/46.png","width":1080,"height":1080},{"@type":"BreadcrumbList","@id":"https:\/\/libreriaminutodedios.com\/producto\/la-misa-que-sana\/#breadcrumb","itemListElement":[{"@type":"ListItem","position":1,"name":"Portada","item":"https:\/\/libreriaminutodedios.com\/"},{"@type":"ListItem","position":2,"name":"Tienda","item":"https:\/\/libreriaminutodedios.com\/?page_id=2895"},{"@type":"ListItem","position":3,"name":"La Misa que Sana"}]},{"@type":"WebSite","@id":"https:\/\/libreriaminutodedios.com\/#website","url":"https:\/\/libreriaminutodedios.com\/","name":"Librer\u00eda Minuto de Dios","description":"Sitio oficial de la Librer\u00eda Minuto de Dios","publisher":{"@id":"https:\/\/libreriaminutodedios.com\/#organization"},"alternateName":"Tienda Minuto de Dios","potentialAction":[{"@type":"SearchAction","target":{"@type":"EntryPoint","urlTemplate":"https:\/\/libreriaminutodedios.com\/?s={search_term_string}"},"query-input":{"@type":"PropertyValueSpecification","valueRequired":true,"valueName":"search_term_string"}}],"inLanguage":"es"},{"@type":"Organization","@id":"https:\/\/libreriaminutodedios.com\/#organization","name":"Corporaci\u00f3n Centro Carism\u00e1tico Minuto de Dios","alternateName":"Minuto de Dios","url":"https:\/\/libreriaminutodedios.com\/","logo":{"@type":"ImageObject","inLanguage":"es","@id":"https:\/\/libreriaminutodedios.com\/#\/schema\/logo\/image\/","url":"https:\/\/libreriaminutodedios.com\/wp-content\/uploads\/2024\/09\/logo-libreria.png","contentUrl":"https:\/\/libreriaminutodedios.com\/wp-content\/uploads\/2024\/09\/logo-libreria.png","width":400,"height":138,"caption":"Corporaci\u00f3n Centro Carism\u00e1tico Minuto de Dios"},"image":{"@id":"https:\/\/libreriaminutodedios.com\/#\/schema\/logo\/image\/"}}]}},"_links":{"self":[{"href":"https:\/\/libreriaminutodedios.com\/index.php?rest_route=\/wp\/v2\/product\/222","targetHints":{"allow":["GET"]}}],"collection":[{"href":"https:\/\/libreriaminutodedios.com\/index.php?rest_route=\/wp\/v2\/product"}],"about":[{"href":"https:\/\/libreriaminutodedios.com\/index.php?rest_route=\/wp\/v2\/types\/product"}],"replies":[{"embeddable":true,"href":"https:\/\/libreriaminutodedios.com\/index.php?rest_route=%2Fwp%2Fv2%2Fcomments&post=222"}],"wp:featuredmedia":[{"embeddable":true,"href":"https:\/\/libreriaminutodedios.com\/index.php?rest_route=\/wp\/v2\/media\/12654"}],"wp:attachment":[{"href":"https:\/\/libreriaminutodedios.com\/index.php?rest_route=%2Fwp%2Fv2%2Fmedia&parent=222"}],"wp:term":[{"taxonomy":"product_brand","embeddable":true,"href":"https:\/\/libreriaminutodedios.com\/index.php?rest_route=%2Fwp%2Fv2%2Fproduct_brand&post=222"},{"taxonomy":"product_cat","embeddable":true,"href":"https:\/\/libreriaminutodedios.com\/index.php?rest_route=%2Fwp%2Fv2%2Fproduct_cat&post=222"},{"taxonomy":"product_tag","embeddable":true,"href":"https:\/\/libreriaminutodedios.com\/index.php?rest_route=%2Fwp%2Fv2%2Fproduct_tag&post=222"}],"curies":[{"name":"wp","href":"https:\/\/api.w.org\/{rel}","templated":true}]}}