{"id":204,"date":"2021-03-11T09:41:43","date_gmt":"2021-03-11T14:41:43","guid":{"rendered":"https:\/\/libreriaminutodedios.com\/?post_type=product&#038;p=204"},"modified":"2026-02-17T13:13:06","modified_gmt":"2026-02-17T18:13:06","slug":"9-claves-para-ser-un-vencedor","status":"publish","type":"product","link":"https:\/\/libreriaminutodedios.com\/?product=9-claves-para-ser-un-vencedor","title":{"rendered":"9 Claves para ser un vencedor"},"content":{"rendered":"<p>El padre John Mario Montoya (sacerdote eudista), quiere ofrecer a trav\u00e9s de este libro la posibilidad de entender c\u00f3mo se puede tener una\u00a0 vida de vencedor. En este texto encontrar\u00e1 9 caracter\u00edsticas que le ayudar\u00e1n -si las aplica-, a ser una persona de una mentalidad diferente, a ser una persona m\u00e1s optimista, a ser propositivo, firme y de m\u00e1s convicci\u00f3n.<br \/>\nEl padre John Mario como orientador de diversos grupos pastorales, en su larga trayectoria ha podido conocer las realidades humanas m\u00e1s<br \/>\nprofundas. Es por eso que \u00e9l nos dice: \u201cEste libro har\u00e1 de usted una persona m\u00e1s segura, m\u00e1s estable y m\u00e1s firme; le ense\u00f1ar\u00e1 a tener una<br \/>\nactitud diferente ante la vida\u201d.<\/p>\n","protected":false},"excerpt":{"rendered":"<p>El padre John Mario Montoya (sacerdote eudista), quiere ofrecer a trav\u00e9s de este libro la posibilidad de entender c\u00f3mo se puede tener una\u00a0 vida de vencedor. En este texto encontrar\u00e1 9 caracter\u00edsticas que le ayudar\u00e1n -si las aplica-, a ser una persona de una mentalidad diferente, a ser una persona m\u00e1s optimista, a ser propositivo, firme y de m\u00e1s convicci\u00f3n.<br \/>\nEl padre John Mario como orientador de diversos grupos pastorales, en su larga trayectoria ha podido conocer las realidades humanas m\u00e1s<br \/>\nprofundas. Es por eso que \u00e9l nos dice: \u201cEste libro har\u00e1 de usted una persona m\u00e1s segura, m\u00e1s estable y m\u00e1s firme; le ense\u00f1ar\u00e1 a tener una<br \/>\nactitud diferente ante la vida\u201d.<\/p>\n","protected":false},"featured_media":12212,"comment_status":"open","ping_status":"closed","template":"","meta":{"_acf_changed":false},"product_brand":[],"product_cat":[615,162,624,620],"product_tag":[190,490,94,183,185,186,187,188,189],"class_list":{"0":"post-204","1":"product","2":"type-product","3":"status-publish","4":"has-post-thumbnail","6":"product_cat-colecciones","7":"product_cat-libros","8":"product_cat-editorial-minuto-de-dios","9":"product_cat-mana","10":"product_tag-renuncia","11":"product_tag-editorial-md","12":"product_tag-perdon","13":"product_tag-coherencia","14":"product_tag-direccion","15":"product_tag-disciplina","16":"product_tag-espiritualidad","17":"product_tag-fraternidad","18":"product_tag-gratitud","20":"first","21":"instock","22":"purchasable","23":"product-type-simple"},"acf":[],"yoast_head":"<!-- This site is optimized with the Yoast SEO plugin v27.6 - https:\/\/yoast.com\/product\/yoast-seo-wordpress\/ -->\n<title>9 Claves para ser un vencedor - Librer\u00eda Minuto de Dios<\/title>\n<meta name=\"robots\" content=\"index, follow, max-snippet:-1, max-image-preview:large, max-video-preview:-1\" \/>\n<link rel=\"canonical\" href=\"https:\/\/libreriaminutodedios.com\/producto\/9-claves-para-ser-un-vencedor\/\" \/>\n<meta property=\"og:locale\" content=\"es_ES\" \/>\n<meta property=\"og:type\" content=\"article\" \/>\n<meta property=\"og:title\" content=\"9 Claves para ser un vencedor - Librer\u00eda Minuto de Dios\" \/>\n<meta property=\"og:description\" content=\"El padre John Mario Montoya (sacerdote eudista), quiere ofrecer a trav\u00e9s de este libro la posibilidad de entender c\u00f3mo se puede tener una\u00a0 vida de vencedor. En este texto encontrar\u00e1 9 caracter\u00edsticas que le ayudar\u00e1n -si las aplica-, a ser una persona de una mentalidad diferente, a ser una persona m\u00e1s optimista, a ser propositivo, firme y de m\u00e1s convicci\u00f3n. El padre John Mario como orientador de diversos grupos pastorales, en su larga trayectoria ha podido conocer las realidades humanas m\u00e1s profundas. Es por eso que \u00e9l nos dice: \u201cEste libro har\u00e1 de usted una persona m\u00e1s segura, m\u00e1s estable y m\u00e1s firme; le ense\u00f1ar\u00e1 a tener una actitud diferente ante la vida\u201d.\" \/>\n<meta property=\"og:url\" content=\"https:\/\/libreriaminutodedios.com\/producto\/9-claves-para-ser-un-vencedor\/\" \/>\n<meta property=\"og:site_name\" content=\"Librer\u00eda Minuto de Dios\" \/>\n<meta property=\"article:modified_time\" content=\"2026-02-17T18:13:06+00:00\" \/>\n<meta property=\"og:image\" content=\"https:\/\/libreriaminutodedios.com\/wp-content\/uploads\/2021\/03\/Mesa-de-trabajo-1-copia-7-1.png\" \/>\n\t<meta property=\"og:image:width\" content=\"1080\" \/>\n\t<meta property=\"og:image:height\" content=\"1080\" \/>\n\t<meta property=\"og:image:type\" content=\"image\/png\" \/>\n<meta name=\"twitter:card\" content=\"summary_large_image\" \/>\n<meta name=\"twitter:label1\" content=\"Tiempo de lectura\" \/>\n\t<meta name=\"twitter:data1\" content=\"1 minuto\" \/>\n<script type=\"application\/ld+json\" class=\"yoast-schema-graph\">{\"@context\":\"https:\\\/\\\/schema.org\",\"@graph\":[{\"@type\":\"WebPage\",\"@id\":\"https:\\\/\\\/libreriaminutodedios.com\\\/producto\\\/9-claves-para-ser-un-vencedor\\\/\",\"url\":\"https:\\\/\\\/libreriaminutodedios.com\\\/producto\\\/9-claves-para-ser-un-vencedor\\\/\",\"name\":\"9 Claves para ser un vencedor - Librer\u00eda Minuto de Dios\",\"isPartOf\":{\"@id\":\"https:\\\/\\\/libreriaminutodedios.com\\\/#website\"},\"primaryImageOfPage\":{\"@id\":\"https:\\\/\\\/libreriaminutodedios.com\\\/producto\\\/9-claves-para-ser-un-vencedor\\\/#primaryimage\"},\"image\":{\"@id\":\"https:\\\/\\\/libreriaminutodedios.com\\\/producto\\\/9-claves-para-ser-un-vencedor\\\/#primaryimage\"},\"thumbnailUrl\":\"https:\\\/\\\/libreriaminutodedios.com\\\/wp-content\\\/uploads\\\/2021\\\/03\\\/Mesa-de-trabajo-1-copia-7-1.png\",\"datePublished\":\"2021-03-11T14:41:43+00:00\",\"dateModified\":\"2026-02-17T18:13:06+00:00\",\"breadcrumb\":{\"@id\":\"https:\\\/\\\/libreriaminutodedios.com\\\/producto\\\/9-claves-para-ser-un-vencedor\\\/#breadcrumb\"},\"inLanguage\":\"es\",\"potentialAction\":[{\"@type\":\"ReadAction\",\"target\":[\"https:\\\/\\\/libreriaminutodedios.com\\\/producto\\\/9-claves-para-ser-un-vencedor\\\/\"]}]},{\"@type\":\"ImageObject\",\"inLanguage\":\"es\",\"@id\":\"https:\\\/\\\/libreriaminutodedios.com\\\/producto\\\/9-claves-para-ser-un-vencedor\\\/#primaryimage\",\"url\":\"https:\\\/\\\/libreriaminutodedios.com\\\/wp-content\\\/uploads\\\/2021\\\/03\\\/Mesa-de-trabajo-1-copia-7-1.png\",\"contentUrl\":\"https:\\\/\\\/libreriaminutodedios.com\\\/wp-content\\\/uploads\\\/2021\\\/03\\\/Mesa-de-trabajo-1-copia-7-1.png\",\"width\":1080,\"height\":1080},{\"@type\":\"BreadcrumbList\",\"@id\":\"https:\\\/\\\/libreriaminutodedios.com\\\/producto\\\/9-claves-para-ser-un-vencedor\\\/#breadcrumb\",\"itemListElement\":[{\"@type\":\"ListItem\",\"position\":1,\"name\":\"Portada\",\"item\":\"https:\\\/\\\/libreriaminutodedios.com\\\/\"},{\"@type\":\"ListItem\",\"position\":2,\"name\":\"Tienda\",\"item\":\"https:\\\/\\\/libreriaminutodedios.com\\\/?page_id=2895\"},{\"@type\":\"ListItem\",\"position\":3,\"name\":\"9 Claves para ser un vencedor\"}]},{\"@type\":\"WebSite\",\"@id\":\"https:\\\/\\\/libreriaminutodedios.com\\\/#website\",\"url\":\"https:\\\/\\\/libreriaminutodedios.com\\\/\",\"name\":\"Librer\u00eda Minuto de Dios\",\"description\":\"Sitio oficial de la Librer\u00eda Minuto de Dios\",\"publisher\":{\"@id\":\"https:\\\/\\\/libreriaminutodedios.com\\\/#organization\"},\"alternateName\":\"Tienda Minuto de Dios\",\"potentialAction\":[{\"@type\":\"SearchAction\",\"target\":{\"@type\":\"EntryPoint\",\"urlTemplate\":\"https:\\\/\\\/libreriaminutodedios.com\\\/?s={search_term_string}\"},\"query-input\":{\"@type\":\"PropertyValueSpecification\",\"valueRequired\":true,\"valueName\":\"search_term_string\"}}],\"inLanguage\":\"es\"},{\"@type\":\"Organization\",\"@id\":\"https:\\\/\\\/libreriaminutodedios.com\\\/#organization\",\"name\":\"Corporaci\u00f3n Centro Carism\u00e1tico Minuto de Dios\",\"alternateName\":\"Minuto de Dios\",\"url\":\"https:\\\/\\\/libreriaminutodedios.com\\\/\",\"logo\":{\"@type\":\"ImageObject\",\"inLanguage\":\"es\",\"@id\":\"https:\\\/\\\/libreriaminutodedios.com\\\/#\\\/schema\\\/logo\\\/image\\\/\",\"url\":\"https:\\\/\\\/libreriaminutodedios.com\\\/wp-content\\\/uploads\\\/2024\\\/09\\\/logo-libreria.png\",\"contentUrl\":\"https:\\\/\\\/libreriaminutodedios.com\\\/wp-content\\\/uploads\\\/2024\\\/09\\\/logo-libreria.png\",\"width\":400,\"height\":138,\"caption\":\"Corporaci\u00f3n Centro Carism\u00e1tico Minuto de Dios\"},\"image\":{\"@id\":\"https:\\\/\\\/libreriaminutodedios.com\\\/#\\\/schema\\\/logo\\\/image\\\/\"}}]}<\/script>\n<!-- \/ Yoast SEO plugin. -->","yoast_head_json":{"title":"9 Claves para ser un vencedor - Librer\u00eda Minuto de Dios","robots":{"index":"index","follow":"follow","max-snippet":"max-snippet:-1","max-image-preview":"max-image-preview:large","max-video-preview":"max-video-preview:-1"},"canonical":"https:\/\/libreriaminutodedios.com\/producto\/9-claves-para-ser-un-vencedor\/","og_locale":"es_ES","og_type":"article","og_title":"9 Claves para ser un vencedor - Librer\u00eda Minuto de Dios","og_description":"El padre John Mario Montoya (sacerdote eudista), quiere ofrecer a trav\u00e9s de este libro la posibilidad de entender c\u00f3mo se puede tener una\u00a0 vida de vencedor. En este texto encontrar\u00e1 9 caracter\u00edsticas que le ayudar\u00e1n -si las aplica-, a ser una persona de una mentalidad diferente, a ser una persona m\u00e1s optimista, a ser propositivo, firme y de m\u00e1s convicci\u00f3n. El padre John Mario como orientador de diversos grupos pastorales, en su larga trayectoria ha podido conocer las realidades humanas m\u00e1s profundas. Es por eso que \u00e9l nos dice: \u201cEste libro har\u00e1 de usted una persona m\u00e1s segura, m\u00e1s estable y m\u00e1s firme; le ense\u00f1ar\u00e1 a tener una actitud diferente ante la vida\u201d.","og_url":"https:\/\/libreriaminutodedios.com\/producto\/9-claves-para-ser-un-vencedor\/","og_site_name":"Librer\u00eda Minuto de Dios","article_modified_time":"2026-02-17T18:13:06+00:00","og_image":[{"width":1080,"height":1080,"url":"https:\/\/libreriaminutodedios.com\/wp-content\/uploads\/2021\/03\/Mesa-de-trabajo-1-copia-7-1.png","type":"image\/png"}],"twitter_card":"summary_large_image","twitter_misc":{"Tiempo de lectura":"1 minuto"},"schema":{"@context":"https:\/\/schema.org","@graph":[{"@type":"WebPage","@id":"https:\/\/libreriaminutodedios.com\/producto\/9-claves-para-ser-un-vencedor\/","url":"https:\/\/libreriaminutodedios.com\/producto\/9-claves-para-ser-un-vencedor\/","name":"9 Claves para ser un vencedor - Librer\u00eda Minuto de Dios","isPartOf":{"@id":"https:\/\/libreriaminutodedios.com\/#website"},"primaryImageOfPage":{"@id":"https:\/\/libreriaminutodedios.com\/producto\/9-claves-para-ser-un-vencedor\/#primaryimage"},"image":{"@id":"https:\/\/libreriaminutodedios.com\/producto\/9-claves-para-ser-un-vencedor\/#primaryimage"},"thumbnailUrl":"https:\/\/libreriaminutodedios.com\/wp-content\/uploads\/2021\/03\/Mesa-de-trabajo-1-copia-7-1.png","datePublished":"2021-03-11T14:41:43+00:00","dateModified":"2026-02-17T18:13:06+00:00","breadcrumb":{"@id":"https:\/\/libreriaminutodedios.com\/producto\/9-claves-para-ser-un-vencedor\/#breadcrumb"},"inLanguage":"es","potentialAction":[{"@type":"ReadAction","target":["https:\/\/libreriaminutodedios.com\/producto\/9-claves-para-ser-un-vencedor\/"]}]},{"@type":"ImageObject","inLanguage":"es","@id":"https:\/\/libreriaminutodedios.com\/producto\/9-claves-para-ser-un-vencedor\/#primaryimage","url":"https:\/\/libreriaminutodedios.com\/wp-content\/uploads\/2021\/03\/Mesa-de-trabajo-1-copia-7-1.png","contentUrl":"https:\/\/libreriaminutodedios.com\/wp-content\/uploads\/2021\/03\/Mesa-de-trabajo-1-copia-7-1.png","width":1080,"height":1080},{"@type":"BreadcrumbList","@id":"https:\/\/libreriaminutodedios.com\/producto\/9-claves-para-ser-un-vencedor\/#breadcrumb","itemListElement":[{"@type":"ListItem","position":1,"name":"Portada","item":"https:\/\/libreriaminutodedios.com\/"},{"@type":"ListItem","position":2,"name":"Tienda","item":"https:\/\/libreriaminutodedios.com\/?page_id=2895"},{"@type":"ListItem","position":3,"name":"9 Claves para ser un vencedor"}]},{"@type":"WebSite","@id":"https:\/\/libreriaminutodedios.com\/#website","url":"https:\/\/libreriaminutodedios.com\/","name":"Librer\u00eda Minuto de Dios","description":"Sitio oficial de la Librer\u00eda Minuto de Dios","publisher":{"@id":"https:\/\/libreriaminutodedios.com\/#organization"},"alternateName":"Tienda Minuto de Dios","potentialAction":[{"@type":"SearchAction","target":{"@type":"EntryPoint","urlTemplate":"https:\/\/libreriaminutodedios.com\/?s={search_term_string}"},"query-input":{"@type":"PropertyValueSpecification","valueRequired":true,"valueName":"search_term_string"}}],"inLanguage":"es"},{"@type":"Organization","@id":"https:\/\/libreriaminutodedios.com\/#organization","name":"Corporaci\u00f3n Centro Carism\u00e1tico Minuto de Dios","alternateName":"Minuto de Dios","url":"https:\/\/libreriaminutodedios.com\/","logo":{"@type":"ImageObject","inLanguage":"es","@id":"https:\/\/libreriaminutodedios.com\/#\/schema\/logo\/image\/","url":"https:\/\/libreriaminutodedios.com\/wp-content\/uploads\/2024\/09\/logo-libreria.png","contentUrl":"https:\/\/libreriaminutodedios.com\/wp-content\/uploads\/2024\/09\/logo-libreria.png","width":400,"height":138,"caption":"Corporaci\u00f3n Centro Carism\u00e1tico Minuto de Dios"},"image":{"@id":"https:\/\/libreriaminutodedios.com\/#\/schema\/logo\/image\/"}}]}},"_links":{"self":[{"href":"https:\/\/libreriaminutodedios.com\/index.php?rest_route=\/wp\/v2\/product\/204","targetHints":{"allow":["GET"]}}],"collection":[{"href":"https:\/\/libreriaminutodedios.com\/index.php?rest_route=\/wp\/v2\/product"}],"about":[{"href":"https:\/\/libreriaminutodedios.com\/index.php?rest_route=\/wp\/v2\/types\/product"}],"replies":[{"embeddable":true,"href":"https:\/\/libreriaminutodedios.com\/index.php?rest_route=%2Fwp%2Fv2%2Fcomments&post=204"}],"wp:featuredmedia":[{"embeddable":true,"href":"https:\/\/libreriaminutodedios.com\/index.php?rest_route=\/wp\/v2\/media\/12212"}],"wp:attachment":[{"href":"https:\/\/libreriaminutodedios.com\/index.php?rest_route=%2Fwp%2Fv2%2Fmedia&parent=204"}],"wp:term":[{"taxonomy":"product_brand","embeddable":true,"href":"https:\/\/libreriaminutodedios.com\/index.php?rest_route=%2Fwp%2Fv2%2Fproduct_brand&post=204"},{"taxonomy":"product_cat","embeddable":true,"href":"https:\/\/libreriaminutodedios.com\/index.php?rest_route=%2Fwp%2Fv2%2Fproduct_cat&post=204"},{"taxonomy":"product_tag","embeddable":true,"href":"https:\/\/libreriaminutodedios.com\/index.php?rest_route=%2Fwp%2Fv2%2Fproduct_tag&post=204"}],"curies":[{"name":"wp","href":"https:\/\/api.w.org\/{rel}","templated":true}]}}