{"id":200,"date":"2021-03-11T09:37:53","date_gmt":"2021-03-11T14:37:53","guid":{"rendered":"https:\/\/libreriaminutodedios.com\/?post_type=product&#038;p=200"},"modified":"2025-01-22T09:32:47","modified_gmt":"2025-01-22T14:32:47","slug":"conquiste-nuevas-bendiciones","status":"publish","type":"product","link":"https:\/\/libreriaminutodedios.com\/?product=conquiste-nuevas-bendiciones","title":{"rendered":"Conquiste nuevas Bendiciones"},"content":{"rendered":"<p><span style=\"font-weight: 400;\">Como hijos de Dios estamos llamados a la prosperidad y el bienestar, pero en ocasiones dejamos que la vida se pase y nos quedamos estancados o anclados a situaciones que nos impiden el crecimiento, a veces simplemente no sabemos c\u00f3mo hacer las cosas, por d\u00f3nde empezar.<\/span><\/p>\n<p><span style=\"font-weight: 400;\">Este libro le ense\u00f1ar\u00e1 a dejar de lado los miedos y prejuicios que tenemos con relaci\u00f3n al futuro y lo ayudar\u00e1 a emprender el camino hacia nuevos estadios de desarrollo.<\/span><\/p>\n","protected":false},"excerpt":{"rendered":"<p><span style=\"font-weight: 400;\">Como hijos de Dios estamos llamados a la prosperidad y el bienestar, pero en ocasiones dejamos que la vida se pase y nos quedamos estancados o anclados a situaciones que nos impiden el crecimiento, a veces simplemente no sabemos c\u00f3mo hacer las cosas, por d\u00f3nde empezar.<\/span><\/p>\n<p><span style=\"font-weight: 400;\">Este libro le ense\u00f1ar\u00e1 a dejar de lado los miedos y prejuicios que tenemos con relaci\u00f3n al futuro y lo ayudar\u00e1 a emprender el camino hacia nuevos estadios de desarrollo.<\/span><\/p>\n","protected":false},"featured_media":12210,"comment_status":"open","ping_status":"closed","template":"","meta":{"_acf_changed":false},"product_brand":[],"product_cat":[615,162,624,620],"product_tag":[60,180,181,182,490],"class_list":{"0":"post-200","1":"product","2":"type-product","3":"status-publish","4":"has-post-thumbnail","6":"product_cat-colecciones","7":"product_cat-libros","8":"product_cat-editorial-minuto-de-dios","9":"product_cat-mana","10":"product_tag-oracion","11":"product_tag-bendicion","12":"product_tag-conquista","13":"product_tag-valor","14":"product_tag-editorial-md","16":"first","17":"instock","18":"purchasable","19":"product-type-simple"},"acf":[],"yoast_head":"<!-- This site is optimized with the Yoast SEO plugin v27.6 - https:\/\/yoast.com\/product\/yoast-seo-wordpress\/ -->\n<title>Conquiste nuevas Bendiciones - Librer\u00eda Minuto de Dios<\/title>\n<meta name=\"robots\" content=\"index, follow, max-snippet:-1, max-image-preview:large, max-video-preview:-1\" \/>\n<link rel=\"canonical\" href=\"https:\/\/libreriaminutodedios.com\/producto\/conquiste-nuevas-bendiciones\/\" \/>\n<meta property=\"og:locale\" content=\"es_ES\" \/>\n<meta property=\"og:type\" content=\"article\" \/>\n<meta property=\"og:title\" content=\"Conquiste nuevas Bendiciones - Librer\u00eda Minuto de Dios\" \/>\n<meta property=\"og:description\" content=\"Como hijos de Dios estamos llamados a la prosperidad y el bienestar, pero en ocasiones dejamos que la vida se pase y nos quedamos estancados o anclados a situaciones que nos impiden el crecimiento, a veces simplemente no sabemos c\u00f3mo hacer las cosas, por d\u00f3nde empezar.  Este libro le ense\u00f1ar\u00e1 a dejar de lado los miedos y prejuicios que tenemos con relaci\u00f3n al futuro y lo ayudar\u00e1 a emprender el camino hacia nuevos estadios de desarrollo.\" \/>\n<meta property=\"og:url\" content=\"https:\/\/libreriaminutodedios.com\/producto\/conquiste-nuevas-bendiciones\/\" \/>\n<meta property=\"og:site_name\" content=\"Librer\u00eda Minuto de Dios\" \/>\n<meta property=\"article:modified_time\" content=\"2025-01-22T14:32:47+00:00\" \/>\n<meta property=\"og:image\" content=\"https:\/\/libreriaminutodedios.com\/wp-content\/uploads\/2021\/03\/Mesa-de-trabajo-1-copia-6.png\" \/>\n\t<meta property=\"og:image:width\" content=\"1080\" \/>\n\t<meta property=\"og:image:height\" content=\"1080\" \/>\n\t<meta property=\"og:image:type\" content=\"image\/png\" \/>\n<meta name=\"twitter:card\" content=\"summary_large_image\" \/>\n<meta name=\"twitter:label1\" content=\"Tiempo de lectura\" \/>\n\t<meta name=\"twitter:data1\" content=\"1 minuto\" \/>\n<script type=\"application\/ld+json\" class=\"yoast-schema-graph\">{\"@context\":\"https:\\\/\\\/schema.org\",\"@graph\":[{\"@type\":\"WebPage\",\"@id\":\"https:\\\/\\\/libreriaminutodedios.com\\\/producto\\\/conquiste-nuevas-bendiciones\\\/\",\"url\":\"https:\\\/\\\/libreriaminutodedios.com\\\/producto\\\/conquiste-nuevas-bendiciones\\\/\",\"name\":\"Conquiste nuevas Bendiciones - Librer\u00eda Minuto de Dios\",\"isPartOf\":{\"@id\":\"https:\\\/\\\/libreriaminutodedios.com\\\/#website\"},\"primaryImageOfPage\":{\"@id\":\"https:\\\/\\\/libreriaminutodedios.com\\\/producto\\\/conquiste-nuevas-bendiciones\\\/#primaryimage\"},\"image\":{\"@id\":\"https:\\\/\\\/libreriaminutodedios.com\\\/producto\\\/conquiste-nuevas-bendiciones\\\/#primaryimage\"},\"thumbnailUrl\":\"https:\\\/\\\/libreriaminutodedios.com\\\/wp-content\\\/uploads\\\/2021\\\/03\\\/Mesa-de-trabajo-1-copia-6.png\",\"datePublished\":\"2021-03-11T14:37:53+00:00\",\"dateModified\":\"2025-01-22T14:32:47+00:00\",\"breadcrumb\":{\"@id\":\"https:\\\/\\\/libreriaminutodedios.com\\\/producto\\\/conquiste-nuevas-bendiciones\\\/#breadcrumb\"},\"inLanguage\":\"es\",\"potentialAction\":[{\"@type\":\"ReadAction\",\"target\":[\"https:\\\/\\\/libreriaminutodedios.com\\\/producto\\\/conquiste-nuevas-bendiciones\\\/\"]}]},{\"@type\":\"ImageObject\",\"inLanguage\":\"es\",\"@id\":\"https:\\\/\\\/libreriaminutodedios.com\\\/producto\\\/conquiste-nuevas-bendiciones\\\/#primaryimage\",\"url\":\"https:\\\/\\\/libreriaminutodedios.com\\\/wp-content\\\/uploads\\\/2021\\\/03\\\/Mesa-de-trabajo-1-copia-6.png\",\"contentUrl\":\"https:\\\/\\\/libreriaminutodedios.com\\\/wp-content\\\/uploads\\\/2021\\\/03\\\/Mesa-de-trabajo-1-copia-6.png\",\"width\":1080,\"height\":1080},{\"@type\":\"BreadcrumbList\",\"@id\":\"https:\\\/\\\/libreriaminutodedios.com\\\/producto\\\/conquiste-nuevas-bendiciones\\\/#breadcrumb\",\"itemListElement\":[{\"@type\":\"ListItem\",\"position\":1,\"name\":\"Portada\",\"item\":\"https:\\\/\\\/libreriaminutodedios.com\\\/\"},{\"@type\":\"ListItem\",\"position\":2,\"name\":\"Tienda\",\"item\":\"https:\\\/\\\/libreriaminutodedios.com\\\/?page_id=2895\"},{\"@type\":\"ListItem\",\"position\":3,\"name\":\"Conquiste nuevas Bendiciones\"}]},{\"@type\":\"WebSite\",\"@id\":\"https:\\\/\\\/libreriaminutodedios.com\\\/#website\",\"url\":\"https:\\\/\\\/libreriaminutodedios.com\\\/\",\"name\":\"Librer\u00eda Minuto de Dios\",\"description\":\"Sitio oficial de la Librer\u00eda Minuto de Dios\",\"publisher\":{\"@id\":\"https:\\\/\\\/libreriaminutodedios.com\\\/#organization\"},\"alternateName\":\"Tienda Minuto de Dios\",\"potentialAction\":[{\"@type\":\"SearchAction\",\"target\":{\"@type\":\"EntryPoint\",\"urlTemplate\":\"https:\\\/\\\/libreriaminutodedios.com\\\/?s={search_term_string}\"},\"query-input\":{\"@type\":\"PropertyValueSpecification\",\"valueRequired\":true,\"valueName\":\"search_term_string\"}}],\"inLanguage\":\"es\"},{\"@type\":\"Organization\",\"@id\":\"https:\\\/\\\/libreriaminutodedios.com\\\/#organization\",\"name\":\"Corporaci\u00f3n Centro Carism\u00e1tico Minuto de Dios\",\"alternateName\":\"Minuto de Dios\",\"url\":\"https:\\\/\\\/libreriaminutodedios.com\\\/\",\"logo\":{\"@type\":\"ImageObject\",\"inLanguage\":\"es\",\"@id\":\"https:\\\/\\\/libreriaminutodedios.com\\\/#\\\/schema\\\/logo\\\/image\\\/\",\"url\":\"https:\\\/\\\/libreriaminutodedios.com\\\/wp-content\\\/uploads\\\/2024\\\/09\\\/logo-libreria.png\",\"contentUrl\":\"https:\\\/\\\/libreriaminutodedios.com\\\/wp-content\\\/uploads\\\/2024\\\/09\\\/logo-libreria.png\",\"width\":400,\"height\":138,\"caption\":\"Corporaci\u00f3n Centro Carism\u00e1tico Minuto de Dios\"},\"image\":{\"@id\":\"https:\\\/\\\/libreriaminutodedios.com\\\/#\\\/schema\\\/logo\\\/image\\\/\"}}]}<\/script>\n<!-- \/ Yoast SEO plugin. -->","yoast_head_json":{"title":"Conquiste nuevas Bendiciones - Librer\u00eda Minuto de Dios","robots":{"index":"index","follow":"follow","max-snippet":"max-snippet:-1","max-image-preview":"max-image-preview:large","max-video-preview":"max-video-preview:-1"},"canonical":"https:\/\/libreriaminutodedios.com\/producto\/conquiste-nuevas-bendiciones\/","og_locale":"es_ES","og_type":"article","og_title":"Conquiste nuevas Bendiciones - Librer\u00eda Minuto de Dios","og_description":"Como hijos de Dios estamos llamados a la prosperidad y el bienestar, pero en ocasiones dejamos que la vida se pase y nos quedamos estancados o anclados a situaciones que nos impiden el crecimiento, a veces simplemente no sabemos c\u00f3mo hacer las cosas, por d\u00f3nde empezar.  Este libro le ense\u00f1ar\u00e1 a dejar de lado los miedos y prejuicios que tenemos con relaci\u00f3n al futuro y lo ayudar\u00e1 a emprender el camino hacia nuevos estadios de desarrollo.","og_url":"https:\/\/libreriaminutodedios.com\/producto\/conquiste-nuevas-bendiciones\/","og_site_name":"Librer\u00eda Minuto de Dios","article_modified_time":"2025-01-22T14:32:47+00:00","og_image":[{"width":1080,"height":1080,"url":"https:\/\/libreriaminutodedios.com\/wp-content\/uploads\/2021\/03\/Mesa-de-trabajo-1-copia-6.png","type":"image\/png"}],"twitter_card":"summary_large_image","twitter_misc":{"Tiempo de lectura":"1 minuto"},"schema":{"@context":"https:\/\/schema.org","@graph":[{"@type":"WebPage","@id":"https:\/\/libreriaminutodedios.com\/producto\/conquiste-nuevas-bendiciones\/","url":"https:\/\/libreriaminutodedios.com\/producto\/conquiste-nuevas-bendiciones\/","name":"Conquiste nuevas Bendiciones - Librer\u00eda Minuto de Dios","isPartOf":{"@id":"https:\/\/libreriaminutodedios.com\/#website"},"primaryImageOfPage":{"@id":"https:\/\/libreriaminutodedios.com\/producto\/conquiste-nuevas-bendiciones\/#primaryimage"},"image":{"@id":"https:\/\/libreriaminutodedios.com\/producto\/conquiste-nuevas-bendiciones\/#primaryimage"},"thumbnailUrl":"https:\/\/libreriaminutodedios.com\/wp-content\/uploads\/2021\/03\/Mesa-de-trabajo-1-copia-6.png","datePublished":"2021-03-11T14:37:53+00:00","dateModified":"2025-01-22T14:32:47+00:00","breadcrumb":{"@id":"https:\/\/libreriaminutodedios.com\/producto\/conquiste-nuevas-bendiciones\/#breadcrumb"},"inLanguage":"es","potentialAction":[{"@type":"ReadAction","target":["https:\/\/libreriaminutodedios.com\/producto\/conquiste-nuevas-bendiciones\/"]}]},{"@type":"ImageObject","inLanguage":"es","@id":"https:\/\/libreriaminutodedios.com\/producto\/conquiste-nuevas-bendiciones\/#primaryimage","url":"https:\/\/libreriaminutodedios.com\/wp-content\/uploads\/2021\/03\/Mesa-de-trabajo-1-copia-6.png","contentUrl":"https:\/\/libreriaminutodedios.com\/wp-content\/uploads\/2021\/03\/Mesa-de-trabajo-1-copia-6.png","width":1080,"height":1080},{"@type":"BreadcrumbList","@id":"https:\/\/libreriaminutodedios.com\/producto\/conquiste-nuevas-bendiciones\/#breadcrumb","itemListElement":[{"@type":"ListItem","position":1,"name":"Portada","item":"https:\/\/libreriaminutodedios.com\/"},{"@type":"ListItem","position":2,"name":"Tienda","item":"https:\/\/libreriaminutodedios.com\/?page_id=2895"},{"@type":"ListItem","position":3,"name":"Conquiste nuevas Bendiciones"}]},{"@type":"WebSite","@id":"https:\/\/libreriaminutodedios.com\/#website","url":"https:\/\/libreriaminutodedios.com\/","name":"Librer\u00eda Minuto de Dios","description":"Sitio oficial de la Librer\u00eda Minuto de Dios","publisher":{"@id":"https:\/\/libreriaminutodedios.com\/#organization"},"alternateName":"Tienda Minuto de Dios","potentialAction":[{"@type":"SearchAction","target":{"@type":"EntryPoint","urlTemplate":"https:\/\/libreriaminutodedios.com\/?s={search_term_string}"},"query-input":{"@type":"PropertyValueSpecification","valueRequired":true,"valueName":"search_term_string"}}],"inLanguage":"es"},{"@type":"Organization","@id":"https:\/\/libreriaminutodedios.com\/#organization","name":"Corporaci\u00f3n Centro Carism\u00e1tico Minuto de Dios","alternateName":"Minuto de Dios","url":"https:\/\/libreriaminutodedios.com\/","logo":{"@type":"ImageObject","inLanguage":"es","@id":"https:\/\/libreriaminutodedios.com\/#\/schema\/logo\/image\/","url":"https:\/\/libreriaminutodedios.com\/wp-content\/uploads\/2024\/09\/logo-libreria.png","contentUrl":"https:\/\/libreriaminutodedios.com\/wp-content\/uploads\/2024\/09\/logo-libreria.png","width":400,"height":138,"caption":"Corporaci\u00f3n Centro Carism\u00e1tico Minuto de Dios"},"image":{"@id":"https:\/\/libreriaminutodedios.com\/#\/schema\/logo\/image\/"}}]}},"_links":{"self":[{"href":"https:\/\/libreriaminutodedios.com\/index.php?rest_route=\/wp\/v2\/product\/200","targetHints":{"allow":["GET"]}}],"collection":[{"href":"https:\/\/libreriaminutodedios.com\/index.php?rest_route=\/wp\/v2\/product"}],"about":[{"href":"https:\/\/libreriaminutodedios.com\/index.php?rest_route=\/wp\/v2\/types\/product"}],"replies":[{"embeddable":true,"href":"https:\/\/libreriaminutodedios.com\/index.php?rest_route=%2Fwp%2Fv2%2Fcomments&post=200"}],"wp:featuredmedia":[{"embeddable":true,"href":"https:\/\/libreriaminutodedios.com\/index.php?rest_route=\/wp\/v2\/media\/12210"}],"wp:attachment":[{"href":"https:\/\/libreriaminutodedios.com\/index.php?rest_route=%2Fwp%2Fv2%2Fmedia&parent=200"}],"wp:term":[{"taxonomy":"product_brand","embeddable":true,"href":"https:\/\/libreriaminutodedios.com\/index.php?rest_route=%2Fwp%2Fv2%2Fproduct_brand&post=200"},{"taxonomy":"product_cat","embeddable":true,"href":"https:\/\/libreriaminutodedios.com\/index.php?rest_route=%2Fwp%2Fv2%2Fproduct_cat&post=200"},{"taxonomy":"product_tag","embeddable":true,"href":"https:\/\/libreriaminutodedios.com\/index.php?rest_route=%2Fwp%2Fv2%2Fproduct_tag&post=200"}],"curies":[{"name":"wp","href":"https:\/\/api.w.org\/{rel}","templated":true}]}}