{"id":193,"date":"2021-03-11T09:20:29","date_gmt":"2021-03-11T14:20:29","guid":{"rendered":"https:\/\/libreriaminutodedios.com\/?post_type=product&#038;p=193"},"modified":"2026-05-05T10:40:28","modified_gmt":"2026-05-05T15:40:28","slug":"dios-nos-quiere-prosperos","status":"publish","type":"product","link":"https:\/\/libreriaminutodedios.com\/?product=dios-nos-quiere-prosperos","title":{"rendered":"Dios nos quiere pr\u00f3speros"},"content":{"rendered":"<p>Aprender a manejar nuestro dinero y nuestro capital implica un cambio total de actitud, mejor dicho, es una consecuencia del \u00abhombre nuevo\u00bb que Cristo est\u00e1 produciendo en nosotros, podr\u00edamos decir que el se\u00f1or\u00edo de Cristo se debe extender a todas las \u00e1reas del ser, incluso a la econ\u00f3mica.<br \/>\nCon frecuencia lo econ\u00f3mico es factor de alteraci\u00f3n en nuestras relaciones, no pocas personas con en depresi\u00f3n debido a su situaci\u00f3n<br \/>\nfinanciera y matrimonios fracasan debido a sus problemas con el dinero, Esto hace preciso clarificar cu\u00e1l es el proyecto de Dios sobre el \u00e1rea econ\u00f3mica y financiera.<\/p>\n","protected":false},"excerpt":{"rendered":"<p>Aprender a manejar nuestro dinero y nuestro capital implica un cambio total de actitud, mejor dicho, es una consecuencia del \u00abhombre nuevo\u00bb que Cristo est\u00e1 produciendo en nosotros, podr\u00edamos decir que el se\u00f1or\u00edo de Cristo se debe extender a todas las \u00e1reas del ser, incluso a la econ\u00f3mica.<br \/>\nCon frecuencia lo econ\u00f3mico es factor de alteraci\u00f3n en nuestras relaciones, no pocas personas con en depresi\u00f3n debido a su situaci\u00f3n<br \/>\nfinanciera y matrimonios fracasan debido a sus problemas con el dinero, Esto hace preciso clarificar cu\u00e1l es el proyecto de Dios sobre el \u00e1rea econ\u00f3mica y financiera.<\/p>\n","protected":false},"featured_media":12202,"comment_status":"open","ping_status":"closed","template":"","meta":{"_acf_changed":false},"product_brand":[],"product_cat":[162,615,624,620],"product_tag":[172,173,174,175,176,177,178,179,490,170,171],"class_list":{"0":"post-193","1":"product","2":"type-product","3":"status-publish","4":"has-post-thumbnail","6":"product_cat-libros","7":"product_cat-colecciones","8":"product_cat-editorial-minuto-de-dios","9":"product_cat-mana","10":"product_tag-economia","11":"product_tag-finanzas","12":"product_tag-inversion","13":"product_tag-john-mario-montoya","14":"product_tag-pobreza","15":"product_tag-prosperidad","16":"product_tag-proyecto","17":"product_tag-riqueza","18":"product_tag-editorial-md","19":"product_tag-depresion","20":"product_tag-dinero","22":"first","23":"instock","24":"purchasable","25":"product-type-simple"},"acf":[],"yoast_head":"<!-- This site is optimized with the Yoast SEO plugin v27.6 - https:\/\/yoast.com\/product\/yoast-seo-wordpress\/ -->\n<title>Dios nos quiere pr\u00f3speros - Librer\u00eda Minuto de Dios<\/title>\n<meta name=\"robots\" content=\"index, follow, max-snippet:-1, max-image-preview:large, max-video-preview:-1\" \/>\n<link rel=\"canonical\" href=\"https:\/\/libreriaminutodedios.com\/producto\/dios-nos-quiere-prosperos\/\" \/>\n<meta property=\"og:locale\" content=\"es_ES\" \/>\n<meta property=\"og:type\" content=\"article\" \/>\n<meta property=\"og:title\" content=\"Dios nos quiere pr\u00f3speros - Librer\u00eda Minuto de Dios\" \/>\n<meta property=\"og:description\" content=\"Aprender a manejar nuestro dinero y nuestro capital implica un cambio total de actitud, mejor dicho, es una consecuencia del \u00abhombre nuevo\u00bb que Cristo est\u00e1 produciendo en nosotros, podr\u00edamos decir que el se\u00f1or\u00edo de Cristo se debe extender a todas las \u00e1reas del ser, incluso a la econ\u00f3mica. Con frecuencia lo econ\u00f3mico es factor de alteraci\u00f3n en nuestras relaciones, no pocas personas con en depresi\u00f3n debido a su situaci\u00f3n financiera y matrimonios fracasan debido a sus problemas con el dinero, Esto hace preciso clarificar cu\u00e1l es el proyecto de Dios sobre el \u00e1rea econ\u00f3mica y financiera.\" \/>\n<meta property=\"og:url\" content=\"https:\/\/libreriaminutodedios.com\/producto\/dios-nos-quiere-prosperos\/\" \/>\n<meta property=\"og:site_name\" content=\"Librer\u00eda Minuto de Dios\" \/>\n<meta property=\"article:modified_time\" content=\"2026-05-05T15:40:28+00:00\" \/>\n<meta property=\"og:image\" content=\"https:\/\/libreriaminutodedios.com\/wp-content\/uploads\/2021\/03\/Mesa-de-trabajo-1-copia-1.png\" \/>\n\t<meta property=\"og:image:width\" content=\"1080\" \/>\n\t<meta property=\"og:image:height\" content=\"1080\" \/>\n\t<meta property=\"og:image:type\" content=\"image\/png\" \/>\n<meta name=\"twitter:card\" content=\"summary_large_image\" \/>\n<meta name=\"twitter:label1\" content=\"Tiempo de lectura\" \/>\n\t<meta name=\"twitter:data1\" content=\"1 minuto\" \/>\n<script type=\"application\/ld+json\" class=\"yoast-schema-graph\">{\"@context\":\"https:\\\/\\\/schema.org\",\"@graph\":[{\"@type\":\"WebPage\",\"@id\":\"https:\\\/\\\/libreriaminutodedios.com\\\/producto\\\/dios-nos-quiere-prosperos\\\/\",\"url\":\"https:\\\/\\\/libreriaminutodedios.com\\\/producto\\\/dios-nos-quiere-prosperos\\\/\",\"name\":\"Dios nos quiere pr\u00f3speros - Librer\u00eda Minuto de Dios\",\"isPartOf\":{\"@id\":\"https:\\\/\\\/libreriaminutodedios.com\\\/#website\"},\"primaryImageOfPage\":{\"@id\":\"https:\\\/\\\/libreriaminutodedios.com\\\/producto\\\/dios-nos-quiere-prosperos\\\/#primaryimage\"},\"image\":{\"@id\":\"https:\\\/\\\/libreriaminutodedios.com\\\/producto\\\/dios-nos-quiere-prosperos\\\/#primaryimage\"},\"thumbnailUrl\":\"https:\\\/\\\/libreriaminutodedios.com\\\/wp-content\\\/uploads\\\/2021\\\/03\\\/Mesa-de-trabajo-1-copia-1.png\",\"datePublished\":\"2021-03-11T14:20:29+00:00\",\"dateModified\":\"2026-05-05T15:40:28+00:00\",\"breadcrumb\":{\"@id\":\"https:\\\/\\\/libreriaminutodedios.com\\\/producto\\\/dios-nos-quiere-prosperos\\\/#breadcrumb\"},\"inLanguage\":\"es\",\"potentialAction\":[{\"@type\":\"ReadAction\",\"target\":[\"https:\\\/\\\/libreriaminutodedios.com\\\/producto\\\/dios-nos-quiere-prosperos\\\/\"]}]},{\"@type\":\"ImageObject\",\"inLanguage\":\"es\",\"@id\":\"https:\\\/\\\/libreriaminutodedios.com\\\/producto\\\/dios-nos-quiere-prosperos\\\/#primaryimage\",\"url\":\"https:\\\/\\\/libreriaminutodedios.com\\\/wp-content\\\/uploads\\\/2021\\\/03\\\/Mesa-de-trabajo-1-copia-1.png\",\"contentUrl\":\"https:\\\/\\\/libreriaminutodedios.com\\\/wp-content\\\/uploads\\\/2021\\\/03\\\/Mesa-de-trabajo-1-copia-1.png\",\"width\":1080,\"height\":1080},{\"@type\":\"BreadcrumbList\",\"@id\":\"https:\\\/\\\/libreriaminutodedios.com\\\/producto\\\/dios-nos-quiere-prosperos\\\/#breadcrumb\",\"itemListElement\":[{\"@type\":\"ListItem\",\"position\":1,\"name\":\"Portada\",\"item\":\"https:\\\/\\\/libreriaminutodedios.com\\\/\"},{\"@type\":\"ListItem\",\"position\":2,\"name\":\"Tienda\",\"item\":\"https:\\\/\\\/libreriaminutodedios.com\\\/?page_id=2895\"},{\"@type\":\"ListItem\",\"position\":3,\"name\":\"Dios nos quiere pr\u00f3speros\"}]},{\"@type\":\"WebSite\",\"@id\":\"https:\\\/\\\/libreriaminutodedios.com\\\/#website\",\"url\":\"https:\\\/\\\/libreriaminutodedios.com\\\/\",\"name\":\"Librer\u00eda Minuto de Dios\",\"description\":\"Sitio oficial de la Librer\u00eda Minuto de Dios\",\"publisher\":{\"@id\":\"https:\\\/\\\/libreriaminutodedios.com\\\/#organization\"},\"alternateName\":\"Tienda Minuto de Dios\",\"potentialAction\":[{\"@type\":\"SearchAction\",\"target\":{\"@type\":\"EntryPoint\",\"urlTemplate\":\"https:\\\/\\\/libreriaminutodedios.com\\\/?s={search_term_string}\"},\"query-input\":{\"@type\":\"PropertyValueSpecification\",\"valueRequired\":true,\"valueName\":\"search_term_string\"}}],\"inLanguage\":\"es\"},{\"@type\":\"Organization\",\"@id\":\"https:\\\/\\\/libreriaminutodedios.com\\\/#organization\",\"name\":\"Corporaci\u00f3n Centro Carism\u00e1tico Minuto de Dios\",\"alternateName\":\"Minuto de Dios\",\"url\":\"https:\\\/\\\/libreriaminutodedios.com\\\/\",\"logo\":{\"@type\":\"ImageObject\",\"inLanguage\":\"es\",\"@id\":\"https:\\\/\\\/libreriaminutodedios.com\\\/#\\\/schema\\\/logo\\\/image\\\/\",\"url\":\"https:\\\/\\\/libreriaminutodedios.com\\\/wp-content\\\/uploads\\\/2024\\\/09\\\/logo-libreria.png\",\"contentUrl\":\"https:\\\/\\\/libreriaminutodedios.com\\\/wp-content\\\/uploads\\\/2024\\\/09\\\/logo-libreria.png\",\"width\":400,\"height\":138,\"caption\":\"Corporaci\u00f3n Centro Carism\u00e1tico Minuto de Dios\"},\"image\":{\"@id\":\"https:\\\/\\\/libreriaminutodedios.com\\\/#\\\/schema\\\/logo\\\/image\\\/\"}}]}<\/script>\n<!-- \/ Yoast SEO plugin. -->","yoast_head_json":{"title":"Dios nos quiere pr\u00f3speros - Librer\u00eda Minuto de Dios","robots":{"index":"index","follow":"follow","max-snippet":"max-snippet:-1","max-image-preview":"max-image-preview:large","max-video-preview":"max-video-preview:-1"},"canonical":"https:\/\/libreriaminutodedios.com\/producto\/dios-nos-quiere-prosperos\/","og_locale":"es_ES","og_type":"article","og_title":"Dios nos quiere pr\u00f3speros - Librer\u00eda Minuto de Dios","og_description":"Aprender a manejar nuestro dinero y nuestro capital implica un cambio total de actitud, mejor dicho, es una consecuencia del \u00abhombre nuevo\u00bb que Cristo est\u00e1 produciendo en nosotros, podr\u00edamos decir que el se\u00f1or\u00edo de Cristo se debe extender a todas las \u00e1reas del ser, incluso a la econ\u00f3mica. Con frecuencia lo econ\u00f3mico es factor de alteraci\u00f3n en nuestras relaciones, no pocas personas con en depresi\u00f3n debido a su situaci\u00f3n financiera y matrimonios fracasan debido a sus problemas con el dinero, Esto hace preciso clarificar cu\u00e1l es el proyecto de Dios sobre el \u00e1rea econ\u00f3mica y financiera.","og_url":"https:\/\/libreriaminutodedios.com\/producto\/dios-nos-quiere-prosperos\/","og_site_name":"Librer\u00eda Minuto de Dios","article_modified_time":"2026-05-05T15:40:28+00:00","og_image":[{"width":1080,"height":1080,"url":"https:\/\/libreriaminutodedios.com\/wp-content\/uploads\/2021\/03\/Mesa-de-trabajo-1-copia-1.png","type":"image\/png"}],"twitter_card":"summary_large_image","twitter_misc":{"Tiempo de lectura":"1 minuto"},"schema":{"@context":"https:\/\/schema.org","@graph":[{"@type":"WebPage","@id":"https:\/\/libreriaminutodedios.com\/producto\/dios-nos-quiere-prosperos\/","url":"https:\/\/libreriaminutodedios.com\/producto\/dios-nos-quiere-prosperos\/","name":"Dios nos quiere pr\u00f3speros - Librer\u00eda Minuto de Dios","isPartOf":{"@id":"https:\/\/libreriaminutodedios.com\/#website"},"primaryImageOfPage":{"@id":"https:\/\/libreriaminutodedios.com\/producto\/dios-nos-quiere-prosperos\/#primaryimage"},"image":{"@id":"https:\/\/libreriaminutodedios.com\/producto\/dios-nos-quiere-prosperos\/#primaryimage"},"thumbnailUrl":"https:\/\/libreriaminutodedios.com\/wp-content\/uploads\/2021\/03\/Mesa-de-trabajo-1-copia-1.png","datePublished":"2021-03-11T14:20:29+00:00","dateModified":"2026-05-05T15:40:28+00:00","breadcrumb":{"@id":"https:\/\/libreriaminutodedios.com\/producto\/dios-nos-quiere-prosperos\/#breadcrumb"},"inLanguage":"es","potentialAction":[{"@type":"ReadAction","target":["https:\/\/libreriaminutodedios.com\/producto\/dios-nos-quiere-prosperos\/"]}]},{"@type":"ImageObject","inLanguage":"es","@id":"https:\/\/libreriaminutodedios.com\/producto\/dios-nos-quiere-prosperos\/#primaryimage","url":"https:\/\/libreriaminutodedios.com\/wp-content\/uploads\/2021\/03\/Mesa-de-trabajo-1-copia-1.png","contentUrl":"https:\/\/libreriaminutodedios.com\/wp-content\/uploads\/2021\/03\/Mesa-de-trabajo-1-copia-1.png","width":1080,"height":1080},{"@type":"BreadcrumbList","@id":"https:\/\/libreriaminutodedios.com\/producto\/dios-nos-quiere-prosperos\/#breadcrumb","itemListElement":[{"@type":"ListItem","position":1,"name":"Portada","item":"https:\/\/libreriaminutodedios.com\/"},{"@type":"ListItem","position":2,"name":"Tienda","item":"https:\/\/libreriaminutodedios.com\/?page_id=2895"},{"@type":"ListItem","position":3,"name":"Dios nos quiere pr\u00f3speros"}]},{"@type":"WebSite","@id":"https:\/\/libreriaminutodedios.com\/#website","url":"https:\/\/libreriaminutodedios.com\/","name":"Librer\u00eda Minuto de Dios","description":"Sitio oficial de la Librer\u00eda Minuto de Dios","publisher":{"@id":"https:\/\/libreriaminutodedios.com\/#organization"},"alternateName":"Tienda Minuto de Dios","potentialAction":[{"@type":"SearchAction","target":{"@type":"EntryPoint","urlTemplate":"https:\/\/libreriaminutodedios.com\/?s={search_term_string}"},"query-input":{"@type":"PropertyValueSpecification","valueRequired":true,"valueName":"search_term_string"}}],"inLanguage":"es"},{"@type":"Organization","@id":"https:\/\/libreriaminutodedios.com\/#organization","name":"Corporaci\u00f3n Centro Carism\u00e1tico Minuto de Dios","alternateName":"Minuto de Dios","url":"https:\/\/libreriaminutodedios.com\/","logo":{"@type":"ImageObject","inLanguage":"es","@id":"https:\/\/libreriaminutodedios.com\/#\/schema\/logo\/image\/","url":"https:\/\/libreriaminutodedios.com\/wp-content\/uploads\/2024\/09\/logo-libreria.png","contentUrl":"https:\/\/libreriaminutodedios.com\/wp-content\/uploads\/2024\/09\/logo-libreria.png","width":400,"height":138,"caption":"Corporaci\u00f3n Centro Carism\u00e1tico Minuto de Dios"},"image":{"@id":"https:\/\/libreriaminutodedios.com\/#\/schema\/logo\/image\/"}}]}},"_links":{"self":[{"href":"https:\/\/libreriaminutodedios.com\/index.php?rest_route=\/wp\/v2\/product\/193","targetHints":{"allow":["GET"]}}],"collection":[{"href":"https:\/\/libreriaminutodedios.com\/index.php?rest_route=\/wp\/v2\/product"}],"about":[{"href":"https:\/\/libreriaminutodedios.com\/index.php?rest_route=\/wp\/v2\/types\/product"}],"replies":[{"embeddable":true,"href":"https:\/\/libreriaminutodedios.com\/index.php?rest_route=%2Fwp%2Fv2%2Fcomments&post=193"}],"wp:featuredmedia":[{"embeddable":true,"href":"https:\/\/libreriaminutodedios.com\/index.php?rest_route=\/wp\/v2\/media\/12202"}],"wp:attachment":[{"href":"https:\/\/libreriaminutodedios.com\/index.php?rest_route=%2Fwp%2Fv2%2Fmedia&parent=193"}],"wp:term":[{"taxonomy":"product_brand","embeddable":true,"href":"https:\/\/libreriaminutodedios.com\/index.php?rest_route=%2Fwp%2Fv2%2Fproduct_brand&post=193"},{"taxonomy":"product_cat","embeddable":true,"href":"https:\/\/libreriaminutodedios.com\/index.php?rest_route=%2Fwp%2Fv2%2Fproduct_cat&post=193"},{"taxonomy":"product_tag","embeddable":true,"href":"https:\/\/libreriaminutodedios.com\/index.php?rest_route=%2Fwp%2Fv2%2Fproduct_tag&post=193"}],"curies":[{"name":"wp","href":"https:\/\/api.w.org\/{rel}","templated":true}]}}