{"id":17552,"date":"2025-12-27T14:37:18","date_gmt":"2025-12-27T19:37:18","guid":{"rendered":"https:\/\/libreriaminutodedios.com\/?post_type=product&#038;p=17552"},"modified":"2026-01-23T10:05:48","modified_gmt":"2026-01-23T15:05:48","slug":"12-meses-de-cosecha","status":"publish","type":"product","link":"https:\/\/libreriaminutodedios.com\/?product=12-meses-de-cosecha","title":{"rendered":"12 Meses de Cosecha"},"content":{"rendered":"<p><strong>Claves para prosperar en el a\u00f1o nuevo<\/strong><\/p>\n<p>Un evento donde la fuerza prof\u00e9tica de la Palabra de Dios nos revela las claves espirituales, humanas y pastorales para vivir un a\u00f1o de buenas y abundantes cosechas en nuestra vida personal, familiar y empresarial.<\/p>\n<p><strong>En este encuentro descubrir\u00e1s c\u00f3mo:<\/strong><\/p>\n<ul>\n<li>Sembrar decisiones sabias seg\u00fan el coraz\u00f3n de Dios<\/li>\n<li>Alinear tu proyecto de vida con la voluntad del Se\u00f1or<\/li>\n<li>Fortalecer tu familia este a\u00f1o desde fundamentos b\u00edblicos s\u00f3lidos<\/li>\n<li>Construir empresa y trabajo fe y bendici\u00f3n<\/li>\n<li>Discernir los tiempos y actuar con visi\u00f3n prof\u00e9tica<\/li>\n<\/ul>\n<p><strong>Invitados:<\/strong> P. Charly Garcia &#8211; P. Javier Riveros &#8211; P. Modesto Lule &#8211; P. Fray Rafael Guzman<\/p>\n<ul>\n<li><strong>Fecha:<\/strong> 24 de enero.<\/li>\n<li><strong>Hora Col:<\/strong> 6:00 PM \u2013 9:00 PM.<\/li>\n<li><strong>Modalidad:<\/strong> 100% Virtual.<br \/>\n<em><strong>Una vez adquieras tu cupo, se enviar\u00e1 un mensaje con las instrucciones al correo que registres en la compra.<\/strong><\/em><\/li>\n<\/ul>\n","protected":false},"excerpt":{"rendered":"<p><strong>Claves para prosperar en el a\u00f1o nuevo<\/strong><\/p>\n<p>Un evento donde la fuerza prof\u00e9tica de la Palabra de Dios nos revela las claves espirituales, humanas y pastorales para vivir un a\u00f1o de buenas y abundantes cosechas en nuestra vida personal, familiar y empresarial.<\/p>\n<ul>\n<li><strong>Invitados:<\/strong> P. Charly Garcia &#8211; P. Javier Riveros &#8211; P. Modesto Lule &#8211; P. Fray Rafael Guzman<\/li>\n<li><strong>Fecha:<\/strong> 24 de enero.<\/li>\n<li><strong>Hora Col:<\/strong> 6:00 PM \u2013 9:00 PM.<\/li>\n<li><strong>Modalidad:<\/strong> 100% Virtual.<br \/>\n<em><strong>Una vez adquieras tu cupo, se enviar\u00e1 un mensaje con las instrucciones al correo que registres en la compra.<\/strong><\/em><\/li>\n<\/ul>\n","protected":false},"featured_media":17862,"comment_status":"open","ping_status":"closed","template":"","meta":{"_acf_changed":false},"product_brand":[],"product_cat":[627,640],"product_tag":[],"class_list":{"0":"post-17552","1":"product","2":"type-product","3":"status-publish","4":"has-post-thumbnail","6":"product_cat-virtuales","7":"product_cat-eventos","9":"first","10":"instock","11":"virtual","12":"purchasable","13":"product-type-simple"},"acf":[],"yoast_head":"<!-- This site is optimized with the Yoast SEO plugin v27.6 - https:\/\/yoast.com\/product\/yoast-seo-wordpress\/ -->\n<title>12 Meses de Cosecha - Librer\u00eda Minuto de Dios<\/title>\n<meta name=\"robots\" content=\"index, follow, max-snippet:-1, max-image-preview:large, max-video-preview:-1\" \/>\n<link rel=\"canonical\" href=\"https:\/\/libreriaminutodedios.com\/producto\/12-meses-de-cosecha\/\" \/>\n<meta property=\"og:locale\" content=\"es_ES\" \/>\n<meta property=\"og:type\" content=\"article\" \/>\n<meta property=\"og:title\" content=\"12 Meses de Cosecha - Librer\u00eda Minuto de Dios\" \/>\n<meta property=\"og:description\" content=\"Claves para prosperar en el a\u00f1o nuevo  Un evento donde la fuerza prof\u00e9tica de la Palabra de Dios nos revela las claves espirituales, humanas y pastorales para vivir un a\u00f1o de buenas y abundantes cosechas en nuestra vida personal, familiar y empresarial.   Invitados: P. Charly Garcia - P. Javier Riveros - P. Modesto Lule - P. Fray Rafael Guzman  Fecha: 24 de enero.  Hora Col: 6:00 PM \u2013 9:00 PM.  Modalidad: 100% Virtual. Una vez adquieras tu cupo, se enviar\u00e1 un mensaje con las instrucciones al correo que registres en la compra.\" \/>\n<meta property=\"og:url\" content=\"https:\/\/libreriaminutodedios.com\/producto\/12-meses-de-cosecha\/\" \/>\n<meta property=\"og:site_name\" content=\"Librer\u00eda Minuto de Dios\" \/>\n<meta property=\"article:modified_time\" content=\"2026-01-23T15:05:48+00:00\" \/>\n<meta property=\"og:image\" content=\"https:\/\/libreriaminutodedios.com\/wp-content\/uploads\/2025\/12\/1000x1000.png\" \/>\n\t<meta property=\"og:image:width\" content=\"1000\" \/>\n\t<meta property=\"og:image:height\" content=\"1000\" \/>\n\t<meta property=\"og:image:type\" content=\"image\/png\" \/>\n<meta name=\"twitter:card\" content=\"summary_large_image\" \/>\n<meta name=\"twitter:label1\" content=\"Tiempo de lectura\" \/>\n\t<meta name=\"twitter:data1\" content=\"1 minuto\" \/>\n<script type=\"application\/ld+json\" class=\"yoast-schema-graph\">{\"@context\":\"https:\\\/\\\/schema.org\",\"@graph\":[{\"@type\":\"WebPage\",\"@id\":\"https:\\\/\\\/libreriaminutodedios.com\\\/producto\\\/12-meses-de-cosecha\\\/\",\"url\":\"https:\\\/\\\/libreriaminutodedios.com\\\/producto\\\/12-meses-de-cosecha\\\/\",\"name\":\"12 Meses de Cosecha - Librer\u00eda Minuto de Dios\",\"isPartOf\":{\"@id\":\"https:\\\/\\\/libreriaminutodedios.com\\\/#website\"},\"primaryImageOfPage\":{\"@id\":\"https:\\\/\\\/libreriaminutodedios.com\\\/producto\\\/12-meses-de-cosecha\\\/#primaryimage\"},\"image\":{\"@id\":\"https:\\\/\\\/libreriaminutodedios.com\\\/producto\\\/12-meses-de-cosecha\\\/#primaryimage\"},\"thumbnailUrl\":\"https:\\\/\\\/libreriaminutodedios.com\\\/wp-content\\\/uploads\\\/2025\\\/12\\\/1000x1000.png\",\"datePublished\":\"2025-12-27T19:37:18+00:00\",\"dateModified\":\"2026-01-23T15:05:48+00:00\",\"breadcrumb\":{\"@id\":\"https:\\\/\\\/libreriaminutodedios.com\\\/producto\\\/12-meses-de-cosecha\\\/#breadcrumb\"},\"inLanguage\":\"es\",\"potentialAction\":[{\"@type\":\"ReadAction\",\"target\":[\"https:\\\/\\\/libreriaminutodedios.com\\\/producto\\\/12-meses-de-cosecha\\\/\"]}]},{\"@type\":\"ImageObject\",\"inLanguage\":\"es\",\"@id\":\"https:\\\/\\\/libreriaminutodedios.com\\\/producto\\\/12-meses-de-cosecha\\\/#primaryimage\",\"url\":\"https:\\\/\\\/libreriaminutodedios.com\\\/wp-content\\\/uploads\\\/2025\\\/12\\\/1000x1000.png\",\"contentUrl\":\"https:\\\/\\\/libreriaminutodedios.com\\\/wp-content\\\/uploads\\\/2025\\\/12\\\/1000x1000.png\",\"width\":1000,\"height\":1000},{\"@type\":\"BreadcrumbList\",\"@id\":\"https:\\\/\\\/libreriaminutodedios.com\\\/producto\\\/12-meses-de-cosecha\\\/#breadcrumb\",\"itemListElement\":[{\"@type\":\"ListItem\",\"position\":1,\"name\":\"Portada\",\"item\":\"https:\\\/\\\/libreriaminutodedios.com\\\/\"},{\"@type\":\"ListItem\",\"position\":2,\"name\":\"Tienda\",\"item\":\"https:\\\/\\\/libreriaminutodedios.com\\\/?page_id=2895\"},{\"@type\":\"ListItem\",\"position\":3,\"name\":\"12 Meses de Cosecha\"}]},{\"@type\":\"WebSite\",\"@id\":\"https:\\\/\\\/libreriaminutodedios.com\\\/#website\",\"url\":\"https:\\\/\\\/libreriaminutodedios.com\\\/\",\"name\":\"Librer\u00eda Minuto de Dios\",\"description\":\"Sitio oficial de la Librer\u00eda Minuto de Dios\",\"publisher\":{\"@id\":\"https:\\\/\\\/libreriaminutodedios.com\\\/#organization\"},\"alternateName\":\"Tienda Minuto de Dios\",\"potentialAction\":[{\"@type\":\"SearchAction\",\"target\":{\"@type\":\"EntryPoint\",\"urlTemplate\":\"https:\\\/\\\/libreriaminutodedios.com\\\/?s={search_term_string}\"},\"query-input\":{\"@type\":\"PropertyValueSpecification\",\"valueRequired\":true,\"valueName\":\"search_term_string\"}}],\"inLanguage\":\"es\"},{\"@type\":\"Organization\",\"@id\":\"https:\\\/\\\/libreriaminutodedios.com\\\/#organization\",\"name\":\"Corporaci\u00f3n Centro Carism\u00e1tico Minuto de Dios\",\"alternateName\":\"Minuto de Dios\",\"url\":\"https:\\\/\\\/libreriaminutodedios.com\\\/\",\"logo\":{\"@type\":\"ImageObject\",\"inLanguage\":\"es\",\"@id\":\"https:\\\/\\\/libreriaminutodedios.com\\\/#\\\/schema\\\/logo\\\/image\\\/\",\"url\":\"https:\\\/\\\/libreriaminutodedios.com\\\/wp-content\\\/uploads\\\/2024\\\/09\\\/logo-libreria.png\",\"contentUrl\":\"https:\\\/\\\/libreriaminutodedios.com\\\/wp-content\\\/uploads\\\/2024\\\/09\\\/logo-libreria.png\",\"width\":400,\"height\":138,\"caption\":\"Corporaci\u00f3n Centro Carism\u00e1tico Minuto de Dios\"},\"image\":{\"@id\":\"https:\\\/\\\/libreriaminutodedios.com\\\/#\\\/schema\\\/logo\\\/image\\\/\"}}]}<\/script>\n<!-- \/ Yoast SEO plugin. -->","yoast_head_json":{"title":"12 Meses de Cosecha - Librer\u00eda Minuto de Dios","robots":{"index":"index","follow":"follow","max-snippet":"max-snippet:-1","max-image-preview":"max-image-preview:large","max-video-preview":"max-video-preview:-1"},"canonical":"https:\/\/libreriaminutodedios.com\/producto\/12-meses-de-cosecha\/","og_locale":"es_ES","og_type":"article","og_title":"12 Meses de Cosecha - Librer\u00eda Minuto de Dios","og_description":"Claves para prosperar en el a\u00f1o nuevo  Un evento donde la fuerza prof\u00e9tica de la Palabra de Dios nos revela las claves espirituales, humanas y pastorales para vivir un a\u00f1o de buenas y abundantes cosechas en nuestra vida personal, familiar y empresarial.   Invitados: P. Charly Garcia - P. Javier Riveros - P. Modesto Lule - P. Fray Rafael Guzman  Fecha: 24 de enero.  Hora Col: 6:00 PM \u2013 9:00 PM.  Modalidad: 100% Virtual. Una vez adquieras tu cupo, se enviar\u00e1 un mensaje con las instrucciones al correo que registres en la compra.","og_url":"https:\/\/libreriaminutodedios.com\/producto\/12-meses-de-cosecha\/","og_site_name":"Librer\u00eda Minuto de Dios","article_modified_time":"2026-01-23T15:05:48+00:00","og_image":[{"width":1000,"height":1000,"url":"https:\/\/libreriaminutodedios.com\/wp-content\/uploads\/2025\/12\/1000x1000.png","type":"image\/png"}],"twitter_card":"summary_large_image","twitter_misc":{"Tiempo de lectura":"1 minuto"},"schema":{"@context":"https:\/\/schema.org","@graph":[{"@type":"WebPage","@id":"https:\/\/libreriaminutodedios.com\/producto\/12-meses-de-cosecha\/","url":"https:\/\/libreriaminutodedios.com\/producto\/12-meses-de-cosecha\/","name":"12 Meses de Cosecha - Librer\u00eda Minuto de Dios","isPartOf":{"@id":"https:\/\/libreriaminutodedios.com\/#website"},"primaryImageOfPage":{"@id":"https:\/\/libreriaminutodedios.com\/producto\/12-meses-de-cosecha\/#primaryimage"},"image":{"@id":"https:\/\/libreriaminutodedios.com\/producto\/12-meses-de-cosecha\/#primaryimage"},"thumbnailUrl":"https:\/\/libreriaminutodedios.com\/wp-content\/uploads\/2025\/12\/1000x1000.png","datePublished":"2025-12-27T19:37:18+00:00","dateModified":"2026-01-23T15:05:48+00:00","breadcrumb":{"@id":"https:\/\/libreriaminutodedios.com\/producto\/12-meses-de-cosecha\/#breadcrumb"},"inLanguage":"es","potentialAction":[{"@type":"ReadAction","target":["https:\/\/libreriaminutodedios.com\/producto\/12-meses-de-cosecha\/"]}]},{"@type":"ImageObject","inLanguage":"es","@id":"https:\/\/libreriaminutodedios.com\/producto\/12-meses-de-cosecha\/#primaryimage","url":"https:\/\/libreriaminutodedios.com\/wp-content\/uploads\/2025\/12\/1000x1000.png","contentUrl":"https:\/\/libreriaminutodedios.com\/wp-content\/uploads\/2025\/12\/1000x1000.png","width":1000,"height":1000},{"@type":"BreadcrumbList","@id":"https:\/\/libreriaminutodedios.com\/producto\/12-meses-de-cosecha\/#breadcrumb","itemListElement":[{"@type":"ListItem","position":1,"name":"Portada","item":"https:\/\/libreriaminutodedios.com\/"},{"@type":"ListItem","position":2,"name":"Tienda","item":"https:\/\/libreriaminutodedios.com\/?page_id=2895"},{"@type":"ListItem","position":3,"name":"12 Meses de Cosecha"}]},{"@type":"WebSite","@id":"https:\/\/libreriaminutodedios.com\/#website","url":"https:\/\/libreriaminutodedios.com\/","name":"Librer\u00eda Minuto de Dios","description":"Sitio oficial de la Librer\u00eda Minuto de Dios","publisher":{"@id":"https:\/\/libreriaminutodedios.com\/#organization"},"alternateName":"Tienda Minuto de Dios","potentialAction":[{"@type":"SearchAction","target":{"@type":"EntryPoint","urlTemplate":"https:\/\/libreriaminutodedios.com\/?s={search_term_string}"},"query-input":{"@type":"PropertyValueSpecification","valueRequired":true,"valueName":"search_term_string"}}],"inLanguage":"es"},{"@type":"Organization","@id":"https:\/\/libreriaminutodedios.com\/#organization","name":"Corporaci\u00f3n Centro Carism\u00e1tico Minuto de Dios","alternateName":"Minuto de Dios","url":"https:\/\/libreriaminutodedios.com\/","logo":{"@type":"ImageObject","inLanguage":"es","@id":"https:\/\/libreriaminutodedios.com\/#\/schema\/logo\/image\/","url":"https:\/\/libreriaminutodedios.com\/wp-content\/uploads\/2024\/09\/logo-libreria.png","contentUrl":"https:\/\/libreriaminutodedios.com\/wp-content\/uploads\/2024\/09\/logo-libreria.png","width":400,"height":138,"caption":"Corporaci\u00f3n Centro Carism\u00e1tico Minuto de Dios"},"image":{"@id":"https:\/\/libreriaminutodedios.com\/#\/schema\/logo\/image\/"}}]}},"_links":{"self":[{"href":"https:\/\/libreriaminutodedios.com\/index.php?rest_route=\/wp\/v2\/product\/17552","targetHints":{"allow":["GET"]}}],"collection":[{"href":"https:\/\/libreriaminutodedios.com\/index.php?rest_route=\/wp\/v2\/product"}],"about":[{"href":"https:\/\/libreriaminutodedios.com\/index.php?rest_route=\/wp\/v2\/types\/product"}],"replies":[{"embeddable":true,"href":"https:\/\/libreriaminutodedios.com\/index.php?rest_route=%2Fwp%2Fv2%2Fcomments&post=17552"}],"wp:featuredmedia":[{"embeddable":true,"href":"https:\/\/libreriaminutodedios.com\/index.php?rest_route=\/wp\/v2\/media\/17862"}],"wp:attachment":[{"href":"https:\/\/libreriaminutodedios.com\/index.php?rest_route=%2Fwp%2Fv2%2Fmedia&parent=17552"}],"wp:term":[{"taxonomy":"product_brand","embeddable":true,"href":"https:\/\/libreriaminutodedios.com\/index.php?rest_route=%2Fwp%2Fv2%2Fproduct_brand&post=17552"},{"taxonomy":"product_cat","embeddable":true,"href":"https:\/\/libreriaminutodedios.com\/index.php?rest_route=%2Fwp%2Fv2%2Fproduct_cat&post=17552"},{"taxonomy":"product_tag","embeddable":true,"href":"https:\/\/libreriaminutodedios.com\/index.php?rest_route=%2Fwp%2Fv2%2Fproduct_tag&post=17552"}],"curies":[{"name":"wp","href":"https:\/\/api.w.org\/{rel}","templated":true}]}}