{"id":1695,"date":"2021-11-03T13:20:09","date_gmt":"2021-11-03T18:20:09","guid":{"rendered":"https:\/\/libreriaminutodedios.com\/?post_type=product&#038;p=1695"},"modified":"2024-09-19T14:57:10","modified_gmt":"2024-09-19T19:57:10","slug":"como-acoger-principiantes-en-la-renovacion","status":"publish","type":"product","link":"https:\/\/libreriaminutodedios.com\/?product=como-acoger-principiantes-en-la-renovacion","title":{"rendered":"C\u00f3mo acoger principiantes en la renovaci\u00f3n"},"content":{"rendered":"<p>Las orientaciones que enseguida se proponen a los que van\u00a0 a manejar estos grupos de oraci\u00f3n de acogida, son apenas un anticipo de lo ha de ser una serie de preparaci\u00f3n de todo servidor.\u00a0 Por tanto se sugiere que efect\u00faen \u00abel curso b\u00e1sico de evangelizaci\u00f3n\u00bb que esta dise\u00f1ado para la autoformaci\u00f3n en grupo para aprender con facilidad asimilar y poner en practica.<\/p>\n","protected":false},"excerpt":{"rendered":"<p>Las orientaciones que enseguida se proponen a los que van\u00a0 a manejar estos grupos de oraci\u00f3n de acogida, son apenas un anticipo de lo ha de ser una serie de preparaci\u00f3n de todo servidor.\u00a0 Por tanto se sugiere que efect\u00faen \u00abel curso b\u00e1sico de evangelizaci\u00f3n\u00bb que esta dise\u00f1ado para la autoformaci\u00f3n en grupo para aprender con facilidad asimilar y poner en practica.<\/p>\n","protected":false},"featured_media":2808,"comment_status":"open","ping_status":"closed","template":"","meta":{"_acf_changed":false},"product_brand":[],"product_cat":[162,615,624,619],"product_tag":[47,490],"class_list":{"0":"post-1695","1":"product","2":"type-product","3":"status-publish","4":"has-post-thumbnail","6":"product_cat-libros","7":"product_cat-colecciones","8":"product_cat-editorial-minuto-de-dios","9":"product_cat-logos","10":"product_tag-renovacion","11":"product_tag-editorial-md","13":"first","14":"instock","15":"purchasable","16":"product-type-simple"},"acf":[],"yoast_head":"<!-- This site is optimized with the Yoast SEO plugin v27.6 - https:\/\/yoast.com\/product\/yoast-seo-wordpress\/ -->\n<title>C\u00f3mo acoger principiantes en la renovaci\u00f3n - Librer\u00eda Minuto de Dios<\/title>\n<meta name=\"robots\" content=\"index, follow, max-snippet:-1, max-image-preview:large, max-video-preview:-1\" \/>\n<link rel=\"canonical\" href=\"https:\/\/libreriaminutodedios.com\/producto\/como-acoger-principiantes-en-la-renovacion\/\" \/>\n<meta property=\"og:locale\" content=\"es_ES\" \/>\n<meta property=\"og:type\" content=\"article\" \/>\n<meta property=\"og:title\" content=\"C\u00f3mo acoger principiantes en la renovaci\u00f3n - Librer\u00eda Minuto de Dios\" \/>\n<meta property=\"og:description\" content=\"Las orientaciones que enseguida se proponen a los que van\u00a0 a manejar estos grupos de oraci\u00f3n de acogida, son apenas un anticipo de lo ha de ser una serie de preparaci\u00f3n de todo servidor.\u00a0 Por tanto se sugiere que efect\u00faen &quot;el curso b\u00e1sico de evangelizaci\u00f3n&quot; que esta dise\u00f1ado para la autoformaci\u00f3n en grupo para aprender con facilidad asimilar y poner en practica.\" \/>\n<meta property=\"og:url\" content=\"https:\/\/libreriaminutodedios.com\/producto\/como-acoger-principiantes-en-la-renovacion\/\" \/>\n<meta property=\"og:site_name\" content=\"Librer\u00eda Minuto de Dios\" \/>\n<meta property=\"article:modified_time\" content=\"2024-09-19T19:57:10+00:00\" \/>\n<meta property=\"og:image\" content=\"https:\/\/libreriaminutodedios.com\/wp-content\/uploads\/2021\/11\/20220222_141552-768x1024.png\" \/>\n\t<meta property=\"og:image:width\" content=\"768\" \/>\n\t<meta property=\"og:image:height\" content=\"1024\" \/>\n\t<meta property=\"og:image:type\" content=\"image\/png\" \/>\n<meta name=\"twitter:card\" content=\"summary_large_image\" \/>\n<meta name=\"twitter:label1\" content=\"Tiempo de lectura\" \/>\n\t<meta name=\"twitter:data1\" content=\"1 minuto\" \/>\n<script type=\"application\/ld+json\" class=\"yoast-schema-graph\">{\"@context\":\"https:\\\/\\\/schema.org\",\"@graph\":[{\"@type\":\"WebPage\",\"@id\":\"https:\\\/\\\/libreriaminutodedios.com\\\/producto\\\/como-acoger-principiantes-en-la-renovacion\\\/\",\"url\":\"https:\\\/\\\/libreriaminutodedios.com\\\/producto\\\/como-acoger-principiantes-en-la-renovacion\\\/\",\"name\":\"C\u00f3mo acoger principiantes en la renovaci\u00f3n - Librer\u00eda Minuto de Dios\",\"isPartOf\":{\"@id\":\"https:\\\/\\\/libreriaminutodedios.com\\\/#website\"},\"primaryImageOfPage\":{\"@id\":\"https:\\\/\\\/libreriaminutodedios.com\\\/producto\\\/como-acoger-principiantes-en-la-renovacion\\\/#primaryimage\"},\"image\":{\"@id\":\"https:\\\/\\\/libreriaminutodedios.com\\\/producto\\\/como-acoger-principiantes-en-la-renovacion\\\/#primaryimage\"},\"thumbnailUrl\":\"https:\\\/\\\/libreriaminutodedios.com\\\/wp-content\\\/uploads\\\/2021\\\/11\\\/20220222_141552.png\",\"datePublished\":\"2021-11-03T18:20:09+00:00\",\"dateModified\":\"2024-09-19T19:57:10+00:00\",\"breadcrumb\":{\"@id\":\"https:\\\/\\\/libreriaminutodedios.com\\\/producto\\\/como-acoger-principiantes-en-la-renovacion\\\/#breadcrumb\"},\"inLanguage\":\"es\",\"potentialAction\":[{\"@type\":\"ReadAction\",\"target\":[\"https:\\\/\\\/libreriaminutodedios.com\\\/producto\\\/como-acoger-principiantes-en-la-renovacion\\\/\"]}]},{\"@type\":\"ImageObject\",\"inLanguage\":\"es\",\"@id\":\"https:\\\/\\\/libreriaminutodedios.com\\\/producto\\\/como-acoger-principiantes-en-la-renovacion\\\/#primaryimage\",\"url\":\"https:\\\/\\\/libreriaminutodedios.com\\\/wp-content\\\/uploads\\\/2021\\\/11\\\/20220222_141552.png\",\"contentUrl\":\"https:\\\/\\\/libreriaminutodedios.com\\\/wp-content\\\/uploads\\\/2021\\\/11\\\/20220222_141552.png\",\"width\":2448,\"height\":3264},{\"@type\":\"BreadcrumbList\",\"@id\":\"https:\\\/\\\/libreriaminutodedios.com\\\/producto\\\/como-acoger-principiantes-en-la-renovacion\\\/#breadcrumb\",\"itemListElement\":[{\"@type\":\"ListItem\",\"position\":1,\"name\":\"Portada\",\"item\":\"https:\\\/\\\/libreriaminutodedios.com\\\/\"},{\"@type\":\"ListItem\",\"position\":2,\"name\":\"Tienda\",\"item\":\"https:\\\/\\\/libreriaminutodedios.com\\\/?page_id=2895\"},{\"@type\":\"ListItem\",\"position\":3,\"name\":\"C\u00f3mo acoger principiantes en la renovaci\u00f3n\"}]},{\"@type\":\"WebSite\",\"@id\":\"https:\\\/\\\/libreriaminutodedios.com\\\/#website\",\"url\":\"https:\\\/\\\/libreriaminutodedios.com\\\/\",\"name\":\"Librer\u00eda Minuto de Dios\",\"description\":\"Sitio oficial de la Librer\u00eda Minuto de Dios\",\"publisher\":{\"@id\":\"https:\\\/\\\/libreriaminutodedios.com\\\/#organization\"},\"alternateName\":\"Tienda Minuto de Dios\",\"potentialAction\":[{\"@type\":\"SearchAction\",\"target\":{\"@type\":\"EntryPoint\",\"urlTemplate\":\"https:\\\/\\\/libreriaminutodedios.com\\\/?s={search_term_string}\"},\"query-input\":{\"@type\":\"PropertyValueSpecification\",\"valueRequired\":true,\"valueName\":\"search_term_string\"}}],\"inLanguage\":\"es\"},{\"@type\":\"Organization\",\"@id\":\"https:\\\/\\\/libreriaminutodedios.com\\\/#organization\",\"name\":\"Corporaci\u00f3n Centro Carism\u00e1tico Minuto de Dios\",\"alternateName\":\"Minuto de Dios\",\"url\":\"https:\\\/\\\/libreriaminutodedios.com\\\/\",\"logo\":{\"@type\":\"ImageObject\",\"inLanguage\":\"es\",\"@id\":\"https:\\\/\\\/libreriaminutodedios.com\\\/#\\\/schema\\\/logo\\\/image\\\/\",\"url\":\"https:\\\/\\\/libreriaminutodedios.com\\\/wp-content\\\/uploads\\\/2024\\\/09\\\/logo-libreria.png\",\"contentUrl\":\"https:\\\/\\\/libreriaminutodedios.com\\\/wp-content\\\/uploads\\\/2024\\\/09\\\/logo-libreria.png\",\"width\":400,\"height\":138,\"caption\":\"Corporaci\u00f3n Centro Carism\u00e1tico Minuto de Dios\"},\"image\":{\"@id\":\"https:\\\/\\\/libreriaminutodedios.com\\\/#\\\/schema\\\/logo\\\/image\\\/\"}}]}<\/script>\n<!-- \/ Yoast SEO plugin. -->","yoast_head_json":{"title":"C\u00f3mo acoger principiantes en la renovaci\u00f3n - Librer\u00eda Minuto de Dios","robots":{"index":"index","follow":"follow","max-snippet":"max-snippet:-1","max-image-preview":"max-image-preview:large","max-video-preview":"max-video-preview:-1"},"canonical":"https:\/\/libreriaminutodedios.com\/producto\/como-acoger-principiantes-en-la-renovacion\/","og_locale":"es_ES","og_type":"article","og_title":"C\u00f3mo acoger principiantes en la renovaci\u00f3n - Librer\u00eda Minuto de Dios","og_description":"Las orientaciones que enseguida se proponen a los que van\u00a0 a manejar estos grupos de oraci\u00f3n de acogida, son apenas un anticipo de lo ha de ser una serie de preparaci\u00f3n de todo servidor.\u00a0 Por tanto se sugiere que efect\u00faen \"el curso b\u00e1sico de evangelizaci\u00f3n\" que esta dise\u00f1ado para la autoformaci\u00f3n en grupo para aprender con facilidad asimilar y poner en practica.","og_url":"https:\/\/libreriaminutodedios.com\/producto\/como-acoger-principiantes-en-la-renovacion\/","og_site_name":"Librer\u00eda Minuto de Dios","article_modified_time":"2024-09-19T19:57:10+00:00","og_image":[{"width":768,"height":1024,"url":"https:\/\/libreriaminutodedios.com\/wp-content\/uploads\/2021\/11\/20220222_141552-768x1024.png","type":"image\/png"}],"twitter_card":"summary_large_image","twitter_misc":{"Tiempo de lectura":"1 minuto"},"schema":{"@context":"https:\/\/schema.org","@graph":[{"@type":"WebPage","@id":"https:\/\/libreriaminutodedios.com\/producto\/como-acoger-principiantes-en-la-renovacion\/","url":"https:\/\/libreriaminutodedios.com\/producto\/como-acoger-principiantes-en-la-renovacion\/","name":"C\u00f3mo acoger principiantes en la renovaci\u00f3n - Librer\u00eda Minuto de Dios","isPartOf":{"@id":"https:\/\/libreriaminutodedios.com\/#website"},"primaryImageOfPage":{"@id":"https:\/\/libreriaminutodedios.com\/producto\/como-acoger-principiantes-en-la-renovacion\/#primaryimage"},"image":{"@id":"https:\/\/libreriaminutodedios.com\/producto\/como-acoger-principiantes-en-la-renovacion\/#primaryimage"},"thumbnailUrl":"https:\/\/libreriaminutodedios.com\/wp-content\/uploads\/2021\/11\/20220222_141552.png","datePublished":"2021-11-03T18:20:09+00:00","dateModified":"2024-09-19T19:57:10+00:00","breadcrumb":{"@id":"https:\/\/libreriaminutodedios.com\/producto\/como-acoger-principiantes-en-la-renovacion\/#breadcrumb"},"inLanguage":"es","potentialAction":[{"@type":"ReadAction","target":["https:\/\/libreriaminutodedios.com\/producto\/como-acoger-principiantes-en-la-renovacion\/"]}]},{"@type":"ImageObject","inLanguage":"es","@id":"https:\/\/libreriaminutodedios.com\/producto\/como-acoger-principiantes-en-la-renovacion\/#primaryimage","url":"https:\/\/libreriaminutodedios.com\/wp-content\/uploads\/2021\/11\/20220222_141552.png","contentUrl":"https:\/\/libreriaminutodedios.com\/wp-content\/uploads\/2021\/11\/20220222_141552.png","width":2448,"height":3264},{"@type":"BreadcrumbList","@id":"https:\/\/libreriaminutodedios.com\/producto\/como-acoger-principiantes-en-la-renovacion\/#breadcrumb","itemListElement":[{"@type":"ListItem","position":1,"name":"Portada","item":"https:\/\/libreriaminutodedios.com\/"},{"@type":"ListItem","position":2,"name":"Tienda","item":"https:\/\/libreriaminutodedios.com\/?page_id=2895"},{"@type":"ListItem","position":3,"name":"C\u00f3mo acoger principiantes en la renovaci\u00f3n"}]},{"@type":"WebSite","@id":"https:\/\/libreriaminutodedios.com\/#website","url":"https:\/\/libreriaminutodedios.com\/","name":"Librer\u00eda Minuto de Dios","description":"Sitio oficial de la Librer\u00eda Minuto de Dios","publisher":{"@id":"https:\/\/libreriaminutodedios.com\/#organization"},"alternateName":"Tienda Minuto de Dios","potentialAction":[{"@type":"SearchAction","target":{"@type":"EntryPoint","urlTemplate":"https:\/\/libreriaminutodedios.com\/?s={search_term_string}"},"query-input":{"@type":"PropertyValueSpecification","valueRequired":true,"valueName":"search_term_string"}}],"inLanguage":"es"},{"@type":"Organization","@id":"https:\/\/libreriaminutodedios.com\/#organization","name":"Corporaci\u00f3n Centro Carism\u00e1tico Minuto de Dios","alternateName":"Minuto de Dios","url":"https:\/\/libreriaminutodedios.com\/","logo":{"@type":"ImageObject","inLanguage":"es","@id":"https:\/\/libreriaminutodedios.com\/#\/schema\/logo\/image\/","url":"https:\/\/libreriaminutodedios.com\/wp-content\/uploads\/2024\/09\/logo-libreria.png","contentUrl":"https:\/\/libreriaminutodedios.com\/wp-content\/uploads\/2024\/09\/logo-libreria.png","width":400,"height":138,"caption":"Corporaci\u00f3n Centro Carism\u00e1tico Minuto de Dios"},"image":{"@id":"https:\/\/libreriaminutodedios.com\/#\/schema\/logo\/image\/"}}]}},"_links":{"self":[{"href":"https:\/\/libreriaminutodedios.com\/index.php?rest_route=\/wp\/v2\/product\/1695","targetHints":{"allow":["GET"]}}],"collection":[{"href":"https:\/\/libreriaminutodedios.com\/index.php?rest_route=\/wp\/v2\/product"}],"about":[{"href":"https:\/\/libreriaminutodedios.com\/index.php?rest_route=\/wp\/v2\/types\/product"}],"replies":[{"embeddable":true,"href":"https:\/\/libreriaminutodedios.com\/index.php?rest_route=%2Fwp%2Fv2%2Fcomments&post=1695"}],"wp:featuredmedia":[{"embeddable":true,"href":"https:\/\/libreriaminutodedios.com\/index.php?rest_route=\/wp\/v2\/media\/2808"}],"wp:attachment":[{"href":"https:\/\/libreriaminutodedios.com\/index.php?rest_route=%2Fwp%2Fv2%2Fmedia&parent=1695"}],"wp:term":[{"taxonomy":"product_brand","embeddable":true,"href":"https:\/\/libreriaminutodedios.com\/index.php?rest_route=%2Fwp%2Fv2%2Fproduct_brand&post=1695"},{"taxonomy":"product_cat","embeddable":true,"href":"https:\/\/libreriaminutodedios.com\/index.php?rest_route=%2Fwp%2Fv2%2Fproduct_cat&post=1695"},{"taxonomy":"product_tag","embeddable":true,"href":"https:\/\/libreriaminutodedios.com\/index.php?rest_route=%2Fwp%2Fv2%2Fproduct_tag&post=1695"}],"curies":[{"name":"wp","href":"https:\/\/api.w.org\/{rel}","templated":true}]}}