{"id":16343,"date":"2025-09-02T12:40:49","date_gmt":"2025-09-02T17:40:49","guid":{"rendered":"https:\/\/libreriaminutodedios.com\/?post_type=product&#038;p=16343"},"modified":"2026-04-10T09:55:41","modified_gmt":"2026-04-10T14:55:41","slug":"conocer-el-nuevo-testamento","status":"publish","type":"product","link":"https:\/\/libreriaminutodedios.com\/?product=conocer-el-nuevo-testamento","title":{"rendered":"Conocer el Nuevo Testamento"},"content":{"rendered":"<p><span data-contrast=\"auto\">El curso: <\/span><b><span data-contrast=\"auto\">Conocer el Nuevo Testamento <\/span><\/b><span data-contrast=\"auto\">exige una buena comprensi\u00f3n de la pascua de Jesucristo como experiencia fundamental que da origen a las comunidades cristianas y a los escritos neotestamentarios. Es muy \u00fatil para el desarrollo de predicaciones desde el Nuevo Testamento, as\u00ed como para maestros y catequistas de las comunidades cristianas.<\/span><span data-ccp-props=\"{&quot;201341983&quot;:0,&quot;335559685&quot;:567,&quot;335559739&quot;:0,&quot;335559740&quot;:240}\">\u00a0<\/span><\/p>\n<p><span data-contrast=\"auto\"><strong>Profesores:<\/strong> Gloria V\u00e1squez. Profesional en Teolog\u00eda. Profesora de ESCALAR\u00a0<\/span><span data-ccp-props=\"{&quot;201341983&quot;:0,&quot;335559685&quot;:567,&quot;335559739&quot;:0,&quot;335559740&quot;:240}\"> \/<\/span><span data-contrast=\"auto\">\u00a0Manuel Tenjo-Cogollo. Mag\u00edster en Teolog\u00eda. Director de ESCALAR<br \/>\n<\/span><span data-contrast=\"auto\"><strong>Horario del curso:<\/strong><\/span>Modalidad virtual- Autogestinable.<\/p>\n<p><span data-contrast=\"auto\"><strong>Valor:<\/strong> $120.000 COP \/ $35 USD<\/span><span data-ccp-props=\"{&quot;201341983&quot;:0,&quot;335559685&quot;:567,&quot;335559739&quot;:0,&quot;335559740&quot;:240}\">\u00a0<\/span><\/p>\n<p><span data-contrast=\"auto\"><strong>Centro De Atenci\u00f3n Telef\u00f3nica:<\/strong> 601 5558484 Bogot\u00e1<\/span><\/p>\n","protected":false},"excerpt":{"rendered":"<p><span data-contrast=\"auto\">El curso: <\/span><b><span data-contrast=\"auto\">Conocer el Nuevo Testamento <\/span><\/b><span data-contrast=\"auto\">exige una buena comprensi\u00f3n de la pascua de Jesucristo como experiencia fundamental que da origen a las comunidades cristianas y a los escritos neotestamentarios. Es muy \u00fatil para el desarrollo de predicaciones desde el Nuevo Testamento, as\u00ed como para maestros y catequistas de las comunidades cristianas.<\/span><span data-ccp-props=\"{&quot;201341983&quot;:0,&quot;335559685&quot;:567,&quot;335559739&quot;:0,&quot;335559740&quot;:240}\">\u00a0<\/span><\/p>\n<p><span data-contrast=\"auto\"><strong>Profesores:<\/strong> Gloria V\u00e1squez. Profesional en Teolog\u00eda. Profesora de ESCALAR\u00a0<\/span><span data-ccp-props=\"{&quot;201341983&quot;:0,&quot;335559685&quot;:567,&quot;335559739&quot;:0,&quot;335559740&quot;:240}\"> \/<\/span><span data-contrast=\"auto\">\u00a0Manuel Tenjo-Cogollo. Mag\u00edster en Teolog\u00eda. Director de ESCALAR<br \/>\n<\/span><span data-contrast=\"auto\"><strong>Horario del curso:<\/strong><\/span>Modalidad virtual- Autogestinable<\/p>\n<p><span data-contrast=\"auto\"><strong>Valor:<\/strong> $120.000 COP \/ $35 USD<\/span><span data-ccp-props=\"{&quot;201341983&quot;:0,&quot;335559685&quot;:567,&quot;335559739&quot;:0,&quot;335559740&quot;:240}\">\u00a0<\/span><\/p>\n<p><span data-contrast=\"auto\"><strong>Centro De Atenci\u00f3n Telef\u00f3nica:<\/strong> 601 5558484 Bogot\u00e1<\/span><\/p>\n<p><strong>Moneda:<\/strong><br \/>\n[woocs]<\/p>\n","protected":false},"featured_media":16344,"comment_status":"open","ping_status":"closed","template":"","meta":{"_acf_changed":false},"product_brand":[],"product_cat":[647,648],"product_tag":[],"class_list":{"0":"post-16343","1":"product","2":"type-product","3":"status-publish","4":"has-post-thumbnail","6":"product_cat-formacion","7":"product_cat-escalar","9":"first","10":"instock","11":"virtual","12":"purchasable","13":"product-type-simple"},"acf":[],"yoast_head":"<!-- This site is optimized with the Yoast SEO plugin v27.6 - https:\/\/yoast.com\/product\/yoast-seo-wordpress\/ -->\n<title>Conocer el Nuevo Testamento - Librer\u00eda Minuto de Dios<\/title>\n<meta name=\"robots\" content=\"index, follow, max-snippet:-1, max-image-preview:large, max-video-preview:-1\" \/>\n<link rel=\"canonical\" href=\"https:\/\/libreriaminutodedios.com\/producto\/conocer-el-nuevo-testamento\/\" \/>\n<meta property=\"og:locale\" content=\"es_ES\" \/>\n<meta property=\"og:type\" content=\"article\" \/>\n<meta property=\"og:title\" content=\"Conocer el Nuevo Testamento - Librer\u00eda Minuto de Dios\" \/>\n<meta property=\"og:description\" content=\"El curso: Conocer el Nuevo Testamento exige una buena comprensi\u00f3n de la pascua de Jesucristo como experiencia fundamental que da origen a las comunidades cristianas y a los escritos neotestamentarios. Es muy \u00fatil para el desarrollo de predicaciones desde el Nuevo Testamento, as\u00ed como para maestros y catequistas de las comunidades cristianas.\u00a0  Profesores: Gloria V\u00e1squez. Profesional en Teolog\u00eda. Profesora de ESCALAR\u00a0 \/\u00a0Manuel Tenjo-Cogollo. Mag\u00edster en Teolog\u00eda. Director de ESCALAR Horario del curso:Modalidad virtual- Autogestinable  Valor: $120.000 COP \/ $35 USD\u00a0  Centro De Atenci\u00f3n Telef\u00f3nica: 601 5558484 Bogot\u00e1  Moneda:\" \/>\n<meta property=\"og:url\" content=\"https:\/\/libreriaminutodedios.com\/producto\/conocer-el-nuevo-testamento\/\" \/>\n<meta property=\"og:site_name\" content=\"Librer\u00eda Minuto de Dios\" \/>\n<meta property=\"article:modified_time\" content=\"2026-04-10T14:55:41+00:00\" \/>\n<meta property=\"og:image\" content=\"https:\/\/libreriaminutodedios.com\/wp-content\/uploads\/2025\/07\/Imagen-de-WhatsApp-2025-07-23-a-las-16.30.50_1d73e890.jpg\" \/>\n\t<meta property=\"og:image:width\" content=\"1081\" \/>\n\t<meta property=\"og:image:height\" content=\"1351\" \/>\n\t<meta property=\"og:image:type\" content=\"image\/jpeg\" \/>\n<meta name=\"twitter:card\" content=\"summary_large_image\" \/>\n<meta name=\"twitter:label1\" content=\"Tiempo de lectura\" \/>\n\t<meta name=\"twitter:data1\" content=\"1 minuto\" \/>\n<script type=\"application\/ld+json\" class=\"yoast-schema-graph\">{\"@context\":\"https:\\\/\\\/schema.org\",\"@graph\":[{\"@type\":\"WebPage\",\"@id\":\"https:\\\/\\\/libreriaminutodedios.com\\\/producto\\\/conocer-el-nuevo-testamento\\\/\",\"url\":\"https:\\\/\\\/libreriaminutodedios.com\\\/producto\\\/conocer-el-nuevo-testamento\\\/\",\"name\":\"Conocer el Nuevo Testamento - Librer\u00eda Minuto de Dios\",\"isPartOf\":{\"@id\":\"https:\\\/\\\/libreriaminutodedios.com\\\/#website\"},\"primaryImageOfPage\":{\"@id\":\"https:\\\/\\\/libreriaminutodedios.com\\\/producto\\\/conocer-el-nuevo-testamento\\\/#primaryimage\"},\"image\":{\"@id\":\"https:\\\/\\\/libreriaminutodedios.com\\\/producto\\\/conocer-el-nuevo-testamento\\\/#primaryimage\"},\"thumbnailUrl\":\"https:\\\/\\\/libreriaminutodedios.com\\\/wp-content\\\/uploads\\\/2025\\\/07\\\/Imagen-de-WhatsApp-2025-07-23-a-las-16.30.50_1d73e890.jpg\",\"datePublished\":\"2025-09-02T17:40:49+00:00\",\"dateModified\":\"2026-04-10T14:55:41+00:00\",\"breadcrumb\":{\"@id\":\"https:\\\/\\\/libreriaminutodedios.com\\\/producto\\\/conocer-el-nuevo-testamento\\\/#breadcrumb\"},\"inLanguage\":\"es\",\"potentialAction\":[{\"@type\":\"ReadAction\",\"target\":[\"https:\\\/\\\/libreriaminutodedios.com\\\/producto\\\/conocer-el-nuevo-testamento\\\/\"]}]},{\"@type\":\"ImageObject\",\"inLanguage\":\"es\",\"@id\":\"https:\\\/\\\/libreriaminutodedios.com\\\/producto\\\/conocer-el-nuevo-testamento\\\/#primaryimage\",\"url\":\"https:\\\/\\\/libreriaminutodedios.com\\\/wp-content\\\/uploads\\\/2025\\\/07\\\/Imagen-de-WhatsApp-2025-07-23-a-las-16.30.50_1d73e890.jpg\",\"contentUrl\":\"https:\\\/\\\/libreriaminutodedios.com\\\/wp-content\\\/uploads\\\/2025\\\/07\\\/Imagen-de-WhatsApp-2025-07-23-a-las-16.30.50_1d73e890.jpg\",\"width\":1081,\"height\":1351},{\"@type\":\"BreadcrumbList\",\"@id\":\"https:\\\/\\\/libreriaminutodedios.com\\\/producto\\\/conocer-el-nuevo-testamento\\\/#breadcrumb\",\"itemListElement\":[{\"@type\":\"ListItem\",\"position\":1,\"name\":\"Portada\",\"item\":\"https:\\\/\\\/libreriaminutodedios.com\\\/\"},{\"@type\":\"ListItem\",\"position\":2,\"name\":\"Tienda\",\"item\":\"https:\\\/\\\/libreriaminutodedios.com\\\/?page_id=2895\"},{\"@type\":\"ListItem\",\"position\":3,\"name\":\"Conocer el Nuevo Testamento\"}]},{\"@type\":\"WebSite\",\"@id\":\"https:\\\/\\\/libreriaminutodedios.com\\\/#website\",\"url\":\"https:\\\/\\\/libreriaminutodedios.com\\\/\",\"name\":\"Librer\u00eda Minuto de Dios\",\"description\":\"Sitio oficial de la Librer\u00eda Minuto de Dios\",\"publisher\":{\"@id\":\"https:\\\/\\\/libreriaminutodedios.com\\\/#organization\"},\"alternateName\":\"Tienda Minuto de Dios\",\"potentialAction\":[{\"@type\":\"SearchAction\",\"target\":{\"@type\":\"EntryPoint\",\"urlTemplate\":\"https:\\\/\\\/libreriaminutodedios.com\\\/?s={search_term_string}\"},\"query-input\":{\"@type\":\"PropertyValueSpecification\",\"valueRequired\":true,\"valueName\":\"search_term_string\"}}],\"inLanguage\":\"es\"},{\"@type\":\"Organization\",\"@id\":\"https:\\\/\\\/libreriaminutodedios.com\\\/#organization\",\"name\":\"Corporaci\u00f3n Centro Carism\u00e1tico Minuto de Dios\",\"alternateName\":\"Minuto de Dios\",\"url\":\"https:\\\/\\\/libreriaminutodedios.com\\\/\",\"logo\":{\"@type\":\"ImageObject\",\"inLanguage\":\"es\",\"@id\":\"https:\\\/\\\/libreriaminutodedios.com\\\/#\\\/schema\\\/logo\\\/image\\\/\",\"url\":\"https:\\\/\\\/libreriaminutodedios.com\\\/wp-content\\\/uploads\\\/2024\\\/09\\\/logo-libreria.png\",\"contentUrl\":\"https:\\\/\\\/libreriaminutodedios.com\\\/wp-content\\\/uploads\\\/2024\\\/09\\\/logo-libreria.png\",\"width\":400,\"height\":138,\"caption\":\"Corporaci\u00f3n Centro Carism\u00e1tico Minuto de Dios\"},\"image\":{\"@id\":\"https:\\\/\\\/libreriaminutodedios.com\\\/#\\\/schema\\\/logo\\\/image\\\/\"}}]}<\/script>\n<!-- \/ Yoast SEO plugin. -->","yoast_head_json":{"title":"Conocer el Nuevo Testamento - Librer\u00eda Minuto de Dios","robots":{"index":"index","follow":"follow","max-snippet":"max-snippet:-1","max-image-preview":"max-image-preview:large","max-video-preview":"max-video-preview:-1"},"canonical":"https:\/\/libreriaminutodedios.com\/producto\/conocer-el-nuevo-testamento\/","og_locale":"es_ES","og_type":"article","og_title":"Conocer el Nuevo Testamento - Librer\u00eda Minuto de Dios","og_description":"El curso: Conocer el Nuevo Testamento exige una buena comprensi\u00f3n de la pascua de Jesucristo como experiencia fundamental que da origen a las comunidades cristianas y a los escritos neotestamentarios. Es muy \u00fatil para el desarrollo de predicaciones desde el Nuevo Testamento, as\u00ed como para maestros y catequistas de las comunidades cristianas.\u00a0  Profesores: Gloria V\u00e1squez. Profesional en Teolog\u00eda. Profesora de ESCALAR\u00a0 \/\u00a0Manuel Tenjo-Cogollo. Mag\u00edster en Teolog\u00eda. Director de ESCALAR Horario del curso:Modalidad virtual- Autogestinable  Valor: $120.000 COP \/ $35 USD\u00a0  Centro De Atenci\u00f3n Telef\u00f3nica: 601 5558484 Bogot\u00e1  Moneda:","og_url":"https:\/\/libreriaminutodedios.com\/producto\/conocer-el-nuevo-testamento\/","og_site_name":"Librer\u00eda Minuto de Dios","article_modified_time":"2026-04-10T14:55:41+00:00","og_image":[{"width":1081,"height":1351,"url":"https:\/\/libreriaminutodedios.com\/wp-content\/uploads\/2025\/07\/Imagen-de-WhatsApp-2025-07-23-a-las-16.30.50_1d73e890.jpg","type":"image\/jpeg"}],"twitter_card":"summary_large_image","twitter_misc":{"Tiempo de lectura":"1 minuto"},"schema":{"@context":"https:\/\/schema.org","@graph":[{"@type":"WebPage","@id":"https:\/\/libreriaminutodedios.com\/producto\/conocer-el-nuevo-testamento\/","url":"https:\/\/libreriaminutodedios.com\/producto\/conocer-el-nuevo-testamento\/","name":"Conocer el Nuevo Testamento - Librer\u00eda Minuto de Dios","isPartOf":{"@id":"https:\/\/libreriaminutodedios.com\/#website"},"primaryImageOfPage":{"@id":"https:\/\/libreriaminutodedios.com\/producto\/conocer-el-nuevo-testamento\/#primaryimage"},"image":{"@id":"https:\/\/libreriaminutodedios.com\/producto\/conocer-el-nuevo-testamento\/#primaryimage"},"thumbnailUrl":"https:\/\/libreriaminutodedios.com\/wp-content\/uploads\/2025\/07\/Imagen-de-WhatsApp-2025-07-23-a-las-16.30.50_1d73e890.jpg","datePublished":"2025-09-02T17:40:49+00:00","dateModified":"2026-04-10T14:55:41+00:00","breadcrumb":{"@id":"https:\/\/libreriaminutodedios.com\/producto\/conocer-el-nuevo-testamento\/#breadcrumb"},"inLanguage":"es","potentialAction":[{"@type":"ReadAction","target":["https:\/\/libreriaminutodedios.com\/producto\/conocer-el-nuevo-testamento\/"]}]},{"@type":"ImageObject","inLanguage":"es","@id":"https:\/\/libreriaminutodedios.com\/producto\/conocer-el-nuevo-testamento\/#primaryimage","url":"https:\/\/libreriaminutodedios.com\/wp-content\/uploads\/2025\/07\/Imagen-de-WhatsApp-2025-07-23-a-las-16.30.50_1d73e890.jpg","contentUrl":"https:\/\/libreriaminutodedios.com\/wp-content\/uploads\/2025\/07\/Imagen-de-WhatsApp-2025-07-23-a-las-16.30.50_1d73e890.jpg","width":1081,"height":1351},{"@type":"BreadcrumbList","@id":"https:\/\/libreriaminutodedios.com\/producto\/conocer-el-nuevo-testamento\/#breadcrumb","itemListElement":[{"@type":"ListItem","position":1,"name":"Portada","item":"https:\/\/libreriaminutodedios.com\/"},{"@type":"ListItem","position":2,"name":"Tienda","item":"https:\/\/libreriaminutodedios.com\/?page_id=2895"},{"@type":"ListItem","position":3,"name":"Conocer el Nuevo Testamento"}]},{"@type":"WebSite","@id":"https:\/\/libreriaminutodedios.com\/#website","url":"https:\/\/libreriaminutodedios.com\/","name":"Librer\u00eda Minuto de Dios","description":"Sitio oficial de la Librer\u00eda Minuto de Dios","publisher":{"@id":"https:\/\/libreriaminutodedios.com\/#organization"},"alternateName":"Tienda Minuto de Dios","potentialAction":[{"@type":"SearchAction","target":{"@type":"EntryPoint","urlTemplate":"https:\/\/libreriaminutodedios.com\/?s={search_term_string}"},"query-input":{"@type":"PropertyValueSpecification","valueRequired":true,"valueName":"search_term_string"}}],"inLanguage":"es"},{"@type":"Organization","@id":"https:\/\/libreriaminutodedios.com\/#organization","name":"Corporaci\u00f3n Centro Carism\u00e1tico Minuto de Dios","alternateName":"Minuto de Dios","url":"https:\/\/libreriaminutodedios.com\/","logo":{"@type":"ImageObject","inLanguage":"es","@id":"https:\/\/libreriaminutodedios.com\/#\/schema\/logo\/image\/","url":"https:\/\/libreriaminutodedios.com\/wp-content\/uploads\/2024\/09\/logo-libreria.png","contentUrl":"https:\/\/libreriaminutodedios.com\/wp-content\/uploads\/2024\/09\/logo-libreria.png","width":400,"height":138,"caption":"Corporaci\u00f3n Centro Carism\u00e1tico Minuto de Dios"},"image":{"@id":"https:\/\/libreriaminutodedios.com\/#\/schema\/logo\/image\/"}}]}},"_links":{"self":[{"href":"https:\/\/libreriaminutodedios.com\/index.php?rest_route=\/wp\/v2\/product\/16343","targetHints":{"allow":["GET"]}}],"collection":[{"href":"https:\/\/libreriaminutodedios.com\/index.php?rest_route=\/wp\/v2\/product"}],"about":[{"href":"https:\/\/libreriaminutodedios.com\/index.php?rest_route=\/wp\/v2\/types\/product"}],"replies":[{"embeddable":true,"href":"https:\/\/libreriaminutodedios.com\/index.php?rest_route=%2Fwp%2Fv2%2Fcomments&post=16343"}],"wp:featuredmedia":[{"embeddable":true,"href":"https:\/\/libreriaminutodedios.com\/index.php?rest_route=\/wp\/v2\/media\/16344"}],"wp:attachment":[{"href":"https:\/\/libreriaminutodedios.com\/index.php?rest_route=%2Fwp%2Fv2%2Fmedia&parent=16343"}],"wp:term":[{"taxonomy":"product_brand","embeddable":true,"href":"https:\/\/libreriaminutodedios.com\/index.php?rest_route=%2Fwp%2Fv2%2Fproduct_brand&post=16343"},{"taxonomy":"product_cat","embeddable":true,"href":"https:\/\/libreriaminutodedios.com\/index.php?rest_route=%2Fwp%2Fv2%2Fproduct_cat&post=16343"},{"taxonomy":"product_tag","embeddable":true,"href":"https:\/\/libreriaminutodedios.com\/index.php?rest_route=%2Fwp%2Fv2%2Fproduct_tag&post=16343"}],"curies":[{"name":"wp","href":"https:\/\/api.w.org\/{rel}","templated":true}]}}