{"id":1590,"date":"2021-05-22T12:06:01","date_gmt":"2021-05-22T17:06:01","guid":{"rendered":"https:\/\/libreriaminutodedios.com\/?post_type=product&#038;p=1590"},"modified":"2026-04-27T07:22:08","modified_gmt":"2026-04-27T12:22:08","slug":"mujer-valiente-y-guerra-defiende-a-tu-familia","status":"publish","type":"product","link":"https:\/\/libreriaminutodedios.com\/?product=mujer-valiente-y-guerra-defiende-a-tu-familia","title":{"rendered":"MUJER VALIENTE Y GUERRA \u00a1DEFIENDE A TU FAMILIA"},"content":{"rendered":"<p>A ejemplo de Mar\u00eda, con su actuaci\u00f3n trascendente y casi siempre silenciosa. En gracia de Dios y el Padre Te\u00f3filo Rodriguez, convocan a cada una de las mujeres para que con firme decisi\u00f3n y urgencia propia de nuestros tiempos oren al se\u00f1or pidiendo las siete virtudes que las llenaran de valent\u00eda para emprender la guerra contra Satan\u00e1s y en defensa en las familias que este enemigo a querido destruir.<\/p>\n<p>Testimonios de la fe en Cristo, matrimonios y hogares felices.<\/p>\n","protected":false},"excerpt":{"rendered":"<p>A ejemplo de Mar\u00eda, con su actuaci\u00f3n trascendente y casi siempre silenciosa. En gracia de Dios y el Padre Te\u00f3filo Rodriguez, convocan a cada una de las mujeres para que con firme decisi\u00f3n y urgencia propia de nuestros tiempos oren al se\u00f1or pidiendo las siete virtudes que las llenaran de valent\u00eda para emprender la guerra contra Satan\u00e1s y en defensa en las familias que este enemigo a querido destruir.<\/p>\n<p>Testimonios de la fe en Cristo, matrimonios y hogares felices.<\/p>\n","protected":false},"featured_media":13943,"comment_status":"open","ping_status":"closed","template":"","meta":{"_acf_changed":false},"product_brand":[],"product_cat":[162,625],"product_tag":[],"class_list":{"0":"post-1590","1":"product","2":"type-product","3":"status-publish","4":"has-post-thumbnail","6":"product_cat-libros","7":"product_cat-otras-editoriales","9":"first","10":"instock","11":"purchasable","12":"product-type-simple"},"acf":[],"yoast_head":"<!-- This site is optimized with the Yoast SEO plugin v27.6 - https:\/\/yoast.com\/product\/yoast-seo-wordpress\/ -->\n<title>MUJER VALIENTE Y GUERRA \u00a1DEFIENDE A TU FAMILIA - Librer\u00eda Minuto de Dios<\/title>\n<meta name=\"robots\" content=\"index, follow, max-snippet:-1, max-image-preview:large, max-video-preview:-1\" \/>\n<link rel=\"canonical\" href=\"https:\/\/libreriaminutodedios.com\/producto\/mujer-valiente-y-guerra-defiende-a-tu-familia\/\" \/>\n<meta property=\"og:locale\" content=\"es_ES\" \/>\n<meta property=\"og:type\" content=\"article\" \/>\n<meta property=\"og:title\" content=\"MUJER VALIENTE Y GUERRA \u00a1DEFIENDE A TU FAMILIA - Librer\u00eda Minuto de Dios\" \/>\n<meta property=\"og:description\" content=\"A ejemplo de Mar\u00eda, con su actuaci\u00f3n trascendente y casi siempre silenciosa. En gracia de Dios y el Padre Te\u00f3filo Rodriguez, convocan a cada una de las mujeres para que con firme decisi\u00f3n y urgencia propia de nuestros tiempos oren al se\u00f1or pidiendo las siete virtudes que las llenaran de valent\u00eda para emprender la guerra contra Satan\u00e1s y en defensa en las familias que este enemigo a querido destruir.  Testimonios de la fe en Cristo, matrimonios y hogares felices.\" \/>\n<meta property=\"og:url\" content=\"https:\/\/libreriaminutodedios.com\/producto\/mujer-valiente-y-guerra-defiende-a-tu-familia\/\" \/>\n<meta property=\"og:site_name\" content=\"Librer\u00eda Minuto de Dios\" \/>\n<meta property=\"article:modified_time\" content=\"2026-04-27T12:22:08+00:00\" \/>\n<meta property=\"og:image\" content=\"https:\/\/libreriaminutodedios.com\/wp-content\/uploads\/2021\/05\/libros6.png\" \/>\n\t<meta property=\"og:image:width\" content=\"1081\" \/>\n\t<meta property=\"og:image:height\" content=\"1081\" \/>\n\t<meta property=\"og:image:type\" content=\"image\/png\" \/>\n<meta name=\"twitter:card\" content=\"summary_large_image\" \/>\n<meta name=\"twitter:label1\" content=\"Tiempo de lectura\" \/>\n\t<meta name=\"twitter:data1\" content=\"1 minuto\" \/>\n<script type=\"application\/ld+json\" class=\"yoast-schema-graph\">{\"@context\":\"https:\\\/\\\/schema.org\",\"@graph\":[{\"@type\":\"WebPage\",\"@id\":\"https:\\\/\\\/libreriaminutodedios.com\\\/producto\\\/mujer-valiente-y-guerra-defiende-a-tu-familia\\\/\",\"url\":\"https:\\\/\\\/libreriaminutodedios.com\\\/producto\\\/mujer-valiente-y-guerra-defiende-a-tu-familia\\\/\",\"name\":\"MUJER VALIENTE Y GUERRA \u00a1DEFIENDE A TU FAMILIA - Librer\u00eda Minuto de Dios\",\"isPartOf\":{\"@id\":\"https:\\\/\\\/libreriaminutodedios.com\\\/#website\"},\"primaryImageOfPage\":{\"@id\":\"https:\\\/\\\/libreriaminutodedios.com\\\/producto\\\/mujer-valiente-y-guerra-defiende-a-tu-familia\\\/#primaryimage\"},\"image\":{\"@id\":\"https:\\\/\\\/libreriaminutodedios.com\\\/producto\\\/mujer-valiente-y-guerra-defiende-a-tu-familia\\\/#primaryimage\"},\"thumbnailUrl\":\"https:\\\/\\\/libreriaminutodedios.com\\\/wp-content\\\/uploads\\\/2021\\\/05\\\/libros6.png\",\"datePublished\":\"2021-05-22T17:06:01+00:00\",\"dateModified\":\"2026-04-27T12:22:08+00:00\",\"breadcrumb\":{\"@id\":\"https:\\\/\\\/libreriaminutodedios.com\\\/producto\\\/mujer-valiente-y-guerra-defiende-a-tu-familia\\\/#breadcrumb\"},\"inLanguage\":\"es\",\"potentialAction\":[{\"@type\":\"ReadAction\",\"target\":[\"https:\\\/\\\/libreriaminutodedios.com\\\/producto\\\/mujer-valiente-y-guerra-defiende-a-tu-familia\\\/\"]}]},{\"@type\":\"ImageObject\",\"inLanguage\":\"es\",\"@id\":\"https:\\\/\\\/libreriaminutodedios.com\\\/producto\\\/mujer-valiente-y-guerra-defiende-a-tu-familia\\\/#primaryimage\",\"url\":\"https:\\\/\\\/libreriaminutodedios.com\\\/wp-content\\\/uploads\\\/2021\\\/05\\\/libros6.png\",\"contentUrl\":\"https:\\\/\\\/libreriaminutodedios.com\\\/wp-content\\\/uploads\\\/2021\\\/05\\\/libros6.png\",\"width\":1081,\"height\":1081},{\"@type\":\"BreadcrumbList\",\"@id\":\"https:\\\/\\\/libreriaminutodedios.com\\\/producto\\\/mujer-valiente-y-guerra-defiende-a-tu-familia\\\/#breadcrumb\",\"itemListElement\":[{\"@type\":\"ListItem\",\"position\":1,\"name\":\"Portada\",\"item\":\"https:\\\/\\\/libreriaminutodedios.com\\\/\"},{\"@type\":\"ListItem\",\"position\":2,\"name\":\"Tienda\",\"item\":\"https:\\\/\\\/libreriaminutodedios.com\\\/?page_id=2895\"},{\"@type\":\"ListItem\",\"position\":3,\"name\":\"MUJER VALIENTE Y GUERRA \u00a1DEFIENDE A TU FAMILIA\"}]},{\"@type\":\"WebSite\",\"@id\":\"https:\\\/\\\/libreriaminutodedios.com\\\/#website\",\"url\":\"https:\\\/\\\/libreriaminutodedios.com\\\/\",\"name\":\"Librer\u00eda Minuto de Dios\",\"description\":\"Sitio oficial de la Librer\u00eda Minuto de Dios\",\"publisher\":{\"@id\":\"https:\\\/\\\/libreriaminutodedios.com\\\/#organization\"},\"alternateName\":\"Tienda Minuto de Dios\",\"potentialAction\":[{\"@type\":\"SearchAction\",\"target\":{\"@type\":\"EntryPoint\",\"urlTemplate\":\"https:\\\/\\\/libreriaminutodedios.com\\\/?s={search_term_string}\"},\"query-input\":{\"@type\":\"PropertyValueSpecification\",\"valueRequired\":true,\"valueName\":\"search_term_string\"}}],\"inLanguage\":\"es\"},{\"@type\":\"Organization\",\"@id\":\"https:\\\/\\\/libreriaminutodedios.com\\\/#organization\",\"name\":\"Corporaci\u00f3n Centro Carism\u00e1tico Minuto de Dios\",\"alternateName\":\"Minuto de Dios\",\"url\":\"https:\\\/\\\/libreriaminutodedios.com\\\/\",\"logo\":{\"@type\":\"ImageObject\",\"inLanguage\":\"es\",\"@id\":\"https:\\\/\\\/libreriaminutodedios.com\\\/#\\\/schema\\\/logo\\\/image\\\/\",\"url\":\"https:\\\/\\\/libreriaminutodedios.com\\\/wp-content\\\/uploads\\\/2024\\\/09\\\/logo-libreria.png\",\"contentUrl\":\"https:\\\/\\\/libreriaminutodedios.com\\\/wp-content\\\/uploads\\\/2024\\\/09\\\/logo-libreria.png\",\"width\":400,\"height\":138,\"caption\":\"Corporaci\u00f3n Centro Carism\u00e1tico Minuto de Dios\"},\"image\":{\"@id\":\"https:\\\/\\\/libreriaminutodedios.com\\\/#\\\/schema\\\/logo\\\/image\\\/\"}}]}<\/script>\n<!-- \/ Yoast SEO plugin. -->","yoast_head_json":{"title":"MUJER VALIENTE Y GUERRA \u00a1DEFIENDE A TU FAMILIA - Librer\u00eda Minuto de Dios","robots":{"index":"index","follow":"follow","max-snippet":"max-snippet:-1","max-image-preview":"max-image-preview:large","max-video-preview":"max-video-preview:-1"},"canonical":"https:\/\/libreriaminutodedios.com\/producto\/mujer-valiente-y-guerra-defiende-a-tu-familia\/","og_locale":"es_ES","og_type":"article","og_title":"MUJER VALIENTE Y GUERRA \u00a1DEFIENDE A TU FAMILIA - Librer\u00eda Minuto de Dios","og_description":"A ejemplo de Mar\u00eda, con su actuaci\u00f3n trascendente y casi siempre silenciosa. En gracia de Dios y el Padre Te\u00f3filo Rodriguez, convocan a cada una de las mujeres para que con firme decisi\u00f3n y urgencia propia de nuestros tiempos oren al se\u00f1or pidiendo las siete virtudes que las llenaran de valent\u00eda para emprender la guerra contra Satan\u00e1s y en defensa en las familias que este enemigo a querido destruir.  Testimonios de la fe en Cristo, matrimonios y hogares felices.","og_url":"https:\/\/libreriaminutodedios.com\/producto\/mujer-valiente-y-guerra-defiende-a-tu-familia\/","og_site_name":"Librer\u00eda Minuto de Dios","article_modified_time":"2026-04-27T12:22:08+00:00","og_image":[{"width":1081,"height":1081,"url":"https:\/\/libreriaminutodedios.com\/wp-content\/uploads\/2021\/05\/libros6.png","type":"image\/png"}],"twitter_card":"summary_large_image","twitter_misc":{"Tiempo de lectura":"1 minuto"},"schema":{"@context":"https:\/\/schema.org","@graph":[{"@type":"WebPage","@id":"https:\/\/libreriaminutodedios.com\/producto\/mujer-valiente-y-guerra-defiende-a-tu-familia\/","url":"https:\/\/libreriaminutodedios.com\/producto\/mujer-valiente-y-guerra-defiende-a-tu-familia\/","name":"MUJER VALIENTE Y GUERRA \u00a1DEFIENDE A TU FAMILIA - Librer\u00eda Minuto de Dios","isPartOf":{"@id":"https:\/\/libreriaminutodedios.com\/#website"},"primaryImageOfPage":{"@id":"https:\/\/libreriaminutodedios.com\/producto\/mujer-valiente-y-guerra-defiende-a-tu-familia\/#primaryimage"},"image":{"@id":"https:\/\/libreriaminutodedios.com\/producto\/mujer-valiente-y-guerra-defiende-a-tu-familia\/#primaryimage"},"thumbnailUrl":"https:\/\/libreriaminutodedios.com\/wp-content\/uploads\/2021\/05\/libros6.png","datePublished":"2021-05-22T17:06:01+00:00","dateModified":"2026-04-27T12:22:08+00:00","breadcrumb":{"@id":"https:\/\/libreriaminutodedios.com\/producto\/mujer-valiente-y-guerra-defiende-a-tu-familia\/#breadcrumb"},"inLanguage":"es","potentialAction":[{"@type":"ReadAction","target":["https:\/\/libreriaminutodedios.com\/producto\/mujer-valiente-y-guerra-defiende-a-tu-familia\/"]}]},{"@type":"ImageObject","inLanguage":"es","@id":"https:\/\/libreriaminutodedios.com\/producto\/mujer-valiente-y-guerra-defiende-a-tu-familia\/#primaryimage","url":"https:\/\/libreriaminutodedios.com\/wp-content\/uploads\/2021\/05\/libros6.png","contentUrl":"https:\/\/libreriaminutodedios.com\/wp-content\/uploads\/2021\/05\/libros6.png","width":1081,"height":1081},{"@type":"BreadcrumbList","@id":"https:\/\/libreriaminutodedios.com\/producto\/mujer-valiente-y-guerra-defiende-a-tu-familia\/#breadcrumb","itemListElement":[{"@type":"ListItem","position":1,"name":"Portada","item":"https:\/\/libreriaminutodedios.com\/"},{"@type":"ListItem","position":2,"name":"Tienda","item":"https:\/\/libreriaminutodedios.com\/?page_id=2895"},{"@type":"ListItem","position":3,"name":"MUJER VALIENTE Y GUERRA \u00a1DEFIENDE A TU FAMILIA"}]},{"@type":"WebSite","@id":"https:\/\/libreriaminutodedios.com\/#website","url":"https:\/\/libreriaminutodedios.com\/","name":"Librer\u00eda Minuto de Dios","description":"Sitio oficial de la Librer\u00eda Minuto de Dios","publisher":{"@id":"https:\/\/libreriaminutodedios.com\/#organization"},"alternateName":"Tienda Minuto de Dios","potentialAction":[{"@type":"SearchAction","target":{"@type":"EntryPoint","urlTemplate":"https:\/\/libreriaminutodedios.com\/?s={search_term_string}"},"query-input":{"@type":"PropertyValueSpecification","valueRequired":true,"valueName":"search_term_string"}}],"inLanguage":"es"},{"@type":"Organization","@id":"https:\/\/libreriaminutodedios.com\/#organization","name":"Corporaci\u00f3n Centro Carism\u00e1tico Minuto de Dios","alternateName":"Minuto de Dios","url":"https:\/\/libreriaminutodedios.com\/","logo":{"@type":"ImageObject","inLanguage":"es","@id":"https:\/\/libreriaminutodedios.com\/#\/schema\/logo\/image\/","url":"https:\/\/libreriaminutodedios.com\/wp-content\/uploads\/2024\/09\/logo-libreria.png","contentUrl":"https:\/\/libreriaminutodedios.com\/wp-content\/uploads\/2024\/09\/logo-libreria.png","width":400,"height":138,"caption":"Corporaci\u00f3n Centro Carism\u00e1tico Minuto de Dios"},"image":{"@id":"https:\/\/libreriaminutodedios.com\/#\/schema\/logo\/image\/"}}]}},"_links":{"self":[{"href":"https:\/\/libreriaminutodedios.com\/index.php?rest_route=\/wp\/v2\/product\/1590","targetHints":{"allow":["GET"]}}],"collection":[{"href":"https:\/\/libreriaminutodedios.com\/index.php?rest_route=\/wp\/v2\/product"}],"about":[{"href":"https:\/\/libreriaminutodedios.com\/index.php?rest_route=\/wp\/v2\/types\/product"}],"replies":[{"embeddable":true,"href":"https:\/\/libreriaminutodedios.com\/index.php?rest_route=%2Fwp%2Fv2%2Fcomments&post=1590"}],"wp:featuredmedia":[{"embeddable":true,"href":"https:\/\/libreriaminutodedios.com\/index.php?rest_route=\/wp\/v2\/media\/13943"}],"wp:attachment":[{"href":"https:\/\/libreriaminutodedios.com\/index.php?rest_route=%2Fwp%2Fv2%2Fmedia&parent=1590"}],"wp:term":[{"taxonomy":"product_brand","embeddable":true,"href":"https:\/\/libreriaminutodedios.com\/index.php?rest_route=%2Fwp%2Fv2%2Fproduct_brand&post=1590"},{"taxonomy":"product_cat","embeddable":true,"href":"https:\/\/libreriaminutodedios.com\/index.php?rest_route=%2Fwp%2Fv2%2Fproduct_cat&post=1590"},{"taxonomy":"product_tag","embeddable":true,"href":"https:\/\/libreriaminutodedios.com\/index.php?rest_route=%2Fwp%2Fv2%2Fproduct_tag&post=1590"}],"curies":[{"name":"wp","href":"https:\/\/api.w.org\/{rel}","templated":true}]}}