{"id":14972,"date":"2025-05-27T11:04:44","date_gmt":"2025-05-27T16:04:44","guid":{"rendered":"https:\/\/libreriaminutodedios.com\/?post_type=product&#038;p=14972"},"modified":"2026-04-10T09:54:59","modified_gmt":"2026-04-10T14:54:59","slug":"aprender-a-leer-la-biblia","status":"publish","type":"product","link":"https:\/\/libreriaminutodedios.com\/?product=aprender-a-leer-la-biblia","title":{"rendered":"Aprender a leer la Biblia"},"content":{"rendered":"<p>El curso-taller Aprender a leer la Biblia realiza el ejercicio de lectura de textos b\u00edblicos con la aplicaci\u00f3n de los m\u00e9todos sincr\u00f3nicos de an\u00e1lisis sem\u00e1ntico y lectio divina. Es muy \u00fatil para predicadores, catequistas y maestros de las comunidades cristianas.<\/p>\n<p><strong>Profesor:<\/strong> Manuel Tenjo, Mag\u00edster en Teolog\u00eda, Director de ESCALAR.<\/p>\n<p><strong>Horario del curso<\/strong>:Modalidad virtual- Autogestinable<\/p>\n<p><strong>Valor:<\/strong> $80.000 COP \/ $25 USD\u00a0601 5558484 Bogot\u00e1.<\/p>\n","protected":false},"excerpt":{"rendered":"<p>Aprender a leer la Biblia &#8211; ESCALAR (Modalidad virtual)<\/p>\n<p><strong>Modalidad:<\/strong>Modalidad virtual- Autogestinable<\/p>\n<p><strong>Valor:<\/strong> $80.000 COP\u00a0 \/ \u00a0$25 USD<\/p>\n<p><strong>Moneda:<\/strong><br \/>\n[woocs]<\/p>\n","protected":false},"featured_media":14973,"comment_status":"open","ping_status":"closed","template":"","meta":{"_acf_changed":false},"product_brand":[],"product_cat":[647,648],"product_tag":[],"class_list":{"0":"post-14972","1":"product","2":"type-product","3":"status-publish","4":"has-post-thumbnail","6":"product_cat-formacion","7":"product_cat-escalar","9":"first","10":"instock","11":"virtual","12":"purchasable","13":"product-type-simple"},"acf":[],"yoast_head":"<!-- This site is optimized with the Yoast SEO plugin v27.6 - https:\/\/yoast.com\/product\/yoast-seo-wordpress\/ -->\n<title>Aprender a leer la Biblia - Librer\u00eda Minuto de Dios<\/title>\n<meta name=\"robots\" content=\"index, follow, max-snippet:-1, max-image-preview:large, max-video-preview:-1\" \/>\n<link rel=\"canonical\" href=\"https:\/\/libreriaminutodedios.com\/producto\/aprender-a-leer-la-biblia\/\" \/>\n<meta property=\"og:locale\" content=\"es_ES\" \/>\n<meta property=\"og:type\" content=\"article\" \/>\n<meta property=\"og:title\" content=\"Aprender a leer la Biblia - Librer\u00eda Minuto de Dios\" \/>\n<meta property=\"og:description\" content=\"Aprender a leer la Biblia - ESCALAR (Modalidad virtual)  Modalidad:Modalidad virtual- Autogestinable  Valor: $80.000 COP\u00a0 \/ \u00a0$25 USD  Moneda:\" \/>\n<meta property=\"og:url\" content=\"https:\/\/libreriaminutodedios.com\/producto\/aprender-a-leer-la-biblia\/\" \/>\n<meta property=\"og:site_name\" content=\"Librer\u00eda Minuto de Dios\" \/>\n<meta property=\"article:modified_time\" content=\"2026-04-10T14:54:59+00:00\" \/>\n<meta property=\"og:image\" content=\"https:\/\/libreriaminutodedios.com\/wp-content\/uploads\/2025\/05\/escalar-NUEVOS-CURSOS2b.jpg\" \/>\n\t<meta property=\"og:image:width\" content=\"1081\" \/>\n\t<meta property=\"og:image:height\" content=\"1351\" \/>\n\t<meta property=\"og:image:type\" content=\"image\/jpeg\" \/>\n<meta name=\"twitter:card\" content=\"summary_large_image\" \/>\n<meta name=\"twitter:label1\" content=\"Tiempo de lectura\" \/>\n\t<meta name=\"twitter:data1\" content=\"1 minuto\" \/>\n<script type=\"application\/ld+json\" class=\"yoast-schema-graph\">{\"@context\":\"https:\\\/\\\/schema.org\",\"@graph\":[{\"@type\":\"WebPage\",\"@id\":\"https:\\\/\\\/libreriaminutodedios.com\\\/producto\\\/aprender-a-leer-la-biblia\\\/\",\"url\":\"https:\\\/\\\/libreriaminutodedios.com\\\/producto\\\/aprender-a-leer-la-biblia\\\/\",\"name\":\"Aprender a leer la Biblia - Librer\u00eda Minuto de Dios\",\"isPartOf\":{\"@id\":\"https:\\\/\\\/libreriaminutodedios.com\\\/#website\"},\"primaryImageOfPage\":{\"@id\":\"https:\\\/\\\/libreriaminutodedios.com\\\/producto\\\/aprender-a-leer-la-biblia\\\/#primaryimage\"},\"image\":{\"@id\":\"https:\\\/\\\/libreriaminutodedios.com\\\/producto\\\/aprender-a-leer-la-biblia\\\/#primaryimage\"},\"thumbnailUrl\":\"https:\\\/\\\/libreriaminutodedios.com\\\/wp-content\\\/uploads\\\/2025\\\/05\\\/escalar-NUEVOS-CURSOS2b.jpg\",\"datePublished\":\"2025-05-27T16:04:44+00:00\",\"dateModified\":\"2026-04-10T14:54:59+00:00\",\"breadcrumb\":{\"@id\":\"https:\\\/\\\/libreriaminutodedios.com\\\/producto\\\/aprender-a-leer-la-biblia\\\/#breadcrumb\"},\"inLanguage\":\"es\",\"potentialAction\":[{\"@type\":\"ReadAction\",\"target\":[\"https:\\\/\\\/libreriaminutodedios.com\\\/producto\\\/aprender-a-leer-la-biblia\\\/\"]}]},{\"@type\":\"ImageObject\",\"inLanguage\":\"es\",\"@id\":\"https:\\\/\\\/libreriaminutodedios.com\\\/producto\\\/aprender-a-leer-la-biblia\\\/#primaryimage\",\"url\":\"https:\\\/\\\/libreriaminutodedios.com\\\/wp-content\\\/uploads\\\/2025\\\/05\\\/escalar-NUEVOS-CURSOS2b.jpg\",\"contentUrl\":\"https:\\\/\\\/libreriaminutodedios.com\\\/wp-content\\\/uploads\\\/2025\\\/05\\\/escalar-NUEVOS-CURSOS2b.jpg\",\"width\":1081,\"height\":1351},{\"@type\":\"BreadcrumbList\",\"@id\":\"https:\\\/\\\/libreriaminutodedios.com\\\/producto\\\/aprender-a-leer-la-biblia\\\/#breadcrumb\",\"itemListElement\":[{\"@type\":\"ListItem\",\"position\":1,\"name\":\"Portada\",\"item\":\"https:\\\/\\\/libreriaminutodedios.com\\\/\"},{\"@type\":\"ListItem\",\"position\":2,\"name\":\"Tienda\",\"item\":\"https:\\\/\\\/libreriaminutodedios.com\\\/?page_id=2895\"},{\"@type\":\"ListItem\",\"position\":3,\"name\":\"Aprender a leer la Biblia\"}]},{\"@type\":\"WebSite\",\"@id\":\"https:\\\/\\\/libreriaminutodedios.com\\\/#website\",\"url\":\"https:\\\/\\\/libreriaminutodedios.com\\\/\",\"name\":\"Librer\u00eda Minuto de Dios\",\"description\":\"Sitio oficial de la Librer\u00eda Minuto de Dios\",\"publisher\":{\"@id\":\"https:\\\/\\\/libreriaminutodedios.com\\\/#organization\"},\"alternateName\":\"Tienda Minuto de Dios\",\"potentialAction\":[{\"@type\":\"SearchAction\",\"target\":{\"@type\":\"EntryPoint\",\"urlTemplate\":\"https:\\\/\\\/libreriaminutodedios.com\\\/?s={search_term_string}\"},\"query-input\":{\"@type\":\"PropertyValueSpecification\",\"valueRequired\":true,\"valueName\":\"search_term_string\"}}],\"inLanguage\":\"es\"},{\"@type\":\"Organization\",\"@id\":\"https:\\\/\\\/libreriaminutodedios.com\\\/#organization\",\"name\":\"Corporaci\u00f3n Centro Carism\u00e1tico Minuto de Dios\",\"alternateName\":\"Minuto de Dios\",\"url\":\"https:\\\/\\\/libreriaminutodedios.com\\\/\",\"logo\":{\"@type\":\"ImageObject\",\"inLanguage\":\"es\",\"@id\":\"https:\\\/\\\/libreriaminutodedios.com\\\/#\\\/schema\\\/logo\\\/image\\\/\",\"url\":\"https:\\\/\\\/libreriaminutodedios.com\\\/wp-content\\\/uploads\\\/2024\\\/09\\\/logo-libreria.png\",\"contentUrl\":\"https:\\\/\\\/libreriaminutodedios.com\\\/wp-content\\\/uploads\\\/2024\\\/09\\\/logo-libreria.png\",\"width\":400,\"height\":138,\"caption\":\"Corporaci\u00f3n Centro Carism\u00e1tico Minuto de Dios\"},\"image\":{\"@id\":\"https:\\\/\\\/libreriaminutodedios.com\\\/#\\\/schema\\\/logo\\\/image\\\/\"}}]}<\/script>\n<!-- \/ Yoast SEO plugin. -->","yoast_head_json":{"title":"Aprender a leer la Biblia - Librer\u00eda Minuto de Dios","robots":{"index":"index","follow":"follow","max-snippet":"max-snippet:-1","max-image-preview":"max-image-preview:large","max-video-preview":"max-video-preview:-1"},"canonical":"https:\/\/libreriaminutodedios.com\/producto\/aprender-a-leer-la-biblia\/","og_locale":"es_ES","og_type":"article","og_title":"Aprender a leer la Biblia - Librer\u00eda Minuto de Dios","og_description":"Aprender a leer la Biblia - ESCALAR (Modalidad virtual)  Modalidad:Modalidad virtual- Autogestinable  Valor: $80.000 COP\u00a0 \/ \u00a0$25 USD  Moneda:","og_url":"https:\/\/libreriaminutodedios.com\/producto\/aprender-a-leer-la-biblia\/","og_site_name":"Librer\u00eda Minuto de Dios","article_modified_time":"2026-04-10T14:54:59+00:00","og_image":[{"width":1081,"height":1351,"url":"https:\/\/libreriaminutodedios.com\/wp-content\/uploads\/2025\/05\/escalar-NUEVOS-CURSOS2b.jpg","type":"image\/jpeg"}],"twitter_card":"summary_large_image","twitter_misc":{"Tiempo de lectura":"1 minuto"},"schema":{"@context":"https:\/\/schema.org","@graph":[{"@type":"WebPage","@id":"https:\/\/libreriaminutodedios.com\/producto\/aprender-a-leer-la-biblia\/","url":"https:\/\/libreriaminutodedios.com\/producto\/aprender-a-leer-la-biblia\/","name":"Aprender a leer la Biblia - Librer\u00eda Minuto de Dios","isPartOf":{"@id":"https:\/\/libreriaminutodedios.com\/#website"},"primaryImageOfPage":{"@id":"https:\/\/libreriaminutodedios.com\/producto\/aprender-a-leer-la-biblia\/#primaryimage"},"image":{"@id":"https:\/\/libreriaminutodedios.com\/producto\/aprender-a-leer-la-biblia\/#primaryimage"},"thumbnailUrl":"https:\/\/libreriaminutodedios.com\/wp-content\/uploads\/2025\/05\/escalar-NUEVOS-CURSOS2b.jpg","datePublished":"2025-05-27T16:04:44+00:00","dateModified":"2026-04-10T14:54:59+00:00","breadcrumb":{"@id":"https:\/\/libreriaminutodedios.com\/producto\/aprender-a-leer-la-biblia\/#breadcrumb"},"inLanguage":"es","potentialAction":[{"@type":"ReadAction","target":["https:\/\/libreriaminutodedios.com\/producto\/aprender-a-leer-la-biblia\/"]}]},{"@type":"ImageObject","inLanguage":"es","@id":"https:\/\/libreriaminutodedios.com\/producto\/aprender-a-leer-la-biblia\/#primaryimage","url":"https:\/\/libreriaminutodedios.com\/wp-content\/uploads\/2025\/05\/escalar-NUEVOS-CURSOS2b.jpg","contentUrl":"https:\/\/libreriaminutodedios.com\/wp-content\/uploads\/2025\/05\/escalar-NUEVOS-CURSOS2b.jpg","width":1081,"height":1351},{"@type":"BreadcrumbList","@id":"https:\/\/libreriaminutodedios.com\/producto\/aprender-a-leer-la-biblia\/#breadcrumb","itemListElement":[{"@type":"ListItem","position":1,"name":"Portada","item":"https:\/\/libreriaminutodedios.com\/"},{"@type":"ListItem","position":2,"name":"Tienda","item":"https:\/\/libreriaminutodedios.com\/?page_id=2895"},{"@type":"ListItem","position":3,"name":"Aprender a leer la Biblia"}]},{"@type":"WebSite","@id":"https:\/\/libreriaminutodedios.com\/#website","url":"https:\/\/libreriaminutodedios.com\/","name":"Librer\u00eda Minuto de Dios","description":"Sitio oficial de la Librer\u00eda Minuto de Dios","publisher":{"@id":"https:\/\/libreriaminutodedios.com\/#organization"},"alternateName":"Tienda Minuto de Dios","potentialAction":[{"@type":"SearchAction","target":{"@type":"EntryPoint","urlTemplate":"https:\/\/libreriaminutodedios.com\/?s={search_term_string}"},"query-input":{"@type":"PropertyValueSpecification","valueRequired":true,"valueName":"search_term_string"}}],"inLanguage":"es"},{"@type":"Organization","@id":"https:\/\/libreriaminutodedios.com\/#organization","name":"Corporaci\u00f3n Centro Carism\u00e1tico Minuto de Dios","alternateName":"Minuto de Dios","url":"https:\/\/libreriaminutodedios.com\/","logo":{"@type":"ImageObject","inLanguage":"es","@id":"https:\/\/libreriaminutodedios.com\/#\/schema\/logo\/image\/","url":"https:\/\/libreriaminutodedios.com\/wp-content\/uploads\/2024\/09\/logo-libreria.png","contentUrl":"https:\/\/libreriaminutodedios.com\/wp-content\/uploads\/2024\/09\/logo-libreria.png","width":400,"height":138,"caption":"Corporaci\u00f3n Centro Carism\u00e1tico Minuto de Dios"},"image":{"@id":"https:\/\/libreriaminutodedios.com\/#\/schema\/logo\/image\/"}}]}},"_links":{"self":[{"href":"https:\/\/libreriaminutodedios.com\/index.php?rest_route=\/wp\/v2\/product\/14972","targetHints":{"allow":["GET"]}}],"collection":[{"href":"https:\/\/libreriaminutodedios.com\/index.php?rest_route=\/wp\/v2\/product"}],"about":[{"href":"https:\/\/libreriaminutodedios.com\/index.php?rest_route=\/wp\/v2\/types\/product"}],"replies":[{"embeddable":true,"href":"https:\/\/libreriaminutodedios.com\/index.php?rest_route=%2Fwp%2Fv2%2Fcomments&post=14972"}],"wp:featuredmedia":[{"embeddable":true,"href":"https:\/\/libreriaminutodedios.com\/index.php?rest_route=\/wp\/v2\/media\/14973"}],"wp:attachment":[{"href":"https:\/\/libreriaminutodedios.com\/index.php?rest_route=%2Fwp%2Fv2%2Fmedia&parent=14972"}],"wp:term":[{"taxonomy":"product_brand","embeddable":true,"href":"https:\/\/libreriaminutodedios.com\/index.php?rest_route=%2Fwp%2Fv2%2Fproduct_brand&post=14972"},{"taxonomy":"product_cat","embeddable":true,"href":"https:\/\/libreriaminutodedios.com\/index.php?rest_route=%2Fwp%2Fv2%2Fproduct_cat&post=14972"},{"taxonomy":"product_tag","embeddable":true,"href":"https:\/\/libreriaminutodedios.com\/index.php?rest_route=%2Fwp%2Fv2%2Fproduct_tag&post=14972"}],"curies":[{"name":"wp","href":"https:\/\/api.w.org\/{rel}","templated":true}]}}