{"id":143,"date":"2021-03-10T10:31:54","date_gmt":"2021-03-10T15:31:54","guid":{"rendered":"https:\/\/libreriaminutodedios.com\/?post_type=product&#038;p=143"},"modified":"2024-09-19T16:51:30","modified_gmt":"2024-09-19T21:51:30","slug":"misericordiosos-como-dios","status":"publish","type":"product","link":"https:\/\/libreriaminutodedios.com\/?product=misericordiosos-como-dios","title":{"rendered":"Misericordiosos como Dios"},"content":{"rendered":"<p>Para ayudarnos a vivir en plenitud el a\u00f1o jubilar de la misericordia, el padre Diego Jaramillo ofrece unas reflexiones sobre las Personas Divinas, \u201cque son todo amor y misericordia infinita por sus creaturas\u201d y tambi\u00e9n sobre la iglesia, que \u201cdebe ser un espacio en donde se da un clima de misericordia, vivido por Mar\u00eda, por los santos y por todos los bautizados, invitados a prolongar en el mundo la misericordia que constituye el ser de las Tres Personas Divinas, y que nos asemeja a ellas\u201d.<br \/>\nCada cap\u00edtulo va acompa\u00f1ado de sugerencias para la profundizaci\u00f3n, a partir de citas b\u00edblicas, textos del magisterio eclesial, oraciones, cantos y preguntas para la reflexi\u00f3n, de modo que puede ser un excelente ejercicio para trabajar individualmente o en grupo, comunidad o familia.<\/p>\n","protected":false},"excerpt":{"rendered":"<p>Para ayudarnos a vivir en plenitud el a\u00f1o jubilar de la misericordia, el padre Diego Jaramillo ofrece unas reflexiones sobre las Personas Divinas, \u201cque son todo amor y misericordia infinita por sus creaturas\u201d y tambi\u00e9n sobre la iglesia, que \u201cdebe ser un espacio en donde se da un clima de misericordia, vivido por Mar\u00eda, por los santos y por todos los bautizados, invitados a prolongar en el mundo la misericordia que constituye el ser de las Tres Personas Divinas, y que nos asemeja a ellas\u201d.<br \/>\nCada cap\u00edtulo va acompa\u00f1ado de sugerencias para la profundizaci\u00f3n, a partir de citas b\u00edblicas, textos del magisterio eclesial, oraciones, cantos y preguntas para la reflexi\u00f3n, de modo que puede ser un excelente ejercicio para trabajar individualmente o en grupo, comunidad o familia.<\/p>\n","protected":false},"featured_media":11601,"comment_status":"open","ping_status":"closed","template":"","meta":{"_acf_changed":false},"product_brand":[],"product_cat":[162,615,616,624,419],"product_tag":[75,134,135,136,490],"class_list":{"0":"post-143","1":"product","2":"type-product","3":"status-publish","4":"has-post-thumbnail","6":"product_cat-libros","7":"product_cat-colecciones","8":"product_cat-crecer","9":"product_cat-editorial-minuto-de-dios","10":"product_cat-coleccion-reflexion","11":"product_tag-diego-jaramillo","12":"product_tag-discipulos","13":"product_tag-misericordia","14":"product_tag-padre-misericordioso","15":"product_tag-editorial-md","17":"first","18":"instock","19":"purchasable","20":"product-type-simple"},"acf":[],"yoast_head":"<!-- This site is optimized with the Yoast SEO plugin v27.6 - https:\/\/yoast.com\/product\/yoast-seo-wordpress\/ -->\n<title>Misericordiosos como Dios - Librer\u00eda Minuto de Dios<\/title>\n<meta name=\"robots\" content=\"index, follow, max-snippet:-1, max-image-preview:large, max-video-preview:-1\" \/>\n<link rel=\"canonical\" href=\"https:\/\/libreriaminutodedios.com\/producto\/misericordiosos-como-dios\/\" \/>\n<meta property=\"og:locale\" content=\"es_ES\" \/>\n<meta property=\"og:type\" content=\"article\" \/>\n<meta property=\"og:title\" content=\"Misericordiosos como Dios - Librer\u00eda Minuto de Dios\" \/>\n<meta property=\"og:description\" content=\"Para ayudarnos a vivir en plenitud el a\u00f1o jubilar de la misericordia, el padre Diego Jaramillo ofrece unas reflexiones sobre las Personas Divinas, \u201cque son todo amor y misericordia infinita por sus creaturas\u201d y tambi\u00e9n sobre la iglesia, que \u201cdebe ser un espacio en donde se da un clima de misericordia, vivido por Mar\u00eda, por los santos y por todos los bautizados, invitados a prolongar en el mundo la misericordia que constituye el ser de las Tres Personas Divinas, y que nos asemeja a ellas\u201d. Cada cap\u00edtulo va acompa\u00f1ado de sugerencias para la profundizaci\u00f3n, a partir de citas b\u00edblicas, textos del magisterio eclesial, oraciones, cantos y preguntas para la reflexi\u00f3n, de modo que puede ser un excelente ejercicio para trabajar individualmente o en grupo, comunidad o familia.\" \/>\n<meta property=\"og:url\" content=\"https:\/\/libreriaminutodedios.com\/producto\/misericordiosos-como-dios\/\" \/>\n<meta property=\"og:site_name\" content=\"Librer\u00eda Minuto de Dios\" \/>\n<meta property=\"article:modified_time\" content=\"2024-09-19T21:51:30+00:00\" \/>\n<meta property=\"og:image\" content=\"https:\/\/libreriaminutodedios.com\/wp-content\/uploads\/2021\/03\/Misericordiosos-como-dios-3.png\" \/>\n\t<meta property=\"og:image:width\" content=\"1000\" \/>\n\t<meta property=\"og:image:height\" content=\"1000\" \/>\n\t<meta property=\"og:image:type\" content=\"image\/png\" \/>\n<meta name=\"twitter:card\" content=\"summary_large_image\" \/>\n<meta name=\"twitter:label1\" content=\"Tiempo de lectura\" \/>\n\t<meta name=\"twitter:data1\" content=\"1 minuto\" \/>\n<script type=\"application\/ld+json\" class=\"yoast-schema-graph\">{\"@context\":\"https:\\\/\\\/schema.org\",\"@graph\":[{\"@type\":\"WebPage\",\"@id\":\"https:\\\/\\\/libreriaminutodedios.com\\\/producto\\\/misericordiosos-como-dios\\\/\",\"url\":\"https:\\\/\\\/libreriaminutodedios.com\\\/producto\\\/misericordiosos-como-dios\\\/\",\"name\":\"Misericordiosos como Dios - Librer\u00eda Minuto de Dios\",\"isPartOf\":{\"@id\":\"https:\\\/\\\/libreriaminutodedios.com\\\/#website\"},\"primaryImageOfPage\":{\"@id\":\"https:\\\/\\\/libreriaminutodedios.com\\\/producto\\\/misericordiosos-como-dios\\\/#primaryimage\"},\"image\":{\"@id\":\"https:\\\/\\\/libreriaminutodedios.com\\\/producto\\\/misericordiosos-como-dios\\\/#primaryimage\"},\"thumbnailUrl\":\"https:\\\/\\\/libreriaminutodedios.com\\\/wp-content\\\/uploads\\\/2021\\\/03\\\/Misericordiosos-como-dios-3.png\",\"datePublished\":\"2021-03-10T15:31:54+00:00\",\"dateModified\":\"2024-09-19T21:51:30+00:00\",\"breadcrumb\":{\"@id\":\"https:\\\/\\\/libreriaminutodedios.com\\\/producto\\\/misericordiosos-como-dios\\\/#breadcrumb\"},\"inLanguage\":\"es\",\"potentialAction\":[{\"@type\":\"ReadAction\",\"target\":[\"https:\\\/\\\/libreriaminutodedios.com\\\/producto\\\/misericordiosos-como-dios\\\/\"]}]},{\"@type\":\"ImageObject\",\"inLanguage\":\"es\",\"@id\":\"https:\\\/\\\/libreriaminutodedios.com\\\/producto\\\/misericordiosos-como-dios\\\/#primaryimage\",\"url\":\"https:\\\/\\\/libreriaminutodedios.com\\\/wp-content\\\/uploads\\\/2021\\\/03\\\/Misericordiosos-como-dios-3.png\",\"contentUrl\":\"https:\\\/\\\/libreriaminutodedios.com\\\/wp-content\\\/uploads\\\/2021\\\/03\\\/Misericordiosos-como-dios-3.png\",\"width\":1000,\"height\":1000},{\"@type\":\"BreadcrumbList\",\"@id\":\"https:\\\/\\\/libreriaminutodedios.com\\\/producto\\\/misericordiosos-como-dios\\\/#breadcrumb\",\"itemListElement\":[{\"@type\":\"ListItem\",\"position\":1,\"name\":\"Portada\",\"item\":\"https:\\\/\\\/libreriaminutodedios.com\\\/\"},{\"@type\":\"ListItem\",\"position\":2,\"name\":\"Tienda\",\"item\":\"https:\\\/\\\/libreriaminutodedios.com\\\/?page_id=2895\"},{\"@type\":\"ListItem\",\"position\":3,\"name\":\"Misericordiosos como Dios\"}]},{\"@type\":\"WebSite\",\"@id\":\"https:\\\/\\\/libreriaminutodedios.com\\\/#website\",\"url\":\"https:\\\/\\\/libreriaminutodedios.com\\\/\",\"name\":\"Librer\u00eda Minuto de Dios\",\"description\":\"Sitio oficial de la Librer\u00eda Minuto de Dios\",\"publisher\":{\"@id\":\"https:\\\/\\\/libreriaminutodedios.com\\\/#organization\"},\"alternateName\":\"Tienda Minuto de Dios\",\"potentialAction\":[{\"@type\":\"SearchAction\",\"target\":{\"@type\":\"EntryPoint\",\"urlTemplate\":\"https:\\\/\\\/libreriaminutodedios.com\\\/?s={search_term_string}\"},\"query-input\":{\"@type\":\"PropertyValueSpecification\",\"valueRequired\":true,\"valueName\":\"search_term_string\"}}],\"inLanguage\":\"es\"},{\"@type\":\"Organization\",\"@id\":\"https:\\\/\\\/libreriaminutodedios.com\\\/#organization\",\"name\":\"Corporaci\u00f3n Centro Carism\u00e1tico Minuto de Dios\",\"alternateName\":\"Minuto de Dios\",\"url\":\"https:\\\/\\\/libreriaminutodedios.com\\\/\",\"logo\":{\"@type\":\"ImageObject\",\"inLanguage\":\"es\",\"@id\":\"https:\\\/\\\/libreriaminutodedios.com\\\/#\\\/schema\\\/logo\\\/image\\\/\",\"url\":\"https:\\\/\\\/libreriaminutodedios.com\\\/wp-content\\\/uploads\\\/2024\\\/09\\\/logo-libreria.png\",\"contentUrl\":\"https:\\\/\\\/libreriaminutodedios.com\\\/wp-content\\\/uploads\\\/2024\\\/09\\\/logo-libreria.png\",\"width\":400,\"height\":138,\"caption\":\"Corporaci\u00f3n Centro Carism\u00e1tico Minuto de Dios\"},\"image\":{\"@id\":\"https:\\\/\\\/libreriaminutodedios.com\\\/#\\\/schema\\\/logo\\\/image\\\/\"}}]}<\/script>\n<!-- \/ Yoast SEO plugin. -->","yoast_head_json":{"title":"Misericordiosos como Dios - Librer\u00eda Minuto de Dios","robots":{"index":"index","follow":"follow","max-snippet":"max-snippet:-1","max-image-preview":"max-image-preview:large","max-video-preview":"max-video-preview:-1"},"canonical":"https:\/\/libreriaminutodedios.com\/producto\/misericordiosos-como-dios\/","og_locale":"es_ES","og_type":"article","og_title":"Misericordiosos como Dios - Librer\u00eda Minuto de Dios","og_description":"Para ayudarnos a vivir en plenitud el a\u00f1o jubilar de la misericordia, el padre Diego Jaramillo ofrece unas reflexiones sobre las Personas Divinas, \u201cque son todo amor y misericordia infinita por sus creaturas\u201d y tambi\u00e9n sobre la iglesia, que \u201cdebe ser un espacio en donde se da un clima de misericordia, vivido por Mar\u00eda, por los santos y por todos los bautizados, invitados a prolongar en el mundo la misericordia que constituye el ser de las Tres Personas Divinas, y que nos asemeja a ellas\u201d. Cada cap\u00edtulo va acompa\u00f1ado de sugerencias para la profundizaci\u00f3n, a partir de citas b\u00edblicas, textos del magisterio eclesial, oraciones, cantos y preguntas para la reflexi\u00f3n, de modo que puede ser un excelente ejercicio para trabajar individualmente o en grupo, comunidad o familia.","og_url":"https:\/\/libreriaminutodedios.com\/producto\/misericordiosos-como-dios\/","og_site_name":"Librer\u00eda Minuto de Dios","article_modified_time":"2024-09-19T21:51:30+00:00","og_image":[{"width":1000,"height":1000,"url":"https:\/\/libreriaminutodedios.com\/wp-content\/uploads\/2021\/03\/Misericordiosos-como-dios-3.png","type":"image\/png"}],"twitter_card":"summary_large_image","twitter_misc":{"Tiempo de lectura":"1 minuto"},"schema":{"@context":"https:\/\/schema.org","@graph":[{"@type":"WebPage","@id":"https:\/\/libreriaminutodedios.com\/producto\/misericordiosos-como-dios\/","url":"https:\/\/libreriaminutodedios.com\/producto\/misericordiosos-como-dios\/","name":"Misericordiosos como Dios - Librer\u00eda Minuto de Dios","isPartOf":{"@id":"https:\/\/libreriaminutodedios.com\/#website"},"primaryImageOfPage":{"@id":"https:\/\/libreriaminutodedios.com\/producto\/misericordiosos-como-dios\/#primaryimage"},"image":{"@id":"https:\/\/libreriaminutodedios.com\/producto\/misericordiosos-como-dios\/#primaryimage"},"thumbnailUrl":"https:\/\/libreriaminutodedios.com\/wp-content\/uploads\/2021\/03\/Misericordiosos-como-dios-3.png","datePublished":"2021-03-10T15:31:54+00:00","dateModified":"2024-09-19T21:51:30+00:00","breadcrumb":{"@id":"https:\/\/libreriaminutodedios.com\/producto\/misericordiosos-como-dios\/#breadcrumb"},"inLanguage":"es","potentialAction":[{"@type":"ReadAction","target":["https:\/\/libreriaminutodedios.com\/producto\/misericordiosos-como-dios\/"]}]},{"@type":"ImageObject","inLanguage":"es","@id":"https:\/\/libreriaminutodedios.com\/producto\/misericordiosos-como-dios\/#primaryimage","url":"https:\/\/libreriaminutodedios.com\/wp-content\/uploads\/2021\/03\/Misericordiosos-como-dios-3.png","contentUrl":"https:\/\/libreriaminutodedios.com\/wp-content\/uploads\/2021\/03\/Misericordiosos-como-dios-3.png","width":1000,"height":1000},{"@type":"BreadcrumbList","@id":"https:\/\/libreriaminutodedios.com\/producto\/misericordiosos-como-dios\/#breadcrumb","itemListElement":[{"@type":"ListItem","position":1,"name":"Portada","item":"https:\/\/libreriaminutodedios.com\/"},{"@type":"ListItem","position":2,"name":"Tienda","item":"https:\/\/libreriaminutodedios.com\/?page_id=2895"},{"@type":"ListItem","position":3,"name":"Misericordiosos como Dios"}]},{"@type":"WebSite","@id":"https:\/\/libreriaminutodedios.com\/#website","url":"https:\/\/libreriaminutodedios.com\/","name":"Librer\u00eda Minuto de Dios","description":"Sitio oficial de la Librer\u00eda Minuto de Dios","publisher":{"@id":"https:\/\/libreriaminutodedios.com\/#organization"},"alternateName":"Tienda Minuto de Dios","potentialAction":[{"@type":"SearchAction","target":{"@type":"EntryPoint","urlTemplate":"https:\/\/libreriaminutodedios.com\/?s={search_term_string}"},"query-input":{"@type":"PropertyValueSpecification","valueRequired":true,"valueName":"search_term_string"}}],"inLanguage":"es"},{"@type":"Organization","@id":"https:\/\/libreriaminutodedios.com\/#organization","name":"Corporaci\u00f3n Centro Carism\u00e1tico Minuto de Dios","alternateName":"Minuto de Dios","url":"https:\/\/libreriaminutodedios.com\/","logo":{"@type":"ImageObject","inLanguage":"es","@id":"https:\/\/libreriaminutodedios.com\/#\/schema\/logo\/image\/","url":"https:\/\/libreriaminutodedios.com\/wp-content\/uploads\/2024\/09\/logo-libreria.png","contentUrl":"https:\/\/libreriaminutodedios.com\/wp-content\/uploads\/2024\/09\/logo-libreria.png","width":400,"height":138,"caption":"Corporaci\u00f3n Centro Carism\u00e1tico Minuto de Dios"},"image":{"@id":"https:\/\/libreriaminutodedios.com\/#\/schema\/logo\/image\/"}}]}},"_links":{"self":[{"href":"https:\/\/libreriaminutodedios.com\/index.php?rest_route=\/wp\/v2\/product\/143","targetHints":{"allow":["GET"]}}],"collection":[{"href":"https:\/\/libreriaminutodedios.com\/index.php?rest_route=\/wp\/v2\/product"}],"about":[{"href":"https:\/\/libreriaminutodedios.com\/index.php?rest_route=\/wp\/v2\/types\/product"}],"replies":[{"embeddable":true,"href":"https:\/\/libreriaminutodedios.com\/index.php?rest_route=%2Fwp%2Fv2%2Fcomments&post=143"}],"wp:featuredmedia":[{"embeddable":true,"href":"https:\/\/libreriaminutodedios.com\/index.php?rest_route=\/wp\/v2\/media\/11601"}],"wp:attachment":[{"href":"https:\/\/libreriaminutodedios.com\/index.php?rest_route=%2Fwp%2Fv2%2Fmedia&parent=143"}],"wp:term":[{"taxonomy":"product_brand","embeddable":true,"href":"https:\/\/libreriaminutodedios.com\/index.php?rest_route=%2Fwp%2Fv2%2Fproduct_brand&post=143"},{"taxonomy":"product_cat","embeddable":true,"href":"https:\/\/libreriaminutodedios.com\/index.php?rest_route=%2Fwp%2Fv2%2Fproduct_cat&post=143"},{"taxonomy":"product_tag","embeddable":true,"href":"https:\/\/libreriaminutodedios.com\/index.php?rest_route=%2Fwp%2Fv2%2Fproduct_tag&post=143"}],"curies":[{"name":"wp","href":"https:\/\/api.w.org\/{rel}","templated":true}]}}