{"id":13166,"date":"2025-02-10T16:18:16","date_gmt":"2025-02-10T21:18:16","guid":{"rendered":"https:\/\/libreriaminutodedios.com\/?post_type=product&#038;p=13166"},"modified":"2026-04-10T09:56:23","modified_gmt":"2026-04-10T14:56:23","slug":"el-poder-de-la-oracion-escalar-modalidad-virtual","status":"publish","type":"product","link":"https:\/\/libreriaminutodedios.com\/?product=el-poder-de-la-oracion-escalar-modalidad-virtual","title":{"rendered":"El poder de la oraci\u00f3n -ESCALAR (Modalidad virtual)"},"content":{"rendered":"<p>El curso EL PODER DE LA ORACI\u00d3N, propone una aprenda de aprender a orar para comunicarse con Dios de manera afectiva y efectiva, buscando crecer en la comuni\u00f3n con nuestro Padre misericordioso. Tiene fundamentos b\u00edblicos que conducen al crecimiento en la espiritualidad.<\/p>\n<ul>\n<li><strong>Profesor:<\/strong> Manuel Tenjo, Mag\u00edster en Teolog\u00eda, especialista en Sagrada Escritura.<\/li>\n<\/ul>\n<p><strong>Modalidad virtual- Autogestinable <\/strong><\/p>\n<p><strong>Valor:<\/strong> $120.000 COP \/ $35 USD<\/p>\n<p>Centro De Atenci\u00f3n Telef\u00f3nica: 601 5558484 Bogot\u00e1.<\/p>\n<p>&nbsp;<\/p>\n","protected":false},"excerpt":{"rendered":"<p><strong>Modalidad<\/strong>\u00a0virtual- Autogestinable<strong><br \/>\n<\/strong><strong>Valor: <\/strong>$120.000 COP\u00a0 \/ $35 USD<\/p>\n<p><strong>Moneda:<\/strong><br \/>\n[woocs]<\/p>\n<p>&nbsp;<\/p>\n","protected":false},"featured_media":14738,"comment_status":"open","ping_status":"closed","template":"","meta":{"_acf_changed":false},"product_brand":[],"product_cat":[648,647],"product_tag":[],"class_list":{"0":"post-13166","1":"product","2":"type-product","3":"status-publish","4":"has-post-thumbnail","6":"product_cat-escalar","7":"product_cat-formacion","9":"first","10":"instock","11":"virtual","12":"purchasable","13":"product-type-simple"},"acf":[],"yoast_head":"<!-- This site is optimized with the Yoast SEO plugin v27.6 - https:\/\/yoast.com\/product\/yoast-seo-wordpress\/ -->\n<title>El poder de la oraci\u00f3n -ESCALAR (Modalidad virtual) - Librer\u00eda Minuto de Dios<\/title>\n<meta name=\"robots\" content=\"index, follow, max-snippet:-1, max-image-preview:large, max-video-preview:-1\" \/>\n<link rel=\"canonical\" href=\"https:\/\/libreriaminutodedios.com\/producto\/el-poder-de-la-oracion-escalar-modalidad-virtual\/\" \/>\n<meta property=\"og:locale\" content=\"es_ES\" \/>\n<meta property=\"og:type\" content=\"article\" \/>\n<meta property=\"og:title\" content=\"El poder de la oraci\u00f3n -ESCALAR (Modalidad virtual) - Librer\u00eda Minuto de Dios\" \/>\n<meta property=\"og:description\" content=\"Modalidad\u00a0virtual- Autogestinable Valor: $120.000 COP\u00a0 \/ $35 USD  Moneda:   &nbsp;\" \/>\n<meta property=\"og:url\" content=\"https:\/\/libreriaminutodedios.com\/producto\/el-poder-de-la-oracion-escalar-modalidad-virtual\/\" \/>\n<meta property=\"og:site_name\" content=\"Librer\u00eda Minuto de Dios\" \/>\n<meta property=\"article:modified_time\" content=\"2026-04-10T14:56:23+00:00\" \/>\n<meta property=\"og:image\" content=\"https:\/\/libreriaminutodedios.com\/wp-content\/uploads\/2025\/02\/escalar-NUEVOS-CURSOS5-1.jpg\" \/>\n\t<meta property=\"og:image:width\" content=\"1081\" \/>\n\t<meta property=\"og:image:height\" content=\"1351\" \/>\n\t<meta property=\"og:image:type\" content=\"image\/jpeg\" \/>\n<meta name=\"twitter:card\" content=\"summary_large_image\" \/>\n<meta name=\"twitter:label1\" content=\"Tiempo de lectura\" \/>\n\t<meta name=\"twitter:data1\" content=\"1 minuto\" \/>\n<script type=\"application\/ld+json\" class=\"yoast-schema-graph\">{\"@context\":\"https:\\\/\\\/schema.org\",\"@graph\":[{\"@type\":\"WebPage\",\"@id\":\"https:\\\/\\\/libreriaminutodedios.com\\\/producto\\\/el-poder-de-la-oracion-escalar-modalidad-virtual\\\/\",\"url\":\"https:\\\/\\\/libreriaminutodedios.com\\\/producto\\\/el-poder-de-la-oracion-escalar-modalidad-virtual\\\/\",\"name\":\"El poder de la oraci\u00f3n -ESCALAR (Modalidad virtual) - Librer\u00eda Minuto de Dios\",\"isPartOf\":{\"@id\":\"https:\\\/\\\/libreriaminutodedios.com\\\/#website\"},\"primaryImageOfPage\":{\"@id\":\"https:\\\/\\\/libreriaminutodedios.com\\\/producto\\\/el-poder-de-la-oracion-escalar-modalidad-virtual\\\/#primaryimage\"},\"image\":{\"@id\":\"https:\\\/\\\/libreriaminutodedios.com\\\/producto\\\/el-poder-de-la-oracion-escalar-modalidad-virtual\\\/#primaryimage\"},\"thumbnailUrl\":\"https:\\\/\\\/libreriaminutodedios.com\\\/wp-content\\\/uploads\\\/2025\\\/02\\\/escalar-NUEVOS-CURSOS5-1.jpg\",\"datePublished\":\"2025-02-10T21:18:16+00:00\",\"dateModified\":\"2026-04-10T14:56:23+00:00\",\"breadcrumb\":{\"@id\":\"https:\\\/\\\/libreriaminutodedios.com\\\/producto\\\/el-poder-de-la-oracion-escalar-modalidad-virtual\\\/#breadcrumb\"},\"inLanguage\":\"es\",\"potentialAction\":[{\"@type\":\"ReadAction\",\"target\":[\"https:\\\/\\\/libreriaminutodedios.com\\\/producto\\\/el-poder-de-la-oracion-escalar-modalidad-virtual\\\/\"]}]},{\"@type\":\"ImageObject\",\"inLanguage\":\"es\",\"@id\":\"https:\\\/\\\/libreriaminutodedios.com\\\/producto\\\/el-poder-de-la-oracion-escalar-modalidad-virtual\\\/#primaryimage\",\"url\":\"https:\\\/\\\/libreriaminutodedios.com\\\/wp-content\\\/uploads\\\/2025\\\/02\\\/escalar-NUEVOS-CURSOS5-1.jpg\",\"contentUrl\":\"https:\\\/\\\/libreriaminutodedios.com\\\/wp-content\\\/uploads\\\/2025\\\/02\\\/escalar-NUEVOS-CURSOS5-1.jpg\",\"width\":1081,\"height\":1351},{\"@type\":\"BreadcrumbList\",\"@id\":\"https:\\\/\\\/libreriaminutodedios.com\\\/producto\\\/el-poder-de-la-oracion-escalar-modalidad-virtual\\\/#breadcrumb\",\"itemListElement\":[{\"@type\":\"ListItem\",\"position\":1,\"name\":\"Portada\",\"item\":\"https:\\\/\\\/libreriaminutodedios.com\\\/\"},{\"@type\":\"ListItem\",\"position\":2,\"name\":\"Tienda\",\"item\":\"https:\\\/\\\/libreriaminutodedios.com\\\/?page_id=2895\"},{\"@type\":\"ListItem\",\"position\":3,\"name\":\"El poder de la oraci\u00f3n -ESCALAR (Modalidad virtual)\"}]},{\"@type\":\"WebSite\",\"@id\":\"https:\\\/\\\/libreriaminutodedios.com\\\/#website\",\"url\":\"https:\\\/\\\/libreriaminutodedios.com\\\/\",\"name\":\"Librer\u00eda Minuto de Dios\",\"description\":\"Sitio oficial de la Librer\u00eda Minuto de Dios\",\"publisher\":{\"@id\":\"https:\\\/\\\/libreriaminutodedios.com\\\/#organization\"},\"alternateName\":\"Tienda Minuto de Dios\",\"potentialAction\":[{\"@type\":\"SearchAction\",\"target\":{\"@type\":\"EntryPoint\",\"urlTemplate\":\"https:\\\/\\\/libreriaminutodedios.com\\\/?s={search_term_string}\"},\"query-input\":{\"@type\":\"PropertyValueSpecification\",\"valueRequired\":true,\"valueName\":\"search_term_string\"}}],\"inLanguage\":\"es\"},{\"@type\":\"Organization\",\"@id\":\"https:\\\/\\\/libreriaminutodedios.com\\\/#organization\",\"name\":\"Corporaci\u00f3n Centro Carism\u00e1tico Minuto de Dios\",\"alternateName\":\"Minuto de Dios\",\"url\":\"https:\\\/\\\/libreriaminutodedios.com\\\/\",\"logo\":{\"@type\":\"ImageObject\",\"inLanguage\":\"es\",\"@id\":\"https:\\\/\\\/libreriaminutodedios.com\\\/#\\\/schema\\\/logo\\\/image\\\/\",\"url\":\"https:\\\/\\\/libreriaminutodedios.com\\\/wp-content\\\/uploads\\\/2024\\\/09\\\/logo-libreria.png\",\"contentUrl\":\"https:\\\/\\\/libreriaminutodedios.com\\\/wp-content\\\/uploads\\\/2024\\\/09\\\/logo-libreria.png\",\"width\":400,\"height\":138,\"caption\":\"Corporaci\u00f3n Centro Carism\u00e1tico Minuto de Dios\"},\"image\":{\"@id\":\"https:\\\/\\\/libreriaminutodedios.com\\\/#\\\/schema\\\/logo\\\/image\\\/\"}}]}<\/script>\n<!-- \/ Yoast SEO plugin. -->","yoast_head_json":{"title":"El poder de la oraci\u00f3n -ESCALAR (Modalidad virtual) - Librer\u00eda Minuto de Dios","robots":{"index":"index","follow":"follow","max-snippet":"max-snippet:-1","max-image-preview":"max-image-preview:large","max-video-preview":"max-video-preview:-1"},"canonical":"https:\/\/libreriaminutodedios.com\/producto\/el-poder-de-la-oracion-escalar-modalidad-virtual\/","og_locale":"es_ES","og_type":"article","og_title":"El poder de la oraci\u00f3n -ESCALAR (Modalidad virtual) - Librer\u00eda Minuto de Dios","og_description":"Modalidad\u00a0virtual- Autogestinable Valor: $120.000 COP\u00a0 \/ $35 USD  Moneda:   &nbsp;","og_url":"https:\/\/libreriaminutodedios.com\/producto\/el-poder-de-la-oracion-escalar-modalidad-virtual\/","og_site_name":"Librer\u00eda Minuto de Dios","article_modified_time":"2026-04-10T14:56:23+00:00","og_image":[{"width":1081,"height":1351,"url":"https:\/\/libreriaminutodedios.com\/wp-content\/uploads\/2025\/02\/escalar-NUEVOS-CURSOS5-1.jpg","type":"image\/jpeg"}],"twitter_card":"summary_large_image","twitter_misc":{"Tiempo de lectura":"1 minuto"},"schema":{"@context":"https:\/\/schema.org","@graph":[{"@type":"WebPage","@id":"https:\/\/libreriaminutodedios.com\/producto\/el-poder-de-la-oracion-escalar-modalidad-virtual\/","url":"https:\/\/libreriaminutodedios.com\/producto\/el-poder-de-la-oracion-escalar-modalidad-virtual\/","name":"El poder de la oraci\u00f3n -ESCALAR (Modalidad virtual) - Librer\u00eda Minuto de Dios","isPartOf":{"@id":"https:\/\/libreriaminutodedios.com\/#website"},"primaryImageOfPage":{"@id":"https:\/\/libreriaminutodedios.com\/producto\/el-poder-de-la-oracion-escalar-modalidad-virtual\/#primaryimage"},"image":{"@id":"https:\/\/libreriaminutodedios.com\/producto\/el-poder-de-la-oracion-escalar-modalidad-virtual\/#primaryimage"},"thumbnailUrl":"https:\/\/libreriaminutodedios.com\/wp-content\/uploads\/2025\/02\/escalar-NUEVOS-CURSOS5-1.jpg","datePublished":"2025-02-10T21:18:16+00:00","dateModified":"2026-04-10T14:56:23+00:00","breadcrumb":{"@id":"https:\/\/libreriaminutodedios.com\/producto\/el-poder-de-la-oracion-escalar-modalidad-virtual\/#breadcrumb"},"inLanguage":"es","potentialAction":[{"@type":"ReadAction","target":["https:\/\/libreriaminutodedios.com\/producto\/el-poder-de-la-oracion-escalar-modalidad-virtual\/"]}]},{"@type":"ImageObject","inLanguage":"es","@id":"https:\/\/libreriaminutodedios.com\/producto\/el-poder-de-la-oracion-escalar-modalidad-virtual\/#primaryimage","url":"https:\/\/libreriaminutodedios.com\/wp-content\/uploads\/2025\/02\/escalar-NUEVOS-CURSOS5-1.jpg","contentUrl":"https:\/\/libreriaminutodedios.com\/wp-content\/uploads\/2025\/02\/escalar-NUEVOS-CURSOS5-1.jpg","width":1081,"height":1351},{"@type":"BreadcrumbList","@id":"https:\/\/libreriaminutodedios.com\/producto\/el-poder-de-la-oracion-escalar-modalidad-virtual\/#breadcrumb","itemListElement":[{"@type":"ListItem","position":1,"name":"Portada","item":"https:\/\/libreriaminutodedios.com\/"},{"@type":"ListItem","position":2,"name":"Tienda","item":"https:\/\/libreriaminutodedios.com\/?page_id=2895"},{"@type":"ListItem","position":3,"name":"El poder de la oraci\u00f3n -ESCALAR (Modalidad virtual)"}]},{"@type":"WebSite","@id":"https:\/\/libreriaminutodedios.com\/#website","url":"https:\/\/libreriaminutodedios.com\/","name":"Librer\u00eda Minuto de Dios","description":"Sitio oficial de la Librer\u00eda Minuto de Dios","publisher":{"@id":"https:\/\/libreriaminutodedios.com\/#organization"},"alternateName":"Tienda Minuto de Dios","potentialAction":[{"@type":"SearchAction","target":{"@type":"EntryPoint","urlTemplate":"https:\/\/libreriaminutodedios.com\/?s={search_term_string}"},"query-input":{"@type":"PropertyValueSpecification","valueRequired":true,"valueName":"search_term_string"}}],"inLanguage":"es"},{"@type":"Organization","@id":"https:\/\/libreriaminutodedios.com\/#organization","name":"Corporaci\u00f3n Centro Carism\u00e1tico Minuto de Dios","alternateName":"Minuto de Dios","url":"https:\/\/libreriaminutodedios.com\/","logo":{"@type":"ImageObject","inLanguage":"es","@id":"https:\/\/libreriaminutodedios.com\/#\/schema\/logo\/image\/","url":"https:\/\/libreriaminutodedios.com\/wp-content\/uploads\/2024\/09\/logo-libreria.png","contentUrl":"https:\/\/libreriaminutodedios.com\/wp-content\/uploads\/2024\/09\/logo-libreria.png","width":400,"height":138,"caption":"Corporaci\u00f3n Centro Carism\u00e1tico Minuto de Dios"},"image":{"@id":"https:\/\/libreriaminutodedios.com\/#\/schema\/logo\/image\/"}}]}},"_links":{"self":[{"href":"https:\/\/libreriaminutodedios.com\/index.php?rest_route=\/wp\/v2\/product\/13166","targetHints":{"allow":["GET"]}}],"collection":[{"href":"https:\/\/libreriaminutodedios.com\/index.php?rest_route=\/wp\/v2\/product"}],"about":[{"href":"https:\/\/libreriaminutodedios.com\/index.php?rest_route=\/wp\/v2\/types\/product"}],"replies":[{"embeddable":true,"href":"https:\/\/libreriaminutodedios.com\/index.php?rest_route=%2Fwp%2Fv2%2Fcomments&post=13166"}],"wp:featuredmedia":[{"embeddable":true,"href":"https:\/\/libreriaminutodedios.com\/index.php?rest_route=\/wp\/v2\/media\/14738"}],"wp:attachment":[{"href":"https:\/\/libreriaminutodedios.com\/index.php?rest_route=%2Fwp%2Fv2%2Fmedia&parent=13166"}],"wp:term":[{"taxonomy":"product_brand","embeddable":true,"href":"https:\/\/libreriaminutodedios.com\/index.php?rest_route=%2Fwp%2Fv2%2Fproduct_brand&post=13166"},{"taxonomy":"product_cat","embeddable":true,"href":"https:\/\/libreriaminutodedios.com\/index.php?rest_route=%2Fwp%2Fv2%2Fproduct_cat&post=13166"},{"taxonomy":"product_tag","embeddable":true,"href":"https:\/\/libreriaminutodedios.com\/index.php?rest_route=%2Fwp%2Fv2%2Fproduct_tag&post=13166"}],"curies":[{"name":"wp","href":"https:\/\/api.w.org\/{rel}","templated":true}]}}